{"id":7608,"date":"2025-03-11T10:48:29","date_gmt":"2025-03-11T02:48:29","guid":{"rendered":"https:\/\/www.atuactivewear.com\/?post_type=product&#038;p=7608"},"modified":"2025-10-30T14:52:58","modified_gmt":"2025-10-30T06:52:58","slug":"high-waisted-womens-capri-leggings-with-pockets","status":"publish","type":"product","link":"https:\/\/www.atuactivewear.com\/pl\/product\/high-waisted-womens-capri-leggings-with-pockets\/","title":{"rendered":"High Waisted Womens Capri Leggings with Pockets"},"content":{"rendered":"\t\t<div data-elementor-type=\"product-post\" data-elementor-id=\"7608\" class=\"elementor elementor-7608\" data-elementor-post-type=\"product\">\n\t\t\t\t<div class=\"elementor-element elementor-element-185fb7a1 e-flex e-con-boxed e-con e-parent\" data-id=\"185fb7a1\" data-element_type=\"container\" data-e-type=\"container\">\n\t\t\t\t\t<div class=\"e-con-inner\">\n\t\t\t\t<div class=\"elementor-element elementor-element-1800961 e-n-tabs-mobile elementor-widget elementor-widget-n-tabs\" data-id=\"1800961\" data-element_type=\"widget\" data-e-type=\"widget\" data-settings=\"{&quot;tabs_justify_horizontal&quot;:&quot;start&quot;,&quot;horizontal_scroll&quot;:&quot;disable&quot;}\" data-widget_type=\"nested-tabs.default\">\n\t\t\t\t<div class=\"elementor-widget-container\">\n\t\t\t\t\t\t\t<div class=\"e-n-tabs\" data-widget-number=\"25168225\" aria-label=\"Karty. Otwieraj elementy za pomoc\u0105 Enter lub Spacji, zamykaj za pomoc\u0105 Escape i nawiguj za pomoc\u0105 klawiszy strza\u0142ek.\">\n\t\t\t<div class=\"e-n-tabs-heading\" role=\"tablist\">\n\t\t\t\t\t<button id=\"e-n-tab-title-251682251\" data-tab-title-id=\"e-n-tab-title-251682251\" class=\"e-n-tab-title\" aria-selected=\"true\" data-tab-index=\"1\" role=\"tab\" tabindex=\"0\" aria-controls=\"e-n-tab-content-251682251\" style=\"--n-tabs-title-order: 1;\">\n\t\t\t\t\t\t<span class=\"e-n-tab-title-text\">\n\t\t\t\tSize Instructions\t\t\t<\/span>\n\t\t<\/button>\n\t\t\t\t<button id=\"e-n-tab-title-251682252\" data-tab-title-id=\"e-n-tab-title-251682252\" class=\"e-n-tab-title\" aria-selected=\"false\" data-tab-index=\"2\" role=\"tab\" tabindex=\"-1\" aria-controls=\"e-n-tab-content-251682252\" style=\"--n-tabs-title-order: 2;\">\n\t\t\t\t\t\t<span class=\"e-n-tab-title-text\">\n\t\t\t\tFeatures\t\t\t<\/span>\n\t\t<\/button>\n\t\t\t\t<button id=\"e-n-tab-title-251682253\" data-tab-title-id=\"e-n-tab-title-251682253\" class=\"e-n-tab-title\" aria-selected=\"false\" data-tab-index=\"3\" role=\"tab\" tabindex=\"-1\" aria-controls=\"e-n-tab-content-251682253\" style=\"--n-tabs-title-order: 3;\">\n\t\t\t\t\t\t<span class=\"e-n-tab-title-text\">\n\t\t\t\tOrder Instructions\t\t\t<\/span>\n\t\t<\/button>\n\t\t\t\t\t<\/div>\n\t\t\t<div class=\"e-n-tabs-content\">\n\t\t\t\t<div id=\"e-n-tab-content-251682251\" role=\"tabpanel\" aria-labelledby=\"e-n-tab-title-251682251\" data-tab-index=\"1\" style=\"--n-tabs-title-order: 1;\" class=\"e-active elementor-element elementor-element-2d622f6 e-con-full e-flex e-con e-child\" data-id=\"2d622f6\" data-element_type=\"container\" data-e-type=\"container\">\n\t\t<div class=\"elementor-element elementor-element-4c0086f e-flex e-con-boxed e-con e-child\" data-id=\"4c0086f\" data-element_type=\"container\" data-e-type=\"container\">\n\t\t\t\t\t<div class=\"e-con-inner\">\n\t\t\t\t<div class=\"elementor-element elementor-element-12fe34e elementor-widget elementor-widget-text-editor\" data-id=\"12fe34e\" data-element_type=\"widget\" data-e-type=\"widget\" data-widget_type=\"text-editor.default\">\n\t\t\t\t<div class=\"elementor-widget-container\">\n\t\t\t\t\t\t\t\t\t<table width=\"609\"><tbody><tr><td width=\"65\"><strong>Size<\/strong><\/td><td colspan=\"2\" width=\"180\"><strong>Waistline<\/strong><\/td><td colspan=\"2\" width=\"176\"><strong>Length<\/strong><\/td><td colspan=\"2\" width=\"188\"><strong>Hip<\/strong><\/td><\/tr><tr><td>\u3000<\/td><td>cm<\/td><td>inch<\/td><td>cm<\/td><td>inch<\/td><td>cm<\/td><td>inch<\/td><\/tr><tr><td>S<\/td><td>30.5<\/td><td>12<\/td><td>73.7<\/td><td>29<\/td><td>40.6<\/td><td>16<\/td><\/tr><tr><td>M<\/td><td>35.6<\/td><td>14<\/td><td>78.7<\/td><td>31<\/td><td>45.7<\/td><td>18<\/td><\/tr><tr><td>L<\/td><td>36.8<\/td><td>14.5<\/td><td>81.3<\/td><td>32<\/td><td>47.0<\/td><td>18.5<\/td><\/tr><tr><td>XL<\/td><td>40.6<\/td><td>16<\/td><td>81.3<\/td><td>32<\/td><td>50.8<\/td><td>20<\/td><\/tr><tr><td>XXL<\/td><td>45.7<\/td><td>18<\/td><td>81.3<\/td><td>32<\/td><td>55.9<\/td><td>22<\/td><\/tr><\/tbody><\/table>\t\t\t\t\t\t\t\t<\/div>\n\t\t\t\t<\/div>\n\t\t\t\t\t<\/div>\n\t\t\t\t<\/div>\n\t\t\t\t<\/div>\n\t\t<div id=\"e-n-tab-content-251682252\" role=\"tabpanel\" aria-labelledby=\"e-n-tab-title-251682252\" data-tab-index=\"2\" style=\"--n-tabs-title-order: 2;\" class=\" elementor-element elementor-element-10ce089 e-con-full e-flex e-con e-child\" data-id=\"10ce089\" data-element_type=\"container\" data-e-type=\"container\">\n\t\t<div class=\"elementor-element elementor-element-c5de9d8 e-flex e-con-boxed e-con e-child\" data-id=\"c5de9d8\" data-element_type=\"container\" data-e-type=\"container\">\n\t\t\t\t\t<div class=\"e-con-inner\">\n\t\t\t\t<div class=\"elementor-element elementor-element-0356b3a elementor-widget elementor-widget-text-editor\" data-id=\"0356b3a\" data-element_type=\"widget\" data-e-type=\"widget\" data-widget_type=\"text-editor.default\">\n\t\t\t\t<div class=\"elementor-widget-container\">\n\t\t\t\t\t\t\t\t\t<ul><li><p><strong>High-waisted design<\/strong>: Flattering tummy-control fit that enhances your silhouette.<\/p><\/li><li><p><strong>Capri length<\/strong>: Chic, sporty look perfect for warmer weather or indoor workouts.<\/p><\/li><li><p><strong>Soft, stretchy materials<\/strong>: Made from polyester and spandex blends for comfort and flexibility.<\/p><\/li><li><p><strong>Functional pockets<\/strong>: Convenient storage for essentials like keys, cards, or a phone.<\/p><\/li><li><p><strong>Versatile use<\/strong>: Ideal for yoga, running, casual outings, or lounging.<\/p><\/li><li><p><strong>Breathable fabric<\/strong>: Keeps you comfortable during activities.<\/p><\/li><li><p><strong>Fashion meets function<\/strong>: Combines style with practicality for active women.<\/p><\/li><li><p><strong>On-the-go convenience<\/strong>: Perfect for workouts, errands, or everyday wear.<\/p><\/li><\/ul>\t\t\t\t\t\t\t\t<\/div>\n\t\t\t\t<\/div>\n\t\t\t\t\t<\/div>\n\t\t\t\t<\/div>\n\t\t\t\t<\/div>\n\t\t<div id=\"e-n-tab-content-251682253\" role=\"tabpanel\" aria-labelledby=\"e-n-tab-title-251682253\" data-tab-index=\"3\" style=\"--n-tabs-title-order: 3;\" class=\" elementor-element elementor-element-cc816e1 e-con-full e-flex e-con e-child\" data-id=\"cc816e1\" data-element_type=\"container\" data-e-type=\"container\">\n\t\t<div class=\"elementor-element elementor-element-a815e0c e-flex e-con-boxed e-con e-child\" data-id=\"a815e0c\" data-element_type=\"container\" data-e-type=\"container\">\n\t\t\t\t\t<div class=\"e-con-inner\">\n\t\t\t\t<div class=\"elementor-element elementor-element-a21b178 elementor-widget elementor-widget-text-editor\" data-id=\"a21b178\" data-element_type=\"widget\" data-e-type=\"widget\" data-widget_type=\"text-editor.default\">\n\t\t\t\t<div class=\"elementor-widget-container\">\n\t\t\t\t\t\t\t\t\t<p><strong>If in <a href=\"https:\/\/www.atuactivewear.com\/stock-activewear-for-sale\/\">Stock<\/a>, <\/strong><span style=\"text-align: var(--text-align); background-color: var(--ast-global-color-5); color: var(--ast-global-color-3); font-size: 1rem;\">the leading time will be within 2 days.<\/span><span style=\"text-align: var(--text-align); background-color: var(--ast-global-color-5); color: var(--ast-global-color-3); font-size: 1rem;\">\u00a0<\/span><\/p><p><strong>Design:<\/strong> We can create a design based on your ideas and specifications or develop a sample based on your existing design.<\/p><p><strong>Sample Reproduction:<\/strong> If you already have samples, we can replicate them with precision.<\/p><p><strong>MOQ<\/strong>: 100 units per color.<\/p><p><strong>Sample cost<\/strong>: US $50 per unit including shipping.<\/p><p><strong>Sample Lead Time:<\/strong> 7-10 days.<\/p><p><strong>Production Lead Time:<\/strong> 10-20 days, according to quantity.<\/p>\t\t\t\t\t\t\t\t<\/div>\n\t\t\t\t<\/div>\n\t\t\t\t\t<\/div>\n\t\t\t\t<\/div>\n\t\t\t\t<\/div>\n\t\t\t\t\t<\/div>\n\t\t<\/div>\n\t\t\t\t\t\t<\/div>\n\t\t\t\t<\/div>\n\t\t\t\t\t<\/div>\n\t\t\t\t<\/div>\n\t\t\t\t<\/div>\n\t\t<p>Views: 11<\/p>","protected":false},"excerpt":{"rendered":"<h5>All Sizes, Colors, and Fabric Customizations Are available<\/h5>\n<p>Upgrade with\u00a0<strong>Mesh Panel Leggings<\/strong>! High-waist, tummy control, built-in pockets &amp; breathable mesh. Bold contrasting colors\u2014perfect for gym, yoga, or everyday wear. Stay stylish &amp; confident!<\/p>\n<table style=\"border-collapse: collapse; width: 390.62pt;\" border=\"0\" width=\"651\" cellspacing=\"0\" cellpadding=\"0\">\n<tbody>\n<tr style=\"height: 13.80pt;\">\n<td class=\"et3\" style=\"height: 13.80pt; width: 94.80pt;\" width=\"158\" height=\"23\">Style<\/td>\n<td class=\"et3\" style=\"width: 295.80pt;\" width=\"493\">Capri leggings with pockets<\/td>\n<\/tr>\n<tr style=\"height: 13.80pt;\">\n<td class=\"et4\" style=\"height: 13.80pt; width: 94.80pt;\" width=\"158\" height=\"23\">Size<\/td>\n<td class=\"et3\">S; M; L; XL; XXL ( Customizable )<\/td>\n<\/tr>\n<tr style=\"height: 13.80pt;\">\n<td class=\"et3\" style=\"height: 13.80pt;\" height=\"23\">Color<\/td>\n<td class=\"et3\">Black, White, Grey, Army Green, Navy, Light Blue, Leopard ( Customizable )<\/td>\n<\/tr>\n<tr style=\"height: 27.60pt;\">\n<td class=\"et3\" style=\"height: 27.60pt;\" height=\"46\">Fabric<\/td>\n<td class=\"et4\" style=\"width: 295.80pt;\" width=\"493\">86% Polyester &amp; 14% Spandex ( Customizable )<\/td>\n<\/tr>\n<tr style=\"height: 13.80pt;\">\n<td class=\"et3\" style=\"height: 13.80pt;\" height=\"23\">Net Weight<\/td>\n<td class=\"et3\">0.22kg<\/td>\n<\/tr>\n<\/tbody>\n<\/table>\n","protected":false},"featured_media":7611,"comment_status":"open","ping_status":"closed","template":"","meta":{"_acf_changed":false,"site-sidebar-layout":"default","site-content-layout":"","ast-site-content-layout":"default","site-content-style":"default","site-sidebar-style":"default","ast-global-header-display":"","ast-banner-title-visibility":"","ast-main-header-display":"","ast-hfb-above-header-display":"","ast-hfb-below-header-display":"","ast-hfb-mobile-header-display":"","site-post-title":"","ast-breadcrumbs-content":"","ast-featured-img":"","footer-sml-layout":"","ast-disable-related-posts":"","theme-transparent-header-meta":"default","adv-header-id-meta":"","stick-header-meta":"","header-above-stick-meta":"","header-main-stick-meta":"","header-below-stick-meta":"","astra-migrate-meta-layouts":"set","ast-page-background-enabled":"default","ast-page-background-meta":{"desktop":{"background-color":"var(--ast-global-color-4)","background-image":"","background-repeat":"repeat","background-position":"center center","background-size":"auto","background-attachment":"scroll","background-type":"","background-media":"","overlay-type":"","overlay-color":"","overlay-opacity":"","overlay-gradient":""},"tablet":{"background-color":"","background-image":"","background-repeat":"repeat","background-position":"center center","background-size":"auto","background-attachment":"scroll","background-type":"","background-media":"","overlay-type":"","overlay-color":"","overlay-opacity":"","overlay-gradient":""},"mobile":{"background-color":"","background-image":"","background-repeat":"repeat","background-position":"center center","background-size":"auto","background-attachment":"scroll","background-type":"","background-media":"","overlay-type":"","overlay-color":"","overlay-opacity":"","overlay-gradient":""}},"ast-content-background-meta":{"desktop":{"background-color":"var(--ast-global-color-5)","background-image":"","background-repeat":"repeat","background-position":"center center","background-size":"auto","background-attachment":"scroll","background-type":"","background-media":"","overlay-type":"","overlay-color":"","overlay-opacity":"","overlay-gradient":""},"tablet":{"background-color":"var(--ast-global-color-5)","background-image":"","background-repeat":"repeat","background-position":"center center","background-size":"auto","background-attachment":"scroll","background-type":"","background-media":"","overlay-type":"","overlay-color":"","overlay-opacity":"","overlay-gradient":""},"mobile":{"background-color":"var(--ast-global-color-5)","background-image":"","background-repeat":"repeat","background-position":"center center","background-size":"auto","background-attachment":"scroll","background-type":"","background-media":"","overlay-type":"","overlay-color":"","overlay-opacity":"","overlay-gradient":""}}},"product_brand":[],"product_cat":[141,142,103,136,105,135],"product_tag":[],"class_list":{"0":"post-7608","1":"product","2":"type-product","3":"status-publish","4":"has-post-thumbnail","6":"product_cat-capri-leggings","7":"product_cat-capri-yoga-pants","8":"product_cat-womens-leggings","9":"product_cat-leggings-with-pockets","10":"product_cat-yoga-pants","11":"product_cat-yoga-pants-with-pockets","12":"desktop-align-left","13":"tablet-align-left","14":"mobile-align-left","16":"first","17":"instock","18":"taxable","19":"shipping-taxable","20":"product-type-simple"},"acf":[],"yoast_head":"<!-- This site is optimized with the Yoast SEO plugin v24.5 - https:\/\/yoast.com\/wordpress\/plugins\/seo\/ -->\n<title>High Waisted Womens Capri Leggings with Pockets<\/title>\n<meta name=\"description\" content=\"High-waisted womens capri leggings with pockets combine style, comfort, and functionality. Featuring a flattering tummy-control fit and capri length, they\u2019re perfect for workouts or casual wear. Made from soft, stretchy materials, they include handy pockets for essentials, blending practicality with a chic, sporty look.\" \/>\n<meta name=\"robots\" content=\"index, follow, max-snippet:-1, max-image-preview:large, max-video-preview:-1\" \/>\n<link rel=\"canonical\" href=\"https:\/\/www.atuactivewear.com\/pl\/product\/high-waisted-womens-capri-leggings-with-pockets\/\" \/>\n<meta property=\"og:locale\" content=\"pl_PL\" \/>\n<meta property=\"og:type\" content=\"article\" \/>\n<meta property=\"og:title\" content=\"High Waisted Womens Capri Leggings with Pockets\" \/>\n<meta property=\"og:description\" content=\"High-waisted womens capri leggings with pockets combine style, comfort, and functionality. Featuring a flattering tummy-control fit and capri length, they\u2019re perfect for workouts or casual wear. Made from soft, stretchy materials, they include handy pockets for essentials, blending practicality with a chic, sporty look.\" \/>\n<meta property=\"og:url\" content=\"https:\/\/www.atuactivewear.com\/pl\/product\/high-waisted-womens-capri-leggings-with-pockets\/\" \/>\n<meta property=\"article:modified_time\" content=\"2025-10-30T06:52:58+00:00\" \/>\n<meta property=\"og:image\" content=\"https:\/\/www.atuactivewear.com\/wp-content\/uploads\/2025\/03\/leopard-womens-capri-leggings-with-pockets.webp\" \/>\n\t<meta property=\"og:image:width\" content=\"986\" \/>\n\t<meta property=\"og:image:height\" content=\"987\" \/>\n\t<meta property=\"og:image:type\" content=\"image\/webp\" \/>\n<meta name=\"twitter:card\" content=\"summary_large_image\" \/>\n<meta name=\"twitter:label1\" content=\"Szacowany czas czytania\" \/>\n\t<meta name=\"twitter:data1\" content=\"3 minuty\" \/>\n<script type=\"application\/ld+json\" class=\"yoast-schema-graph\">{\"@context\":\"https:\/\/schema.org\",\"@graph\":[{\"@type\":\"WebPage\",\"@id\":\"https:\/\/www.atuactivewear.com\/pl\/product\/high-waisted-womens-capri-leggings-with-pockets\/\",\"url\":\"https:\/\/www.atuactivewear.com\/pl\/product\/high-waisted-womens-capri-leggings-with-pockets\/\",\"name\":\"High Waisted Womens Capri Leggings with Pockets\",\"isPartOf\":{\"@id\":\"https:\/\/www.atuactivewear.com\/pl\/#website\"},\"primaryImageOfPage\":{\"@id\":\"https:\/\/www.atuactivewear.com\/pl\/product\/high-waisted-womens-capri-leggings-with-pockets\/#primaryimage\"},\"image\":{\"@id\":\"https:\/\/www.atuactivewear.com\/pl\/product\/high-waisted-womens-capri-leggings-with-pockets\/#primaryimage\"},\"thumbnailUrl\":\"https:\/\/www.atuactivewear.com\/wp-content\/uploads\/2025\/03\/leopard-womens-capri-leggings-with-pockets.webp\",\"datePublished\":\"2025-03-11T02:48:29+00:00\",\"dateModified\":\"2025-10-30T06:52:58+00:00\",\"description\":\"High-waisted womens capri leggings with pockets combine style, comfort, and functionality. Featuring a flattering tummy-control fit and capri length, they\u2019re perfect for workouts or casual wear. Made from soft, stretchy materials, they include handy pockets for essentials, blending practicality with a chic, sporty look.\",\"breadcrumb\":{\"@id\":\"https:\/\/www.atuactivewear.com\/pl\/product\/high-waisted-womens-capri-leggings-with-pockets\/#breadcrumb\"},\"inLanguage\":\"pl-PL\",\"potentialAction\":[{\"@type\":\"ReadAction\",\"target\":[\"https:\/\/www.atuactivewear.com\/pl\/product\/high-waisted-womens-capri-leggings-with-pockets\/\"]}]},{\"@type\":\"ImageObject\",\"inLanguage\":\"pl-PL\",\"@id\":\"https:\/\/www.atuactivewear.com\/pl\/product\/high-waisted-womens-capri-leggings-with-pockets\/#primaryimage\",\"url\":\"https:\/\/www.atuactivewear.com\/wp-content\/uploads\/2025\/03\/leopard-womens-capri-leggings-with-pockets.webp\",\"contentUrl\":\"https:\/\/www.atuactivewear.com\/wp-content\/uploads\/2025\/03\/leopard-womens-capri-leggings-with-pockets.webp\",\"width\":986,\"height\":987,\"caption\":\"leopard womens capri leggings with pockets\"},{\"@type\":\"BreadcrumbList\",\"@id\":\"https:\/\/www.atuactivewear.com\/pl\/product\/high-waisted-womens-capri-leggings-with-pockets\/#breadcrumb\",\"itemListElement\":[{\"@type\":\"ListItem\",\"position\":1,\"name\":\"\u9996\u9875\",\"item\":\"https:\/\/www.atuactivewear.com\/pl\/dom\/\"},{\"@type\":\"ListItem\",\"position\":2,\"name\":\"Women\",\"item\":\"https:\/\/www.atuactivewear.com\/?page_id=4741\"},{\"@type\":\"ListItem\",\"position\":3,\"name\":\"High Waisted Womens Capri Leggings with Pockets\"}]},{\"@type\":\"WebSite\",\"@id\":\"https:\/\/www.atuactivewear.com\/pl\/#website\",\"url\":\"https:\/\/www.atuactivewear.com\/pl\/\",\"name\":\"\",\"description\":\"\",\"potentialAction\":[{\"@type\":\"SearchAction\",\"target\":{\"@type\":\"EntryPoint\",\"urlTemplate\":\"https:\/\/www.atuactivewear.com\/pl\/?s={search_term_string}\"},\"query-input\":{\"@type\":\"PropertyValueSpecification\",\"valueRequired\":true,\"valueName\":\"search_term_string\"}}],\"inLanguage\":\"pl-PL\"}]}<\/script>\n<!-- \/ Yoast SEO plugin. -->","yoast_head_json":{"title":"High Waisted Womens Capri Leggings with Pockets","description":"High-waisted womens capri leggings with pockets combine style, comfort, and functionality. Featuring a flattering tummy-control fit and capri length, they\u2019re perfect for workouts or casual wear. Made from soft, stretchy materials, they include handy pockets for essentials, blending practicality with a chic, sporty look.","robots":{"index":"index","follow":"follow","max-snippet":"max-snippet:-1","max-image-preview":"max-image-preview:large","max-video-preview":"max-video-preview:-1"},"canonical":"https:\/\/www.atuactivewear.com\/pl\/product\/high-waisted-womens-capri-leggings-with-pockets\/","og_locale":"pl_PL","og_type":"article","og_title":"High Waisted Womens Capri Leggings with Pockets","og_description":"High-waisted womens capri leggings with pockets combine style, comfort, and functionality. Featuring a flattering tummy-control fit and capri length, they\u2019re perfect for workouts or casual wear. Made from soft, stretchy materials, they include handy pockets for essentials, blending practicality with a chic, sporty look.","og_url":"https:\/\/www.atuactivewear.com\/pl\/product\/high-waisted-womens-capri-leggings-with-pockets\/","article_modified_time":"2025-10-30T06:52:58+00:00","og_image":[{"width":986,"height":987,"url":"https:\/\/www.atuactivewear.com\/wp-content\/uploads\/2025\/03\/leopard-womens-capri-leggings-with-pockets.webp","type":"image\/webp"}],"twitter_card":"summary_large_image","twitter_misc":{"Szacowany czas czytania":"3 minuty"},"schema":{"@context":"https:\/\/schema.org","@graph":[{"@type":"WebPage","@id":"https:\/\/www.atuactivewear.com\/pl\/product\/high-waisted-womens-capri-leggings-with-pockets\/","url":"https:\/\/www.atuactivewear.com\/pl\/product\/high-waisted-womens-capri-leggings-with-pockets\/","name":"High Waisted Womens Capri Leggings with Pockets","isPartOf":{"@id":"https:\/\/www.atuactivewear.com\/pl\/#website"},"primaryImageOfPage":{"@id":"https:\/\/www.atuactivewear.com\/pl\/product\/high-waisted-womens-capri-leggings-with-pockets\/#primaryimage"},"image":{"@id":"https:\/\/www.atuactivewear.com\/pl\/product\/high-waisted-womens-capri-leggings-with-pockets\/#primaryimage"},"thumbnailUrl":"https:\/\/www.atuactivewear.com\/wp-content\/uploads\/2025\/03\/leopard-womens-capri-leggings-with-pockets.webp","datePublished":"2025-03-11T02:48:29+00:00","dateModified":"2025-10-30T06:52:58+00:00","description":"High-waisted womens capri leggings with pockets combine style, comfort, and functionality. Featuring a flattering tummy-control fit and capri length, they\u2019re perfect for workouts or casual wear. Made from soft, stretchy materials, they include handy pockets for essentials, blending practicality with a chic, sporty look.","breadcrumb":{"@id":"https:\/\/www.atuactivewear.com\/pl\/product\/high-waisted-womens-capri-leggings-with-pockets\/#breadcrumb"},"inLanguage":"pl-PL","potentialAction":[{"@type":"ReadAction","target":["https:\/\/www.atuactivewear.com\/pl\/product\/high-waisted-womens-capri-leggings-with-pockets\/"]}]},{"@type":"ImageObject","inLanguage":"pl-PL","@id":"https:\/\/www.atuactivewear.com\/pl\/product\/high-waisted-womens-capri-leggings-with-pockets\/#primaryimage","url":"https:\/\/www.atuactivewear.com\/wp-content\/uploads\/2025\/03\/leopard-womens-capri-leggings-with-pockets.webp","contentUrl":"https:\/\/www.atuactivewear.com\/wp-content\/uploads\/2025\/03\/leopard-womens-capri-leggings-with-pockets.webp","width":986,"height":987,"caption":"leopard womens capri leggings with pockets"},{"@type":"BreadcrumbList","@id":"https:\/\/www.atuactivewear.com\/pl\/product\/high-waisted-womens-capri-leggings-with-pockets\/#breadcrumb","itemListElement":[{"@type":"ListItem","position":1,"name":"\u9996\u9875","item":"https:\/\/www.atuactivewear.com\/pl\/dom\/"},{"@type":"ListItem","position":2,"name":"Women","item":"https:\/\/www.atuactivewear.com\/?page_id=4741"},{"@type":"ListItem","position":3,"name":"High Waisted Womens Capri Leggings with Pockets"}]},{"@type":"WebSite","@id":"https:\/\/www.atuactivewear.com\/pl\/#website","url":"https:\/\/www.atuactivewear.com\/pl\/","name":"","description":"","potentialAction":[{"@type":"SearchAction","target":{"@type":"EntryPoint","urlTemplate":"https:\/\/www.atuactivewear.com\/pl\/?s={search_term_string}"},"query-input":{"@type":"PropertyValueSpecification","valueRequired":true,"valueName":"search_term_string"}}],"inLanguage":"pl-PL"}]}},"_links":{"self":[{"href":"https:\/\/www.atuactivewear.com\/pl\/wp-json\/wp\/v2\/product\/7608","targetHints":{"allow":["GET"]}}],"collection":[{"href":"https:\/\/www.atuactivewear.com\/pl\/wp-json\/wp\/v2\/product"}],"about":[{"href":"https:\/\/www.atuactivewear.com\/pl\/wp-json\/wp\/v2\/types\/product"}],"replies":[{"embeddable":true,"href":"https:\/\/www.atuactivewear.com\/pl\/wp-json\/wp\/v2\/comments?post=7608"}],"version-history":[{"count":0,"href":"https:\/\/www.atuactivewear.com\/pl\/wp-json\/wp\/v2\/product\/7608\/revisions"}],"wp:featuredmedia":[{"embeddable":true,"href":"https:\/\/www.atuactivewear.com\/pl\/wp-json\/wp\/v2\/media\/7611"}],"wp:attachment":[{"href":"https:\/\/www.atuactivewear.com\/pl\/wp-json\/wp\/v2\/media?parent=7608"}],"wp:term":[{"taxonomy":"product_brand","embeddable":true,"href":"https:\/\/www.atuactivewear.com\/pl\/wp-json\/wp\/v2\/product_brand?post=7608"},{"taxonomy":"product_cat","embeddable":true,"href":"https:\/\/www.atuactivewear.com\/pl\/wp-json\/wp\/v2\/product_cat?post=7608"},{"taxonomy":"product_tag","embeddable":true,"href":"https:\/\/www.atuactivewear.com\/pl\/wp-json\/wp\/v2\/product_tag?post=7608"}],"curies":[{"name":"wp","href":"https:\/\/api.w.org\/{rel}","templated":true}]}}