{"id":9940,"date":"2025-03-08T14:39:57","date_gmt":"2025-03-08T06:39:57","guid":{"rendered":"https:\/\/www.atuactivewear.com\/product\/a-prueba-de-choques-buenos-sujetadores-deportivos-para-pechos-grandes\/"},"modified":"2025-07-26T15:09:18","modified_gmt":"2025-07-26T07:09:18","slug":"a-prueba-de-choques-buenos-sujetadores-deportivos-para-pechos-grandes","status":"publish","type":"product","link":"https:\/\/www.atuactivewear.com\/es\/producto\/a-prueba-de-choques-buenos-sujetadores-deportivos-para-pechos-grandes\/","title":{"rendered":"A prueba de choques Buenos sujetadores deportivos para pechos grandes"},"content":{"rendered":"\t\t<div data-elementor-type=\"product-post\" data-elementor-id=\"9940\" class=\"elementor elementor-9940 elementor-7193\" data-elementor-post-type=\"product\">\n\t\t\t\t<div class=\"elementor-element elementor-element-756eace0 e-flex e-con-boxed e-con e-parent\" data-id=\"756eace0\" data-element_type=\"container\" data-e-type=\"container\">\n\t\t\t\t\t<div class=\"e-con-inner\">\n\t\t\t\t<div class=\"elementor-element elementor-element-319ee86 elementor-widget elementor-widget-heading\" data-id=\"319ee86\" data-element_type=\"widget\" data-e-type=\"widget\" data-widget_type=\"heading.default\">\n\t\t\t\t<div class=\"elementor-widget-container\">\n\t\t\t\t\t<h2 class=\"elementor-heading-title elementor-size-default\">Tops de talla grande<\/h2>\t\t\t\t<\/div>\n\t\t\t\t<\/div>\n\t\t\t\t<div class=\"elementor-element elementor-element-29baa05 elementor-widget elementor-widget-heading\" data-id=\"29baa05\" data-element_type=\"widget\" data-e-type=\"widget\" data-widget_type=\"heading.default\">\n\t\t\t\t<div class=\"elementor-widget-container\">\n\t\t\t\t\t<h2 class=\"elementor-heading-title elementor-size-default\">Especificaci\u00f3n:<\/h2>\t\t\t\t<\/div>\n\t\t\t\t<\/div>\n\t\t\t\t<div class=\"elementor-element elementor-element-835ea5c elementor-widget elementor-widget-heading\" data-id=\"835ea5c\" data-element_type=\"widget\" data-e-type=\"widget\" data-widget_type=\"heading.default\">\n\t\t\t\t<div class=\"elementor-widget-container\">\n\t\t\t\t\t<h2 class=\"elementor-heading-title elementor-size-default\">Plazo de entrega:<\/h2>\t\t\t\t<\/div>\n\t\t\t\t<\/div>\n\t\t\t\t\t<\/div>\n\t\t\t\t<\/div>\n\t\t\t\t<\/div>\n\t\t<p>Visitas: 0<\/p>","protected":false},"excerpt":{"rendered":"<p><strong>Precio de muestra: $30.00 con costo de env\u00edo.<\/strong><\/p>\n<p>Nuestros sujetadores deportivos antichoques para pechos grandes ofrecen soporte medio con almohadillas fijas, tirantes anchos y tejido muy el\u00e1stico para mayor comodidad. Perfectos para entrenamientos de impacto medio, brindan estabilidad, seguridad y un ajuste perfecto. <\/p>\n<h5>Todos los tama\u00f1os, colores y personalizaciones de tela est\u00e1n disponibles.<\/h5>\n","protected":false},"featured_media":9941,"comment_status":"open","ping_status":"closed","template":"","meta":{"_acf_changed":false,"site-sidebar-layout":"default","site-content-layout":"","ast-site-content-layout":"default","site-content-style":"default","site-sidebar-style":"default","ast-global-header-display":"","ast-banner-title-visibility":"","ast-main-header-display":"","ast-hfb-above-header-display":"","ast-hfb-below-header-display":"","ast-hfb-mobile-header-display":"","site-post-title":"","ast-breadcrumbs-content":"","ast-featured-img":"","footer-sml-layout":"","ast-disable-related-posts":"","theme-transparent-header-meta":"default","adv-header-id-meta":"","stick-header-meta":"","header-above-stick-meta":"","header-main-stick-meta":"","header-below-stick-meta":"","astra-migrate-meta-layouts":"set","ast-page-background-enabled":"default","ast-page-background-meta":{"desktop":{"background-color":"var(--ast-global-color-4)","background-image":"","background-repeat":"repeat","background-position":"center center","background-size":"auto","background-attachment":"scroll","background-type":"","background-media":"","overlay-type":"","overlay-color":"","overlay-opacity":"","overlay-gradient":""},"tablet":{"background-color":"","background-image":"","background-repeat":"repeat","background-position":"center center","background-size":"auto","background-attachment":"scroll","background-type":"","background-media":"","overlay-type":"","overlay-color":"","overlay-opacity":"","overlay-gradient":""},"mobile":{"background-color":"","background-image":"","background-repeat":"repeat","background-position":"center center","background-size":"auto","background-attachment":"scroll","background-type":"","background-media":"","overlay-type":"","overlay-color":"","overlay-opacity":"","overlay-gradient":""}},"ast-content-background-meta":{"desktop":{"background-color":"var(--ast-global-color-5)","background-image":"","background-repeat":"repeat","background-position":"center center","background-size":"auto","background-attachment":"scroll","background-type":"","background-media":"","overlay-type":"","overlay-color":"","overlay-opacity":"","overlay-gradient":""},"tablet":{"background-color":"var(--ast-global-color-5)","background-image":"","background-repeat":"repeat","background-position":"center center","background-size":"auto","background-attachment":"scroll","background-type":"","background-media":"","overlay-type":"","overlay-color":"","overlay-opacity":"","overlay-gradient":""},"mobile":{"background-color":"var(--ast-global-color-5)","background-image":"","background-repeat":"repeat","background-position":"center center","background-size":"auto","background-attachment":"scroll","background-type":"","background-media":"","overlay-type":"","overlay-color":"","overlay-opacity":"","overlay-gradient":""}}},"product_brand":[],"product_cat":[237,209,205,207,218,222,219,214],"product_tag":[],"class_list":{"0":"post-9940","1":"product","2":"type-product","3":"status-publish","4":"has-post-thumbnail","6":"product_cat-sujetador-corto-de-talla-grande","7":"product_cat-medium-support-sports-bra-es","8":"product_cat-plus-size-es","9":"product_cat-sports-bra-stock-es","10":"product_cat-sports-tank-top-womens-es","11":"product_cat-womens-exercise-tops-es","12":"product_cat-tops-es","13":"product_cat-tops-stock-es","14":"desktop-align-left","15":"tablet-align-left","16":"mobile-align-left","18":"first","19":"instock","20":"taxable","21":"shipping-taxable","22":"product-type-simple"},"acf":[],"yoast_head":"<!-- This site is optimized with the Yoast SEO plugin v24.5 - https:\/\/yoast.com\/wordpress\/plugins\/seo\/ -->\n<title>A prueba de choques Buenos sujetadores para correr para pechos grandes<\/title>\n<meta name=\"description\" content=\"Nuestro a prueba de golpes Buenos sujetadores para correr para pechos grandes Ofrecen soporte medio, con almohadillas fijas, tirantes anchos y tejido altamente el\u00e1stico para m\u00e1xima comodidad y flexibilidad. Dise\u00f1ados para entrenamientos de impacto medio, garantizan estabilidad, seguridad y un ajuste perfecto, lo que los hace ideales para mujeres activas con busto grande.\" \/>\n<meta name=\"robots\" content=\"index, follow, max-snippet:-1, max-image-preview:large, max-video-preview:-1\" \/>\n<link rel=\"canonical\" href=\"https:\/\/www.atuactivewear.com\/es\/producto\/a-prueba-de-choques-buenos-sujetadores-deportivos-para-pechos-grandes\/\" \/>\n<meta property=\"og:locale\" content=\"es_ES\" \/>\n<meta property=\"og:type\" content=\"article\" \/>\n<meta property=\"og:title\" content=\"A prueba de choques Buenos sujetadores para correr para pechos grandes\" \/>\n<meta property=\"og:description\" content=\"Nuestro a prueba de golpes Buenos sujetadores para correr para pechos grandes Ofrecen soporte medio, con almohadillas fijas, tirantes anchos y tejido altamente el\u00e1stico para m\u00e1xima comodidad y flexibilidad. Dise\u00f1ados para entrenamientos de impacto medio, garantizan estabilidad, seguridad y un ajuste perfecto, lo que los hace ideales para mujeres activas con busto grande.\" \/>\n<meta property=\"og:url\" content=\"https:\/\/www.atuactivewear.com\/es\/producto\/a-prueba-de-choques-buenos-sujetadores-deportivos-para-pechos-grandes\/\" \/>\n<meta property=\"article:modified_time\" content=\"2025-07-26T07:09:18+00:00\" \/>\n<meta property=\"og:image\" content=\"https:\/\/www.atuactivewear.com\/wp-content\/uploads\/2025\/03\/good-running-bras-for-large-breasts.webp\" \/>\n\t<meta property=\"og:image:width\" content=\"750\" \/>\n\t<meta property=\"og:image:height\" content=\"1000\" \/>\n\t<meta property=\"og:image:type\" content=\"image\/webp\" \/>\n<meta name=\"twitter:card\" content=\"summary_large_image\" \/>\n<meta name=\"twitter:label1\" content=\"Tiempo de lectura\" \/>\n\t<meta name=\"twitter:data1\" content=\"2 minutos\" \/>\n<script type=\"application\/ld+json\" class=\"yoast-schema-graph\">{\"@context\":\"https:\/\/schema.org\",\"@graph\":[{\"@type\":\"WebPage\",\"@id\":\"https:\/\/www.atuactivewear.com\/es\/producto\/a-prueba-de-choques-buenos-sujetadores-deportivos-para-pechos-grandes\/\",\"url\":\"https:\/\/www.atuactivewear.com\/es\/producto\/a-prueba-de-choques-buenos-sujetadores-deportivos-para-pechos-grandes\/\",\"name\":\"A prueba de choques Buenos sujetadores para correr para pechos grandes\",\"isPartOf\":{\"@id\":\"https:\/\/www.atuactivewear.com\/es\/#website\"},\"primaryImageOfPage\":{\"@id\":\"https:\/\/www.atuactivewear.com\/es\/producto\/a-prueba-de-choques-buenos-sujetadores-deportivos-para-pechos-grandes\/#primaryimage\"},\"image\":{\"@id\":\"https:\/\/www.atuactivewear.com\/es\/producto\/a-prueba-de-choques-buenos-sujetadores-deportivos-para-pechos-grandes\/#primaryimage\"},\"thumbnailUrl\":\"https:\/\/www.atuactivewear.com\/wp-content\/uploads\/2025\/03\/good-running-bras-for-large-breasts.webp\",\"datePublished\":\"2025-03-08T06:39:57+00:00\",\"dateModified\":\"2025-07-26T07:09:18+00:00\",\"description\":\"Nuestro a prueba de golpes Buenos sujetadores para correr para pechos grandes Ofrecen soporte medio, con almohadillas fijas, tirantes anchos y tejido altamente el\u00e1stico para m\u00e1xima comodidad y flexibilidad. Dise\u00f1ados para entrenamientos de impacto medio, garantizan estabilidad, seguridad y un ajuste perfecto, lo que los hace ideales para mujeres activas con busto grande.\",\"breadcrumb\":{\"@id\":\"https:\/\/www.atuactivewear.com\/es\/producto\/a-prueba-de-choques-buenos-sujetadores-deportivos-para-pechos-grandes\/#breadcrumb\"},\"inLanguage\":\"es\",\"potentialAction\":[{\"@type\":\"ReadAction\",\"target\":[\"https:\/\/www.atuactivewear.com\/es\/producto\/a-prueba-de-choques-buenos-sujetadores-deportivos-para-pechos-grandes\/\"]}]},{\"@type\":\"ImageObject\",\"inLanguage\":\"es\",\"@id\":\"https:\/\/www.atuactivewear.com\/es\/producto\/a-prueba-de-choques-buenos-sujetadores-deportivos-para-pechos-grandes\/#primaryimage\",\"url\":\"https:\/\/www.atuactivewear.com\/wp-content\/uploads\/2025\/03\/good-running-bras-for-large-breasts.webp\",\"contentUrl\":\"https:\/\/www.atuactivewear.com\/wp-content\/uploads\/2025\/03\/good-running-bras-for-large-breasts.webp\",\"width\":750,\"height\":1000,\"caption\":\"Buenos sujetadores para correr para pechos grandes\"},{\"@type\":\"BreadcrumbList\",\"@id\":\"https:\/\/www.atuactivewear.com\/es\/producto\/a-prueba-de-choques-buenos-sujetadores-deportivos-para-pechos-grandes\/#breadcrumb\",\"itemListElement\":[{\"@type\":\"ListItem\",\"position\":1,\"name\":\"\u9996\u9875\",\"item\":\"https:\/\/www.atuactivewear.com\/es\/hogar\/\"},{\"@type\":\"ListItem\",\"position\":2,\"name\":\"Productos\",\"item\":\"https:\/\/www.atuactivewear.com\/es\/productos\/\"},{\"@type\":\"ListItem\",\"position\":3,\"name\":\"A prueba de choques Buenos sujetadores deportivos para pechos grandes\"}]},{\"@type\":\"WebSite\",\"@id\":\"https:\/\/www.atuactivewear.com\/es\/#website\",\"url\":\"https:\/\/www.atuactivewear.com\/es\/\",\"name\":\"\",\"description\":\"\",\"potentialAction\":[{\"@type\":\"SearchAction\",\"target\":{\"@type\":\"EntryPoint\",\"urlTemplate\":\"https:\/\/www.atuactivewear.com\/es\/?s={search_term_string}\"},\"query-input\":{\"@type\":\"PropertyValueSpecification\",\"valueRequired\":true,\"valueName\":\"search_term_string\"}}],\"inLanguage\":\"es\"}]}<\/script>\n<!-- \/ Yoast SEO plugin. -->","yoast_head_json":{"title":"A prueba de choques Buenos sujetadores para correr para pechos grandes","description":"Nuestro a prueba de golpes Buenos sujetadores para correr para pechos grandes Ofrecen soporte medio, con almohadillas fijas, tirantes anchos y tejido altamente el\u00e1stico para m\u00e1xima comodidad y flexibilidad. Dise\u00f1ados para entrenamientos de impacto medio, garantizan estabilidad, seguridad y un ajuste perfecto, lo que los hace ideales para mujeres activas con busto grande.","robots":{"index":"index","follow":"follow","max-snippet":"max-snippet:-1","max-image-preview":"max-image-preview:large","max-video-preview":"max-video-preview:-1"},"canonical":"https:\/\/www.atuactivewear.com\/es\/producto\/a-prueba-de-choques-buenos-sujetadores-deportivos-para-pechos-grandes\/","og_locale":"es_ES","og_type":"article","og_title":"A prueba de choques Buenos sujetadores para correr para pechos grandes","og_description":"Nuestro a prueba de golpes Buenos sujetadores para correr para pechos grandes Ofrecen soporte medio, con almohadillas fijas, tirantes anchos y tejido altamente el\u00e1stico para m\u00e1xima comodidad y flexibilidad. Dise\u00f1ados para entrenamientos de impacto medio, garantizan estabilidad, seguridad y un ajuste perfecto, lo que los hace ideales para mujeres activas con busto grande.","og_url":"https:\/\/www.atuactivewear.com\/es\/producto\/a-prueba-de-choques-buenos-sujetadores-deportivos-para-pechos-grandes\/","article_modified_time":"2025-07-26T07:09:18+00:00","og_image":[{"width":750,"height":1000,"url":"https:\/\/www.atuactivewear.com\/wp-content\/uploads\/2025\/03\/good-running-bras-for-large-breasts.webp","type":"image\/webp"}],"twitter_card":"summary_large_image","twitter_misc":{"Tiempo de lectura":"2 minutos"},"schema":{"@context":"https:\/\/schema.org","@graph":[{"@type":"WebPage","@id":"https:\/\/www.atuactivewear.com\/es\/producto\/a-prueba-de-choques-buenos-sujetadores-deportivos-para-pechos-grandes\/","url":"https:\/\/www.atuactivewear.com\/es\/producto\/a-prueba-de-choques-buenos-sujetadores-deportivos-para-pechos-grandes\/","name":"A prueba de choques Buenos sujetadores para correr para pechos grandes","isPartOf":{"@id":"https:\/\/www.atuactivewear.com\/es\/#website"},"primaryImageOfPage":{"@id":"https:\/\/www.atuactivewear.com\/es\/producto\/a-prueba-de-choques-buenos-sujetadores-deportivos-para-pechos-grandes\/#primaryimage"},"image":{"@id":"https:\/\/www.atuactivewear.com\/es\/producto\/a-prueba-de-choques-buenos-sujetadores-deportivos-para-pechos-grandes\/#primaryimage"},"thumbnailUrl":"https:\/\/www.atuactivewear.com\/wp-content\/uploads\/2025\/03\/good-running-bras-for-large-breasts.webp","datePublished":"2025-03-08T06:39:57+00:00","dateModified":"2025-07-26T07:09:18+00:00","description":"Nuestro a prueba de golpes Buenos sujetadores para correr para pechos grandes Ofrecen soporte medio, con almohadillas fijas, tirantes anchos y tejido altamente el\u00e1stico para m\u00e1xima comodidad y flexibilidad. Dise\u00f1ados para entrenamientos de impacto medio, garantizan estabilidad, seguridad y un ajuste perfecto, lo que los hace ideales para mujeres activas con busto grande.","breadcrumb":{"@id":"https:\/\/www.atuactivewear.com\/es\/producto\/a-prueba-de-choques-buenos-sujetadores-deportivos-para-pechos-grandes\/#breadcrumb"},"inLanguage":"es","potentialAction":[{"@type":"ReadAction","target":["https:\/\/www.atuactivewear.com\/es\/producto\/a-prueba-de-choques-buenos-sujetadores-deportivos-para-pechos-grandes\/"]}]},{"@type":"ImageObject","inLanguage":"es","@id":"https:\/\/www.atuactivewear.com\/es\/producto\/a-prueba-de-choques-buenos-sujetadores-deportivos-para-pechos-grandes\/#primaryimage","url":"https:\/\/www.atuactivewear.com\/wp-content\/uploads\/2025\/03\/good-running-bras-for-large-breasts.webp","contentUrl":"https:\/\/www.atuactivewear.com\/wp-content\/uploads\/2025\/03\/good-running-bras-for-large-breasts.webp","width":750,"height":1000,"caption":"Buenos sujetadores para correr para pechos grandes"},{"@type":"BreadcrumbList","@id":"https:\/\/www.atuactivewear.com\/es\/producto\/a-prueba-de-choques-buenos-sujetadores-deportivos-para-pechos-grandes\/#breadcrumb","itemListElement":[{"@type":"ListItem","position":1,"name":"\u9996\u9875","item":"https:\/\/www.atuactivewear.com\/es\/hogar\/"},{"@type":"ListItem","position":2,"name":"Productos","item":"https:\/\/www.atuactivewear.com\/es\/productos\/"},{"@type":"ListItem","position":3,"name":"A prueba de choques Buenos sujetadores deportivos para pechos grandes"}]},{"@type":"WebSite","@id":"https:\/\/www.atuactivewear.com\/es\/#website","url":"https:\/\/www.atuactivewear.com\/es\/","name":"","description":"","potentialAction":[{"@type":"SearchAction","target":{"@type":"EntryPoint","urlTemplate":"https:\/\/www.atuactivewear.com\/es\/?s={search_term_string}"},"query-input":{"@type":"PropertyValueSpecification","valueRequired":true,"valueName":"search_term_string"}}],"inLanguage":"es"}]}},"_links":{"self":[{"href":"https:\/\/www.atuactivewear.com\/es\/wp-json\/wp\/v2\/product\/9940","targetHints":{"allow":["GET"]}}],"collection":[{"href":"https:\/\/www.atuactivewear.com\/es\/wp-json\/wp\/v2\/product"}],"about":[{"href":"https:\/\/www.atuactivewear.com\/es\/wp-json\/wp\/v2\/types\/product"}],"replies":[{"embeddable":true,"href":"https:\/\/www.atuactivewear.com\/es\/wp-json\/wp\/v2\/comments?post=9940"}],"version-history":[{"count":0,"href":"https:\/\/www.atuactivewear.com\/es\/wp-json\/wp\/v2\/product\/9940\/revisions"}],"wp:featuredmedia":[{"embeddable":true,"href":"https:\/\/www.atuactivewear.com\/es\/wp-json\/wp\/v2\/media\/9941"}],"wp:attachment":[{"href":"https:\/\/www.atuactivewear.com\/es\/wp-json\/wp\/v2\/media?parent=9940"}],"wp:term":[{"taxonomy":"product_brand","embeddable":true,"href":"https:\/\/www.atuactivewear.com\/es\/wp-json\/wp\/v2\/product_brand?post=9940"},{"taxonomy":"product_cat","embeddable":true,"href":"https:\/\/www.atuactivewear.com\/es\/wp-json\/wp\/v2\/product_cat?post=9940"},{"taxonomy":"product_tag","embeddable":true,"href":"https:\/\/www.atuactivewear.com\/es\/wp-json\/wp\/v2\/product_tag?post=9940"}],"curies":[{"name":"wp","href":"https:\/\/api.w.org\/{rel}","templated":true}]}}