{"id":9728,"date":"2025-03-12T14:09:25","date_gmt":"2025-03-12T06:09:25","guid":{"rendered":"https:\/\/www.atuactivewear.com\/product\/leggings-premama-negros-cruzados-con-cintura-ajustable\/"},"modified":"2025-10-30T14:42:51","modified_gmt":"2025-10-30T06:42:51","slug":"leggings-premama-negros-cruzados-con-cintura-ajustable","status":"publish","type":"product","link":"https:\/\/www.atuactivewear.com\/es\/producto\/leggings-premama-negros-cruzados-con-cintura-ajustable\/","title":{"rendered":"Leggings premam\u00e1 negros cruzados con cintura ajustable"},"content":{"rendered":"\t\t<div data-elementor-type=\"product-post\" data-elementor-id=\"9728\" class=\"elementor elementor-9728 elementor-7931\" data-elementor-post-type=\"product\">\n\t\t\t\t<div class=\"elementor-element elementor-element-185fb7a1 e-flex e-con-boxed e-con e-parent\" data-id=\"185fb7a1\" data-element_type=\"container\" data-e-type=\"container\">\n\t\t\t\t\t<div class=\"e-con-inner\">\n\t\t\t\t<div class=\"elementor-element elementor-element-1800961 e-n-tabs-mobile elementor-widget elementor-widget-n-tabs\" data-id=\"1800961\" data-element_type=\"widget\" data-e-type=\"widget\" data-settings=\"{&quot;tabs_justify_horizontal&quot;:&quot;start&quot;,&quot;horizontal_scroll&quot;:&quot;disable&quot;}\" data-widget_type=\"nested-tabs.default\">\n\t\t\t\t<div class=\"elementor-widget-container\">\n\t\t\t\t\t\t\t<div class=\"e-n-tabs\" data-widget-number=\"25168225\" aria-label=\"Pesta\u00f1as. Abre elementos con Intro o Espacio, ci\u00e9rralos con Escape y navega con las fechas.\">\n\t\t\t<div class=\"e-n-tabs-heading\" role=\"tablist\">\n\t\t\t\t\t<button id=\"e-n-tab-title-251682251\" data-tab-title-id=\"e-n-tab-title-251682251\" class=\"e-n-tab-title\" aria-selected=\"true\" data-tab-index=\"1\" role=\"tab\" tabindex=\"0\" aria-controls=\"e-n-tab-content-251682251\" style=\"--n-tabs-title-order: 1;\">\n\t\t\t\t\t\t<span class=\"e-n-tab-title-text\">\n\t\t\t\tInstrucciones de tama\u00f1o\t\t\t<\/span>\n\t\t<\/button>\n\t\t\t\t<button id=\"e-n-tab-title-251682252\" data-tab-title-id=\"e-n-tab-title-251682252\" class=\"e-n-tab-title\" aria-selected=\"false\" data-tab-index=\"2\" role=\"tab\" tabindex=\"-1\" aria-controls=\"e-n-tab-content-251682252\" style=\"--n-tabs-title-order: 2;\">\n\t\t\t\t\t\t<span class=\"e-n-tab-title-text\">\n\t\t\t\tCaracter\u00edsticas\t\t\t<\/span>\n\t\t<\/button>\n\t\t\t\t<button id=\"e-n-tab-title-251682253\" data-tab-title-id=\"e-n-tab-title-251682253\" class=\"e-n-tab-title\" aria-selected=\"false\" data-tab-index=\"3\" role=\"tab\" tabindex=\"-1\" aria-controls=\"e-n-tab-content-251682253\" style=\"--n-tabs-title-order: 3;\">\n\t\t\t\t\t\t<span class=\"e-n-tab-title-text\">\n\t\t\t\tInstrucciones de pedido\t\t\t<\/span>\n\t\t<\/button>\n\t\t\t\t\t<\/div>\n\t\t\t<div class=\"e-n-tabs-content\">\n\t\t\t\t<div id=\"e-n-tab-content-251682251\" role=\"tabpanel\" aria-labelledby=\"e-n-tab-title-251682251\" data-tab-index=\"1\" style=\"--n-tabs-title-order: 1;\" class=\"e-active elementor-element elementor-element-2d622f6 e-con-full e-flex e-con e-child\" data-id=\"2d622f6\" data-element_type=\"container\" data-e-type=\"container\">\n\t\t<div class=\"elementor-element elementor-element-4c0086f e-flex e-con-boxed e-con e-child\" data-id=\"4c0086f\" data-element_type=\"container\" data-e-type=\"container\">\n\t\t\t\t\t<div class=\"e-con-inner\">\n\t\t\t\t<div class=\"elementor-element elementor-element-12fe34e elementor-widget elementor-widget-text-editor\" data-id=\"12fe34e\" data-element_type=\"widget\" data-e-type=\"widget\" data-widget_type=\"text-editor.default\">\n\t\t\t\t<div class=\"elementor-widget-container\">\n\t\t\t\t\t\t\t\t\t<table width=\"631\"><tbody><tr><td width=\"65\"><strong>Tama\u00f1o<\/strong><\/td><td colspan=\"2\" width=\"176\"><strong>Longitud<\/strong><\/td><td colspan=\"2\" width=\"130\"><strong>Cadera<\/strong><\/td><td colspan=\"2\" width=\"130\"><strong>Cintura<\/strong><\/td><td colspan=\"2\" width=\"130\"><strong>Longitud interior<\/strong><\/td><\/tr><tr><td>Unidad<br><\/td><td>cm<\/td><td>pulgada<\/td><td>cm<\/td><td>pulgada<\/td><td>cm<\/td><td>pulgada<\/td><td>cm<\/td><td>pulgada<\/td><\/tr><tr><td>S<\/td><td>101.0<\/td><td>39.8<\/td><td>86.0<\/td><td>33.9<\/td><td>64.0<\/td><td>25.2<\/td><td>74.5<\/td><td>29.3<\/td><\/tr><tr><td>M<\/td><td>102.0<\/td><td>40.2<\/td><td>87.0<\/td><td>34.3<\/td><td>68.0<\/td><td>26.8<\/td><td>75.0<\/td><td>29.5<\/td><\/tr><tr><td>L<\/td><td>103.0<\/td><td>40.6<\/td><td>93.0<\/td><td>36.6<\/td><td>74.0<\/td><td>29.1<\/td><td>75.5<\/td><td>29.7<\/td><\/tr><tr><td>XL<\/td><td>105.0<\/td><td>41.3<\/td><td>99.0<\/td><td>39.0<\/td><td>80.0<\/td><td>31.5<\/td><td>76.0<\/td><td>29.9<\/td><\/tr><\/tbody><\/table>\t\t\t\t\t\t\t\t<\/div>\n\t\t\t\t<\/div>\n\t\t\t\t\t<\/div>\n\t\t\t\t<\/div>\n\t\t\t\t<\/div>\n\t\t<div id=\"e-n-tab-content-251682252\" role=\"tabpanel\" aria-labelledby=\"e-n-tab-title-251682252\" data-tab-index=\"2\" style=\"--n-tabs-title-order: 2;\" class=\" elementor-element elementor-element-10ce089 e-con-full e-flex e-con e-child\" data-id=\"10ce089\" data-element_type=\"container\" data-e-type=\"container\">\n\t\t<div class=\"elementor-element elementor-element-c5de9d8 e-flex e-con-boxed e-con e-child\" data-id=\"c5de9d8\" data-element_type=\"container\" data-e-type=\"container\">\n\t\t\t\t\t<div class=\"e-con-inner\">\n\t\t\t\t<div class=\"elementor-element elementor-element-0356b3a elementor-widget elementor-widget-text-editor\" data-id=\"0356b3a\" data-element_type=\"widget\" data-e-type=\"widget\" data-widget_type=\"text-editor.default\">\n\t\t\t\t<div class=\"elementor-widget-container\">\n\t\t\t\t\t\t\t\t\t<ul><li data-start=\"0\" data-end=\"99\"><strong data-start=\"2\" data-end=\"26\" data-is-only-node=\"\">Cintura ajustable<\/strong> \u2013 Proporciona un ajuste personalizado para todas las etapas del embarazo y posparto.<\/li><li data-start=\"100\" data-end=\"193\"><strong data-start=\"102\" data-end=\"137\" data-is-only-node=\"\">Tejido transpirable y muy el\u00e1stico<\/strong> \u2013 Garantiza flexibilidad, suavidad y comodidad durante todo el d\u00eda.<\/li><li data-start=\"194\" data-end=\"280\"><strong data-start=\"196\" data-end=\"216\" data-is-only-node=\"\">Dise\u00f1o cruzado<\/strong> \u2013 A\u00f1ade un toque elegante y moderno a tu armario de maternidad.<\/li><li data-start=\"281\" data-end=\"378\"><strong data-start=\"283\" data-end=\"307\" data-is-only-node=\"\">Silueta de pierna acampanada<\/strong> \u2013 Crea un look moderno y favorecedor que combina bien con cualquier outfit.<\/li><li data-start=\"379\" data-end=\"467\"><strong data-start=\"381\" data-end=\"399\" data-is-only-node=\"\">Uso vers\u00e1til<\/strong> \u2013 Perfecto para yoga, salidas casuales, diligencias o descansar en casa.<\/li><li data-start=\"468\" data-end=\"568\"><strong data-start=\"470\" data-end=\"497\" data-is-only-node=\"\">Ajuste seguro y de apoyo<\/strong> \u2013 Se adapta suavemente a tu pancita en crecimiento sin sentirte restrictiva.<\/li><li data-start=\"569\" data-end=\"672\" data-is-last-node=\"\"><strong data-start=\"571\" data-end=\"597\" data-is-only-node=\"\">Durable y de larga duraci\u00f3n<\/strong> \u2013 Dise\u00f1ado para brindar comodidad y estilo durante el embarazo y despu\u00e9s.<\/li><\/ul>\t\t\t\t\t\t\t\t<\/div>\n\t\t\t\t<\/div>\n\t\t\t\t\t<\/div>\n\t\t\t\t<\/div>\n\t\t\t\t<\/div>\n\t\t<div id=\"e-n-tab-content-251682253\" role=\"tabpanel\" aria-labelledby=\"e-n-tab-title-251682253\" data-tab-index=\"3\" style=\"--n-tabs-title-order: 3;\" class=\" elementor-element elementor-element-cc816e1 e-con-full e-flex e-con e-child\" data-id=\"cc816e1\" data-element_type=\"container\" data-e-type=\"container\">\n\t\t<div class=\"elementor-element elementor-element-a815e0c e-flex e-con-boxed e-con e-child\" data-id=\"a815e0c\" data-element_type=\"container\" data-e-type=\"container\">\n\t\t\t\t\t<div class=\"e-con-inner\">\n\t\t\t\t<div class=\"elementor-element elementor-element-a21b178 elementor-widget elementor-widget-text-editor\" data-id=\"a21b178\" data-element_type=\"widget\" data-e-type=\"widget\" data-widget_type=\"text-editor.default\">\n\t\t\t\t<div class=\"elementor-widget-container\">\n\t\t\t\t\t\t\t\t\t<p><strong>Si en <a href=\"https:\/\/www.atuactivewear.com\/es\/existencias\/\">Existencias<\/a>,<\/strong><span style=\"text-align: var(--text-align); background-color: var(--ast-global-color-5); color: var(--ast-global-color-3); font-size: 1rem;\">El plazo de entrega ser\u00e1 de 2 d\u00edas.<\/span><span style=\"text-align: var(--text-align); background-color: var(--ast-global-color-5); color: var(--ast-global-color-3); font-size: 1rem;\"> <\/span><\/p><p><strong>Dise\u00f1o:<\/strong> Podemos crear un dise\u00f1o basado en sus ideas y especificaciones o desarrollar una muestra basada en su dise\u00f1o existente.<\/p><p><strong>Reproducci\u00f3n de muestra:<\/strong> Si ya tiene muestras, podemos replicarlas con precisi\u00f3n.<\/p><p><strong>MOQ<\/strong>: 100 unidades por color.<\/p><p><strong>Costo de la muestra<\/strong>: US$50 por unidad incluido env\u00edo.<\/p><p><strong>Plazo de entrega de muestra:<\/strong> 7-10 d\u00edas.<\/p><p><strong>Plazo de producci\u00f3n:<\/strong> 10-20 d\u00edas, seg\u00fan cantidad.<\/p>\t\t\t\t\t\t\t\t<\/div>\n\t\t\t\t<\/div>\n\t\t\t\t\t<\/div>\n\t\t\t\t<\/div>\n\t\t\t\t<\/div>\n\t\t\t\t\t<\/div>\n\t\t<\/div>\n\t\t\t\t\t\t<\/div>\n\t\t\t\t<\/div>\n\t\t\t\t\t<\/div>\n\t\t\t\t<\/div>\n\t\t\t\t<\/div>\n\t\t<p>Visitas: 0<\/p>","protected":false},"excerpt":{"rendered":"<h5>Todos los tama\u00f1os, colores y personalizaciones de tela est\u00e1n disponibles.<\/h5>\n<p><strong>Leggings acampanados de maternidad negros<\/strong> \u2013 Cintura ajustable, tejido transpirable y muy el\u00e1stico. Elegante dise\u00f1o cruzado con pernera acampanada. Ideal para yoga, ropa informal y para el d\u00eda a d\u00eda.  <\/p>\n<table style=\"border-collapse: collapse; width: 390.62pt;\" border=\"0\" width=\"651\" cellspacing=\"0\" cellpadding=\"0\">\n<tbody>\n<tr style=\"height: 13.80pt;\">\n<td class=\"et3\" style=\"height: 13.80pt; width: 94.80pt;\" width=\"158\" height=\"23\">Estilo<\/td>\n<td class=\"et3\" style=\"width: 295.80pt;\" width=\"493\">Leggings acampanados de maternidad<\/td>\n<\/tr>\n<tr style=\"height: 13.80pt;\">\n<td class=\"et4\" style=\"height: 13.80pt; width: 94.80pt;\" width=\"158\" height=\"23\">Tama\u00f1o<\/td>\n<td class=\"et3\">S, M, L, XL ( Personalizable )<\/td>\n<\/tr>\n<tr style=\"height: 13.80pt;\">\n<td class=\"et3\" style=\"height: 13.80pt;\" height=\"23\">Color<\/td>\n<td class=\"et3\">Negro (personalizable)<\/td>\n<\/tr>\n<tr style=\"height: 27.60pt;\">\n<td class=\"et3\" style=\"height: 27.60pt;\" height=\"46\">Tela<\/td>\n<td class=\"et4\" style=\"width: 295.80pt;\" width=\"493\">90 % poli\u00e9ster y 10 % elastano (personalizable)<\/td>\n<\/tr>\n<tr style=\"height: 13.80pt;\">\n<td class=\"et3\" style=\"height: 13.80pt;\" height=\"23\">Peso neto<\/td>\n<td class=\"et3\">0.3kg<\/td>\n<\/tr>\n<\/tbody>\n<\/table>\n","protected":false},"featured_media":9729,"comment_status":"open","ping_status":"closed","template":"","meta":{"_acf_changed":false,"site-sidebar-layout":"default","site-content-layout":"","ast-site-content-layout":"default","site-content-style":"default","site-sidebar-style":"default","ast-global-header-display":"","ast-banner-title-visibility":"","ast-main-header-display":"","ast-hfb-above-header-display":"","ast-hfb-below-header-display":"","ast-hfb-mobile-header-display":"","site-post-title":"","ast-breadcrumbs-content":"","ast-featured-img":"","footer-sml-layout":"","ast-disable-related-posts":"","theme-transparent-header-meta":"default","adv-header-id-meta":"","stick-header-meta":"","header-above-stick-meta":"","header-main-stick-meta":"","header-below-stick-meta":"","astra-migrate-meta-layouts":"set","ast-page-background-enabled":"default","ast-page-background-meta":{"desktop":{"background-color":"var(--ast-global-color-4)","background-image":"","background-repeat":"repeat","background-position":"center center","background-size":"auto","background-attachment":"scroll","background-type":"","background-media":"","overlay-type":"","overlay-color":"","overlay-opacity":"","overlay-gradient":""},"tablet":{"background-color":"","background-image":"","background-repeat":"repeat","background-position":"center center","background-size":"auto","background-attachment":"scroll","background-type":"","background-media":"","overlay-type":"","overlay-color":"","overlay-opacity":"","overlay-gradient":""},"mobile":{"background-color":"","background-image":"","background-repeat":"repeat","background-position":"center center","background-size":"auto","background-attachment":"scroll","background-type":"","background-media":"","overlay-type":"","overlay-color":"","overlay-opacity":"","overlay-gradient":""}},"ast-content-background-meta":{"desktop":{"background-color":"var(--ast-global-color-5)","background-image":"","background-repeat":"repeat","background-position":"center center","background-size":"auto","background-attachment":"scroll","background-type":"","background-media":"","overlay-type":"","overlay-color":"","overlay-opacity":"","overlay-gradient":""},"tablet":{"background-color":"var(--ast-global-color-5)","background-image":"","background-repeat":"repeat","background-position":"center center","background-size":"auto","background-attachment":"scroll","background-type":"","background-media":"","overlay-type":"","overlay-color":"","overlay-opacity":"","overlay-gradient":""},"mobile":{"background-color":"var(--ast-global-color-5)","background-image":"","background-repeat":"repeat","background-position":"center center","background-size":"auto","background-attachment":"scroll","background-type":"","background-media":"","overlay-type":"","overlay-color":"","overlay-opacity":"","overlay-gradient":""}}},"product_brand":[],"product_cat":[195,226,194,199,228,224],"product_tag":[],"class_list":{"0":"post-9728","1":"product","2":"type-product","3":"status-publish","4":"has-post-thumbnail","6":"product_cat-bootcut-leggings-es","7":"product_cat-flare-yoga-pants-es","8":"product_cat-womens-leggings-es","9":"product_cat-maternity-leggings-es","10":"product_cat-maternity-yoga-pants-es","11":"product_cat-yoga-pants-es","12":"desktop-align-left","13":"tablet-align-left","14":"mobile-align-left","16":"first","17":"instock","18":"taxable","19":"shipping-taxable","20":"product-type-simple"},"acf":[],"yoast_head":"<!-- This site is optimized with the Yoast SEO plugin v24.5 - https:\/\/yoast.com\/wordpress\/plugins\/seo\/ -->\n<title>Leggings premam\u00e1 negros cruzados con cintura ajustable<\/title>\n<meta name=\"description\" content=\"Leggings premam\u00e1 negros acampanados con efecto cruzado: Tejido transpirable y muy el\u00e1stico con cintura ajustable para mayor comodidad durante el embarazo. Perfectos para yoga, ropa informal y salidas diarias. \u00a1Elegantes y con gran sujeci\u00f3n!\" \/>\n<meta name=\"robots\" content=\"index, follow, max-snippet:-1, max-image-preview:large, max-video-preview:-1\" \/>\n<link rel=\"canonical\" href=\"https:\/\/www.atuactivewear.com\/es\/producto\/leggings-premama-negros-cruzados-con-cintura-ajustable\/\" \/>\n<meta property=\"og:locale\" content=\"es_ES\" \/>\n<meta property=\"og:type\" content=\"article\" \/>\n<meta property=\"og:title\" content=\"Leggings premam\u00e1 negros cruzados con cintura ajustable\" \/>\n<meta property=\"og:description\" content=\"Leggings premam\u00e1 negros acampanados con efecto cruzado: Tejido transpirable y muy el\u00e1stico con cintura ajustable para mayor comodidad durante el embarazo. Perfectos para yoga, ropa informal y salidas diarias. \u00a1Elegantes y con gran sujeci\u00f3n!\" \/>\n<meta property=\"og:url\" content=\"https:\/\/www.atuactivewear.com\/es\/producto\/leggings-premama-negros-cruzados-con-cintura-ajustable\/\" \/>\n<meta property=\"article:modified_time\" content=\"2025-10-30T06:42:51+00:00\" \/>\n<meta property=\"og:image\" content=\"https:\/\/www.atuactivewear.com\/wp-content\/uploads\/2025\/03\/maternity-flare-leggings.webp\" \/>\n\t<meta property=\"og:image:width\" content=\"800\" \/>\n\t<meta property=\"og:image:height\" content=\"800\" \/>\n\t<meta property=\"og:image:type\" content=\"image\/webp\" \/>\n<meta name=\"twitter:card\" content=\"summary_large_image\" \/>\n<meta name=\"twitter:label1\" content=\"Tiempo de lectura\" \/>\n\t<meta name=\"twitter:data1\" content=\"2 minutos\" \/>\n<script type=\"application\/ld+json\" class=\"yoast-schema-graph\">{\"@context\":\"https:\/\/schema.org\",\"@graph\":[{\"@type\":\"WebPage\",\"@id\":\"https:\/\/www.atuactivewear.com\/es\/producto\/leggings-premama-negros-cruzados-con-cintura-ajustable\/\",\"url\":\"https:\/\/www.atuactivewear.com\/es\/producto\/leggings-premama-negros-cruzados-con-cintura-ajustable\/\",\"name\":\"Leggings premam\u00e1 negros cruzados con cintura ajustable\",\"isPartOf\":{\"@id\":\"https:\/\/www.atuactivewear.com\/es\/#website\"},\"primaryImageOfPage\":{\"@id\":\"https:\/\/www.atuactivewear.com\/es\/producto\/leggings-premama-negros-cruzados-con-cintura-ajustable\/#primaryimage\"},\"image\":{\"@id\":\"https:\/\/www.atuactivewear.com\/es\/producto\/leggings-premama-negros-cruzados-con-cintura-ajustable\/#primaryimage\"},\"thumbnailUrl\":\"https:\/\/www.atuactivewear.com\/wp-content\/uploads\/2025\/03\/maternity-flare-leggings.webp\",\"datePublished\":\"2025-03-12T06:09:25+00:00\",\"dateModified\":\"2025-10-30T06:42:51+00:00\",\"description\":\"Leggings premam\u00e1 negros acampanados con efecto cruzado: Tejido transpirable y muy el\u00e1stico con cintura ajustable para mayor comodidad durante el embarazo. Perfectos para yoga, ropa informal y salidas diarias. \u00a1Elegantes y con gran sujeci\u00f3n!\",\"breadcrumb\":{\"@id\":\"https:\/\/www.atuactivewear.com\/es\/producto\/leggings-premama-negros-cruzados-con-cintura-ajustable\/#breadcrumb\"},\"inLanguage\":\"es\",\"potentialAction\":[{\"@type\":\"ReadAction\",\"target\":[\"https:\/\/www.atuactivewear.com\/es\/producto\/leggings-premama-negros-cruzados-con-cintura-ajustable\/\"]}]},{\"@type\":\"ImageObject\",\"inLanguage\":\"es\",\"@id\":\"https:\/\/www.atuactivewear.com\/es\/producto\/leggings-premama-negros-cruzados-con-cintura-ajustable\/#primaryimage\",\"url\":\"https:\/\/www.atuactivewear.com\/wp-content\/uploads\/2025\/03\/maternity-flare-leggings.webp\",\"contentUrl\":\"https:\/\/www.atuactivewear.com\/wp-content\/uploads\/2025\/03\/maternity-flare-leggings.webp\",\"width\":800,\"height\":800,\"caption\":\"leggings acampanados de maternidad\"},{\"@type\":\"BreadcrumbList\",\"@id\":\"https:\/\/www.atuactivewear.com\/es\/producto\/leggings-premama-negros-cruzados-con-cintura-ajustable\/#breadcrumb\",\"itemListElement\":[{\"@type\":\"ListItem\",\"position\":1,\"name\":\"\u9996\u9875\",\"item\":\"https:\/\/www.atuactivewear.com\/es\/hogar\/\"},{\"@type\":\"ListItem\",\"position\":2,\"name\":\"Productos\",\"item\":\"https:\/\/www.atuactivewear.com\/es\/productos\/\"},{\"@type\":\"ListItem\",\"position\":3,\"name\":\"Leggings premam\u00e1 negros cruzados con cintura ajustable\"}]},{\"@type\":\"WebSite\",\"@id\":\"https:\/\/www.atuactivewear.com\/es\/#website\",\"url\":\"https:\/\/www.atuactivewear.com\/es\/\",\"name\":\"\",\"description\":\"\",\"potentialAction\":[{\"@type\":\"SearchAction\",\"target\":{\"@type\":\"EntryPoint\",\"urlTemplate\":\"https:\/\/www.atuactivewear.com\/es\/?s={search_term_string}\"},\"query-input\":{\"@type\":\"PropertyValueSpecification\",\"valueRequired\":true,\"valueName\":\"search_term_string\"}}],\"inLanguage\":\"es\"}]}<\/script>\n<!-- \/ Yoast SEO plugin. -->","yoast_head_json":{"title":"Leggings premam\u00e1 negros cruzados con cintura ajustable","description":"Leggings premam\u00e1 negros acampanados con efecto cruzado: Tejido transpirable y muy el\u00e1stico con cintura ajustable para mayor comodidad durante el embarazo. Perfectos para yoga, ropa informal y salidas diarias. \u00a1Elegantes y con gran sujeci\u00f3n!","robots":{"index":"index","follow":"follow","max-snippet":"max-snippet:-1","max-image-preview":"max-image-preview:large","max-video-preview":"max-video-preview:-1"},"canonical":"https:\/\/www.atuactivewear.com\/es\/producto\/leggings-premama-negros-cruzados-con-cintura-ajustable\/","og_locale":"es_ES","og_type":"article","og_title":"Leggings premam\u00e1 negros cruzados con cintura ajustable","og_description":"Leggings premam\u00e1 negros acampanados con efecto cruzado: Tejido transpirable y muy el\u00e1stico con cintura ajustable para mayor comodidad durante el embarazo. Perfectos para yoga, ropa informal y salidas diarias. \u00a1Elegantes y con gran sujeci\u00f3n!","og_url":"https:\/\/www.atuactivewear.com\/es\/producto\/leggings-premama-negros-cruzados-con-cintura-ajustable\/","article_modified_time":"2025-10-30T06:42:51+00:00","og_image":[{"width":800,"height":800,"url":"https:\/\/www.atuactivewear.com\/wp-content\/uploads\/2025\/03\/maternity-flare-leggings.webp","type":"image\/webp"}],"twitter_card":"summary_large_image","twitter_misc":{"Tiempo de lectura":"2 minutos"},"schema":{"@context":"https:\/\/schema.org","@graph":[{"@type":"WebPage","@id":"https:\/\/www.atuactivewear.com\/es\/producto\/leggings-premama-negros-cruzados-con-cintura-ajustable\/","url":"https:\/\/www.atuactivewear.com\/es\/producto\/leggings-premama-negros-cruzados-con-cintura-ajustable\/","name":"Leggings premam\u00e1 negros cruzados con cintura ajustable","isPartOf":{"@id":"https:\/\/www.atuactivewear.com\/es\/#website"},"primaryImageOfPage":{"@id":"https:\/\/www.atuactivewear.com\/es\/producto\/leggings-premama-negros-cruzados-con-cintura-ajustable\/#primaryimage"},"image":{"@id":"https:\/\/www.atuactivewear.com\/es\/producto\/leggings-premama-negros-cruzados-con-cintura-ajustable\/#primaryimage"},"thumbnailUrl":"https:\/\/www.atuactivewear.com\/wp-content\/uploads\/2025\/03\/maternity-flare-leggings.webp","datePublished":"2025-03-12T06:09:25+00:00","dateModified":"2025-10-30T06:42:51+00:00","description":"Leggings premam\u00e1 negros acampanados con efecto cruzado: Tejido transpirable y muy el\u00e1stico con cintura ajustable para mayor comodidad durante el embarazo. Perfectos para yoga, ropa informal y salidas diarias. \u00a1Elegantes y con gran sujeci\u00f3n!","breadcrumb":{"@id":"https:\/\/www.atuactivewear.com\/es\/producto\/leggings-premama-negros-cruzados-con-cintura-ajustable\/#breadcrumb"},"inLanguage":"es","potentialAction":[{"@type":"ReadAction","target":["https:\/\/www.atuactivewear.com\/es\/producto\/leggings-premama-negros-cruzados-con-cintura-ajustable\/"]}]},{"@type":"ImageObject","inLanguage":"es","@id":"https:\/\/www.atuactivewear.com\/es\/producto\/leggings-premama-negros-cruzados-con-cintura-ajustable\/#primaryimage","url":"https:\/\/www.atuactivewear.com\/wp-content\/uploads\/2025\/03\/maternity-flare-leggings.webp","contentUrl":"https:\/\/www.atuactivewear.com\/wp-content\/uploads\/2025\/03\/maternity-flare-leggings.webp","width":800,"height":800,"caption":"leggings acampanados de maternidad"},{"@type":"BreadcrumbList","@id":"https:\/\/www.atuactivewear.com\/es\/producto\/leggings-premama-negros-cruzados-con-cintura-ajustable\/#breadcrumb","itemListElement":[{"@type":"ListItem","position":1,"name":"\u9996\u9875","item":"https:\/\/www.atuactivewear.com\/es\/hogar\/"},{"@type":"ListItem","position":2,"name":"Productos","item":"https:\/\/www.atuactivewear.com\/es\/productos\/"},{"@type":"ListItem","position":3,"name":"Leggings premam\u00e1 negros cruzados con cintura ajustable"}]},{"@type":"WebSite","@id":"https:\/\/www.atuactivewear.com\/es\/#website","url":"https:\/\/www.atuactivewear.com\/es\/","name":"","description":"","potentialAction":[{"@type":"SearchAction","target":{"@type":"EntryPoint","urlTemplate":"https:\/\/www.atuactivewear.com\/es\/?s={search_term_string}"},"query-input":{"@type":"PropertyValueSpecification","valueRequired":true,"valueName":"search_term_string"}}],"inLanguage":"es"}]}},"_links":{"self":[{"href":"https:\/\/www.atuactivewear.com\/es\/wp-json\/wp\/v2\/product\/9728","targetHints":{"allow":["GET"]}}],"collection":[{"href":"https:\/\/www.atuactivewear.com\/es\/wp-json\/wp\/v2\/product"}],"about":[{"href":"https:\/\/www.atuactivewear.com\/es\/wp-json\/wp\/v2\/types\/product"}],"replies":[{"embeddable":true,"href":"https:\/\/www.atuactivewear.com\/es\/wp-json\/wp\/v2\/comments?post=9728"}],"version-history":[{"count":0,"href":"https:\/\/www.atuactivewear.com\/es\/wp-json\/wp\/v2\/product\/9728\/revisions"}],"wp:featuredmedia":[{"embeddable":true,"href":"https:\/\/www.atuactivewear.com\/es\/wp-json\/wp\/v2\/media\/9729"}],"wp:attachment":[{"href":"https:\/\/www.atuactivewear.com\/es\/wp-json\/wp\/v2\/media?parent=9728"}],"wp:term":[{"taxonomy":"product_brand","embeddable":true,"href":"https:\/\/www.atuactivewear.com\/es\/wp-json\/wp\/v2\/product_brand?post=9728"},{"taxonomy":"product_cat","embeddable":true,"href":"https:\/\/www.atuactivewear.com\/es\/wp-json\/wp\/v2\/product_cat?post=9728"},{"taxonomy":"product_tag","embeddable":true,"href":"https:\/\/www.atuactivewear.com\/es\/wp-json\/wp\/v2\/product_tag?post=9728"}],"curies":[{"name":"wp","href":"https:\/\/api.w.org\/{rel}","templated":true}]}}