{"id":8997,"date":"2025-03-15T14:17:47","date_gmt":"2025-03-15T06:17:47","guid":{"rendered":"https:\/\/www.atuactivewear.com\/product\/camisetas-de-entrenamiento-de-manga-larga-para-mujer-respetuosas-con-la-piel-para-otono-e-invierno\/"},"modified":"2025-07-26T15:01:31","modified_gmt":"2025-07-26T07:01:31","slug":"camisetas-de-entrenamiento-de-manga-larga-para-mujer-respetuosas-con-la-piel-para-otono-e-invierno","status":"publish","type":"product","link":"https:\/\/www.atuactivewear.com\/es\/producto\/camisetas-de-entrenamiento-de-manga-larga-para-mujer-respetuosas-con-la-piel-para-otono-e-invierno\/","title":{"rendered":"Camisetas de entrenamiento de manga larga para mujer, respetuosas con la piel, para oto\u00f1o e invierno"},"content":{"rendered":"\t\t<div data-elementor-type=\"product-post\" data-elementor-id=\"8997\" class=\"elementor elementor-8997 elementor-8479\" data-elementor-post-type=\"product\">\n\t\t\t\t<div class=\"elementor-element elementor-element-756eace0 e-flex e-con-boxed e-con e-parent\" data-id=\"756eace0\" data-element_type=\"container\" data-e-type=\"container\">\n\t\t\t\t\t<div class=\"e-con-inner\">\n\t\t\t\t<div class=\"elementor-element elementor-element-319ee86 elementor-widget elementor-widget-heading\" data-id=\"319ee86\" data-element_type=\"widget\" data-e-type=\"widget\" data-widget_type=\"heading.default\">\n\t\t\t\t<div class=\"elementor-widget-container\">\n\t\t\t\t\t<h2 class=\"elementor-heading-title elementor-size-default\">Tops de talla grande<\/h2>\t\t\t\t<\/div>\n\t\t\t\t<\/div>\n\t\t\t\t<div class=\"elementor-element elementor-element-29baa05 elementor-widget elementor-widget-heading\" data-id=\"29baa05\" data-element_type=\"widget\" data-e-type=\"widget\" data-widget_type=\"heading.default\">\n\t\t\t\t<div class=\"elementor-widget-container\">\n\t\t\t\t\t<h2 class=\"elementor-heading-title elementor-size-default\">Especificaci\u00f3n:<\/h2>\t\t\t\t<\/div>\n\t\t\t\t<\/div>\n\t\t\t\t<div class=\"elementor-element elementor-element-835ea5c elementor-widget elementor-widget-heading\" data-id=\"835ea5c\" data-element_type=\"widget\" data-e-type=\"widget\" data-widget_type=\"heading.default\">\n\t\t\t\t<div class=\"elementor-widget-container\">\n\t\t\t\t\t<h2 class=\"elementor-heading-title elementor-size-default\">Plazo de entrega:<\/h2>\t\t\t\t<\/div>\n\t\t\t\t<\/div>\n\t\t\t\t\t<\/div>\n\t\t\t\t<\/div>\n\t\t\t\t<\/div>\n\t\t<p>Visitas: 2<\/p>","protected":false},"excerpt":{"rendered":"<p><strong>Precio de muestra: $30.00 con costo de env\u00edo.<\/strong><\/p>\n<p><strong>Camisetas de entrenamiento de manga larga para mujer para oto\u00f1o e invierno<\/strong>Transpirable, absorbe la humedad y con forro polar. Tallas hasta la 5XL. Malla empalmada de alta elasticidad. Perfecta para correr, el gimnasio o actividades al aire libre.   <\/p>\n<h5>Todos los tama\u00f1os, colores y personalizaciones de tela est\u00e1n disponibles.<\/h5>\n","protected":false},"featured_media":8998,"comment_status":"open","ping_status":"closed","template":"","meta":{"_acf_changed":false,"site-sidebar-layout":"default","site-content-layout":"","ast-site-content-layout":"default","site-content-style":"default","site-sidebar-style":"default","ast-global-header-display":"","ast-banner-title-visibility":"","ast-main-header-display":"","ast-hfb-above-header-display":"","ast-hfb-below-header-display":"","ast-hfb-mobile-header-display":"","site-post-title":"","ast-breadcrumbs-content":"","ast-featured-img":"","footer-sml-layout":"","ast-disable-related-posts":"","theme-transparent-header-meta":"default","adv-header-id-meta":"","stick-header-meta":"","header-above-stick-meta":"","header-main-stick-meta":"","header-below-stick-meta":"","astra-migrate-meta-layouts":"set","ast-page-background-enabled":"default","ast-page-background-meta":{"desktop":{"background-color":"var(--ast-global-color-4)","background-image":"","background-repeat":"repeat","background-position":"center center","background-size":"auto","background-attachment":"scroll","background-type":"","background-media":"","overlay-type":"","overlay-color":"","overlay-opacity":"","overlay-gradient":""},"tablet":{"background-color":"","background-image":"","background-repeat":"repeat","background-position":"center center","background-size":"auto","background-attachment":"scroll","background-type":"","background-media":"","overlay-type":"","overlay-color":"","overlay-opacity":"","overlay-gradient":""},"mobile":{"background-color":"","background-image":"","background-repeat":"repeat","background-position":"center center","background-size":"auto","background-attachment":"scroll","background-type":"","background-media":"","overlay-type":"","overlay-color":"","overlay-opacity":"","overlay-gradient":""}},"ast-content-background-meta":{"desktop":{"background-color":"var(--ast-global-color-5)","background-image":"","background-repeat":"repeat","background-position":"center center","background-size":"auto","background-attachment":"scroll","background-type":"","background-media":"","overlay-type":"","overlay-color":"","overlay-opacity":"","overlay-gradient":""},"tablet":{"background-color":"var(--ast-global-color-5)","background-image":"","background-repeat":"repeat","background-position":"center center","background-size":"auto","background-attachment":"scroll","background-type":"","background-media":"","overlay-type":"","overlay-color":"","overlay-opacity":"","overlay-gradient":""},"mobile":{"background-color":"var(--ast-global-color-5)","background-image":"","background-repeat":"repeat","background-position":"center center","background-size":"auto","background-attachment":"scroll","background-type":"","background-media":"","overlay-type":"","overlay-color":"","overlay-opacity":"","overlay-gradient":""}}},"product_brand":[],"product_cat":[233,215,205,216,214],"product_tag":[],"class_list":{"0":"post-8997","1":"product","2":"type-product","3":"status-publish","4":"has-post-thumbnail","6":"product_cat-tops-de-talla-grande","7":"product_cat-womens-long-sleeve-t-shirts-es","8":"product_cat-plus-size-es","9":"product_cat-plus-size-t-shirt-es","10":"product_cat-tops-stock-es","11":"desktop-align-left","12":"tablet-align-left","13":"mobile-align-left","15":"first","16":"instock","17":"taxable","18":"shipping-taxable","19":"product-type-simple"},"acf":[],"yoast_head":"<!-- This site is optimized with the Yoast SEO plugin v24.5 - https:\/\/yoast.com\/wordpress\/plugins\/seo\/ -->\n<title>Camisetas de entrenamiento de manga larga para mujer, respetuosas con la piel, para oto\u00f1o e invierno<\/title>\n<meta name=\"description\" content=\"Nuestras camisetas de entrenamiento de manga larga para mujer, suaves con la piel, son ideales para oto\u00f1o e invierno. Mant\u00e9nte activa en los meses m\u00e1s fr\u00edos con nuestra camiseta transpirable y absorbente. Forrada con forro polar para mayor calidez, tallas hasta la 5XL. Dise\u00f1o de malla empalmada de alta elasticidad para mayor estilo y ventilaci\u00f3n. Perfecta para correr, el gimnasio o actividades al aire libre.\" \/>\n<meta name=\"robots\" content=\"index, follow, max-snippet:-1, max-image-preview:large, max-video-preview:-1\" \/>\n<link rel=\"canonical\" href=\"https:\/\/www.atuactivewear.com\/es\/producto\/camisetas-de-entrenamiento-de-manga-larga-para-mujer-respetuosas-con-la-piel-para-otono-e-invierno\/\" \/>\n<meta property=\"og:locale\" content=\"es_ES\" \/>\n<meta property=\"og:type\" content=\"article\" \/>\n<meta property=\"og:title\" content=\"Camisetas de entrenamiento de manga larga para mujer, respetuosas con la piel, para oto\u00f1o e invierno\" \/>\n<meta property=\"og:description\" content=\"Nuestras camisetas de entrenamiento de manga larga para mujer, suaves con la piel, son ideales para oto\u00f1o e invierno. Mant\u00e9nte activa en los meses m\u00e1s fr\u00edos con nuestra camiseta transpirable y absorbente. Forrada con forro polar para mayor calidez, tallas hasta la 5XL. Dise\u00f1o de malla empalmada de alta elasticidad para mayor estilo y ventilaci\u00f3n. Perfecta para correr, el gimnasio o actividades al aire libre.\" \/>\n<meta property=\"og:url\" content=\"https:\/\/www.atuactivewear.com\/es\/producto\/camisetas-de-entrenamiento-de-manga-larga-para-mujer-respetuosas-con-la-piel-para-otono-e-invierno\/\" \/>\n<meta property=\"article:modified_time\" content=\"2025-07-26T07:01:31+00:00\" \/>\n<meta property=\"og:image\" content=\"https:\/\/www.atuactivewear.com\/wp-content\/uploads\/2025\/03\/womens-workout-tops-long-sleeve.webp\" \/>\n\t<meta property=\"og:image:width\" content=\"750\" \/>\n\t<meta property=\"og:image:height\" content=\"1000\" \/>\n\t<meta property=\"og:image:type\" content=\"image\/webp\" \/>\n<meta name=\"twitter:card\" content=\"summary_large_image\" \/>\n<meta name=\"twitter:label1\" content=\"Tiempo de lectura\" \/>\n\t<meta name=\"twitter:data1\" content=\"2 minutos\" \/>\n<script type=\"application\/ld+json\" class=\"yoast-schema-graph\">{\"@context\":\"https:\/\/schema.org\",\"@graph\":[{\"@type\":\"WebPage\",\"@id\":\"https:\/\/www.atuactivewear.com\/es\/producto\/camisetas-de-entrenamiento-de-manga-larga-para-mujer-respetuosas-con-la-piel-para-otono-e-invierno\/\",\"url\":\"https:\/\/www.atuactivewear.com\/es\/producto\/camisetas-de-entrenamiento-de-manga-larga-para-mujer-respetuosas-con-la-piel-para-otono-e-invierno\/\",\"name\":\"Camisetas de entrenamiento de manga larga para mujer, respetuosas con la piel, para oto\u00f1o e invierno\",\"isPartOf\":{\"@id\":\"https:\/\/www.atuactivewear.com\/es\/#website\"},\"primaryImageOfPage\":{\"@id\":\"https:\/\/www.atuactivewear.com\/es\/producto\/camisetas-de-entrenamiento-de-manga-larga-para-mujer-respetuosas-con-la-piel-para-otono-e-invierno\/#primaryimage\"},\"image\":{\"@id\":\"https:\/\/www.atuactivewear.com\/es\/producto\/camisetas-de-entrenamiento-de-manga-larga-para-mujer-respetuosas-con-la-piel-para-otono-e-invierno\/#primaryimage\"},\"thumbnailUrl\":\"https:\/\/www.atuactivewear.com\/wp-content\/uploads\/2025\/03\/womens-workout-tops-long-sleeve.webp\",\"datePublished\":\"2025-03-15T06:17:47+00:00\",\"dateModified\":\"2025-07-26T07:01:31+00:00\",\"description\":\"Nuestras camisetas de entrenamiento de manga larga para mujer, suaves con la piel, son ideales para oto\u00f1o e invierno. Mant\u00e9nte activa en los meses m\u00e1s fr\u00edos con nuestra camiseta transpirable y absorbente. Forrada con forro polar para mayor calidez, tallas hasta la 5XL. Dise\u00f1o de malla empalmada de alta elasticidad para mayor estilo y ventilaci\u00f3n. Perfecta para correr, el gimnasio o actividades al aire libre.\",\"breadcrumb\":{\"@id\":\"https:\/\/www.atuactivewear.com\/es\/producto\/camisetas-de-entrenamiento-de-manga-larga-para-mujer-respetuosas-con-la-piel-para-otono-e-invierno\/#breadcrumb\"},\"inLanguage\":\"es\",\"potentialAction\":[{\"@type\":\"ReadAction\",\"target\":[\"https:\/\/www.atuactivewear.com\/es\/producto\/camisetas-de-entrenamiento-de-manga-larga-para-mujer-respetuosas-con-la-piel-para-otono-e-invierno\/\"]}]},{\"@type\":\"ImageObject\",\"inLanguage\":\"es\",\"@id\":\"https:\/\/www.atuactivewear.com\/es\/producto\/camisetas-de-entrenamiento-de-manga-larga-para-mujer-respetuosas-con-la-piel-para-otono-e-invierno\/#primaryimage\",\"url\":\"https:\/\/www.atuactivewear.com\/wp-content\/uploads\/2025\/03\/womens-workout-tops-long-sleeve.webp\",\"contentUrl\":\"https:\/\/www.atuactivewear.com\/wp-content\/uploads\/2025\/03\/womens-workout-tops-long-sleeve.webp\",\"width\":750,\"height\":1000,\"caption\":\"Camisetas de entrenamiento de manga larga para mujer\"},{\"@type\":\"BreadcrumbList\",\"@id\":\"https:\/\/www.atuactivewear.com\/es\/producto\/camisetas-de-entrenamiento-de-manga-larga-para-mujer-respetuosas-con-la-piel-para-otono-e-invierno\/#breadcrumb\",\"itemListElement\":[{\"@type\":\"ListItem\",\"position\":1,\"name\":\"\u9996\u9875\",\"item\":\"https:\/\/www.atuactivewear.com\/es\/hogar\/\"},{\"@type\":\"ListItem\",\"position\":2,\"name\":\"Productos\",\"item\":\"https:\/\/www.atuactivewear.com\/es\/productos\/\"},{\"@type\":\"ListItem\",\"position\":3,\"name\":\"Camisetas de entrenamiento de manga larga para mujer, respetuosas con la piel, para oto\u00f1o e invierno\"}]},{\"@type\":\"WebSite\",\"@id\":\"https:\/\/www.atuactivewear.com\/es\/#website\",\"url\":\"https:\/\/www.atuactivewear.com\/es\/\",\"name\":\"\",\"description\":\"\",\"potentialAction\":[{\"@type\":\"SearchAction\",\"target\":{\"@type\":\"EntryPoint\",\"urlTemplate\":\"https:\/\/www.atuactivewear.com\/es\/?s={search_term_string}\"},\"query-input\":{\"@type\":\"PropertyValueSpecification\",\"valueRequired\":true,\"valueName\":\"search_term_string\"}}],\"inLanguage\":\"es\"}]}<\/script>\n<!-- \/ Yoast SEO plugin. -->","yoast_head_json":{"title":"Camisetas de entrenamiento de manga larga para mujer, respetuosas con la piel, para oto\u00f1o e invierno","description":"Nuestras camisetas de entrenamiento de manga larga para mujer, suaves con la piel, son ideales para oto\u00f1o e invierno. Mant\u00e9nte activa en los meses m\u00e1s fr\u00edos con nuestra camiseta transpirable y absorbente. Forrada con forro polar para mayor calidez, tallas hasta la 5XL. Dise\u00f1o de malla empalmada de alta elasticidad para mayor estilo y ventilaci\u00f3n. Perfecta para correr, el gimnasio o actividades al aire libre.","robots":{"index":"index","follow":"follow","max-snippet":"max-snippet:-1","max-image-preview":"max-image-preview:large","max-video-preview":"max-video-preview:-1"},"canonical":"https:\/\/www.atuactivewear.com\/es\/producto\/camisetas-de-entrenamiento-de-manga-larga-para-mujer-respetuosas-con-la-piel-para-otono-e-invierno\/","og_locale":"es_ES","og_type":"article","og_title":"Camisetas de entrenamiento de manga larga para mujer, respetuosas con la piel, para oto\u00f1o e invierno","og_description":"Nuestras camisetas de entrenamiento de manga larga para mujer, suaves con la piel, son ideales para oto\u00f1o e invierno. Mant\u00e9nte activa en los meses m\u00e1s fr\u00edos con nuestra camiseta transpirable y absorbente. Forrada con forro polar para mayor calidez, tallas hasta la 5XL. Dise\u00f1o de malla empalmada de alta elasticidad para mayor estilo y ventilaci\u00f3n. Perfecta para correr, el gimnasio o actividades al aire libre.","og_url":"https:\/\/www.atuactivewear.com\/es\/producto\/camisetas-de-entrenamiento-de-manga-larga-para-mujer-respetuosas-con-la-piel-para-otono-e-invierno\/","article_modified_time":"2025-07-26T07:01:31+00:00","og_image":[{"width":750,"height":1000,"url":"https:\/\/www.atuactivewear.com\/wp-content\/uploads\/2025\/03\/womens-workout-tops-long-sleeve.webp","type":"image\/webp"}],"twitter_card":"summary_large_image","twitter_misc":{"Tiempo de lectura":"2 minutos"},"schema":{"@context":"https:\/\/schema.org","@graph":[{"@type":"WebPage","@id":"https:\/\/www.atuactivewear.com\/es\/producto\/camisetas-de-entrenamiento-de-manga-larga-para-mujer-respetuosas-con-la-piel-para-otono-e-invierno\/","url":"https:\/\/www.atuactivewear.com\/es\/producto\/camisetas-de-entrenamiento-de-manga-larga-para-mujer-respetuosas-con-la-piel-para-otono-e-invierno\/","name":"Camisetas de entrenamiento de manga larga para mujer, respetuosas con la piel, para oto\u00f1o e invierno","isPartOf":{"@id":"https:\/\/www.atuactivewear.com\/es\/#website"},"primaryImageOfPage":{"@id":"https:\/\/www.atuactivewear.com\/es\/producto\/camisetas-de-entrenamiento-de-manga-larga-para-mujer-respetuosas-con-la-piel-para-otono-e-invierno\/#primaryimage"},"image":{"@id":"https:\/\/www.atuactivewear.com\/es\/producto\/camisetas-de-entrenamiento-de-manga-larga-para-mujer-respetuosas-con-la-piel-para-otono-e-invierno\/#primaryimage"},"thumbnailUrl":"https:\/\/www.atuactivewear.com\/wp-content\/uploads\/2025\/03\/womens-workout-tops-long-sleeve.webp","datePublished":"2025-03-15T06:17:47+00:00","dateModified":"2025-07-26T07:01:31+00:00","description":"Nuestras camisetas de entrenamiento de manga larga para mujer, suaves con la piel, son ideales para oto\u00f1o e invierno. Mant\u00e9nte activa en los meses m\u00e1s fr\u00edos con nuestra camiseta transpirable y absorbente. Forrada con forro polar para mayor calidez, tallas hasta la 5XL. Dise\u00f1o de malla empalmada de alta elasticidad para mayor estilo y ventilaci\u00f3n. Perfecta para correr, el gimnasio o actividades al aire libre.","breadcrumb":{"@id":"https:\/\/www.atuactivewear.com\/es\/producto\/camisetas-de-entrenamiento-de-manga-larga-para-mujer-respetuosas-con-la-piel-para-otono-e-invierno\/#breadcrumb"},"inLanguage":"es","potentialAction":[{"@type":"ReadAction","target":["https:\/\/www.atuactivewear.com\/es\/producto\/camisetas-de-entrenamiento-de-manga-larga-para-mujer-respetuosas-con-la-piel-para-otono-e-invierno\/"]}]},{"@type":"ImageObject","inLanguage":"es","@id":"https:\/\/www.atuactivewear.com\/es\/producto\/camisetas-de-entrenamiento-de-manga-larga-para-mujer-respetuosas-con-la-piel-para-otono-e-invierno\/#primaryimage","url":"https:\/\/www.atuactivewear.com\/wp-content\/uploads\/2025\/03\/womens-workout-tops-long-sleeve.webp","contentUrl":"https:\/\/www.atuactivewear.com\/wp-content\/uploads\/2025\/03\/womens-workout-tops-long-sleeve.webp","width":750,"height":1000,"caption":"Camisetas de entrenamiento de manga larga para mujer"},{"@type":"BreadcrumbList","@id":"https:\/\/www.atuactivewear.com\/es\/producto\/camisetas-de-entrenamiento-de-manga-larga-para-mujer-respetuosas-con-la-piel-para-otono-e-invierno\/#breadcrumb","itemListElement":[{"@type":"ListItem","position":1,"name":"\u9996\u9875","item":"https:\/\/www.atuactivewear.com\/es\/hogar\/"},{"@type":"ListItem","position":2,"name":"Productos","item":"https:\/\/www.atuactivewear.com\/es\/productos\/"},{"@type":"ListItem","position":3,"name":"Camisetas de entrenamiento de manga larga para mujer, respetuosas con la piel, para oto\u00f1o e invierno"}]},{"@type":"WebSite","@id":"https:\/\/www.atuactivewear.com\/es\/#website","url":"https:\/\/www.atuactivewear.com\/es\/","name":"","description":"","potentialAction":[{"@type":"SearchAction","target":{"@type":"EntryPoint","urlTemplate":"https:\/\/www.atuactivewear.com\/es\/?s={search_term_string}"},"query-input":{"@type":"PropertyValueSpecification","valueRequired":true,"valueName":"search_term_string"}}],"inLanguage":"es"}]}},"_links":{"self":[{"href":"https:\/\/www.atuactivewear.com\/es\/wp-json\/wp\/v2\/product\/8997","targetHints":{"allow":["GET"]}}],"collection":[{"href":"https:\/\/www.atuactivewear.com\/es\/wp-json\/wp\/v2\/product"}],"about":[{"href":"https:\/\/www.atuactivewear.com\/es\/wp-json\/wp\/v2\/types\/product"}],"replies":[{"embeddable":true,"href":"https:\/\/www.atuactivewear.com\/es\/wp-json\/wp\/v2\/comments?post=8997"}],"version-history":[{"count":0,"href":"https:\/\/www.atuactivewear.com\/es\/wp-json\/wp\/v2\/product\/8997\/revisions"}],"wp:featuredmedia":[{"embeddable":true,"href":"https:\/\/www.atuactivewear.com\/es\/wp-json\/wp\/v2\/media\/8998"}],"wp:attachment":[{"href":"https:\/\/www.atuactivewear.com\/es\/wp-json\/wp\/v2\/media?parent=8997"}],"wp:term":[{"taxonomy":"product_brand","embeddable":true,"href":"https:\/\/www.atuactivewear.com\/es\/wp-json\/wp\/v2\/product_brand?post=8997"},{"taxonomy":"product_cat","embeddable":true,"href":"https:\/\/www.atuactivewear.com\/es\/wp-json\/wp\/v2\/product_cat?post=8997"},{"taxonomy":"product_tag","embeddable":true,"href":"https:\/\/www.atuactivewear.com\/es\/wp-json\/wp\/v2\/product_tag?post=8997"}],"curies":[{"name":"wp","href":"https:\/\/api.w.org\/{rel}","templated":true}]}}