{"id":12919,"date":"2025-02-18T16:24:38","date_gmt":"2025-02-18T08:24:38","guid":{"rendered":"https:\/\/www.atuactivewear.com\/product\/sujetador-deportivo-de-cuello-alto\/"},"modified":"2025-10-30T16:08:11","modified_gmt":"2025-10-30T08:08:11","slug":"sujetador-deportivo-de-cuello-alto","status":"publish","type":"product","link":"https:\/\/www.atuactivewear.com\/es\/producto\/sujetador-deportivo-de-cuello-alto\/","title":{"rendered":"Sujetador deportivo de cuello alto"},"content":{"rendered":"\t\t<div data-elementor-type=\"product-post\" data-elementor-id=\"12919\" class=\"elementor elementor-12919 elementor-4963\" data-elementor-post-type=\"product\">\n\t\t\t\t<div class=\"elementor-element elementor-element-185fb7a1 e-flex e-con-boxed e-con e-parent\" data-id=\"185fb7a1\" data-element_type=\"container\" data-e-type=\"container\">\n\t\t\t\t\t<div class=\"e-con-inner\">\n\t\t\t\t<div class=\"elementor-element elementor-element-1800961 e-n-tabs-mobile elementor-widget elementor-widget-n-tabs\" data-id=\"1800961\" data-element_type=\"widget\" data-e-type=\"widget\" data-settings=\"{&quot;tabs_justify_horizontal&quot;:&quot;start&quot;,&quot;horizontal_scroll&quot;:&quot;disable&quot;}\" data-widget_type=\"nested-tabs.default\">\n\t\t\t\t<div class=\"elementor-widget-container\">\n\t\t\t\t\t\t\t<div class=\"e-n-tabs\" data-widget-number=\"25168225\" aria-label=\"Pesta\u00f1as. Abre elementos con Intro o Espacio, ci\u00e9rralos con Escape y navega con las fechas.\">\n\t\t\t<div class=\"e-n-tabs-heading\" role=\"tablist\">\n\t\t\t\t\t<button id=\"e-n-tab-title-251682251\" data-tab-title-id=\"e-n-tab-title-251682251\" class=\"e-n-tab-title\" aria-selected=\"true\" data-tab-index=\"1\" role=\"tab\" tabindex=\"0\" aria-controls=\"e-n-tab-content-251682251\" style=\"--n-tabs-title-order: 1;\">\n\t\t\t\t\t\t<span class=\"e-n-tab-title-text\">\n\t\t\t\tDetalles\t\t\t<\/span>\n\t\t<\/button>\n\t\t\t\t<button id=\"e-n-tab-title-251682252\" data-tab-title-id=\"e-n-tab-title-251682252\" class=\"e-n-tab-title\" aria-selected=\"false\" data-tab-index=\"2\" role=\"tab\" tabindex=\"-1\" aria-controls=\"e-n-tab-content-251682252\" style=\"--n-tabs-title-order: 2;\">\n\t\t\t\t\t\t<span class=\"e-n-tab-title-text\">\n\t\t\t\tCaracter\u00edsticas\t\t\t<\/span>\n\t\t<\/button>\n\t\t\t\t<button id=\"e-n-tab-title-251682253\" data-tab-title-id=\"e-n-tab-title-251682253\" class=\"e-n-tab-title\" aria-selected=\"false\" data-tab-index=\"3\" role=\"tab\" tabindex=\"-1\" aria-controls=\"e-n-tab-content-251682253\" style=\"--n-tabs-title-order: 3;\">\n\t\t\t\t\t\t<span class=\"e-n-tab-title-text\">\n\t\t\t\tInstrucciones de pedido\t\t\t<\/span>\n\t\t<\/button>\n\t\t\t\t\t<\/div>\n\t\t\t<div class=\"e-n-tabs-content\">\n\t\t\t\t<div id=\"e-n-tab-content-251682251\" role=\"tabpanel\" aria-labelledby=\"e-n-tab-title-251682251\" data-tab-index=\"1\" style=\"--n-tabs-title-order: 1;\" class=\"e-active elementor-element elementor-element-2d622f6 e-con-full e-flex e-con e-child\" data-id=\"2d622f6\" data-element_type=\"container\" data-e-type=\"container\">\n\t\t<div class=\"elementor-element elementor-element-4c0086f e-flex e-con-boxed e-con e-child\" data-id=\"4c0086f\" data-element_type=\"container\" data-e-type=\"container\">\n\t\t\t\t\t<div class=\"e-con-inner\">\n\t\t\t\t<div class=\"elementor-element elementor-element-12fe34e elementor-widget elementor-widget-text-editor\" data-id=\"12fe34e\" data-element_type=\"widget\" data-e-type=\"widget\" data-widget_type=\"text-editor.default\">\n\t\t\t\t<div class=\"elementor-widget-container\">\n\t\t\t\t\t\t\t\t\t<p><img fetchpriority=\"high\" decoding=\"async\" class=\"wp-image-4873 size-full alignleft\" src=\"https:\/\/www.atuactivewear.com\/wp-content\/uploads\/2025\/02\/high-impact-sports-bra-4.webp\" alt=\"sujetador alto impacto 4\" width=\"800\" height=\"1086\" srcset=\"https:\/\/www.atuactivewear.com\/wp-content\/uploads\/2025\/02\/high-impact-sports-bra-4.webp 800w, https:\/\/www.atuactivewear.com\/wp-content\/uploads\/2025\/02\/high-impact-sports-bra-4-600x815.webp 600w, https:\/\/www.atuactivewear.com\/wp-content\/uploads\/2025\/02\/high-impact-sports-bra-4-295x400.webp 295w, https:\/\/www.atuactivewear.com\/wp-content\/uploads\/2025\/02\/high-impact-sports-bra-4-589x800.webp 589w, https:\/\/www.atuactivewear.com\/wp-content\/uploads\/2025\/02\/high-impact-sports-bra-4-768x1043.webp 768w\" sizes=\"(max-width: 800px) 100vw, 800px\" \/><\/p><table class=\" aligncenter\" width=\"671\"><tbody><tr><td style=\"text-align: center;\" colspan=\"5\" width=\"671\"><strong>Informaci\u00f3n de tama\u00f1o<\/strong><\/td><\/tr><tr><td>Size<\/td><td>S\/6<\/td><td>M\/8<\/td><td>L\/10<\/td><td>XL\/12<\/td><\/tr><tr> <td> Longitud (cm)<\/td><td>23<\/td><td>23.5<\/td><td>24<\/td><td>24.5<\/td><\/tr><tr><td>Busto (cm)<\/td><td>69<\/td><td>73<\/td><td>77<\/td><td>81<\/td><\/tr><tr><td>Dobladillo (cm)<\/td><td>60<\/td><td>64<\/td><td>68<\/td><td>72<\/td><\/tr><tr><td>Acolchada<\/td><td>Yes<\/td><td>Yes<\/td><td>Yes<\/td><td>Yes<\/td><\/tr><tr><td colspan=\"5\">Sujetador deportivo de cuello alto<br data-mce-bogus=\"1\"><\/td><\/tr><tr><td colspan=\"5\"><strong>Recomendaciones de tama\u00f1o<\/strong><\/td><\/tr><tr><td>Size<\/td><td>S\/6<\/td><td>M\/8<\/td><td>L\/10<\/td><td>XL\/12<\/td><\/tr><tr><td>Peso recomendado (Kg)<\/td><td>45-55<\/td><td>50-60<\/td><td>55-65<\/td><td>60-70<\/td><\/tr><tr><td>Altura recomendada (cm)<\/td><td>155-165<\/td><td>160-170<\/td><td>165-175<\/td><td>170-180<\/td><\/tr><tr><td>Busto recomendado (cm)<\/td><td width=\"124\">80-85<\/td><td>85-90<\/td><td>95-99<\/td><td>99-103<\/td><\/tr><tr><td style=\"text-align: center;\">Cintura recomendada (cm)<\/td><td style=\"text-align: center;\">65-70<\/td><td style=\"text-align: center;\">71-76<\/td><td style=\"text-align: center;\">77-82<\/td><td style=\"text-align: center;\">83-88<\/td><\/tr><\/tbody><\/table>\t\t\t\t\t\t\t\t<\/div>\n\t\t\t\t<\/div>\n\t\t\t\t\t<\/div>\n\t\t\t\t<\/div>\n\t\t\t\t<\/div>\n\t\t<div id=\"e-n-tab-content-251682252\" role=\"tabpanel\" aria-labelledby=\"e-n-tab-title-251682252\" data-tab-index=\"2\" style=\"--n-tabs-title-order: 2;\" class=\" elementor-element elementor-element-10ce089 e-con-full e-flex e-con e-child\" data-id=\"10ce089\" data-element_type=\"container\" data-e-type=\"container\">\n\t\t<div class=\"elementor-element elementor-element-c5de9d8 e-flex e-con-boxed e-con e-child\" data-id=\"c5de9d8\" data-element_type=\"container\" data-e-type=\"container\">\n\t\t\t\t\t<div class=\"e-con-inner\">\n\t\t\t\t<div class=\"elementor-element elementor-element-0356b3a elementor-widget elementor-widget-text-editor\" data-id=\"0356b3a\" data-element_type=\"widget\" data-e-type=\"widget\" data-widget_type=\"text-editor.default\">\n\t\t\t\t<div class=\"elementor-widget-container\">\n\t\t\t\t\t\t\t\t\t<p>1. Tejido el\u00e1stico: Fabricado con material el\u00e1stico de alta calidad que ofrece flexibilidad y comodidad. 2. Suave y agradable para la piel: Dise\u00f1ado para ser delicado con la piel, brindando un ajuste ce\u00f1ido y transpirable. 3. Dise\u00f1o de botones pr\u00e1ctico: Cuenta con botones f\u00e1ciles de usar para pon\u00e9rselo y quit\u00e1rselo f\u00e1cilmente. 4. Tirantes anchos: Dise\u00f1ados con tirantes anchos para mayor estabilidad y soporte, garantizando un ajuste seguro y c\u00f3modo.<\/p>\t\t\t\t\t\t\t\t<\/div>\n\t\t\t\t<\/div>\n\t\t\t\t\t<\/div>\n\t\t\t\t<\/div>\n\t\t\t\t<\/div>\n\t\t<div id=\"e-n-tab-content-251682253\" role=\"tabpanel\" aria-labelledby=\"e-n-tab-title-251682253\" data-tab-index=\"3\" style=\"--n-tabs-title-order: 3;\" class=\" elementor-element elementor-element-cc816e1 e-con-full e-flex e-con e-child\" data-id=\"cc816e1\" data-element_type=\"container\" data-e-type=\"container\">\n\t\t<div class=\"elementor-element elementor-element-a815e0c e-flex e-con-boxed e-con e-child\" data-id=\"a815e0c\" data-element_type=\"container\" data-e-type=\"container\">\n\t\t\t\t\t<div class=\"e-con-inner\">\n\t\t\t\t<div class=\"elementor-element elementor-element-a21b178 elementor-widget elementor-widget-text-editor\" data-id=\"a21b178\" data-element_type=\"widget\" data-e-type=\"widget\" data-widget_type=\"text-editor.default\">\n\t\t\t\t<div class=\"elementor-widget-container\">\n\t\t\t\t\t\t\t\t\t<p><strong>Si en <a href=\"https:\/\/www.atuactivewear.com\/es\/existencias\/\">Existencias<\/a>,<\/strong>El plazo de entrega ser\u00e1 de 2 d\u00edas. <\/p><p><strong>Dise\u00f1o:<\/strong> Podemos crear un dise\u00f1o basado en sus ideas y especificaciones o desarrollar una muestra basada en su dise\u00f1o existente.<\/p><p><strong>Reproducci\u00f3n de muestra:<\/strong> Si ya tiene muestras, podemos replicarlas con precisi\u00f3n.<\/p><p><strong>MOQ<\/strong>: 100 unidades por color.<\/p><p><strong>Costo de la muestra<\/strong>: US$50 por unidad incluido env\u00edo.<\/p><p><strong>Plazo de entrega de muestra:<\/strong> 7-10 d\u00edas.<\/p><p><strong>Plazo de producci\u00f3n:<\/strong> 10-20 d\u00edas, seg\u00fan cantidad.<\/p>\t\t\t\t\t\t\t\t<\/div>\n\t\t\t\t<\/div>\n\t\t\t\t\t<\/div>\n\t\t\t\t<\/div>\n\t\t\t\t<\/div>\n\t\t\t\t\t<\/div>\n\t\t<\/div>\n\t\t\t\t\t\t<\/div>\n\t\t\t\t<\/div>\n\t\t\t\t\t<\/div>\n\t\t\t\t<\/div>\n\t\t\t\t<\/div>\n\t\t<p>Visitas: 0<\/p>","protected":false},"excerpt":{"rendered":"<h5>Todos los tama\u00f1os, colores y personalizaciones de tela est\u00e1n disponibles.<\/h5>\n<p>Fabricada con tela el\u00e1stica de alta calidad, esta pieza es flexible, agradable para la piel y suave, y ofrece una experiencia delicada, ajustada y transpirable, mientras que el c\u00f3modo dise\u00f1o de botones y las correas de hombro anchas garantizan un uso f\u00e1cil, estabilidad y m\u00e1xima comodidad.<\/p>\n<table width=\"344\">\n<tbody>\n<tr>\n<td width=\"78\">Estilo<\/td>\n<td width=\"266\">bra deportivo<\/td>\n<\/tr>\n<tr>\n<td>Intensidad<\/td>\n<td>Low intensity<\/td>\n<\/tr>\n<tr>\n<td>Tama\u00f1o<\/td>\n<td>S; M; L; XL (personalizable)<\/td>\n<\/tr>\n<tr>\n<td>Color<\/td>\n<td width=\"266\">Negro; Marr\u00f3n; Blanco; Verde; Rosa; Naranja; Amarillo (Personalizable)<\/td>\n<\/tr>\n<tr>\n<td>Tela<\/td>\n<td width=\"266\">68 % nailon y 32 % elastano (personalizable)<\/td>\n<\/tr>\n<tr>\n<td>Peso neto<\/td>\n<td>0.2kg<\/td>\n<\/tr>\n<\/tbody>\n<\/table>\n","protected":false},"featured_media":12920,"comment_status":"open","ping_status":"closed","template":"","meta":{"_acf_changed":false,"site-sidebar-layout":"default","site-content-layout":"","ast-site-content-layout":"default","site-content-style":"default","site-sidebar-style":"default","ast-global-header-display":"","ast-banner-title-visibility":"","ast-main-header-display":"","ast-hfb-above-header-display":"","ast-hfb-below-header-display":"","ast-hfb-mobile-header-display":"","site-post-title":"","ast-breadcrumbs-content":"","ast-featured-img":"","footer-sml-layout":"","ast-disable-related-posts":"","theme-transparent-header-meta":"default","adv-header-id-meta":"","stick-header-meta":"","header-above-stick-meta":"","header-main-stick-meta":"","header-below-stick-meta":"","astra-migrate-meta-layouts":"set","ast-page-background-enabled":"default","ast-page-background-meta":{"desktop":{"background-color":"var(--ast-global-color-4)","background-image":"","background-repeat":"repeat","background-position":"center center","background-size":"auto","background-attachment":"scroll","background-type":"","background-media":"","overlay-type":"","overlay-color":"","overlay-opacity":"","overlay-gradient":""},"tablet":{"background-color":"","background-image":"","background-repeat":"repeat","background-position":"center center","background-size":"auto","background-attachment":"scroll","background-type":"","background-media":"","overlay-type":"","overlay-color":"","overlay-opacity":"","overlay-gradient":""},"mobile":{"background-color":"","background-image":"","background-repeat":"repeat","background-position":"center center","background-size":"auto","background-attachment":"scroll","background-type":"","background-media":"","overlay-type":"","overlay-color":"","overlay-opacity":"","overlay-gradient":""}},"ast-content-background-meta":{"desktop":{"background-color":"var(--ast-global-color-5)","background-image":"","background-repeat":"repeat","background-position":"center center","background-size":"auto","background-attachment":"scroll","background-type":"","background-media":"","overlay-type":"","overlay-color":"","overlay-opacity":"","overlay-gradient":""},"tablet":{"background-color":"var(--ast-global-color-5)","background-image":"","background-repeat":"repeat","background-position":"center center","background-size":"auto","background-attachment":"scroll","background-type":"","background-media":"","overlay-type":"","overlay-color":"","overlay-opacity":"","overlay-gradient":""},"mobile":{"background-color":"var(--ast-global-color-5)","background-image":"","background-repeat":"repeat","background-position":"center center","background-size":"auto","background-attachment":"scroll","background-type":"","background-media":"","overlay-type":"","overlay-color":"","overlay-opacity":"","overlay-gradient":""}}},"product_brand":[],"product_cat":[211,210],"product_tag":[],"class_list":{"0":"post-12919","1":"product","2":"type-product","3":"status-publish","4":"has-post-thumbnail","6":"product_cat-full-coverage-sports-bras-es","7":"product_cat-sprots-bra-es","8":"desktop-align-left","9":"tablet-align-left","10":"mobile-align-left","12":"first","13":"instock","14":"taxable","15":"shipping-taxable","16":"product-type-simple"},"acf":[],"yoast_head":"<!-- This site is optimized with the Yoast SEO plugin v24.5 - https:\/\/yoast.com\/wordpress\/plugins\/seo\/ -->\n<title>Sujetador deportivo de cuello alto de secado r\u00e1pido para yoga y fitness<\/title>\n<meta name=\"description\" content=\"Sujetador deportivo de cuello alto: Dise\u00f1ado para m\u00e1xima sujeci\u00f3n y comodidad. Cuenta con un dise\u00f1o abotonado para facilitar su uso, tirantes anchos para mayor estabilidad y tejido el\u00e1stico suave, agradable para la piel, transpirable y ajustado. Perfecto para entrenamientos intensos y comodidad durante todo el d\u00eda.\" \/>\n<meta name=\"robots\" content=\"index, follow, max-snippet:-1, max-image-preview:large, max-video-preview:-1\" \/>\n<link rel=\"canonical\" href=\"https:\/\/www.atuactivewear.com\/es\/producto\/sujetador-deportivo-de-cuello-alto\/\" \/>\n<meta property=\"og:locale\" content=\"es_ES\" \/>\n<meta property=\"og:type\" content=\"article\" \/>\n<meta property=\"og:title\" content=\"Sujetador deportivo de cuello alto de secado r\u00e1pido para yoga y fitness\" \/>\n<meta property=\"og:description\" content=\"Sujetador deportivo de cuello alto: Dise\u00f1ado para m\u00e1xima sujeci\u00f3n y comodidad. Cuenta con un dise\u00f1o abotonado para facilitar su uso, tirantes anchos para mayor estabilidad y tejido el\u00e1stico suave, agradable para la piel, transpirable y ajustado. Perfecto para entrenamientos intensos y comodidad durante todo el d\u00eda.\" \/>\n<meta property=\"og:url\" content=\"https:\/\/www.atuactivewear.com\/es\/producto\/sujetador-deportivo-de-cuello-alto\/\" \/>\n<meta property=\"article:modified_time\" content=\"2025-10-30T08:08:11+00:00\" \/>\n<meta property=\"og:image\" content=\"https:\/\/www.atuactivewear.com\/wp-content\/uploads\/2025\/02\/high-impact-sports-bra.webp\" \/>\n\t<meta property=\"og:image:width\" content=\"800\" \/>\n\t<meta property=\"og:image:height\" content=\"800\" \/>\n\t<meta property=\"og:image:type\" content=\"image\/webp\" \/>\n<meta name=\"twitter:card\" content=\"summary_large_image\" \/>\n<meta name=\"twitter:label1\" content=\"Tiempo de lectura\" \/>\n\t<meta name=\"twitter:data1\" content=\"3 minutos\" \/>\n<script type=\"application\/ld+json\" class=\"yoast-schema-graph\">{\"@context\":\"https:\/\/schema.org\",\"@graph\":[{\"@type\":\"WebPage\",\"@id\":\"https:\/\/www.atuactivewear.com\/es\/producto\/sujetador-deportivo-de-cuello-alto\/\",\"url\":\"https:\/\/www.atuactivewear.com\/es\/producto\/sujetador-deportivo-de-cuello-alto\/\",\"name\":\"Sujetador deportivo de cuello alto de secado r\u00e1pido para yoga y fitness\",\"isPartOf\":{\"@id\":\"https:\/\/www.atuactivewear.com\/es\/#website\"},\"primaryImageOfPage\":{\"@id\":\"https:\/\/www.atuactivewear.com\/es\/producto\/sujetador-deportivo-de-cuello-alto\/#primaryimage\"},\"image\":{\"@id\":\"https:\/\/www.atuactivewear.com\/es\/producto\/sujetador-deportivo-de-cuello-alto\/#primaryimage\"},\"thumbnailUrl\":\"https:\/\/www.atuactivewear.com\/wp-content\/uploads\/2025\/02\/high-impact-sports-bra.webp\",\"datePublished\":\"2025-02-18T08:24:38+00:00\",\"dateModified\":\"2025-10-30T08:08:11+00:00\",\"description\":\"Sujetador deportivo de cuello alto: Dise\u00f1ado para m\u00e1xima sujeci\u00f3n y comodidad. Cuenta con un dise\u00f1o abotonado para facilitar su uso, tirantes anchos para mayor estabilidad y tejido el\u00e1stico suave, agradable para la piel, transpirable y ajustado. Perfecto para entrenamientos intensos y comodidad durante todo el d\u00eda.\",\"breadcrumb\":{\"@id\":\"https:\/\/www.atuactivewear.com\/es\/producto\/sujetador-deportivo-de-cuello-alto\/#breadcrumb\"},\"inLanguage\":\"es\",\"potentialAction\":[{\"@type\":\"ReadAction\",\"target\":[\"https:\/\/www.atuactivewear.com\/es\/producto\/sujetador-deportivo-de-cuello-alto\/\"]}]},{\"@type\":\"ImageObject\",\"inLanguage\":\"es\",\"@id\":\"https:\/\/www.atuactivewear.com\/es\/producto\/sujetador-deportivo-de-cuello-alto\/#primaryimage\",\"url\":\"https:\/\/www.atuactivewear.com\/wp-content\/uploads\/2025\/02\/high-impact-sports-bra.webp\",\"contentUrl\":\"https:\/\/www.atuactivewear.com\/wp-content\/uploads\/2025\/02\/high-impact-sports-bra.webp\",\"width\":800,\"height\":800,\"caption\":\"Sujetador deportivo de cuello alto\"},{\"@type\":\"BreadcrumbList\",\"@id\":\"https:\/\/www.atuactivewear.com\/es\/producto\/sujetador-deportivo-de-cuello-alto\/#breadcrumb\",\"itemListElement\":[{\"@type\":\"ListItem\",\"position\":1,\"name\":\"\u9996\u9875\",\"item\":\"https:\/\/www.atuactivewear.com\/es\/hogar\/\"},{\"@type\":\"ListItem\",\"position\":2,\"name\":\"Productos\",\"item\":\"https:\/\/www.atuactivewear.com\/es\/productos\/\"},{\"@type\":\"ListItem\",\"position\":3,\"name\":\"Sujetador deportivo de cuello alto\"}]},{\"@type\":\"WebSite\",\"@id\":\"https:\/\/www.atuactivewear.com\/es\/#website\",\"url\":\"https:\/\/www.atuactivewear.com\/es\/\",\"name\":\"\",\"description\":\"\",\"potentialAction\":[{\"@type\":\"SearchAction\",\"target\":{\"@type\":\"EntryPoint\",\"urlTemplate\":\"https:\/\/www.atuactivewear.com\/es\/?s={search_term_string}\"},\"query-input\":{\"@type\":\"PropertyValueSpecification\",\"valueRequired\":true,\"valueName\":\"search_term_string\"}}],\"inLanguage\":\"es\"}]}<\/script>\n<!-- \/ Yoast SEO plugin. -->","yoast_head_json":{"title":"Sujetador deportivo de cuello alto de secado r\u00e1pido para yoga y fitness","description":"Sujetador deportivo de cuello alto: Dise\u00f1ado para m\u00e1xima sujeci\u00f3n y comodidad. Cuenta con un dise\u00f1o abotonado para facilitar su uso, tirantes anchos para mayor estabilidad y tejido el\u00e1stico suave, agradable para la piel, transpirable y ajustado. Perfecto para entrenamientos intensos y comodidad durante todo el d\u00eda.","robots":{"index":"index","follow":"follow","max-snippet":"max-snippet:-1","max-image-preview":"max-image-preview:large","max-video-preview":"max-video-preview:-1"},"canonical":"https:\/\/www.atuactivewear.com\/es\/producto\/sujetador-deportivo-de-cuello-alto\/","og_locale":"es_ES","og_type":"article","og_title":"Sujetador deportivo de cuello alto de secado r\u00e1pido para yoga y fitness","og_description":"Sujetador deportivo de cuello alto: Dise\u00f1ado para m\u00e1xima sujeci\u00f3n y comodidad. Cuenta con un dise\u00f1o abotonado para facilitar su uso, tirantes anchos para mayor estabilidad y tejido el\u00e1stico suave, agradable para la piel, transpirable y ajustado. Perfecto para entrenamientos intensos y comodidad durante todo el d\u00eda.","og_url":"https:\/\/www.atuactivewear.com\/es\/producto\/sujetador-deportivo-de-cuello-alto\/","article_modified_time":"2025-10-30T08:08:11+00:00","og_image":[{"width":800,"height":800,"url":"https:\/\/www.atuactivewear.com\/wp-content\/uploads\/2025\/02\/high-impact-sports-bra.webp","type":"image\/webp"}],"twitter_card":"summary_large_image","twitter_misc":{"Tiempo de lectura":"3 minutos"},"schema":{"@context":"https:\/\/schema.org","@graph":[{"@type":"WebPage","@id":"https:\/\/www.atuactivewear.com\/es\/producto\/sujetador-deportivo-de-cuello-alto\/","url":"https:\/\/www.atuactivewear.com\/es\/producto\/sujetador-deportivo-de-cuello-alto\/","name":"Sujetador deportivo de cuello alto de secado r\u00e1pido para yoga y fitness","isPartOf":{"@id":"https:\/\/www.atuactivewear.com\/es\/#website"},"primaryImageOfPage":{"@id":"https:\/\/www.atuactivewear.com\/es\/producto\/sujetador-deportivo-de-cuello-alto\/#primaryimage"},"image":{"@id":"https:\/\/www.atuactivewear.com\/es\/producto\/sujetador-deportivo-de-cuello-alto\/#primaryimage"},"thumbnailUrl":"https:\/\/www.atuactivewear.com\/wp-content\/uploads\/2025\/02\/high-impact-sports-bra.webp","datePublished":"2025-02-18T08:24:38+00:00","dateModified":"2025-10-30T08:08:11+00:00","description":"Sujetador deportivo de cuello alto: Dise\u00f1ado para m\u00e1xima sujeci\u00f3n y comodidad. Cuenta con un dise\u00f1o abotonado para facilitar su uso, tirantes anchos para mayor estabilidad y tejido el\u00e1stico suave, agradable para la piel, transpirable y ajustado. Perfecto para entrenamientos intensos y comodidad durante todo el d\u00eda.","breadcrumb":{"@id":"https:\/\/www.atuactivewear.com\/es\/producto\/sujetador-deportivo-de-cuello-alto\/#breadcrumb"},"inLanguage":"es","potentialAction":[{"@type":"ReadAction","target":["https:\/\/www.atuactivewear.com\/es\/producto\/sujetador-deportivo-de-cuello-alto\/"]}]},{"@type":"ImageObject","inLanguage":"es","@id":"https:\/\/www.atuactivewear.com\/es\/producto\/sujetador-deportivo-de-cuello-alto\/#primaryimage","url":"https:\/\/www.atuactivewear.com\/wp-content\/uploads\/2025\/02\/high-impact-sports-bra.webp","contentUrl":"https:\/\/www.atuactivewear.com\/wp-content\/uploads\/2025\/02\/high-impact-sports-bra.webp","width":800,"height":800,"caption":"Sujetador deportivo de cuello alto"},{"@type":"BreadcrumbList","@id":"https:\/\/www.atuactivewear.com\/es\/producto\/sujetador-deportivo-de-cuello-alto\/#breadcrumb","itemListElement":[{"@type":"ListItem","position":1,"name":"\u9996\u9875","item":"https:\/\/www.atuactivewear.com\/es\/hogar\/"},{"@type":"ListItem","position":2,"name":"Productos","item":"https:\/\/www.atuactivewear.com\/es\/productos\/"},{"@type":"ListItem","position":3,"name":"Sujetador deportivo de cuello alto"}]},{"@type":"WebSite","@id":"https:\/\/www.atuactivewear.com\/es\/#website","url":"https:\/\/www.atuactivewear.com\/es\/","name":"","description":"","potentialAction":[{"@type":"SearchAction","target":{"@type":"EntryPoint","urlTemplate":"https:\/\/www.atuactivewear.com\/es\/?s={search_term_string}"},"query-input":{"@type":"PropertyValueSpecification","valueRequired":true,"valueName":"search_term_string"}}],"inLanguage":"es"}]}},"_links":{"self":[{"href":"https:\/\/www.atuactivewear.com\/es\/wp-json\/wp\/v2\/product\/12919","targetHints":{"allow":["GET"]}}],"collection":[{"href":"https:\/\/www.atuactivewear.com\/es\/wp-json\/wp\/v2\/product"}],"about":[{"href":"https:\/\/www.atuactivewear.com\/es\/wp-json\/wp\/v2\/types\/product"}],"replies":[{"embeddable":true,"href":"https:\/\/www.atuactivewear.com\/es\/wp-json\/wp\/v2\/comments?post=12919"}],"version-history":[{"count":0,"href":"https:\/\/www.atuactivewear.com\/es\/wp-json\/wp\/v2\/product\/12919\/revisions"}],"wp:featuredmedia":[{"embeddable":true,"href":"https:\/\/www.atuactivewear.com\/es\/wp-json\/wp\/v2\/media\/12920"}],"wp:attachment":[{"href":"https:\/\/www.atuactivewear.com\/es\/wp-json\/wp\/v2\/media?parent=12919"}],"wp:term":[{"taxonomy":"product_brand","embeddable":true,"href":"https:\/\/www.atuactivewear.com\/es\/wp-json\/wp\/v2\/product_brand?post=12919"},{"taxonomy":"product_cat","embeddable":true,"href":"https:\/\/www.atuactivewear.com\/es\/wp-json\/wp\/v2\/product_cat?post=12919"},{"taxonomy":"product_tag","embeddable":true,"href":"https:\/\/www.atuactivewear.com\/es\/wp-json\/wp\/v2\/product_tag?post=12919"}],"curies":[{"name":"wp","href":"https:\/\/api.w.org\/{rel}","templated":true}]}}