{"id":12891,"date":"2025-02-20T14:04:34","date_gmt":"2025-02-20T06:04:34","guid":{"rendered":"https:\/\/www.atuactivewear.com\/product\/sujetador-deportivo-bajo-impacto\/"},"modified":"2025-10-30T16:04:51","modified_gmt":"2025-10-30T08:04:51","slug":"sujetador-deportivo-bajo-impacto","status":"publish","type":"product","link":"https:\/\/www.atuactivewear.com\/es\/producto\/sujetador-deportivo-bajo-impacto\/","title":{"rendered":"sujetador deportivo bajo impacto"},"content":{"rendered":"\t\t<div data-elementor-type=\"product-post\" data-elementor-id=\"12891\" class=\"elementor elementor-12891 elementor-5146\" data-elementor-post-type=\"product\">\n\t\t\t\t<div class=\"elementor-element elementor-element-185fb7a1 e-flex e-con-boxed e-con e-parent\" data-id=\"185fb7a1\" data-element_type=\"container\" data-e-type=\"container\">\n\t\t\t\t\t<div class=\"e-con-inner\">\n\t\t\t\t<div class=\"elementor-element elementor-element-1800961 e-n-tabs-mobile elementor-widget elementor-widget-n-tabs\" data-id=\"1800961\" data-element_type=\"widget\" data-e-type=\"widget\" data-settings=\"{&quot;tabs_justify_horizontal&quot;:&quot;start&quot;,&quot;horizontal_scroll&quot;:&quot;disable&quot;}\" data-widget_type=\"nested-tabs.default\">\n\t\t\t\t<div class=\"elementor-widget-container\">\n\t\t\t\t\t\t\t<div class=\"e-n-tabs\" data-widget-number=\"25168225\" aria-label=\"Pesta\u00f1as. Abre elementos con Intro o Espacio, ci\u00e9rralos con Escape y navega con las fechas.\">\n\t\t\t<div class=\"e-n-tabs-heading\" role=\"tablist\">\n\t\t\t\t\t<button id=\"e-n-tab-title-251682251\" data-tab-title-id=\"e-n-tab-title-251682251\" class=\"e-n-tab-title\" aria-selected=\"true\" data-tab-index=\"1\" role=\"tab\" tabindex=\"0\" aria-controls=\"e-n-tab-content-251682251\" style=\"--n-tabs-title-order: 1;\">\n\t\t\t\t\t\t<span class=\"e-n-tab-title-text\">\n\t\t\t\tDetalles\t\t\t<\/span>\n\t\t<\/button>\n\t\t\t\t<button id=\"e-n-tab-title-251682252\" data-tab-title-id=\"e-n-tab-title-251682252\" class=\"e-n-tab-title\" aria-selected=\"false\" data-tab-index=\"2\" role=\"tab\" tabindex=\"-1\" aria-controls=\"e-n-tab-content-251682252\" style=\"--n-tabs-title-order: 2;\">\n\t\t\t\t\t\t<span class=\"e-n-tab-title-text\">\n\t\t\t\tCaracter\u00edsticas\t\t\t<\/span>\n\t\t<\/button>\n\t\t\t\t<button id=\"e-n-tab-title-251682253\" data-tab-title-id=\"e-n-tab-title-251682253\" class=\"e-n-tab-title\" aria-selected=\"false\" data-tab-index=\"3\" role=\"tab\" tabindex=\"-1\" aria-controls=\"e-n-tab-content-251682253\" style=\"--n-tabs-title-order: 3;\">\n\t\t\t\t\t\t<span class=\"e-n-tab-title-text\">\n\t\t\t\tInstrucciones de pedido\t\t\t<\/span>\n\t\t<\/button>\n\t\t\t\t\t<\/div>\n\t\t\t<div class=\"e-n-tabs-content\">\n\t\t\t\t<div id=\"e-n-tab-content-251682251\" role=\"tabpanel\" aria-labelledby=\"e-n-tab-title-251682251\" data-tab-index=\"1\" style=\"--n-tabs-title-order: 1;\" class=\"e-active elementor-element elementor-element-2d622f6 e-con-full e-flex e-con e-child\" data-id=\"2d622f6\" data-element_type=\"container\" data-e-type=\"container\">\n\t\t<div class=\"elementor-element elementor-element-4c0086f e-flex e-con-boxed e-con e-child\" data-id=\"4c0086f\" data-element_type=\"container\" data-e-type=\"container\">\n\t\t\t\t\t<div class=\"e-con-inner\">\n\t\t\t\t<div class=\"elementor-element elementor-element-12fe34e elementor-widget elementor-widget-text-editor\" data-id=\"12fe34e\" data-element_type=\"widget\" data-e-type=\"widget\" data-widget_type=\"text-editor.default\">\n\t\t\t\t<div class=\"elementor-widget-container\">\n\t\t\t\t\t\t\t\t\t<table class=\" alignleft\" width=\"528\"><tbody><tr><td width=\"106\"><strong>Szie<\/strong><\/td><td style=\"text-align: center;\" colspan=\"2\" width=\"148\"><strong>Bust<\/strong><\/td><td style=\"text-align: center;\" colspan=\"2\" width=\"140\"><strong>Hem<\/strong><\/td><td style=\"text-align: center;\" colspan=\"2\" width=\"134\"><strong>Longitud<\/strong><\/td><\/tr><tr><td>sujetador de gimnasio sin espalda<br><\/td><td>cm<\/td><td>pulgada<\/td><td>cm<\/td><td>pulgada<\/td><td>cm<\/td><td>pulgada<\/td><\/tr><tr><td>S\/4<\/td><td>64<\/td><td>25.2<\/td><td>60<\/td><td>23.6<\/td><td>73<\/td><td>29<\/td><\/tr><tr><td>M\/6<\/td><td>68<\/td><td>26.8<\/td><td>64<\/td><td>25.2<\/td><td>76<\/td><td>30<\/td><\/tr><tr><td>L\/8<\/td><td>72<\/td><td>28.3<\/td><td>68<\/td><td>26.8<\/td><td>78<\/td><td>31<\/td><\/tr><tr><td>XL\/10<\/td><td>76<\/td><td>29.9<\/td><td>72<\/td><td>28.3<\/td><td>81<\/td><td>32<\/td><\/tr><\/tbody><\/table>\t\t\t\t\t\t\t\t<\/div>\n\t\t\t\t<\/div>\n\t\t\t\t\t<\/div>\n\t\t\t\t<\/div>\n\t\t\t\t<\/div>\n\t\t<div id=\"e-n-tab-content-251682252\" role=\"tabpanel\" aria-labelledby=\"e-n-tab-title-251682252\" data-tab-index=\"2\" style=\"--n-tabs-title-order: 2;\" class=\" elementor-element elementor-element-10ce089 e-con-full e-flex e-con e-child\" data-id=\"10ce089\" data-element_type=\"container\" data-e-type=\"container\">\n\t\t<div class=\"elementor-element elementor-element-c5de9d8 e-flex e-con-boxed e-con e-child\" data-id=\"c5de9d8\" data-element_type=\"container\" data-e-type=\"container\">\n\t\t\t\t\t<div class=\"e-con-inner\">\n\t\t\t\t<div class=\"elementor-element elementor-element-0356b3a elementor-widget elementor-widget-text-editor\" data-id=\"0356b3a\" data-element_type=\"widget\" data-e-type=\"widget\" data-widget_type=\"text-editor.default\">\n\t\t\t\t<div class=\"elementor-widget-container\">\n\t\t\t\t\t\t\t\t\t<ol start=\"1\"><li><p><strong>Dise\u00f1o elegante:<\/strong> Dise\u00f1ado para la mujer moderna y a la moda, el sujetador deportivo Cross-Back presenta elegantes tirantes cruzados que ofrecen transpirabilidad y un aspecto moderno.<\/p><\/li><li><p><strong>Tejido de alto rendimiento:<\/strong> Fabricado con material que absorbe la humedad y se seca r\u00e1pidamente, te mantiene fresco, seco y c\u00f3modo durante los entrenamientos intensos.<\/p><\/li><li><p><strong>Comodidad mejorada:<\/strong> Los paneles de malla estrat\u00e9gicos proporcionan una ventilaci\u00f3n \u00f3ptima, evitando el sobrecalentamiento y garantizando la transpirabilidad.<\/p><\/li><li><p><strong>Soporte seguro:<\/strong> El ajuste de compresi\u00f3n minimiza el rebote y ofrece un excelente soporte para actividades como entrenamientos en el gimnasio, yoga y m\u00e1s.<\/p><\/li><\/ol>\t\t\t\t\t\t\t\t<\/div>\n\t\t\t\t<\/div>\n\t\t\t\t\t<\/div>\n\t\t\t\t<\/div>\n\t\t\t\t<\/div>\n\t\t<div id=\"e-n-tab-content-251682253\" role=\"tabpanel\" aria-labelledby=\"e-n-tab-title-251682253\" data-tab-index=\"3\" style=\"--n-tabs-title-order: 3;\" class=\" elementor-element elementor-element-cc816e1 e-con-full e-flex e-con e-child\" data-id=\"cc816e1\" data-element_type=\"container\" data-e-type=\"container\">\n\t\t<div class=\"elementor-element elementor-element-a815e0c e-flex e-con-boxed e-con e-child\" data-id=\"a815e0c\" data-element_type=\"container\" data-e-type=\"container\">\n\t\t\t\t\t<div class=\"e-con-inner\">\n\t\t\t\t<div class=\"elementor-element elementor-element-a21b178 elementor-widget elementor-widget-text-editor\" data-id=\"a21b178\" data-element_type=\"widget\" data-e-type=\"widget\" data-widget_type=\"text-editor.default\">\n\t\t\t\t<div class=\"elementor-widget-container\">\n\t\t\t\t\t\t\t\t\t<p><strong>Si en <a href=\"https:\/\/www.atuactivewear.com\/es\/existencias\/\">Existencias<\/a>,<\/strong>El plazo de entrega ser\u00e1 de 2 d\u00edas. <\/p><p><strong>Dise\u00f1o:<\/strong> Podemos crear un dise\u00f1o basado en sus ideas y especificaciones o desarrollar una muestra basada en su dise\u00f1o existente.<\/p><p><strong>Reproducci\u00f3n de muestra:<\/strong> Si ya tiene muestras, podemos replicarlas con precisi\u00f3n.<\/p><p><strong>MOQ<\/strong>: 100 unidades por color.<\/p><p><strong>Costo de la muestra<\/strong>: US$50 por unidad incluido env\u00edo.<\/p><p><strong>Plazo de entrega de muestra:<\/strong> 7-10 d\u00edas.<\/p><p><strong>Plazo de producci\u00f3n:<\/strong> 10-20 d\u00edas, seg\u00fan cantidad.<\/p>\t\t\t\t\t\t\t\t<\/div>\n\t\t\t\t<\/div>\n\t\t\t\t\t<\/div>\n\t\t\t\t<\/div>\n\t\t\t\t<\/div>\n\t\t\t\t\t<\/div>\n\t\t<\/div>\n\t\t\t\t\t\t<\/div>\n\t\t\t\t<\/div>\n\t\t\t\t\t<\/div>\n\t\t\t\t<\/div>\n\t\t\t\t<\/div>\n\t\t<p>Visitas: 0<\/p>","protected":false},"excerpt":{"rendered":"<h5>Todos los tama\u00f1os, colores y personalizaciones de tela est\u00e1n disponibles.<\/h5>\n<p>Mant\u00e9ngase elegante y apoyada durante sus entrenamientos con este elegante sujetador de gimnasio sin espalda, dise\u00f1ado con un aspecto minimalista pero sexy, tirantes cruzados reforzados para una m\u00e1xima estabilidad y tela el\u00e1stica y transpirable que absorbe el sudor para mantenerla fresca y c\u00f3moda.<\/p>\n<table width=\"344\">\n<tbody>\n<tr>\n<td width=\"78\">Estilo<\/td>\n<p>bra deportivo<\/p>\n<td width=\"266\"><\/td>\n<\/tr>\n<tr>\n<td>Intensidad<\/td>\n<td>Intensidad media<\/td>\n<\/tr>\n<tr>\n<td>Tama\u00f1o<\/td>\n<td>S; M; L; XL (personalizable)<\/td>\n<\/tr>\n<tr>\n<td>Color<\/td>\n<td width=\"266\">Negro; Azul; Marr\u00f3n; Blanco; Naranja, Morado, etc. (Personalizable)<\/td>\n<\/tr>\n<tr>\n<td>Tela\n<\/td>\n<td width=\"266\">75 % nailon y 25 % elastano (personalizable)<\/td>\n<\/tr>\n<tr>\n<td>Peso neto<\/td>\n<td>0.15kg<\/td>\n<\/tr>\n<\/tbody>\n<\/table>\n<p>&nbsp;<\/p>\n","protected":false},"featured_media":12892,"comment_status":"open","ping_status":"closed","template":"","meta":{"_acf_changed":false,"site-sidebar-layout":"default","site-content-layout":"","ast-site-content-layout":"default","site-content-style":"default","site-sidebar-style":"default","ast-global-header-display":"","ast-banner-title-visibility":"","ast-main-header-display":"","ast-hfb-above-header-display":"","ast-hfb-below-header-display":"","ast-hfb-mobile-header-display":"","site-post-title":"","ast-breadcrumbs-content":"","ast-featured-img":"","footer-sml-layout":"","ast-disable-related-posts":"","theme-transparent-header-meta":"default","adv-header-id-meta":"","stick-header-meta":"","header-above-stick-meta":"","header-main-stick-meta":"","header-below-stick-meta":"","astra-migrate-meta-layouts":"set","ast-page-background-enabled":"default","ast-page-background-meta":{"desktop":{"background-color":"var(--ast-global-color-4)","background-image":"","background-repeat":"repeat","background-position":"center center","background-size":"auto","background-attachment":"scroll","background-type":"","background-media":"","overlay-type":"","overlay-color":"","overlay-opacity":"","overlay-gradient":""},"tablet":{"background-color":"","background-image":"","background-repeat":"repeat","background-position":"center center","background-size":"auto","background-attachment":"scroll","background-type":"","background-media":"","overlay-type":"","overlay-color":"","overlay-opacity":"","overlay-gradient":""},"mobile":{"background-color":"","background-image":"","background-repeat":"repeat","background-position":"center center","background-size":"auto","background-attachment":"scroll","background-type":"","background-media":"","overlay-type":"","overlay-color":"","overlay-opacity":"","overlay-gradient":""}},"ast-content-background-meta":{"desktop":{"background-color":"var(--ast-global-color-5)","background-image":"","background-repeat":"repeat","background-position":"center center","background-size":"auto","background-attachment":"scroll","background-type":"","background-media":"","overlay-type":"","overlay-color":"","overlay-opacity":"","overlay-gradient":""},"tablet":{"background-color":"var(--ast-global-color-5)","background-image":"","background-repeat":"repeat","background-position":"center center","background-size":"auto","background-attachment":"scroll","background-type":"","background-media":"","overlay-type":"","overlay-color":"","overlay-opacity":"","overlay-gradient":""},"mobile":{"background-color":"var(--ast-global-color-5)","background-image":"","background-repeat":"repeat","background-position":"center center","background-size":"auto","background-attachment":"scroll","background-type":"","background-media":"","overlay-type":"","overlay-color":"","overlay-opacity":"","overlay-gradient":""}}},"product_brand":[],"product_cat":[212,210],"product_tag":[],"class_list":{"0":"post-12891","1":"product","2":"type-product","3":"status-publish","4":"has-post-thumbnail","6":"product_cat-low-coverage-sports-bras-es","7":"product_cat-sprots-bra-es","8":"desktop-align-left","9":"tablet-align-left","10":"mobile-align-left","12":"first","13":"instock","14":"taxable","15":"shipping-taxable","16":"product-type-simple"},"acf":[],"yoast_head":"<!-- This site is optimized with the Yoast SEO plugin v24.5 - https:\/\/yoast.com\/wordpress\/plugins\/seo\/ -->\n<title>sujetador deportivo bajo impacto Secado r\u00e1pido<\/title>\n<meta name=\"description\" content=\"Mejora tu estilo de entrenamiento con ATUA sujetador deportivo bajo impacto, fcon un dise\u00f1o simple pero sexy, correas cruzadas en los hombros para un soporte s\u00f3lido y tela el\u00e1stica y transpirable que te mantiene fresco y c\u00f3modo mientras absorbe el sudor.\" \/>\n<meta name=\"robots\" content=\"index, follow, max-snippet:-1, max-image-preview:large, max-video-preview:-1\" \/>\n<link rel=\"canonical\" href=\"https:\/\/www.atuactivewear.com\/es\/producto\/sujetador-deportivo-bajo-impacto\/\" \/>\n<meta property=\"og:locale\" content=\"es_ES\" \/>\n<meta property=\"og:type\" content=\"article\" \/>\n<meta property=\"og:title\" content=\"sujetador deportivo bajo impacto Secado r\u00e1pido\" \/>\n<meta property=\"og:description\" content=\"Mejora tu estilo de entrenamiento con ATUA sujetador deportivo bajo impacto, fcon un dise\u00f1o simple pero sexy, correas cruzadas en los hombros para un soporte s\u00f3lido y tela el\u00e1stica y transpirable que te mantiene fresco y c\u00f3modo mientras absorbe el sudor.\" \/>\n<meta property=\"og:url\" content=\"https:\/\/www.atuactivewear.com\/es\/producto\/sujetador-deportivo-bajo-impacto\/\" \/>\n<meta property=\"article:modified_time\" content=\"2025-10-30T08:04:51+00:00\" \/>\n<meta property=\"og:image\" content=\"https:\/\/www.atuactivewear.com\/wp-content\/uploads\/2025\/02\/backless-sports-bra-1-1.webp\" \/>\n\t<meta property=\"og:image:width\" content=\"1000\" \/>\n\t<meta property=\"og:image:height\" content=\"1000\" \/>\n\t<meta property=\"og:image:type\" content=\"image\/webp\" \/>\n<meta name=\"twitter:card\" content=\"summary_large_image\" \/>\n<meta name=\"twitter:label1\" content=\"Tiempo de lectura\" \/>\n\t<meta name=\"twitter:data1\" content=\"2 minutos\" \/>\n<script type=\"application\/ld+json\" class=\"yoast-schema-graph\">{\"@context\":\"https:\/\/schema.org\",\"@graph\":[{\"@type\":\"WebPage\",\"@id\":\"https:\/\/www.atuactivewear.com\/es\/producto\/sujetador-deportivo-bajo-impacto\/\",\"url\":\"https:\/\/www.atuactivewear.com\/es\/producto\/sujetador-deportivo-bajo-impacto\/\",\"name\":\"sujetador deportivo bajo impacto Secado r\u00e1pido\",\"isPartOf\":{\"@id\":\"https:\/\/www.atuactivewear.com\/es\/#website\"},\"primaryImageOfPage\":{\"@id\":\"https:\/\/www.atuactivewear.com\/es\/producto\/sujetador-deportivo-bajo-impacto\/#primaryimage\"},\"image\":{\"@id\":\"https:\/\/www.atuactivewear.com\/es\/producto\/sujetador-deportivo-bajo-impacto\/#primaryimage\"},\"thumbnailUrl\":\"https:\/\/www.atuactivewear.com\/wp-content\/uploads\/2025\/02\/backless-sports-bra-1-1.webp\",\"datePublished\":\"2025-02-20T06:04:34+00:00\",\"dateModified\":\"2025-10-30T08:04:51+00:00\",\"description\":\"Mejora tu estilo de entrenamiento con ATUA sujetador deportivo bajo impacto, fcon un dise\u00f1o simple pero sexy, correas cruzadas en los hombros para un soporte s\u00f3lido y tela el\u00e1stica y transpirable que te mantiene fresco y c\u00f3modo mientras absorbe el sudor.\",\"breadcrumb\":{\"@id\":\"https:\/\/www.atuactivewear.com\/es\/producto\/sujetador-deportivo-bajo-impacto\/#breadcrumb\"},\"inLanguage\":\"es\",\"potentialAction\":[{\"@type\":\"ReadAction\",\"target\":[\"https:\/\/www.atuactivewear.com\/es\/producto\/sujetador-deportivo-bajo-impacto\/\"]}]},{\"@type\":\"ImageObject\",\"inLanguage\":\"es\",\"@id\":\"https:\/\/www.atuactivewear.com\/es\/producto\/sujetador-deportivo-bajo-impacto\/#primaryimage\",\"url\":\"https:\/\/www.atuactivewear.com\/wp-content\/uploads\/2025\/02\/backless-sports-bra-1-1.webp\",\"contentUrl\":\"https:\/\/www.atuactivewear.com\/wp-content\/uploads\/2025\/02\/backless-sports-bra-1-1.webp\",\"width\":1000,\"height\":1000,\"caption\":\"sujetador deportivo bajo impacto 1\"},{\"@type\":\"BreadcrumbList\",\"@id\":\"https:\/\/www.atuactivewear.com\/es\/producto\/sujetador-deportivo-bajo-impacto\/#breadcrumb\",\"itemListElement\":[{\"@type\":\"ListItem\",\"position\":1,\"name\":\"\u9996\u9875\",\"item\":\"https:\/\/www.atuactivewear.com\/es\/hogar\/\"},{\"@type\":\"ListItem\",\"position\":2,\"name\":\"Productos\",\"item\":\"https:\/\/www.atuactivewear.com\/es\/productos\/\"},{\"@type\":\"ListItem\",\"position\":3,\"name\":\"sujetador deportivo bajo impacto\"}]},{\"@type\":\"WebSite\",\"@id\":\"https:\/\/www.atuactivewear.com\/es\/#website\",\"url\":\"https:\/\/www.atuactivewear.com\/es\/\",\"name\":\"\",\"description\":\"\",\"potentialAction\":[{\"@type\":\"SearchAction\",\"target\":{\"@type\":\"EntryPoint\",\"urlTemplate\":\"https:\/\/www.atuactivewear.com\/es\/?s={search_term_string}\"},\"query-input\":{\"@type\":\"PropertyValueSpecification\",\"valueRequired\":true,\"valueName\":\"search_term_string\"}}],\"inLanguage\":\"es\"}]}<\/script>\n<!-- \/ Yoast SEO plugin. -->","yoast_head_json":{"title":"sujetador deportivo bajo impacto Secado r\u00e1pido","description":"Mejora tu estilo de entrenamiento con ATUA sujetador deportivo bajo impacto, fcon un dise\u00f1o simple pero sexy, correas cruzadas en los hombros para un soporte s\u00f3lido y tela el\u00e1stica y transpirable que te mantiene fresco y c\u00f3modo mientras absorbe el sudor.","robots":{"index":"index","follow":"follow","max-snippet":"max-snippet:-1","max-image-preview":"max-image-preview:large","max-video-preview":"max-video-preview:-1"},"canonical":"https:\/\/www.atuactivewear.com\/es\/producto\/sujetador-deportivo-bajo-impacto\/","og_locale":"es_ES","og_type":"article","og_title":"sujetador deportivo bajo impacto Secado r\u00e1pido","og_description":"Mejora tu estilo de entrenamiento con ATUA sujetador deportivo bajo impacto, fcon un dise\u00f1o simple pero sexy, correas cruzadas en los hombros para un soporte s\u00f3lido y tela el\u00e1stica y transpirable que te mantiene fresco y c\u00f3modo mientras absorbe el sudor.","og_url":"https:\/\/www.atuactivewear.com\/es\/producto\/sujetador-deportivo-bajo-impacto\/","article_modified_time":"2025-10-30T08:04:51+00:00","og_image":[{"width":1000,"height":1000,"url":"https:\/\/www.atuactivewear.com\/wp-content\/uploads\/2025\/02\/backless-sports-bra-1-1.webp","type":"image\/webp"}],"twitter_card":"summary_large_image","twitter_misc":{"Tiempo de lectura":"2 minutos"},"schema":{"@context":"https:\/\/schema.org","@graph":[{"@type":"WebPage","@id":"https:\/\/www.atuactivewear.com\/es\/producto\/sujetador-deportivo-bajo-impacto\/","url":"https:\/\/www.atuactivewear.com\/es\/producto\/sujetador-deportivo-bajo-impacto\/","name":"sujetador deportivo bajo impacto Secado r\u00e1pido","isPartOf":{"@id":"https:\/\/www.atuactivewear.com\/es\/#website"},"primaryImageOfPage":{"@id":"https:\/\/www.atuactivewear.com\/es\/producto\/sujetador-deportivo-bajo-impacto\/#primaryimage"},"image":{"@id":"https:\/\/www.atuactivewear.com\/es\/producto\/sujetador-deportivo-bajo-impacto\/#primaryimage"},"thumbnailUrl":"https:\/\/www.atuactivewear.com\/wp-content\/uploads\/2025\/02\/backless-sports-bra-1-1.webp","datePublished":"2025-02-20T06:04:34+00:00","dateModified":"2025-10-30T08:04:51+00:00","description":"Mejora tu estilo de entrenamiento con ATUA sujetador deportivo bajo impacto, fcon un dise\u00f1o simple pero sexy, correas cruzadas en los hombros para un soporte s\u00f3lido y tela el\u00e1stica y transpirable que te mantiene fresco y c\u00f3modo mientras absorbe el sudor.","breadcrumb":{"@id":"https:\/\/www.atuactivewear.com\/es\/producto\/sujetador-deportivo-bajo-impacto\/#breadcrumb"},"inLanguage":"es","potentialAction":[{"@type":"ReadAction","target":["https:\/\/www.atuactivewear.com\/es\/producto\/sujetador-deportivo-bajo-impacto\/"]}]},{"@type":"ImageObject","inLanguage":"es","@id":"https:\/\/www.atuactivewear.com\/es\/producto\/sujetador-deportivo-bajo-impacto\/#primaryimage","url":"https:\/\/www.atuactivewear.com\/wp-content\/uploads\/2025\/02\/backless-sports-bra-1-1.webp","contentUrl":"https:\/\/www.atuactivewear.com\/wp-content\/uploads\/2025\/02\/backless-sports-bra-1-1.webp","width":1000,"height":1000,"caption":"sujetador deportivo bajo impacto 1"},{"@type":"BreadcrumbList","@id":"https:\/\/www.atuactivewear.com\/es\/producto\/sujetador-deportivo-bajo-impacto\/#breadcrumb","itemListElement":[{"@type":"ListItem","position":1,"name":"\u9996\u9875","item":"https:\/\/www.atuactivewear.com\/es\/hogar\/"},{"@type":"ListItem","position":2,"name":"Productos","item":"https:\/\/www.atuactivewear.com\/es\/productos\/"},{"@type":"ListItem","position":3,"name":"sujetador deportivo bajo impacto"}]},{"@type":"WebSite","@id":"https:\/\/www.atuactivewear.com\/es\/#website","url":"https:\/\/www.atuactivewear.com\/es\/","name":"","description":"","potentialAction":[{"@type":"SearchAction","target":{"@type":"EntryPoint","urlTemplate":"https:\/\/www.atuactivewear.com\/es\/?s={search_term_string}"},"query-input":{"@type":"PropertyValueSpecification","valueRequired":true,"valueName":"search_term_string"}}],"inLanguage":"es"}]}},"_links":{"self":[{"href":"https:\/\/www.atuactivewear.com\/es\/wp-json\/wp\/v2\/product\/12891","targetHints":{"allow":["GET"]}}],"collection":[{"href":"https:\/\/www.atuactivewear.com\/es\/wp-json\/wp\/v2\/product"}],"about":[{"href":"https:\/\/www.atuactivewear.com\/es\/wp-json\/wp\/v2\/types\/product"}],"replies":[{"embeddable":true,"href":"https:\/\/www.atuactivewear.com\/es\/wp-json\/wp\/v2\/comments?post=12891"}],"version-history":[{"count":0,"href":"https:\/\/www.atuactivewear.com\/es\/wp-json\/wp\/v2\/product\/12891\/revisions"}],"wp:featuredmedia":[{"embeddable":true,"href":"https:\/\/www.atuactivewear.com\/es\/wp-json\/wp\/v2\/media\/12892"}],"wp:attachment":[{"href":"https:\/\/www.atuactivewear.com\/es\/wp-json\/wp\/v2\/media?parent=12891"}],"wp:term":[{"taxonomy":"product_brand","embeddable":true,"href":"https:\/\/www.atuactivewear.com\/es\/wp-json\/wp\/v2\/product_brand?post=12891"},{"taxonomy":"product_cat","embeddable":true,"href":"https:\/\/www.atuactivewear.com\/es\/wp-json\/wp\/v2\/product_cat?post=12891"},{"taxonomy":"product_tag","embeddable":true,"href":"https:\/\/www.atuactivewear.com\/es\/wp-json\/wp\/v2\/product_tag?post=12891"}],"curies":[{"name":"wp","href":"https:\/\/api.w.org\/{rel}","templated":true}]}}