{"id":12846,"date":"2025-02-21T10:00:45","date_gmt":"2025-02-21T02:00:45","guid":{"rendered":"https:\/\/www.atuactivewear.com\/product\/cremallera-frontal-de-alto-soporte-sujetador-deportivo-mujer-con-espalda-cruzada\/"},"modified":"2025-10-30T15:59:47","modified_gmt":"2025-10-30T07:59:47","slug":"cremallera-frontal-de-alto-soporte-sujetador-deportivo-mujer-con-espalda-cruzada","status":"publish","type":"product","link":"https:\/\/www.atuactivewear.com\/es\/producto\/cremallera-frontal-de-alto-soporte-sujetador-deportivo-mujer-con-espalda-cruzada\/","title":{"rendered":"Cremallera frontal de alto soporte sujetador deportivo mujer Con espalda cruzada"},"content":{"rendered":"\t\t<div data-elementor-type=\"product-post\" data-elementor-id=\"12846\" class=\"elementor elementor-12846 elementor-5213\" data-elementor-post-type=\"product\">\n\t\t\t\t<div class=\"elementor-element elementor-element-185fb7a1 e-flex e-con-boxed e-con e-parent\" data-id=\"185fb7a1\" data-element_type=\"container\" data-e-type=\"container\">\n\t\t\t\t\t<div class=\"e-con-inner\">\n\t\t\t\t<div class=\"elementor-element elementor-element-1800961 e-n-tabs-mobile elementor-widget elementor-widget-n-tabs\" data-id=\"1800961\" data-element_type=\"widget\" data-e-type=\"widget\" data-settings=\"{&quot;tabs_justify_horizontal&quot;:&quot;start&quot;,&quot;horizontal_scroll&quot;:&quot;disable&quot;}\" data-widget_type=\"nested-tabs.default\">\n\t\t\t\t<div class=\"elementor-widget-container\">\n\t\t\t\t\t\t\t<div class=\"e-n-tabs\" data-widget-number=\"25168225\" aria-label=\"Pesta\u00f1as. Abre elementos con Intro o Espacio, ci\u00e9rralos con Escape y navega con las fechas.\">\n\t\t\t<div class=\"e-n-tabs-heading\" role=\"tablist\">\n\t\t\t\t\t<button id=\"e-n-tab-title-251682251\" data-tab-title-id=\"e-n-tab-title-251682251\" class=\"e-n-tab-title\" aria-selected=\"true\" data-tab-index=\"1\" role=\"tab\" tabindex=\"0\" aria-controls=\"e-n-tab-content-251682251\" style=\"--n-tabs-title-order: 1;\">\n\t\t\t\t\t\t<span class=\"e-n-tab-title-text\">\n\t\t\t\tInstrucciones de tama\u00f1o\t\t\t<\/span>\n\t\t<\/button>\n\t\t\t\t<button id=\"e-n-tab-title-251682252\" data-tab-title-id=\"e-n-tab-title-251682252\" class=\"e-n-tab-title\" aria-selected=\"false\" data-tab-index=\"2\" role=\"tab\" tabindex=\"-1\" aria-controls=\"e-n-tab-content-251682252\" style=\"--n-tabs-title-order: 2;\">\n\t\t\t\t\t\t<span class=\"e-n-tab-title-text\">\n\t\t\t\tCaracter\u00edsticas\t\t\t<\/span>\n\t\t<\/button>\n\t\t\t\t<button id=\"e-n-tab-title-251682253\" data-tab-title-id=\"e-n-tab-title-251682253\" class=\"e-n-tab-title\" aria-selected=\"false\" data-tab-index=\"3\" role=\"tab\" tabindex=\"-1\" aria-controls=\"e-n-tab-content-251682253\" style=\"--n-tabs-title-order: 3;\">\n\t\t\t\t\t\t<span class=\"e-n-tab-title-text\">\n\t\t\t\tInstrucciones de pedido\t\t\t<\/span>\n\t\t<\/button>\n\t\t\t\t\t<\/div>\n\t\t\t<div class=\"e-n-tabs-content\">\n\t\t\t\t<div id=\"e-n-tab-content-251682251\" role=\"tabpanel\" aria-labelledby=\"e-n-tab-title-251682251\" data-tab-index=\"1\" style=\"--n-tabs-title-order: 1;\" class=\"e-active elementor-element elementor-element-2d622f6 e-con-full e-flex e-con e-child\" data-id=\"2d622f6\" data-element_type=\"container\" data-e-type=\"container\">\n\t\t<div class=\"elementor-element elementor-element-4c0086f e-flex e-con-boxed e-con e-child\" data-id=\"4c0086f\" data-element_type=\"container\" data-e-type=\"container\">\n\t\t\t\t\t<div class=\"e-con-inner\">\n\t\t\t\t<div class=\"elementor-element elementor-element-12fe34e elementor-widget elementor-widget-text-editor\" data-id=\"12fe34e\" data-element_type=\"widget\" data-e-type=\"widget\" data-widget_type=\"text-editor.default\">\n\t\t\t\t<div class=\"elementor-widget-container\">\n\t\t\t\t\t\t\t\t\t<table style=\"border-collapse: collapse; width: 517.83pt;\" border=\"0\" width=\"863\" cellspacing=\"0\" cellpadding=\"0\"><tbody><tr style=\"height: 13.80pt;\"><td class=\"et4\" style=\"height: 13.8pt; width: 79.2pt; text-align: center;\" width=\"132\" height=\"23\"><strong>Size<\/strong><\/td><td class=\"et5\" style=\"width: 169.2pt; border-right: 0.5pt solid #000000; text-align: center;\" colspan=\"2\" width=\"282\"><strong>Bust<\/strong><\/td><td class=\"et5\" style=\"width: 168.6pt; border-right: 0.5pt solid #000000; text-align: center;\" colspan=\"2\" width=\"281\"><strong>Under Bust<\/strong><\/td><td class=\"et5\" style=\"width: 100.8pt; border-right: 0.5pt solid #000000; text-align: center;\" colspan=\"2\" width=\"168\"><strong>Longitud<\/strong><\/td><\/tr><tr style=\"height: 13.80pt;\"><td class=\"et7\" style=\"height: 13.80pt;\" height=\"23\"> <\/td><td class=\"et8\">cm<\/td><td class=\"et8\">pulgada<\/td><td class=\"et8\">cm<\/td><td class=\"et8\">pulgada<\/td><td class=\"et8\">cm<\/td><td class=\"et8\">pulgada<\/td><\/tr><tr style=\"height: 13.80pt;\"><td class=\"et8\" style=\"height: 13.80pt;\" height=\"23\">S\/4<\/td><td class=\"et8\">64 &#8211; 85<\/td><td class=\"et8\">25.2 &#8211; 33.5<\/td><td class=\"et8\">60 &#8211; 77<\/td><td class=\"et8\">23.6 &#8211; 30.3<\/td><td class=\"et8\">91<\/td><td class=\"et8\">36<\/td><\/tr><tr style=\"height: 13.80pt;\"><td class=\"et8\" style=\"height: 13.80pt;\" height=\"23\">M\/6<\/td><td class=\"et8\">68 &#8211; 92<\/td><td class=\"et8\">26.7 &#8211; 36.2<\/td><td class=\"et8\">64 &#8211; 82<\/td><td class=\"et8\">25.2 &#8211; 32.2<\/td><td class=\"et8\">93<\/td><td class=\"et8\">37<\/td><\/tr><tr style=\"height: 13.80pt;\"><td class=\"et8\" style=\"height: 13.80pt;\" height=\"23\">L\/8<\/td><td class=\"et8\">72 &#8211; 100<\/td><td class=\"et8\">28.3 &#8211; 39.3<\/td><td class=\"et8\">68 &#8211; 87<\/td><td class=\"et8\">26.7 &#8211; 34.2<\/td><td class=\"et8\">96<\/td><td class=\"et8\">38<\/td><\/tr><tr style=\"height: 13.80pt;\"><td class=\"et8\" style=\"height: 13.80pt;\" height=\"23\">XL\/10<\/td><td class=\"et8\">76 &#8211; 106<\/td><td class=\"et8\">29.9 &#8211; 41.7<\/td><td class=\"et8\">72 &#8211; 92<\/td><td class=\"et8\">28.3 &#8211; 36.2<\/td><td class=\"et8\">99<\/td><td class=\"et8\">39<\/td><\/tr><tr style=\"height: 13.80pt;\"><td class=\"et8\" style=\"height: 13.80pt;\" height=\"23\">2XL\/12<\/td><td class=\"et8\">80 &#8211; 113<\/td><td class=\"et8\">31.5 &#8211; 44.5<\/td><td class=\"et8\">76 &#8211; 100<\/td><td class=\"et8\">29.9 &#8211; 39.3<\/td><td class=\"et8\">101<\/td><td class=\"et8\">40<\/td><\/tr><tr style=\"height: 13.80pt;\"><td class=\"et8\" style=\"height: 13.80pt;\" height=\"23\">3XL\/14<\/td><td class=\"et8\">84 &#8211; 121<\/td><td class=\"et8\">33.1 &#8211; 47.6<\/td><td class=\"et8\">80 &#8211; 108<\/td><td class=\"et8\">31.5 &#8211; 42.5<\/td><td class=\"et8\">104<\/td><td class=\"et8\">41<\/td><\/tr><tr style=\"height: 13.80pt;\"><td class=\"et8\" style=\"height: 13.80pt;\" height=\"23\">4XL\/16<\/td><td class=\"et8\">88 &#8211; 129<\/td><td class=\"et8\">33.8 &#8211; 50.7<\/td><td class=\"et8\">84 &#8211; 115<\/td><td class=\"et8\">31.5 &#8211; 45.2<\/td><td class=\"et8\">106<\/td><td class=\"et8\">42<\/td><\/tr><tr style=\"height: 13.80pt;\"><td class=\"et8\" style=\"height: 13.80pt;\" height=\"23\">5XL\/18<\/td><td class=\"et8\">92 &#8211; 135<\/td><td class=\"et8\">36.2 &#8211; 53.1<\/td><td class=\"et8\">88 &#8211; 122<\/td><td class=\"et8\">36.6 &#8211; 48<\/td><td class=\"et8\">109<\/td><td class=\"et8\">43<\/td><\/tr><\/tbody><\/table>\t\t\t\t\t\t\t\t<\/div>\n\t\t\t\t<\/div>\n\t\t\t\t\t<\/div>\n\t\t\t\t<\/div>\n\t\t\t\t<\/div>\n\t\t<div id=\"e-n-tab-content-251682252\" role=\"tabpanel\" aria-labelledby=\"e-n-tab-title-251682252\" data-tab-index=\"2\" style=\"--n-tabs-title-order: 2;\" class=\" elementor-element elementor-element-10ce089 e-con-full e-flex e-con e-child\" data-id=\"10ce089\" data-element_type=\"container\" data-e-type=\"container\">\n\t\t<div class=\"elementor-element elementor-element-c5de9d8 e-flex e-con-boxed e-con e-child\" data-id=\"c5de9d8\" data-element_type=\"container\" data-e-type=\"container\">\n\t\t\t\t\t<div class=\"e-con-inner\">\n\t\t\t\t<div class=\"elementor-element elementor-element-0356b3a elementor-widget elementor-widget-text-editor\" data-id=\"0356b3a\" data-element_type=\"widget\" data-e-type=\"widget\" data-widget_type=\"text-editor.default\">\n\t\t\t\t<div class=\"elementor-widget-container\">\n\t\t\t\t\t\t\t\t\t<ul><li><p><strong>Dise\u00f1o innovador de cremallera:<\/strong> Nuestra cremallera especialmente dise\u00f1ada garantiza un uso y una extracci\u00f3n suaves y sin complicaciones, al tiempo que previene eficazmente los rayones para una mayor durabilidad.<\/p><\/li><li><p><strong>Correas de hombro de doble capa en forma de X:<\/strong> Dise\u00f1adas para brindar m\u00e1xima estabilidad y soporte, las correas de doble capa en forma de X ofrecen un ajuste c\u00f3modo y seguro con una absorci\u00f3n de impactos superior para mantenerte c\u00f3modo durante el uso activo.<\/p><\/li><li><p><strong>Ajuste c\u00f3modo el\u00e1stico:<\/strong> Cuidadosamente elaborado con elasticidad, nuestro dise\u00f1o proporciona un ajuste flexible y sin restricciones que se mueve contigo, lo que garantiza comodidad durante todo el d\u00eda sin sentirse apretado.<\/p><\/li><li><strong>Banda ancha y hebilla a prueba de explosiones: <\/strong>Banda m\u00e1s ancha para un mejor soporte durante ejercicios de intensidad moderada. Hebilla de seguridad que protege la cremallera contra explosiones, lo que facilita su uso. <\/li><\/ul>\t\t\t\t\t\t\t\t<\/div>\n\t\t\t\t<\/div>\n\t\t\t\t\t<\/div>\n\t\t\t\t<\/div>\n\t\t\t\t<\/div>\n\t\t<div id=\"e-n-tab-content-251682253\" role=\"tabpanel\" aria-labelledby=\"e-n-tab-title-251682253\" data-tab-index=\"3\" style=\"--n-tabs-title-order: 3;\" class=\" elementor-element elementor-element-cc816e1 e-con-full e-flex e-con e-child\" data-id=\"cc816e1\" data-element_type=\"container\" data-e-type=\"container\">\n\t\t<div class=\"elementor-element elementor-element-a815e0c e-flex e-con-boxed e-con e-child\" data-id=\"a815e0c\" data-element_type=\"container\" data-e-type=\"container\">\n\t\t\t\t\t<div class=\"e-con-inner\">\n\t\t\t\t<div class=\"elementor-element elementor-element-a21b178 elementor-widget elementor-widget-text-editor\" data-id=\"a21b178\" data-element_type=\"widget\" data-e-type=\"widget\" data-widget_type=\"text-editor.default\">\n\t\t\t\t<div class=\"elementor-widget-container\">\n\t\t\t\t\t\t\t\t\t<p><strong>Si en <a href=\"https:\/\/www.atuactivewear.com\/es\/existencias\/\">Existencias<\/a>,<\/strong>El plazo de entrega ser\u00e1 de 2 d\u00edas. <\/p><p><strong>Dise\u00f1o:<\/strong> Podemos crear un dise\u00f1o basado en sus ideas y especificaciones o desarrollar una muestra basada en su dise\u00f1o existente.<\/p><p><strong>Reproducci\u00f3n de muestra:<\/strong> Si ya tiene muestras, podemos replicarlas con precisi\u00f3n.<\/p><p><strong>MOQ<\/strong>: 100 unidades por color.<\/p><p><strong>Costo de la muestra<\/strong>: US$50 por unidad incluido env\u00edo.<\/p><p><strong>Plazo de entrega de muestra:<\/strong> 7-10 d\u00edas.<\/p><p><strong>Plazo de producci\u00f3n:<\/strong> 10-20 d\u00edas, seg\u00fan cantidad.<\/p>\t\t\t\t\t\t\t\t<\/div>\n\t\t\t\t<\/div>\n\t\t\t\t\t<\/div>\n\t\t\t\t<\/div>\n\t\t\t\t<\/div>\n\t\t\t\t\t<\/div>\n\t\t<\/div>\n\t\t\t\t\t\t<\/div>\n\t\t\t\t<\/div>\n\t\t\t\t\t<\/div>\n\t\t\t\t<\/div>\n\t\t\t\t<\/div>\n\t\t<p>Visitas: 0<\/p>","protected":false},"excerpt":{"rendered":"<h5>Todos los tama\u00f1os, colores y personalizaciones de tela est\u00e1n disponibles.<\/h5>\n<p>Nuestra <strong>cremallera frontal sujetador deportivo mujer<\/strong> Cuenta con una cremallera f\u00e1cil de usar, correas en forma de X para mayor estabilidad y un ajuste flexible, brindando comodidad y rendimiento durante todo el d\u00eda para cualquier actividad.<\/p>\n<table width=\"344\">\n<tbody>\n<tr>\n<td width=\"78\">Estilo<\/td>\n<td width=\"266\">Sujetador deportivo con cremallera<\/td>\n<\/tr>\n<tr>\n<td>Intensidad<\/td>\n<td>Alta intensidad<\/td>\n<\/tr>\n<tr>\n<td>Tama\u00f1o<\/td>\n<td>S; M; L; XL; 2XL; 3XL; 4XL; 5XL (personalizable)<\/td>\n<\/tr>\n<tr>\n<td>Color<\/td>\n<td width=\"266\">Rosa; Negro; Azul; Morado (Personalizable)<\/td>\n<\/tr>\n<tr>\n<td>Tela\n<\/td>\n<td width=\"266\">75 % nailon y 25 % elastano (personalizable)<\/td>\n<\/tr>\n<tr>\n<td>Peso neto<\/td>\n<td>0.3kg<\/td>\n<\/tr>\n<\/tbody>\n<\/table>\n<p>&nbsp;<\/p>\n","protected":false},"featured_media":12847,"comment_status":"open","ping_status":"closed","template":"","meta":{"_acf_changed":false,"site-sidebar-layout":"default","site-content-layout":"","ast-site-content-layout":"default","site-content-style":"default","site-sidebar-style":"default","ast-global-header-display":"","ast-banner-title-visibility":"","ast-main-header-display":"","ast-hfb-above-header-display":"","ast-hfb-below-header-display":"","ast-hfb-mobile-header-display":"","site-post-title":"","ast-breadcrumbs-content":"","ast-featured-img":"","footer-sml-layout":"","ast-disable-related-posts":"","theme-transparent-header-meta":"default","adv-header-id-meta":"","stick-header-meta":"","header-above-stick-meta":"","header-main-stick-meta":"","header-below-stick-meta":"","astra-migrate-meta-layouts":"set","ast-page-background-enabled":"default","ast-page-background-meta":{"desktop":{"background-color":"var(--ast-global-color-4)","background-image":"","background-repeat":"repeat","background-position":"center center","background-size":"auto","background-attachment":"scroll","background-type":"","background-media":"","overlay-type":"","overlay-color":"","overlay-opacity":"","overlay-gradient":""},"tablet":{"background-color":"","background-image":"","background-repeat":"repeat","background-position":"center center","background-size":"auto","background-attachment":"scroll","background-type":"","background-media":"","overlay-type":"","overlay-color":"","overlay-opacity":"","overlay-gradient":""},"mobile":{"background-color":"","background-image":"","background-repeat":"repeat","background-position":"center center","background-size":"auto","background-attachment":"scroll","background-type":"","background-media":"","overlay-type":"","overlay-color":"","overlay-opacity":"","overlay-gradient":""}},"ast-content-background-meta":{"desktop":{"background-color":"var(--ast-global-color-5)","background-image":"","background-repeat":"repeat","background-position":"center center","background-size":"auto","background-attachment":"scroll","background-type":"","background-media":"","overlay-type":"","overlay-color":"","overlay-opacity":"","overlay-gradient":""},"tablet":{"background-color":"var(--ast-global-color-5)","background-image":"","background-repeat":"repeat","background-position":"center center","background-size":"auto","background-attachment":"scroll","background-type":"","background-media":"","overlay-type":"","overlay-color":"","overlay-opacity":"","overlay-gradient":""},"mobile":{"background-color":"var(--ast-global-color-5)","background-image":"","background-repeat":"repeat","background-position":"center center","background-size":"auto","background-attachment":"scroll","background-type":"","background-media":"","overlay-type":"","overlay-color":"","overlay-opacity":"","overlay-gradient":""}}},"product_brand":[],"product_cat":[237,211,205,210],"product_tag":[],"class_list":{"0":"post-12846","1":"product","2":"type-product","3":"status-publish","4":"has-post-thumbnail","6":"product_cat-sujetador-corto-de-talla-grande","7":"product_cat-full-coverage-sports-bras-es","8":"product_cat-plus-size-es","9":"product_cat-sprots-bra-es","10":"desktop-align-left","11":"tablet-align-left","12":"mobile-align-left","14":"first","15":"instock","16":"taxable","17":"shipping-taxable","18":"product-type-simple"},"acf":[],"yoast_head":"<!-- This site is optimized with the Yoast SEO plugin v24.5 - https:\/\/yoast.com\/wordpress\/plugins\/seo\/ -->\n<title>Cremallera frontal de alto soporte sujetador deportivo mujer Con espalda cruzada<\/title>\n<meta name=\"description\" content=\"Nuestra cremallera frontal sujetador deportivo mujer Combina un dise\u00f1o de cremallera innovador para poner y quitar f\u00e1cilmente, correas de hombro de doble capa en forma de X para m\u00e1xima estabilidad y soporte, y un ajuste c\u00f3modo el\u00e1stico que se mueve contigo, lo que garantiza comodidad y rendimiento durante todo el d\u00eda durante cualquier actividad.\" \/>\n<meta name=\"robots\" content=\"index, follow, max-snippet:-1, max-image-preview:large, max-video-preview:-1\" \/>\n<link rel=\"canonical\" href=\"https:\/\/www.atuactivewear.com\/es\/producto\/cremallera-frontal-de-alto-soporte-sujetador-deportivo-mujer-con-espalda-cruzada\/\" \/>\n<meta property=\"og:locale\" content=\"es_ES\" \/>\n<meta property=\"og:type\" content=\"article\" \/>\n<meta property=\"og:title\" content=\"Cremallera frontal de alto soporte sujetador deportivo mujer Con espalda cruzada\" \/>\n<meta property=\"og:description\" content=\"Nuestra cremallera frontal sujetador deportivo mujer Combina un dise\u00f1o de cremallera innovador para poner y quitar f\u00e1cilmente, correas de hombro de doble capa en forma de X para m\u00e1xima estabilidad y soporte, y un ajuste c\u00f3modo el\u00e1stico que se mueve contigo, lo que garantiza comodidad y rendimiento durante todo el d\u00eda durante cualquier actividad.\" \/>\n<meta property=\"og:url\" content=\"https:\/\/www.atuactivewear.com\/es\/producto\/cremallera-frontal-de-alto-soporte-sujetador-deportivo-mujer-con-espalda-cruzada\/\" \/>\n<meta property=\"article:modified_time\" content=\"2025-10-30T07:59:47+00:00\" \/>\n<meta property=\"og:image\" content=\"https:\/\/www.atuactivewear.com\/wp-content\/uploads\/2025\/02\/zip-front-sports-bra.webp\" \/>\n\t<meta property=\"og:image:width\" content=\"327\" \/>\n\t<meta property=\"og:image:height\" content=\"362\" \/>\n\t<meta property=\"og:image:type\" content=\"image\/webp\" \/>\n<meta name=\"twitter:card\" content=\"summary_large_image\" \/>\n<meta name=\"twitter:label1\" content=\"Tiempo de lectura\" \/>\n\t<meta name=\"twitter:data1\" content=\"3 minutos\" \/>\n<script type=\"application\/ld+json\" class=\"yoast-schema-graph\">{\"@context\":\"https:\/\/schema.org\",\"@graph\":[{\"@type\":\"WebPage\",\"@id\":\"https:\/\/www.atuactivewear.com\/es\/producto\/cremallera-frontal-de-alto-soporte-sujetador-deportivo-mujer-con-espalda-cruzada\/\",\"url\":\"https:\/\/www.atuactivewear.com\/es\/producto\/cremallera-frontal-de-alto-soporte-sujetador-deportivo-mujer-con-espalda-cruzada\/\",\"name\":\"Cremallera frontal de alto soporte sujetador deportivo mujer Con espalda cruzada\",\"isPartOf\":{\"@id\":\"https:\/\/www.atuactivewear.com\/es\/#website\"},\"primaryImageOfPage\":{\"@id\":\"https:\/\/www.atuactivewear.com\/es\/producto\/cremallera-frontal-de-alto-soporte-sujetador-deportivo-mujer-con-espalda-cruzada\/#primaryimage\"},\"image\":{\"@id\":\"https:\/\/www.atuactivewear.com\/es\/producto\/cremallera-frontal-de-alto-soporte-sujetador-deportivo-mujer-con-espalda-cruzada\/#primaryimage\"},\"thumbnailUrl\":\"https:\/\/www.atuactivewear.com\/wp-content\/uploads\/2025\/02\/zip-front-sports-bra.webp\",\"datePublished\":\"2025-02-21T02:00:45+00:00\",\"dateModified\":\"2025-10-30T07:59:47+00:00\",\"description\":\"Nuestra cremallera frontal sujetador deportivo mujer Combina un dise\u00f1o de cremallera innovador para poner y quitar f\u00e1cilmente, correas de hombro de doble capa en forma de X para m\u00e1xima estabilidad y soporte, y un ajuste c\u00f3modo el\u00e1stico que se mueve contigo, lo que garantiza comodidad y rendimiento durante todo el d\u00eda durante cualquier actividad.\",\"breadcrumb\":{\"@id\":\"https:\/\/www.atuactivewear.com\/es\/producto\/cremallera-frontal-de-alto-soporte-sujetador-deportivo-mujer-con-espalda-cruzada\/#breadcrumb\"},\"inLanguage\":\"es\",\"potentialAction\":[{\"@type\":\"ReadAction\",\"target\":[\"https:\/\/www.atuactivewear.com\/es\/producto\/cremallera-frontal-de-alto-soporte-sujetador-deportivo-mujer-con-espalda-cruzada\/\"]}]},{\"@type\":\"ImageObject\",\"inLanguage\":\"es\",\"@id\":\"https:\/\/www.atuactivewear.com\/es\/producto\/cremallera-frontal-de-alto-soporte-sujetador-deportivo-mujer-con-espalda-cruzada\/#primaryimage\",\"url\":\"https:\/\/www.atuactivewear.com\/wp-content\/uploads\/2025\/02\/zip-front-sports-bra.webp\",\"contentUrl\":\"https:\/\/www.atuactivewear.com\/wp-content\/uploads\/2025\/02\/zip-front-sports-bra.webp\",\"width\":327,\"height\":362,\"caption\":\"cremallera frontal sujetador deportivo mujer\"},{\"@type\":\"BreadcrumbList\",\"@id\":\"https:\/\/www.atuactivewear.com\/es\/producto\/cremallera-frontal-de-alto-soporte-sujetador-deportivo-mujer-con-espalda-cruzada\/#breadcrumb\",\"itemListElement\":[{\"@type\":\"ListItem\",\"position\":1,\"name\":\"\u9996\u9875\",\"item\":\"https:\/\/www.atuactivewear.com\/es\/hogar\/\"},{\"@type\":\"ListItem\",\"position\":2,\"name\":\"Productos\",\"item\":\"https:\/\/www.atuactivewear.com\/es\/productos\/\"},{\"@type\":\"ListItem\",\"position\":3,\"name\":\"Cremallera frontal de alto soporte sujetador deportivo mujer Con espalda cruzada\"}]},{\"@type\":\"WebSite\",\"@id\":\"https:\/\/www.atuactivewear.com\/es\/#website\",\"url\":\"https:\/\/www.atuactivewear.com\/es\/\",\"name\":\"\",\"description\":\"\",\"potentialAction\":[{\"@type\":\"SearchAction\",\"target\":{\"@type\":\"EntryPoint\",\"urlTemplate\":\"https:\/\/www.atuactivewear.com\/es\/?s={search_term_string}\"},\"query-input\":{\"@type\":\"PropertyValueSpecification\",\"valueRequired\":true,\"valueName\":\"search_term_string\"}}],\"inLanguage\":\"es\"}]}<\/script>\n<!-- \/ Yoast SEO plugin. -->","yoast_head_json":{"title":"Cremallera frontal de alto soporte sujetador deportivo mujer Con espalda cruzada","description":"Nuestra cremallera frontal sujetador deportivo mujer Combina un dise\u00f1o de cremallera innovador para poner y quitar f\u00e1cilmente, correas de hombro de doble capa en forma de X para m\u00e1xima estabilidad y soporte, y un ajuste c\u00f3modo el\u00e1stico que se mueve contigo, lo que garantiza comodidad y rendimiento durante todo el d\u00eda durante cualquier actividad.","robots":{"index":"index","follow":"follow","max-snippet":"max-snippet:-1","max-image-preview":"max-image-preview:large","max-video-preview":"max-video-preview:-1"},"canonical":"https:\/\/www.atuactivewear.com\/es\/producto\/cremallera-frontal-de-alto-soporte-sujetador-deportivo-mujer-con-espalda-cruzada\/","og_locale":"es_ES","og_type":"article","og_title":"Cremallera frontal de alto soporte sujetador deportivo mujer Con espalda cruzada","og_description":"Nuestra cremallera frontal sujetador deportivo mujer Combina un dise\u00f1o de cremallera innovador para poner y quitar f\u00e1cilmente, correas de hombro de doble capa en forma de X para m\u00e1xima estabilidad y soporte, y un ajuste c\u00f3modo el\u00e1stico que se mueve contigo, lo que garantiza comodidad y rendimiento durante todo el d\u00eda durante cualquier actividad.","og_url":"https:\/\/www.atuactivewear.com\/es\/producto\/cremallera-frontal-de-alto-soporte-sujetador-deportivo-mujer-con-espalda-cruzada\/","article_modified_time":"2025-10-30T07:59:47+00:00","og_image":[{"width":327,"height":362,"url":"https:\/\/www.atuactivewear.com\/wp-content\/uploads\/2025\/02\/zip-front-sports-bra.webp","type":"image\/webp"}],"twitter_card":"summary_large_image","twitter_misc":{"Tiempo de lectura":"3 minutos"},"schema":{"@context":"https:\/\/schema.org","@graph":[{"@type":"WebPage","@id":"https:\/\/www.atuactivewear.com\/es\/producto\/cremallera-frontal-de-alto-soporte-sujetador-deportivo-mujer-con-espalda-cruzada\/","url":"https:\/\/www.atuactivewear.com\/es\/producto\/cremallera-frontal-de-alto-soporte-sujetador-deportivo-mujer-con-espalda-cruzada\/","name":"Cremallera frontal de alto soporte sujetador deportivo mujer Con espalda cruzada","isPartOf":{"@id":"https:\/\/www.atuactivewear.com\/es\/#website"},"primaryImageOfPage":{"@id":"https:\/\/www.atuactivewear.com\/es\/producto\/cremallera-frontal-de-alto-soporte-sujetador-deportivo-mujer-con-espalda-cruzada\/#primaryimage"},"image":{"@id":"https:\/\/www.atuactivewear.com\/es\/producto\/cremallera-frontal-de-alto-soporte-sujetador-deportivo-mujer-con-espalda-cruzada\/#primaryimage"},"thumbnailUrl":"https:\/\/www.atuactivewear.com\/wp-content\/uploads\/2025\/02\/zip-front-sports-bra.webp","datePublished":"2025-02-21T02:00:45+00:00","dateModified":"2025-10-30T07:59:47+00:00","description":"Nuestra cremallera frontal sujetador deportivo mujer Combina un dise\u00f1o de cremallera innovador para poner y quitar f\u00e1cilmente, correas de hombro de doble capa en forma de X para m\u00e1xima estabilidad y soporte, y un ajuste c\u00f3modo el\u00e1stico que se mueve contigo, lo que garantiza comodidad y rendimiento durante todo el d\u00eda durante cualquier actividad.","breadcrumb":{"@id":"https:\/\/www.atuactivewear.com\/es\/producto\/cremallera-frontal-de-alto-soporte-sujetador-deportivo-mujer-con-espalda-cruzada\/#breadcrumb"},"inLanguage":"es","potentialAction":[{"@type":"ReadAction","target":["https:\/\/www.atuactivewear.com\/es\/producto\/cremallera-frontal-de-alto-soporte-sujetador-deportivo-mujer-con-espalda-cruzada\/"]}]},{"@type":"ImageObject","inLanguage":"es","@id":"https:\/\/www.atuactivewear.com\/es\/producto\/cremallera-frontal-de-alto-soporte-sujetador-deportivo-mujer-con-espalda-cruzada\/#primaryimage","url":"https:\/\/www.atuactivewear.com\/wp-content\/uploads\/2025\/02\/zip-front-sports-bra.webp","contentUrl":"https:\/\/www.atuactivewear.com\/wp-content\/uploads\/2025\/02\/zip-front-sports-bra.webp","width":327,"height":362,"caption":"cremallera frontal sujetador deportivo mujer"},{"@type":"BreadcrumbList","@id":"https:\/\/www.atuactivewear.com\/es\/producto\/cremallera-frontal-de-alto-soporte-sujetador-deportivo-mujer-con-espalda-cruzada\/#breadcrumb","itemListElement":[{"@type":"ListItem","position":1,"name":"\u9996\u9875","item":"https:\/\/www.atuactivewear.com\/es\/hogar\/"},{"@type":"ListItem","position":2,"name":"Productos","item":"https:\/\/www.atuactivewear.com\/es\/productos\/"},{"@type":"ListItem","position":3,"name":"Cremallera frontal de alto soporte sujetador deportivo mujer Con espalda cruzada"}]},{"@type":"WebSite","@id":"https:\/\/www.atuactivewear.com\/es\/#website","url":"https:\/\/www.atuactivewear.com\/es\/","name":"","description":"","potentialAction":[{"@type":"SearchAction","target":{"@type":"EntryPoint","urlTemplate":"https:\/\/www.atuactivewear.com\/es\/?s={search_term_string}"},"query-input":{"@type":"PropertyValueSpecification","valueRequired":true,"valueName":"search_term_string"}}],"inLanguage":"es"}]}},"_links":{"self":[{"href":"https:\/\/www.atuactivewear.com\/es\/wp-json\/wp\/v2\/product\/12846","targetHints":{"allow":["GET"]}}],"collection":[{"href":"https:\/\/www.atuactivewear.com\/es\/wp-json\/wp\/v2\/product"}],"about":[{"href":"https:\/\/www.atuactivewear.com\/es\/wp-json\/wp\/v2\/types\/product"}],"replies":[{"embeddable":true,"href":"https:\/\/www.atuactivewear.com\/es\/wp-json\/wp\/v2\/comments?post=12846"}],"version-history":[{"count":0,"href":"https:\/\/www.atuactivewear.com\/es\/wp-json\/wp\/v2\/product\/12846\/revisions"}],"wp:featuredmedia":[{"embeddable":true,"href":"https:\/\/www.atuactivewear.com\/es\/wp-json\/wp\/v2\/media\/12847"}],"wp:attachment":[{"href":"https:\/\/www.atuactivewear.com\/es\/wp-json\/wp\/v2\/media?parent=12846"}],"wp:term":[{"taxonomy":"product_brand","embeddable":true,"href":"https:\/\/www.atuactivewear.com\/es\/wp-json\/wp\/v2\/product_brand?post=12846"},{"taxonomy":"product_cat","embeddable":true,"href":"https:\/\/www.atuactivewear.com\/es\/wp-json\/wp\/v2\/product_cat?post=12846"},{"taxonomy":"product_tag","embeddable":true,"href":"https:\/\/www.atuactivewear.com\/es\/wp-json\/wp\/v2\/product_tag?post=12846"}],"curies":[{"name":"wp","href":"https:\/\/api.w.org\/{rel}","templated":true}]}}