{"id":12510,"date":"2025-02-21T10:59:18","date_gmt":"2025-02-21T02:59:18","guid":{"rendered":"https:\/\/www.atuactivewear.com\/product\/cremallera-frontal-sujetador-deportivo-alto-impacto-a-prueba-de-golpes\/"},"modified":"2025-10-30T15:58:21","modified_gmt":"2025-10-30T07:58:21","slug":"cremallera-frontal-sujetador-deportivo-alto-impacto-a-prueba-de-golpes","status":"publish","type":"product","link":"https:\/\/www.atuactivewear.com\/es\/producto\/cremallera-frontal-sujetador-deportivo-alto-impacto-a-prueba-de-golpes\/","title":{"rendered":"Cremallera frontal sujetador deportivo alto impacto A prueba de golpes"},"content":{"rendered":"\t\t<div data-elementor-type=\"product-post\" data-elementor-id=\"12510\" class=\"elementor elementor-12510 elementor-5240\" data-elementor-post-type=\"product\">\n\t\t\t\t<div class=\"elementor-element elementor-element-185fb7a1 e-flex e-con-boxed e-con e-parent\" data-id=\"185fb7a1\" data-element_type=\"container\" data-e-type=\"container\">\n\t\t\t\t\t<div class=\"e-con-inner\">\n\t\t\t\t<div class=\"elementor-element elementor-element-1800961 e-n-tabs-mobile elementor-widget elementor-widget-n-tabs\" data-id=\"1800961\" data-element_type=\"widget\" data-e-type=\"widget\" data-settings=\"{&quot;tabs_justify_horizontal&quot;:&quot;start&quot;,&quot;horizontal_scroll&quot;:&quot;disable&quot;}\" data-widget_type=\"nested-tabs.default\">\n\t\t\t\t<div class=\"elementor-widget-container\">\n\t\t\t\t\t\t\t<div class=\"e-n-tabs\" data-widget-number=\"25168225\" aria-label=\"Pesta\u00f1as. Abre elementos con Intro o Espacio, ci\u00e9rralos con Escape y navega con las fechas.\">\n\t\t\t<div class=\"e-n-tabs-heading\" role=\"tablist\">\n\t\t\t\t\t<button id=\"e-n-tab-title-251682251\" data-tab-title-id=\"e-n-tab-title-251682251\" class=\"e-n-tab-title\" aria-selected=\"true\" data-tab-index=\"1\" role=\"tab\" tabindex=\"0\" aria-controls=\"e-n-tab-content-251682251\" style=\"--n-tabs-title-order: 1;\">\n\t\t\t\t\t\t<span class=\"e-n-tab-title-text\">\n\t\t\t\tInstrucciones de tama\u00f1o\t\t\t<\/span>\n\t\t<\/button>\n\t\t\t\t<button id=\"e-n-tab-title-251682252\" data-tab-title-id=\"e-n-tab-title-251682252\" class=\"e-n-tab-title\" aria-selected=\"false\" data-tab-index=\"2\" role=\"tab\" tabindex=\"-1\" aria-controls=\"e-n-tab-content-251682252\" style=\"--n-tabs-title-order: 2;\">\n\t\t\t\t\t\t<span class=\"e-n-tab-title-text\">\n\t\t\t\tCaracter\u00edsticas\t\t\t<\/span>\n\t\t<\/button>\n\t\t\t\t<button id=\"e-n-tab-title-251682253\" data-tab-title-id=\"e-n-tab-title-251682253\" class=\"e-n-tab-title\" aria-selected=\"false\" data-tab-index=\"3\" role=\"tab\" tabindex=\"-1\" aria-controls=\"e-n-tab-content-251682253\" style=\"--n-tabs-title-order: 3;\">\n\t\t\t\t\t\t<span class=\"e-n-tab-title-text\">\n\t\t\t\tInstrucciones de pedido\t\t\t<\/span>\n\t\t<\/button>\n\t\t\t\t\t<\/div>\n\t\t\t<div class=\"e-n-tabs-content\">\n\t\t\t\t<div id=\"e-n-tab-content-251682251\" role=\"tabpanel\" aria-labelledby=\"e-n-tab-title-251682251\" data-tab-index=\"1\" style=\"--n-tabs-title-order: 1;\" class=\"e-active elementor-element elementor-element-2d622f6 e-con-full e-flex e-con e-child\" data-id=\"2d622f6\" data-element_type=\"container\" data-e-type=\"container\">\n\t\t<div class=\"elementor-element elementor-element-4c0086f e-flex e-con-boxed e-con e-child\" data-id=\"4c0086f\" data-element_type=\"container\" data-e-type=\"container\">\n\t\t\t\t\t<div class=\"e-con-inner\">\n\t\t\t\t<div class=\"elementor-element elementor-element-12fe34e elementor-widget elementor-widget-text-editor\" data-id=\"12fe34e\" data-element_type=\"widget\" data-e-type=\"widget\" data-widget_type=\"text-editor.default\">\n\t\t\t\t<div class=\"elementor-widget-container\">\n\t\t\t\t\t\t\t\t\t<table width=\"714\"><tbody><tr><td style=\"text-align: center;\" colspan=\"2\" width=\"274\"><strong>Recomendar peso<\/strong><\/td><td style=\"text-align: center;\" colspan=\"2\" width=\"222\"><strong>L\u00ednea del busto<\/strong><\/td><td style=\"text-align: center;\" colspan=\"2\" width=\"218\"><strong>Bajo el busto<\/strong><\/td><\/tr><tr><td>kilogramo<\/td><td>libra<\/td><td>cm<\/td><td>pulgada<\/td><td>cm<\/td><td>pulgada<\/td><\/tr><tr><td>40 &#8211; 47.5<\/td><td>88.1 &#8211; 104.7<\/td><td>64<\/td><td>25.2<\/td><td>58<\/td><td>22.8<\/td><\/tr><tr><td>47.5 &#8211; 55<\/td><td>104.7 &#8211; 121.2<\/td><td>68<\/td><td>26.8<\/td><td>62<\/td><td>24.4<\/td><\/tr><tr><td>55 &#8211; 62.5<\/td><td>  121.2 &#8211; 137.7<\/td><td>72<\/td><td>28.3<\/td><td>66<\/td><td>26<\/td><\/tr><tr><td>62.5 &#8211; 70<\/td><td>137.7 &#8211; 154.3<\/td><td>76<\/td><td>29.9<\/td><td>70<\/td><td>27.6<\/td><\/tr><tr><td>70 &#8211; 77.5<\/td><td>154.3 &#8211; 170.8<\/td><td>80<\/td><td>31.5<\/td><td>74<\/td><td>29.1<\/td><\/tr><tr><td>77.5 &#8211; 85<\/td><td>170.8 &#8211; 187.3<\/td><td>84<\/td><td>33.1<\/td><td>78<\/td><td>30.7<\/td><\/tr><tr><td>85 &#8211; 92.5<\/td><td>187.3 &#8211; 203.9<\/td><td>88<\/td><td>34.6<\/td><td>82<\/td><td>32.3<\/td><\/tr><tr><td>92.5 &#8211; 100<\/td><td>203.9 &#8211; 220.4<\/td><td>92<\/td><td>36.2<\/td><td>86<\/td><td>33.9<\/td><\/tr><\/tbody><\/table>\t\t\t\t\t\t\t\t<\/div>\n\t\t\t\t<\/div>\n\t\t\t\t\t<\/div>\n\t\t\t\t<\/div>\n\t\t\t\t<\/div>\n\t\t<div id=\"e-n-tab-content-251682252\" role=\"tabpanel\" aria-labelledby=\"e-n-tab-title-251682252\" data-tab-index=\"2\" style=\"--n-tabs-title-order: 2;\" class=\" elementor-element elementor-element-10ce089 e-con-full e-flex e-con e-child\" data-id=\"10ce089\" data-element_type=\"container\" data-e-type=\"container\">\n\t\t<div class=\"elementor-element elementor-element-c5de9d8 e-flex e-con-boxed e-con e-child\" data-id=\"c5de9d8\" data-element_type=\"container\" data-e-type=\"container\">\n\t\t\t\t\t<div class=\"e-con-inner\">\n\t\t\t\t<div class=\"elementor-element elementor-element-0356b3a elementor-widget elementor-widget-text-editor\" data-id=\"0356b3a\" data-element_type=\"widget\" data-e-type=\"widget\" data-widget_type=\"text-editor.default\">\n\t\t\t\t<div class=\"elementor-widget-container\">\n\t\t\t\t\t\t\t\t\t<ul><li><p data-start=\"78\" data-end=\"482\"><strong data-start=\"78\" data-end=\"104\">\u3010Sujetador deportivo con cremallera frontal\u3011<\/strong><br>Dise\u00f1ado para la comodidad, nuestro sujetador deportivo inal\u00e1mbrico con espalda cruzada cuenta con <strong data-start=\"178\" data-end=\"202\">apertura de cremallera frontal<\/strong>, Haciendo que sea f\u00e1cil de poner y quitar. La <strong data-start=\"247\" data-end=\"267\">cremallera antideslizante<\/strong> se mantiene seguro en su lugar, mientras que un <strong data-start=\"301\" data-end=\"321\">panel interior ancho<\/strong> Evita el contacto con la piel y las rozaduras para una m\u00e1xima comodidad.Con <strong data-start=\"383\" data-end=\"399\">apoyo total<\/strong>, Este sujetador deportivo de alto impacto garantiza seguridad y confianza durante cualquier entrenamiento.  <\/p><p data-start=\"484\" data-end=\"782\">\u2764\ufe0f <strong data-start=\"487\" data-end=\"525\">Ajuste ajustable para m\u00e1xima comodidad<\/strong><br>Las correas ajustables en la espalda te permiten personalizar el ajuste seg\u00fan tu talla de copa, garantizando una sensaci\u00f3n c\u00f3moda y flexible. Ya sea que est\u00e9s levantando pesas, estirando o corriendo, nuestro sujetador deportivo con espalda nadadora te brinda libertad de movimiento y comodidad durante todo el d\u00eda. <\/p><p data-start=\"784\" data-end=\"1053\">\u2764\ufe0f <strong data-start=\"787\" data-end=\"827\">Almohadillas extra\u00edbles para un soporte vers\u00e1til<\/strong><br>Dise\u00f1ado para la comodidad, este sujetador deportivo de cobertura total viene con <strong data-start=\"897\" data-end=\"918\">acolchado extra\u00edble<\/strong> para ofrecer soporte y modelado personalizables. Disfruta de una<strong data-start=\"970\" data-end=\"985\">sin rebotes<\/strong> Experimente con un sujetador que se mantiene en su lugar manteniendo su forma. <\/p><p data-start=\"1055\" data-end=\"1297\">\u2764\ufe0f <strong data-start=\"1058\" data-end=\"1088\">Tejido transpirable de primera calidad<\/strong><br>Fabricado con materiales de alta calidad. <strong data-start=\"1116\" data-end=\"1136\">que absorbe la humedad<\/strong> y <strong data-start=\"1141\" data-end=\"1156\">estirable<\/strong> material, Nuestro sujetador deportivo de alto impacto te mantiene fresca y seca. Su tejido suave y transpirable garantiza una comodidad duradera, ideal para usar todo el d\u00eda. <\/p><p data-start=\"1299\" data-end=\"1566\">\u2764\ufe0f <strong data-start=\"1302\" data-end=\"1332\">Perfecto para todas las actividades<\/strong><br>Ya sea que est\u00e9s en el gimnasio, haciendo yoga, trotando, montando en bicicleta o participando en entrenamientos de alto impacto como boxeo y tenis,esto <strong data-start=\"1457\" data-end=\"1481\">sujetador deportivo con cremallera frontal<\/strong> Te brinda el soporte que necesitas. \u00a1Mantente c\u00f3modo y seguro sin importar el deporte! <\/p><p data-start=\"1568\" data-end=\"1733\">\ud83d\udd39 <strong data-start=\"1571\" data-end=\"1607\">Satisfacci\u00f3n del cliente garantizada<\/strong><br>Respaldamos la calidad de nuestro sujetador deportivo con espalda cruzada de alto impacto y estamos comprometidos a garantizar la satisfacci\u00f3n del cliente al 100%.<\/p><\/li><\/ul>\t\t\t\t\t\t\t\t<\/div>\n\t\t\t\t<\/div>\n\t\t\t\t\t<\/div>\n\t\t\t\t<\/div>\n\t\t\t\t<\/div>\n\t\t<div id=\"e-n-tab-content-251682253\" role=\"tabpanel\" aria-labelledby=\"e-n-tab-title-251682253\" data-tab-index=\"3\" style=\"--n-tabs-title-order: 3;\" class=\" elementor-element elementor-element-cc816e1 e-con-full e-flex e-con e-child\" data-id=\"cc816e1\" data-element_type=\"container\" data-e-type=\"container\">\n\t\t<div class=\"elementor-element elementor-element-a815e0c e-flex e-con-boxed e-con e-child\" data-id=\"a815e0c\" data-element_type=\"container\" data-e-type=\"container\">\n\t\t\t\t\t<div class=\"e-con-inner\">\n\t\t\t\t<div class=\"elementor-element elementor-element-a21b178 elementor-widget elementor-widget-text-editor\" data-id=\"a21b178\" data-element_type=\"widget\" data-e-type=\"widget\" data-widget_type=\"text-editor.default\">\n\t\t\t\t<div class=\"elementor-widget-container\">\n\t\t\t\t\t\t\t\t\t<p><strong>Si en <a href=\"https:\/\/www.atuactivewear.com\/es\/existencias\/\">Existencias<\/a>,<\/strong>El plazo de entrega ser\u00e1 de 2 d\u00edas. <\/p><p><strong>Dise\u00f1o:<\/strong> Podemos crear un dise\u00f1o basado en sus ideas y especificaciones o desarrollar una muestra basada en su dise\u00f1o existente.<\/p><p><strong>Reproducci\u00f3n de muestra:<\/strong> Si ya tiene muestras, podemos replicarlas con precisi\u00f3n.<\/p><p><strong>MOQ<\/strong>: 100 unidades por color.<\/p><p><strong>Costo de la muestra<\/strong>: US$50 por unidad incluido env\u00edo.<\/p><p><strong>Plazo de entrega de muestra:<\/strong> 7-10 d\u00edas.<\/p><p><strong>Plazo de producci\u00f3n:<\/strong> 10-20 d\u00edas, seg\u00fan cantidad.<\/p>\t\t\t\t\t\t\t\t<\/div>\n\t\t\t\t<\/div>\n\t\t\t\t\t<\/div>\n\t\t\t\t<\/div>\n\t\t\t\t<\/div>\n\t\t\t\t\t<\/div>\n\t\t<\/div>\n\t\t\t\t\t\t<\/div>\n\t\t\t\t<\/div>\n\t\t\t\t\t<\/div>\n\t\t\t\t<\/div>\n\t\t\t\t<\/div>\n\t\t<p>Visitas: 0<\/p>","protected":false},"excerpt":{"rendered":"<h5>Todos los tama\u00f1os, colores y personalizaciones de tela est\u00e1n disponibles.<\/h5>\n<p>Nuestra <strong>sujetador deportivo con cremallera frontal<\/strong> Cuenta con cremalleras antideslizantes, correas ajustables, copas extra\u00edbles y tela transpirable, ideal para gimnasio, yoga, correr y m\u00e1s.<\/p>\n<table width=\"344\">\n<tbody>\n<tr>\n<td width=\"78\">Estilo<\/td>\n<td width=\"266\">Sujetador deportivo con cremallera<\/td>\n<\/tr>\n<tr>\n<td>Intensidad<\/td>\n<td>Alta intensidad<\/td>\n<\/tr>\n<tr>\n<td>Tama\u00f1o<\/td>\n<td>S; M; L; XL; 2XL; 3XL; 4XL; 5XL (personalizable)<\/td>\n<\/tr>\n<tr>\n<td>Color<\/td>\n<td width=\"266\">Negro; Azul, Rojo ladrillo (personalizable)<\/td>\n<\/tr>\n<tr>\n<td>Tela<\/td>\n<td width=\"266\">78 % nailon y 22 % elastano (personalizable)<\/td>\n<\/tr>\n<tr>\n<td>Peso neto<\/td>\n<td>0.22kg<\/td>\n<\/tr>\n<\/tbody>\n<\/table>\n<p>&nbsp;<\/p>\n","protected":false},"featured_media":12511,"comment_status":"open","ping_status":"closed","template":"","meta":{"_acf_changed":false,"site-sidebar-layout":"default","site-content-layout":"","ast-site-content-layout":"default","site-content-style":"default","site-sidebar-style":"default","ast-global-header-display":"","ast-banner-title-visibility":"","ast-main-header-display":"","ast-hfb-above-header-display":"","ast-hfb-below-header-display":"","ast-hfb-mobile-header-display":"","site-post-title":"","ast-breadcrumbs-content":"","ast-featured-img":"","footer-sml-layout":"","ast-disable-related-posts":"","theme-transparent-header-meta":"default","adv-header-id-meta":"","stick-header-meta":"","header-above-stick-meta":"","header-main-stick-meta":"","header-below-stick-meta":"","astra-migrate-meta-layouts":"set","ast-page-background-enabled":"default","ast-page-background-meta":{"desktop":{"background-color":"var(--ast-global-color-4)","background-image":"","background-repeat":"repeat","background-position":"center center","background-size":"auto","background-attachment":"scroll","background-type":"","background-media":"","overlay-type":"","overlay-color":"","overlay-opacity":"","overlay-gradient":""},"tablet":{"background-color":"","background-image":"","background-repeat":"repeat","background-position":"center center","background-size":"auto","background-attachment":"scroll","background-type":"","background-media":"","overlay-type":"","overlay-color":"","overlay-opacity":"","overlay-gradient":""},"mobile":{"background-color":"","background-image":"","background-repeat":"repeat","background-position":"center center","background-size":"auto","background-attachment":"scroll","background-type":"","background-media":"","overlay-type":"","overlay-color":"","overlay-opacity":"","overlay-gradient":""}},"ast-content-background-meta":{"desktop":{"background-color":"var(--ast-global-color-5)","background-image":"","background-repeat":"repeat","background-position":"center center","background-size":"auto","background-attachment":"scroll","background-type":"","background-media":"","overlay-type":"","overlay-color":"","overlay-opacity":"","overlay-gradient":""},"tablet":{"background-color":"var(--ast-global-color-5)","background-image":"","background-repeat":"repeat","background-position":"center center","background-size":"auto","background-attachment":"scroll","background-type":"","background-media":"","overlay-type":"","overlay-color":"","overlay-opacity":"","overlay-gradient":""},"mobile":{"background-color":"var(--ast-global-color-5)","background-image":"","background-repeat":"repeat","background-position":"center center","background-size":"auto","background-attachment":"scroll","background-type":"","background-media":"","overlay-type":"","overlay-color":"","overlay-opacity":"","overlay-gradient":""}}},"product_brand":[],"product_cat":[237,211,205,210],"product_tag":[],"class_list":{"0":"post-12510","1":"product","2":"type-product","3":"status-publish","4":"has-post-thumbnail","6":"product_cat-sujetador-corto-de-talla-grande","7":"product_cat-full-coverage-sports-bras-es","8":"product_cat-plus-size-es","9":"product_cat-sprots-bra-es","10":"desktop-align-left","11":"tablet-align-left","12":"mobile-align-left","14":"first","15":"instock","16":"taxable","17":"shipping-taxable","18":"product-type-simple"},"acf":[],"yoast_head":"<!-- This site is optimized with the Yoast SEO plugin v24.5 - https:\/\/yoast.com\/wordpress\/plugins\/seo\/ -->\n<title>Cremallera frontal sujetador deportivo alto impacto A prueba de golpes<\/title>\n<meta name=\"description\" content=\"Nuestra sujetador deportivo alto impacto Ofrece un uso f\u00e1cil con cremalleras antideslizantes, correas ajustables, copas extra\u00edbles, tela transpirable y soporte completo, perfecto para gimnasio, yoga, correr y m\u00e1s.\" \/>\n<meta name=\"robots\" content=\"index, follow, max-snippet:-1, max-image-preview:large, max-video-preview:-1\" \/>\n<link rel=\"canonical\" href=\"https:\/\/www.atuactivewear.com\/es\/producto\/cremallera-frontal-sujetador-deportivo-alto-impacto-a-prueba-de-golpes\/\" \/>\n<meta property=\"og:locale\" content=\"es_ES\" \/>\n<meta property=\"og:type\" content=\"article\" \/>\n<meta property=\"og:title\" content=\"Cremallera frontal sujetador deportivo alto impacto A prueba de golpes\" \/>\n<meta property=\"og:description\" content=\"Nuestra sujetador deportivo alto impacto Ofrece un uso f\u00e1cil con cremalleras antideslizantes, correas ajustables, copas extra\u00edbles, tela transpirable y soporte completo, perfecto para gimnasio, yoga, correr y m\u00e1s.\" \/>\n<meta property=\"og:url\" content=\"https:\/\/www.atuactivewear.com\/es\/producto\/cremallera-frontal-sujetador-deportivo-alto-impacto-a-prueba-de-golpes\/\" \/>\n<meta property=\"article:modified_time\" content=\"2025-10-30T07:58:21+00:00\" \/>\n<meta property=\"og:image\" content=\"https:\/\/www.atuactivewear.com\/wp-content\/uploads\/2025\/02\/zip-front-sports-bra-high-impact.webp\" \/>\n\t<meta property=\"og:image:width\" content=\"475\" \/>\n\t<meta property=\"og:image:height\" content=\"466\" \/>\n\t<meta property=\"og:image:type\" content=\"image\/webp\" \/>\n<meta name=\"twitter:card\" content=\"summary_large_image\" \/>\n<meta name=\"twitter:label1\" content=\"Tiempo de lectura\" \/>\n\t<meta name=\"twitter:data1\" content=\"4 minutos\" \/>\n<script type=\"application\/ld+json\" class=\"yoast-schema-graph\">{\"@context\":\"https:\/\/schema.org\",\"@graph\":[{\"@type\":\"WebPage\",\"@id\":\"https:\/\/www.atuactivewear.com\/es\/producto\/cremallera-frontal-sujetador-deportivo-alto-impacto-a-prueba-de-golpes\/\",\"url\":\"https:\/\/www.atuactivewear.com\/es\/producto\/cremallera-frontal-sujetador-deportivo-alto-impacto-a-prueba-de-golpes\/\",\"name\":\"Cremallera frontal sujetador deportivo alto impacto A prueba de golpes\",\"isPartOf\":{\"@id\":\"https:\/\/www.atuactivewear.com\/es\/#website\"},\"primaryImageOfPage\":{\"@id\":\"https:\/\/www.atuactivewear.com\/es\/producto\/cremallera-frontal-sujetador-deportivo-alto-impacto-a-prueba-de-golpes\/#primaryimage\"},\"image\":{\"@id\":\"https:\/\/www.atuactivewear.com\/es\/producto\/cremallera-frontal-sujetador-deportivo-alto-impacto-a-prueba-de-golpes\/#primaryimage\"},\"thumbnailUrl\":\"https:\/\/www.atuactivewear.com\/wp-content\/uploads\/2025\/02\/zip-front-sports-bra-high-impact.webp\",\"datePublished\":\"2025-02-21T02:59:18+00:00\",\"dateModified\":\"2025-10-30T07:58:21+00:00\",\"description\":\"Nuestra sujetador deportivo alto impacto Ofrece un uso f\u00e1cil con cremalleras antideslizantes, correas ajustables, copas extra\u00edbles, tela transpirable y soporte completo, perfecto para gimnasio, yoga, correr y m\u00e1s.\",\"breadcrumb\":{\"@id\":\"https:\/\/www.atuactivewear.com\/es\/producto\/cremallera-frontal-sujetador-deportivo-alto-impacto-a-prueba-de-golpes\/#breadcrumb\"},\"inLanguage\":\"es\",\"potentialAction\":[{\"@type\":\"ReadAction\",\"target\":[\"https:\/\/www.atuactivewear.com\/es\/producto\/cremallera-frontal-sujetador-deportivo-alto-impacto-a-prueba-de-golpes\/\"]}]},{\"@type\":\"ImageObject\",\"inLanguage\":\"es\",\"@id\":\"https:\/\/www.atuactivewear.com\/es\/producto\/cremallera-frontal-sujetador-deportivo-alto-impacto-a-prueba-de-golpes\/#primaryimage\",\"url\":\"https:\/\/www.atuactivewear.com\/wp-content\/uploads\/2025\/02\/zip-front-sports-bra-high-impact.webp\",\"contentUrl\":\"https:\/\/www.atuactivewear.com\/wp-content\/uploads\/2025\/02\/zip-front-sports-bra-high-impact.webp\",\"width\":475,\"height\":466,\"caption\":\"Sujetador deportivo de alto impacto con cremallera frontal\"},{\"@type\":\"BreadcrumbList\",\"@id\":\"https:\/\/www.atuactivewear.com\/es\/producto\/cremallera-frontal-sujetador-deportivo-alto-impacto-a-prueba-de-golpes\/#breadcrumb\",\"itemListElement\":[{\"@type\":\"ListItem\",\"position\":1,\"name\":\"\u9996\u9875\",\"item\":\"https:\/\/www.atuactivewear.com\/es\/hogar\/\"},{\"@type\":\"ListItem\",\"position\":2,\"name\":\"Productos\",\"item\":\"https:\/\/www.atuactivewear.com\/es\/productos\/\"},{\"@type\":\"ListItem\",\"position\":3,\"name\":\"Cremallera frontal sujetador deportivo alto impacto A prueba de golpes\"}]},{\"@type\":\"WebSite\",\"@id\":\"https:\/\/www.atuactivewear.com\/es\/#website\",\"url\":\"https:\/\/www.atuactivewear.com\/es\/\",\"name\":\"\",\"description\":\"\",\"potentialAction\":[{\"@type\":\"SearchAction\",\"target\":{\"@type\":\"EntryPoint\",\"urlTemplate\":\"https:\/\/www.atuactivewear.com\/es\/?s={search_term_string}\"},\"query-input\":{\"@type\":\"PropertyValueSpecification\",\"valueRequired\":true,\"valueName\":\"search_term_string\"}}],\"inLanguage\":\"es\"}]}<\/script>\n<!-- \/ Yoast SEO plugin. -->","yoast_head_json":{"title":"Cremallera frontal sujetador deportivo alto impacto A prueba de golpes","description":"Nuestra sujetador deportivo alto impacto Ofrece un uso f\u00e1cil con cremalleras antideslizantes, correas ajustables, copas extra\u00edbles, tela transpirable y soporte completo, perfecto para gimnasio, yoga, correr y m\u00e1s.","robots":{"index":"index","follow":"follow","max-snippet":"max-snippet:-1","max-image-preview":"max-image-preview:large","max-video-preview":"max-video-preview:-1"},"canonical":"https:\/\/www.atuactivewear.com\/es\/producto\/cremallera-frontal-sujetador-deportivo-alto-impacto-a-prueba-de-golpes\/","og_locale":"es_ES","og_type":"article","og_title":"Cremallera frontal sujetador deportivo alto impacto A prueba de golpes","og_description":"Nuestra sujetador deportivo alto impacto Ofrece un uso f\u00e1cil con cremalleras antideslizantes, correas ajustables, copas extra\u00edbles, tela transpirable y soporte completo, perfecto para gimnasio, yoga, correr y m\u00e1s.","og_url":"https:\/\/www.atuactivewear.com\/es\/producto\/cremallera-frontal-sujetador-deportivo-alto-impacto-a-prueba-de-golpes\/","article_modified_time":"2025-10-30T07:58:21+00:00","og_image":[{"width":475,"height":466,"url":"https:\/\/www.atuactivewear.com\/wp-content\/uploads\/2025\/02\/zip-front-sports-bra-high-impact.webp","type":"image\/webp"}],"twitter_card":"summary_large_image","twitter_misc":{"Tiempo de lectura":"4 minutos"},"schema":{"@context":"https:\/\/schema.org","@graph":[{"@type":"WebPage","@id":"https:\/\/www.atuactivewear.com\/es\/producto\/cremallera-frontal-sujetador-deportivo-alto-impacto-a-prueba-de-golpes\/","url":"https:\/\/www.atuactivewear.com\/es\/producto\/cremallera-frontal-sujetador-deportivo-alto-impacto-a-prueba-de-golpes\/","name":"Cremallera frontal sujetador deportivo alto impacto A prueba de golpes","isPartOf":{"@id":"https:\/\/www.atuactivewear.com\/es\/#website"},"primaryImageOfPage":{"@id":"https:\/\/www.atuactivewear.com\/es\/producto\/cremallera-frontal-sujetador-deportivo-alto-impacto-a-prueba-de-golpes\/#primaryimage"},"image":{"@id":"https:\/\/www.atuactivewear.com\/es\/producto\/cremallera-frontal-sujetador-deportivo-alto-impacto-a-prueba-de-golpes\/#primaryimage"},"thumbnailUrl":"https:\/\/www.atuactivewear.com\/wp-content\/uploads\/2025\/02\/zip-front-sports-bra-high-impact.webp","datePublished":"2025-02-21T02:59:18+00:00","dateModified":"2025-10-30T07:58:21+00:00","description":"Nuestra sujetador deportivo alto impacto Ofrece un uso f\u00e1cil con cremalleras antideslizantes, correas ajustables, copas extra\u00edbles, tela transpirable y soporte completo, perfecto para gimnasio, yoga, correr y m\u00e1s.","breadcrumb":{"@id":"https:\/\/www.atuactivewear.com\/es\/producto\/cremallera-frontal-sujetador-deportivo-alto-impacto-a-prueba-de-golpes\/#breadcrumb"},"inLanguage":"es","potentialAction":[{"@type":"ReadAction","target":["https:\/\/www.atuactivewear.com\/es\/producto\/cremallera-frontal-sujetador-deportivo-alto-impacto-a-prueba-de-golpes\/"]}]},{"@type":"ImageObject","inLanguage":"es","@id":"https:\/\/www.atuactivewear.com\/es\/producto\/cremallera-frontal-sujetador-deportivo-alto-impacto-a-prueba-de-golpes\/#primaryimage","url":"https:\/\/www.atuactivewear.com\/wp-content\/uploads\/2025\/02\/zip-front-sports-bra-high-impact.webp","contentUrl":"https:\/\/www.atuactivewear.com\/wp-content\/uploads\/2025\/02\/zip-front-sports-bra-high-impact.webp","width":475,"height":466,"caption":"Sujetador deportivo de alto impacto con cremallera frontal"},{"@type":"BreadcrumbList","@id":"https:\/\/www.atuactivewear.com\/es\/producto\/cremallera-frontal-sujetador-deportivo-alto-impacto-a-prueba-de-golpes\/#breadcrumb","itemListElement":[{"@type":"ListItem","position":1,"name":"\u9996\u9875","item":"https:\/\/www.atuactivewear.com\/es\/hogar\/"},{"@type":"ListItem","position":2,"name":"Productos","item":"https:\/\/www.atuactivewear.com\/es\/productos\/"},{"@type":"ListItem","position":3,"name":"Cremallera frontal sujetador deportivo alto impacto A prueba de golpes"}]},{"@type":"WebSite","@id":"https:\/\/www.atuactivewear.com\/es\/#website","url":"https:\/\/www.atuactivewear.com\/es\/","name":"","description":"","potentialAction":[{"@type":"SearchAction","target":{"@type":"EntryPoint","urlTemplate":"https:\/\/www.atuactivewear.com\/es\/?s={search_term_string}"},"query-input":{"@type":"PropertyValueSpecification","valueRequired":true,"valueName":"search_term_string"}}],"inLanguage":"es"}]}},"_links":{"self":[{"href":"https:\/\/www.atuactivewear.com\/es\/wp-json\/wp\/v2\/product\/12510","targetHints":{"allow":["GET"]}}],"collection":[{"href":"https:\/\/www.atuactivewear.com\/es\/wp-json\/wp\/v2\/product"}],"about":[{"href":"https:\/\/www.atuactivewear.com\/es\/wp-json\/wp\/v2\/types\/product"}],"replies":[{"embeddable":true,"href":"https:\/\/www.atuactivewear.com\/es\/wp-json\/wp\/v2\/comments?post=12510"}],"version-history":[{"count":0,"href":"https:\/\/www.atuactivewear.com\/es\/wp-json\/wp\/v2\/product\/12510\/revisions"}],"wp:featuredmedia":[{"embeddable":true,"href":"https:\/\/www.atuactivewear.com\/es\/wp-json\/wp\/v2\/media\/12511"}],"wp:attachment":[{"href":"https:\/\/www.atuactivewear.com\/es\/wp-json\/wp\/v2\/media?parent=12510"}],"wp:term":[{"taxonomy":"product_brand","embeddable":true,"href":"https:\/\/www.atuactivewear.com\/es\/wp-json\/wp\/v2\/product_brand?post=12510"},{"taxonomy":"product_cat","embeddable":true,"href":"https:\/\/www.atuactivewear.com\/es\/wp-json\/wp\/v2\/product_cat?post=12510"},{"taxonomy":"product_tag","embeddable":true,"href":"https:\/\/www.atuactivewear.com\/es\/wp-json\/wp\/v2\/product_tag?post=12510"}],"curies":[{"name":"wp","href":"https:\/\/api.w.org\/{rel}","templated":true}]}}