{"id":12501,"date":"2025-02-21T13:49:22","date_gmt":"2025-02-21T05:49:22","guid":{"rendered":"https:\/\/www.atuactivewear.com\/product\/alto-soporte-bra-deportivo-con-proteccion-contra-golpes\/"},"modified":"2025-10-30T15:56:49","modified_gmt":"2025-10-30T07:56:49","slug":"alto-soporte-bra-deportivo-con-proteccion-contra-golpes","status":"publish","type":"product","link":"https:\/\/www.atuactivewear.com\/es\/producto\/alto-soporte-bra-deportivo-con-proteccion-contra-golpes\/","title":{"rendered":"Alto soporte bra deportivo Con protecci\u00f3n contra golpes"},"content":{"rendered":"\t\t<div data-elementor-type=\"product-post\" data-elementor-id=\"12501\" class=\"elementor elementor-12501 elementor-5273\" data-elementor-post-type=\"product\">\n\t\t\t\t<div class=\"elementor-element elementor-element-185fb7a1 e-flex e-con-boxed e-con e-parent\" data-id=\"185fb7a1\" data-element_type=\"container\" data-e-type=\"container\">\n\t\t\t\t\t<div class=\"e-con-inner\">\n\t\t\t\t<div class=\"elementor-element elementor-element-1800961 e-n-tabs-mobile elementor-widget elementor-widget-n-tabs\" data-id=\"1800961\" data-element_type=\"widget\" data-e-type=\"widget\" data-settings=\"{&quot;tabs_justify_horizontal&quot;:&quot;start&quot;,&quot;horizontal_scroll&quot;:&quot;disable&quot;}\" data-widget_type=\"nested-tabs.default\">\n\t\t\t\t<div class=\"elementor-widget-container\">\n\t\t\t\t\t\t\t<div class=\"e-n-tabs\" data-widget-number=\"25168225\" aria-label=\"Pesta\u00f1as. Abre elementos con Intro o Espacio, ci\u00e9rralos con Escape y navega con las fechas.\">\n\t\t\t<div class=\"e-n-tabs-heading\" role=\"tablist\">\n\t\t\t\t\t<button id=\"e-n-tab-title-251682251\" data-tab-title-id=\"e-n-tab-title-251682251\" class=\"e-n-tab-title\" aria-selected=\"true\" data-tab-index=\"1\" role=\"tab\" tabindex=\"0\" aria-controls=\"e-n-tab-content-251682251\" style=\"--n-tabs-title-order: 1;\">\n\t\t\t\t\t\t<span class=\"e-n-tab-title-text\">\n\t\t\t\tInstrucciones de tama\u00f1o\t\t\t<\/span>\n\t\t<\/button>\n\t\t\t\t<button id=\"e-n-tab-title-251682252\" data-tab-title-id=\"e-n-tab-title-251682252\" class=\"e-n-tab-title\" aria-selected=\"false\" data-tab-index=\"2\" role=\"tab\" tabindex=\"-1\" aria-controls=\"e-n-tab-content-251682252\" style=\"--n-tabs-title-order: 2;\">\n\t\t\t\t\t\t<span class=\"e-n-tab-title-text\">\n\t\t\t\tCaracter\u00edsticas\t\t\t<\/span>\n\t\t<\/button>\n\t\t\t\t<button id=\"e-n-tab-title-251682253\" data-tab-title-id=\"e-n-tab-title-251682253\" class=\"e-n-tab-title\" aria-selected=\"false\" data-tab-index=\"3\" role=\"tab\" tabindex=\"-1\" aria-controls=\"e-n-tab-content-251682253\" style=\"--n-tabs-title-order: 3;\">\n\t\t\t\t\t\t<span class=\"e-n-tab-title-text\">\n\t\t\t\tInstrucciones de pedido\t\t\t<\/span>\n\t\t<\/button>\n\t\t\t\t\t<\/div>\n\t\t\t<div class=\"e-n-tabs-content\">\n\t\t\t\t<div id=\"e-n-tab-content-251682251\" role=\"tabpanel\" aria-labelledby=\"e-n-tab-title-251682251\" data-tab-index=\"1\" style=\"--n-tabs-title-order: 1;\" class=\"e-active elementor-element elementor-element-2d622f6 e-con-full e-flex e-con e-child\" data-id=\"2d622f6\" data-element_type=\"container\" data-e-type=\"container\">\n\t\t<div class=\"elementor-element elementor-element-4c0086f e-flex e-con-boxed e-con e-child\" data-id=\"4c0086f\" data-element_type=\"container\" data-e-type=\"container\">\n\t\t\t\t\t<div class=\"e-con-inner\">\n\t\t\t\t<div class=\"elementor-element elementor-element-12fe34e elementor-widget elementor-widget-text-editor\" data-id=\"12fe34e\" data-element_type=\"widget\" data-e-type=\"widget\" data-widget_type=\"text-editor.default\">\n\t\t\t\t<div class=\"elementor-widget-container\">\n\t\t\t\t\t\t\t\t\t<table style=\"border-collapse: collapse; width: 655.22pt;\" border=\"0\" width=\"1092\" cellspacing=\"0\" cellpadding=\"0\"><tbody><tr style=\"height: 14.40pt;\"><td class=\"et2\" style=\"height: 14.4pt; width: 55.8pt; text-align: center;\" width=\"93\" height=\"24\"><strong>Tama\u00f1o<\/strong><\/td><td class=\"et3\" style=\"width: 191.4pt; border-right: 0.5pt solid #000000; text-align: center;\" colspan=\"2\" width=\"319\"><strong>Recomendar peso<\/strong><\/td><td class=\"et3\" style=\"width: 133.2pt; border-right: 0.5pt solid #000000; text-align: center;\" colspan=\"2\" width=\"222\"><strong>L\u00ednea del busto<\/strong><\/td><td class=\"et3\" style=\"width: 130.8pt; border-right: 0.5pt solid #000000; text-align: center;\" colspan=\"2\" width=\"218\"><strong>Bajo el busto<\/strong><\/td><td class=\"et3\" style=\"width: 144pt; border-right: 0.5pt solid #000000; text-align: center;\" colspan=\"2\" width=\"240\"><strong>Length<\/strong><\/td><\/tr><tr style=\"height: 14.40pt;\"><td class=\"et6\" style=\"height: 14.40pt;\" height=\"24\"> <\/td><td class=\"et7\">kilogramo<\/td><td class=\"et7\">libra<\/td><td class=\"et7\">cm<\/td><td class=\"et7\">pulgada<\/td><td class=\"et7\">cm<\/td><td class=\"et7\">pulgada<\/td><td class=\"et7\">cm<\/td><td class=\"et7\">pulgada<\/td><\/tr><tr style=\"height: 14.40pt;\"><td class=\"et6\" style=\"height: 14.40pt;\" height=\"24\">S<\/td><td class=\"et7\">\u226450<\/td><td class=\"et7\">110.2<\/td><td class=\"et7\">83<\/td><td class=\"et7\">33<\/td><td class=\"et7\">76<\/td><td class=\"et7\">30<\/td><td class=\"et7\">76<\/td><td class=\"et7\">30<\/td><\/tr><tr style=\"height: 14.40pt;\"><td class=\"et6\" style=\"height: 14.40pt;\" height=\"24\">M<\/td><td class=\"et7\">50 &#8211; 60<\/td><td class=\"et7\">110.2 &#8211; 132.2<\/td><td class=\"et7\">88<\/td><td class=\"et7\">35<\/td><td class=\"et7\">81<\/td><td class=\"et7\">32<\/td><td class=\"et7\">78<\/td><td class=\"et7\">31<\/td><\/tr><tr style=\"height: 14.40pt;\"><td class=\"et6\" style=\"height: 14.40pt;\" height=\"24\">L<\/td><td class=\"et7\">60 &#8211; 67.5<\/td><td class=\"et7\">132.2 &#8211; 148.8<\/td><td class=\"et7\">93<\/td><td class=\"et7\">37<\/td><td class=\"et7\">86<\/td><td class=\"et7\">34<\/td><td class=\"et7\">81<\/td><td class=\"et7\">32<\/td><\/tr><tr style=\"height: 14.40pt;\"><td class=\"et6\" style=\"height: 14.40pt;\" height=\"24\">XL<\/td><td class=\"et7\">65 &#8211; 80<\/td><td class=\"et7\">143.3 &#8211; 176.3<\/td><td class=\"et7\">99<\/td><td class=\"et7\">39<\/td><td class=\"et7\">91<\/td><td class=\"et7\">36<\/td><td class=\"et7\">83<\/td><td class=\"et7\">33<\/td><\/tr><tr style=\"height: 14.40pt;\"><td class=\"et6\" style=\"height: 14.40pt;\" height=\"24\">2XL<\/td><td class=\"et7\">77.5 &#8211; 92.5<\/td><td class=\"et7\">170.8 &#8211; 203.9<\/td><td class=\"et7\">104<\/td><td class=\"et7\">41<\/td><td class=\"et7\">96<\/td><td class=\"et7\">38<\/td><td class=\"et7\">86<\/td><td class=\"et7\">34<\/td><\/tr><tr style=\"height: 14.40pt;\"><td class=\"et6\" style=\"height: 14.40pt;\" height=\"24\">3XL<\/td><td class=\"et7\">90 &#8211; 102.5<\/td><td class=\"et7\">198.4 &#8211; 225.9<\/td><td class=\"et7\">109<\/td><td class=\"et7\">43<\/td><td class=\"et7\">101<\/td><td class=\"et7\">40<\/td><td class=\"et7\">88<\/td><td class=\"et7\">35<\/td><\/tr><tr style=\"height: 14.40pt;\"><td class=\"et6\" style=\"height: 14.40pt;\" height=\"24\">4XL<\/td><td class=\"et7\">100 &#8211; 110<\/td><td class=\"et7\">220.4 &#8211; 242.5<\/td><td class=\"et7\">114<\/td><td class=\"et7\">45<\/td><td class=\"et7\">106<\/td><td class=\"et7\">42<\/td><td class=\"et7\">91<\/td><td class=\"et7\">36<\/td><\/tr><tr style=\"height: 14.40pt;\"><td class=\"et6\" style=\"height: 14.40pt;\" height=\"24\">5XL<\/td><td class=\"et7\">107.5 &#8211; 120<\/td><td class=\"et7\">237 &#8211; 264.5<\/td><td class=\"et7\">119<\/td><td class=\"et7\">47<\/td><td class=\"et7\">111<\/td><td class=\"et7\">44<\/td><td class=\"et7\">93<\/td><td class=\"et7\">37<\/td><\/tr><\/tbody><\/table>\t\t\t\t\t\t\t\t<\/div>\n\t\t\t\t<\/div>\n\t\t\t\t\t<\/div>\n\t\t\t\t<\/div>\n\t\t\t\t<\/div>\n\t\t<div id=\"e-n-tab-content-251682252\" role=\"tabpanel\" aria-labelledby=\"e-n-tab-title-251682252\" data-tab-index=\"2\" style=\"--n-tabs-title-order: 2;\" class=\" elementor-element elementor-element-10ce089 e-con-full e-flex e-con e-child\" data-id=\"10ce089\" data-element_type=\"container\" data-e-type=\"container\">\n\t\t<div class=\"elementor-element elementor-element-c5de9d8 e-flex e-con-boxed e-con e-child\" data-id=\"c5de9d8\" data-element_type=\"container\" data-e-type=\"container\">\n\t\t\t\t\t<div class=\"e-con-inner\">\n\t\t\t\t<div class=\"elementor-element elementor-element-0356b3a elementor-widget elementor-widget-text-editor\" data-id=\"0356b3a\" data-element_type=\"widget\" data-e-type=\"widget\" data-widget_type=\"text-editor.default\">\n\t\t\t\t<div class=\"elementor-widget-container\">\n\t\t\t\t\t\t\t\t\t<p><strong>Premium Performance Sports Vest:<\/strong><br>Elaborado a partir de <strong>tela de calidad profesional<\/strong>,Este chaleco deportivo es <strong>Amigable con la piel, el\u00e1stica, de secado r\u00e1pido, que absorbe la humedad y transpirable<\/strong>, asegurando la m\u00e1xima comodidad y durabilidad durante cualquier actividad.<\/p><p><strong>Almohadillas extra\u00edbles para una comodidad personalizada:<\/strong><br>Presentando <strong>almohadillas extra\u00edbles<\/strong> Con f\u00e1cil acceso a trav\u00e9s de peque\u00f1os orificios en las copas, este chaleco le permite personalizar su ajuste y soporte sin esfuerzo.<\/p><p><strong>Alto apoyo a estilos de vida activos:<\/strong><br>Dise\u00f1ado con <strong>tecnolog\u00eda de compresi\u00f3n sin costuras<\/strong>, Proporciona soporte de intensidad media a alta. La banda de soporte ajustable<strong> con 3 juegos de sujetadores y correas personalizables<strong> garantiza un ajuste perfecto para todos los tama\u00f1os de copa.<\/strong><\/strong> <\/p><p><strong>Enhanced Breathability &amp; Style:<\/strong><br>El panel trasero de malla<strong> Ofrece una transpirabilidad superior, manteni\u00e9ndote fresco mientras acent\u00faa las curvas naturales de tu cuerpo.<\/strong><\/p><p><strong>Vers\u00e1til para todos los deportes:<\/strong><br>Ideal para <strong>Pilates, entrenamientos en el gimnasio, yoga, ciclismo, jogging, boxeo y m\u00e1s.<\/strong>, Este chaleco deportivo es tu opci\u00f3n ideal para actividades de impacto medio a alto. <strong>Consulta nuestra tabla de tallas<\/strong> \u00a1Para un ajuste perfecto y mejorar tu rendimiento hoy mismo!<\/p>\t\t\t\t\t\t\t\t<\/div>\n\t\t\t\t<\/div>\n\t\t\t\t\t<\/div>\n\t\t\t\t<\/div>\n\t\t\t\t<\/div>\n\t\t<div id=\"e-n-tab-content-251682253\" role=\"tabpanel\" aria-labelledby=\"e-n-tab-title-251682253\" data-tab-index=\"3\" style=\"--n-tabs-title-order: 3;\" class=\" elementor-element elementor-element-cc816e1 e-con-full e-flex e-con e-child\" data-id=\"cc816e1\" data-element_type=\"container\" data-e-type=\"container\">\n\t\t<div class=\"elementor-element elementor-element-a815e0c e-flex e-con-boxed e-con e-child\" data-id=\"a815e0c\" data-element_type=\"container\" data-e-type=\"container\">\n\t\t\t\t\t<div class=\"e-con-inner\">\n\t\t\t\t<div class=\"elementor-element elementor-element-a21b178 elementor-widget elementor-widget-text-editor\" data-id=\"a21b178\" data-element_type=\"widget\" data-e-type=\"widget\" data-widget_type=\"text-editor.default\">\n\t\t\t\t<div class=\"elementor-widget-container\">\n\t\t\t\t\t\t\t\t\t<p><strong>Si en <a href=\"https:\/\/www.atuactivewear.com\/es\/existencias\/\">Existencias<\/a>,<\/strong>El plazo de entrega ser\u00e1 de 2 d\u00edas. <\/p><p><strong>Dise\u00f1o:<\/strong> Podemos crear un dise\u00f1o basado en sus ideas y especificaciones o desarrollar una muestra basada en su dise\u00f1o existente.<\/p><p><strong>Reproducci\u00f3n de muestra:<\/strong> Si ya tiene muestras, podemos replicarlas con precisi\u00f3n.<\/p><p><strong>MOQ<\/strong>: 100 unidades por color.<\/p><p><strong>Costo de la muestra<\/strong>: US$50 por unidad incluido env\u00edo.<\/p><p><strong>Plazo de entrega de muestra:<\/strong> 7-10 d\u00edas.<\/p><p><strong>Plazo de producci\u00f3n:<\/strong> 10-20 d\u00edas, seg\u00fan cantidad.<\/p>\t\t\t\t\t\t\t\t<\/div>\n\t\t\t\t<\/div>\n\t\t\t\t\t<\/div>\n\t\t\t\t<\/div>\n\t\t\t\t<\/div>\n\t\t\t\t\t<\/div>\n\t\t<\/div>\n\t\t\t\t\t\t<\/div>\n\t\t\t\t<\/div>\n\t\t\t\t\t<\/div>\n\t\t\t\t<\/div>\n\t\t\t\t<\/div>\n\t\t<p>Visitas: 0<\/p>","protected":false},"excerpt":{"rendered":"<h5>Todos los tama\u00f1os, colores y personalizaciones de tela est\u00e1n disponibles.<\/h5>\n<p>Fabricado con tejido de alto rendimiento, este sujetador deportivo de soporte ofrece comodidad con almohadillas extra\u00edbles, banda ajustable y espalda de malla transpirable. Perfecto para pilates, yoga, running, ciclismo y mucho m\u00e1s. \u00a1Consulta la tabla de tallas para encontrar el ajuste perfecto!  <\/p>\n<table width=\"344\">\n<tbody>\n<tr>\n<td width=\"78\">Estilo<\/td>\n<p>bra deportivo<\/p>\n<td width=\"266\"><\/td>\n<\/tr>\n<tr>\n<td>Intensidad<\/td>\n<td>Alta intensidad<\/td>\n<\/tr>\n<tr>\n<td>Tama\u00f1o<\/td>\n<td>S; M; L; XL; 2XL; 3XL; 4XL; 5XL (personalizable)<\/td>\n<\/tr>\n<tr>\n<td>Color<\/td>\n<td width=\"266\">Negro; Azul; Violeta claro; Rojo ladrillo (personalizable)<\/td>\n<\/tr>\n<tr>\n<td>Tela<\/td>\n<td width=\"266\">87 % nailon y 13 % elastano (personalizable)<\/td>\n<\/tr>\n<tr>\n<td>Peso neto<\/td>\n<td>0.2kg<\/td>\n<\/tr>\n<\/tbody>\n<\/table>\n","protected":false},"featured_media":12502,"comment_status":"open","ping_status":"closed","template":"","meta":{"_acf_changed":false,"site-sidebar-layout":"default","site-content-layout":"","ast-site-content-layout":"default","site-content-style":"default","site-sidebar-style":"default","ast-global-header-display":"","ast-banner-title-visibility":"","ast-main-header-display":"","ast-hfb-above-header-display":"","ast-hfb-below-header-display":"","ast-hfb-mobile-header-display":"","site-post-title":"","ast-breadcrumbs-content":"","ast-featured-img":"","footer-sml-layout":"","ast-disable-related-posts":"","theme-transparent-header-meta":"default","adv-header-id-meta":"","stick-header-meta":"","header-above-stick-meta":"","header-main-stick-meta":"","header-below-stick-meta":"","astra-migrate-meta-layouts":"set","ast-page-background-enabled":"default","ast-page-background-meta":{"desktop":{"background-color":"var(--ast-global-color-4)","background-image":"","background-repeat":"repeat","background-position":"center center","background-size":"auto","background-attachment":"scroll","background-type":"","background-media":"","overlay-type":"","overlay-color":"","overlay-opacity":"","overlay-gradient":""},"tablet":{"background-color":"","background-image":"","background-repeat":"repeat","background-position":"center center","background-size":"auto","background-attachment":"scroll","background-type":"","background-media":"","overlay-type":"","overlay-color":"","overlay-opacity":"","overlay-gradient":""},"mobile":{"background-color":"","background-image":"","background-repeat":"repeat","background-position":"center center","background-size":"auto","background-attachment":"scroll","background-type":"","background-media":"","overlay-type":"","overlay-color":"","overlay-opacity":"","overlay-gradient":""}},"ast-content-background-meta":{"desktop":{"background-color":"var(--ast-global-color-5)","background-image":"","background-repeat":"repeat","background-position":"center center","background-size":"auto","background-attachment":"scroll","background-type":"","background-media":"","overlay-type":"","overlay-color":"","overlay-opacity":"","overlay-gradient":""},"tablet":{"background-color":"var(--ast-global-color-5)","background-image":"","background-repeat":"repeat","background-position":"center center","background-size":"auto","background-attachment":"scroll","background-type":"","background-media":"","overlay-type":"","overlay-color":"","overlay-opacity":"","overlay-gradient":""},"mobile":{"background-color":"var(--ast-global-color-5)","background-image":"","background-repeat":"repeat","background-position":"center center","background-size":"auto","background-attachment":"scroll","background-type":"","background-media":"","overlay-type":"","overlay-color":"","overlay-opacity":"","overlay-gradient":""}}},"product_brand":[],"product_cat":[237,213,205,210],"product_tag":[],"class_list":{"0":"post-12501","1":"product","2":"type-product","3":"status-publish","4":"has-post-thumbnail","6":"product_cat-sujetador-corto-de-talla-grande","7":"product_cat-medium-coverage-sports-bras-es","8":"product_cat-plus-size-es","9":"product_cat-sprots-bra-es","10":"desktop-align-left","11":"tablet-align-left","12":"mobile-align-left","14":"first","15":"instock","16":"taxable","17":"shipping-taxable","18":"product-type-simple"},"acf":[],"yoast_head":"<!-- This site is optimized with the Yoast SEO plugin v24.5 - https:\/\/yoast.com\/wordpress\/plugins\/seo\/ -->\n<title>Alto soporte bra deportivo Con protecci\u00f3n contra golpes<\/title>\n<meta name=\"description\" content=\"Fabricado con tejido deportivo profesional, Este alto apoyo bra deportivo ofrece comodidad y rendimiento. Cuenta con almohadillas extra\u00edbles, banda de soporte ajustable y espalda de malla transpirable. Ideal para pilates, yoga, running, ciclismo y mucho m\u00e1s. \u00a1Consulta nuestra tabla de tallas para encontrar el ajuste perfecto!\" \/>\n<meta name=\"robots\" content=\"index, follow, max-snippet:-1, max-image-preview:large, max-video-preview:-1\" \/>\n<link rel=\"canonical\" href=\"https:\/\/www.atuactivewear.com\/es\/producto\/alto-soporte-bra-deportivo-con-proteccion-contra-golpes\/\" \/>\n<meta property=\"og:locale\" content=\"es_ES\" \/>\n<meta property=\"og:type\" content=\"article\" \/>\n<meta property=\"og:title\" content=\"Alto soporte bra deportivo Con protecci\u00f3n contra golpes\" \/>\n<meta property=\"og:description\" content=\"Fabricado con tejido deportivo profesional, Este alto apoyo bra deportivo ofrece comodidad y rendimiento. Cuenta con almohadillas extra\u00edbles, banda de soporte ajustable y espalda de malla transpirable. Ideal para pilates, yoga, running, ciclismo y mucho m\u00e1s. \u00a1Consulta nuestra tabla de tallas para encontrar el ajuste perfecto!\" \/>\n<meta property=\"og:url\" content=\"https:\/\/www.atuactivewear.com\/es\/producto\/alto-soporte-bra-deportivo-con-proteccion-contra-golpes\/\" \/>\n<meta property=\"article:modified_time\" content=\"2025-10-30T07:56:49+00:00\" \/>\n<meta property=\"og:image\" content=\"https:\/\/www.atuactivewear.com\/wp-content\/uploads\/2025\/02\/high-support-sports-bra-3.webp\" \/>\n\t<meta property=\"og:image:width\" content=\"496\" \/>\n\t<meta property=\"og:image:height\" content=\"691\" \/>\n\t<meta property=\"og:image:type\" content=\"image\/webp\" \/>\n<meta name=\"twitter:card\" content=\"summary_large_image\" \/>\n<meta name=\"twitter:label1\" content=\"Tiempo de lectura\" \/>\n\t<meta name=\"twitter:data1\" content=\"3 minutos\" \/>\n<script type=\"application\/ld+json\" class=\"yoast-schema-graph\">{\"@context\":\"https:\/\/schema.org\",\"@graph\":[{\"@type\":\"WebPage\",\"@id\":\"https:\/\/www.atuactivewear.com\/es\/producto\/alto-soporte-bra-deportivo-con-proteccion-contra-golpes\/\",\"url\":\"https:\/\/www.atuactivewear.com\/es\/producto\/alto-soporte-bra-deportivo-con-proteccion-contra-golpes\/\",\"name\":\"Alto soporte bra deportivo Con protecci\u00f3n contra golpes\",\"isPartOf\":{\"@id\":\"https:\/\/www.atuactivewear.com\/es\/#website\"},\"primaryImageOfPage\":{\"@id\":\"https:\/\/www.atuactivewear.com\/es\/producto\/alto-soporte-bra-deportivo-con-proteccion-contra-golpes\/#primaryimage\"},\"image\":{\"@id\":\"https:\/\/www.atuactivewear.com\/es\/producto\/alto-soporte-bra-deportivo-con-proteccion-contra-golpes\/#primaryimage\"},\"thumbnailUrl\":\"https:\/\/www.atuactivewear.com\/wp-content\/uploads\/2025\/02\/high-support-sports-bra-3.webp\",\"datePublished\":\"2025-02-21T05:49:22+00:00\",\"dateModified\":\"2025-10-30T07:56:49+00:00\",\"description\":\"Fabricado con tejido deportivo profesional, Este alto apoyo bra deportivo ofrece comodidad y rendimiento. Cuenta con almohadillas extra\u00edbles, banda de soporte ajustable y espalda de malla transpirable. Ideal para pilates, yoga, running, ciclismo y mucho m\u00e1s. \u00a1Consulta nuestra tabla de tallas para encontrar el ajuste perfecto!\",\"breadcrumb\":{\"@id\":\"https:\/\/www.atuactivewear.com\/es\/producto\/alto-soporte-bra-deportivo-con-proteccion-contra-golpes\/#breadcrumb\"},\"inLanguage\":\"es\",\"potentialAction\":[{\"@type\":\"ReadAction\",\"target\":[\"https:\/\/www.atuactivewear.com\/es\/producto\/alto-soporte-bra-deportivo-con-proteccion-contra-golpes\/\"]}]},{\"@type\":\"ImageObject\",\"inLanguage\":\"es\",\"@id\":\"https:\/\/www.atuactivewear.com\/es\/producto\/alto-soporte-bra-deportivo-con-proteccion-contra-golpes\/#primaryimage\",\"url\":\"https:\/\/www.atuactivewear.com\/wp-content\/uploads\/2025\/02\/high-support-sports-bra-3.webp\",\"contentUrl\":\"https:\/\/www.atuactivewear.com\/wp-content\/uploads\/2025\/02\/high-support-sports-bra-3.webp\",\"width\":496,\"height\":691,\"caption\":\"sujetador deportivo de alta sujeci\u00f3n 3\"},{\"@type\":\"BreadcrumbList\",\"@id\":\"https:\/\/www.atuactivewear.com\/es\/producto\/alto-soporte-bra-deportivo-con-proteccion-contra-golpes\/#breadcrumb\",\"itemListElement\":[{\"@type\":\"ListItem\",\"position\":1,\"name\":\"\u9996\u9875\",\"item\":\"https:\/\/www.atuactivewear.com\/es\/hogar\/\"},{\"@type\":\"ListItem\",\"position\":2,\"name\":\"Productos\",\"item\":\"https:\/\/www.atuactivewear.com\/es\/productos\/\"},{\"@type\":\"ListItem\",\"position\":3,\"name\":\"Alto soporte bra deportivo Con protecci\u00f3n contra golpes\"}]},{\"@type\":\"WebSite\",\"@id\":\"https:\/\/www.atuactivewear.com\/es\/#website\",\"url\":\"https:\/\/www.atuactivewear.com\/es\/\",\"name\":\"\",\"description\":\"\",\"potentialAction\":[{\"@type\":\"SearchAction\",\"target\":{\"@type\":\"EntryPoint\",\"urlTemplate\":\"https:\/\/www.atuactivewear.com\/es\/?s={search_term_string}\"},\"query-input\":{\"@type\":\"PropertyValueSpecification\",\"valueRequired\":true,\"valueName\":\"search_term_string\"}}],\"inLanguage\":\"es\"}]}<\/script>\n<!-- \/ Yoast SEO plugin. -->","yoast_head_json":{"title":"Alto soporte bra deportivo Con protecci\u00f3n contra golpes","description":"Fabricado con tejido deportivo profesional, Este alto apoyo bra deportivo ofrece comodidad y rendimiento. Cuenta con almohadillas extra\u00edbles, banda de soporte ajustable y espalda de malla transpirable. Ideal para pilates, yoga, running, ciclismo y mucho m\u00e1s. \u00a1Consulta nuestra tabla de tallas para encontrar el ajuste perfecto!","robots":{"index":"index","follow":"follow","max-snippet":"max-snippet:-1","max-image-preview":"max-image-preview:large","max-video-preview":"max-video-preview:-1"},"canonical":"https:\/\/www.atuactivewear.com\/es\/producto\/alto-soporte-bra-deportivo-con-proteccion-contra-golpes\/","og_locale":"es_ES","og_type":"article","og_title":"Alto soporte bra deportivo Con protecci\u00f3n contra golpes","og_description":"Fabricado con tejido deportivo profesional, Este alto apoyo bra deportivo ofrece comodidad y rendimiento. Cuenta con almohadillas extra\u00edbles, banda de soporte ajustable y espalda de malla transpirable. Ideal para pilates, yoga, running, ciclismo y mucho m\u00e1s. \u00a1Consulta nuestra tabla de tallas para encontrar el ajuste perfecto!","og_url":"https:\/\/www.atuactivewear.com\/es\/producto\/alto-soporte-bra-deportivo-con-proteccion-contra-golpes\/","article_modified_time":"2025-10-30T07:56:49+00:00","og_image":[{"width":496,"height":691,"url":"https:\/\/www.atuactivewear.com\/wp-content\/uploads\/2025\/02\/high-support-sports-bra-3.webp","type":"image\/webp"}],"twitter_card":"summary_large_image","twitter_misc":{"Tiempo de lectura":"3 minutos"},"schema":{"@context":"https:\/\/schema.org","@graph":[{"@type":"WebPage","@id":"https:\/\/www.atuactivewear.com\/es\/producto\/alto-soporte-bra-deportivo-con-proteccion-contra-golpes\/","url":"https:\/\/www.atuactivewear.com\/es\/producto\/alto-soporte-bra-deportivo-con-proteccion-contra-golpes\/","name":"Alto soporte bra deportivo Con protecci\u00f3n contra golpes","isPartOf":{"@id":"https:\/\/www.atuactivewear.com\/es\/#website"},"primaryImageOfPage":{"@id":"https:\/\/www.atuactivewear.com\/es\/producto\/alto-soporte-bra-deportivo-con-proteccion-contra-golpes\/#primaryimage"},"image":{"@id":"https:\/\/www.atuactivewear.com\/es\/producto\/alto-soporte-bra-deportivo-con-proteccion-contra-golpes\/#primaryimage"},"thumbnailUrl":"https:\/\/www.atuactivewear.com\/wp-content\/uploads\/2025\/02\/high-support-sports-bra-3.webp","datePublished":"2025-02-21T05:49:22+00:00","dateModified":"2025-10-30T07:56:49+00:00","description":"Fabricado con tejido deportivo profesional, Este alto apoyo bra deportivo ofrece comodidad y rendimiento. Cuenta con almohadillas extra\u00edbles, banda de soporte ajustable y espalda de malla transpirable. Ideal para pilates, yoga, running, ciclismo y mucho m\u00e1s. \u00a1Consulta nuestra tabla de tallas para encontrar el ajuste perfecto!","breadcrumb":{"@id":"https:\/\/www.atuactivewear.com\/es\/producto\/alto-soporte-bra-deportivo-con-proteccion-contra-golpes\/#breadcrumb"},"inLanguage":"es","potentialAction":[{"@type":"ReadAction","target":["https:\/\/www.atuactivewear.com\/es\/producto\/alto-soporte-bra-deportivo-con-proteccion-contra-golpes\/"]}]},{"@type":"ImageObject","inLanguage":"es","@id":"https:\/\/www.atuactivewear.com\/es\/producto\/alto-soporte-bra-deportivo-con-proteccion-contra-golpes\/#primaryimage","url":"https:\/\/www.atuactivewear.com\/wp-content\/uploads\/2025\/02\/high-support-sports-bra-3.webp","contentUrl":"https:\/\/www.atuactivewear.com\/wp-content\/uploads\/2025\/02\/high-support-sports-bra-3.webp","width":496,"height":691,"caption":"sujetador deportivo de alta sujeci\u00f3n 3"},{"@type":"BreadcrumbList","@id":"https:\/\/www.atuactivewear.com\/es\/producto\/alto-soporte-bra-deportivo-con-proteccion-contra-golpes\/#breadcrumb","itemListElement":[{"@type":"ListItem","position":1,"name":"\u9996\u9875","item":"https:\/\/www.atuactivewear.com\/es\/hogar\/"},{"@type":"ListItem","position":2,"name":"Productos","item":"https:\/\/www.atuactivewear.com\/es\/productos\/"},{"@type":"ListItem","position":3,"name":"Alto soporte bra deportivo Con protecci\u00f3n contra golpes"}]},{"@type":"WebSite","@id":"https:\/\/www.atuactivewear.com\/es\/#website","url":"https:\/\/www.atuactivewear.com\/es\/","name":"","description":"","potentialAction":[{"@type":"SearchAction","target":{"@type":"EntryPoint","urlTemplate":"https:\/\/www.atuactivewear.com\/es\/?s={search_term_string}"},"query-input":{"@type":"PropertyValueSpecification","valueRequired":true,"valueName":"search_term_string"}}],"inLanguage":"es"}]}},"_links":{"self":[{"href":"https:\/\/www.atuactivewear.com\/es\/wp-json\/wp\/v2\/product\/12501","targetHints":{"allow":["GET"]}}],"collection":[{"href":"https:\/\/www.atuactivewear.com\/es\/wp-json\/wp\/v2\/product"}],"about":[{"href":"https:\/\/www.atuactivewear.com\/es\/wp-json\/wp\/v2\/types\/product"}],"replies":[{"embeddable":true,"href":"https:\/\/www.atuactivewear.com\/es\/wp-json\/wp\/v2\/comments?post=12501"}],"version-history":[{"count":0,"href":"https:\/\/www.atuactivewear.com\/es\/wp-json\/wp\/v2\/product\/12501\/revisions"}],"wp:featuredmedia":[{"embeddable":true,"href":"https:\/\/www.atuactivewear.com\/es\/wp-json\/wp\/v2\/media\/12502"}],"wp:attachment":[{"href":"https:\/\/www.atuactivewear.com\/es\/wp-json\/wp\/v2\/media?parent=12501"}],"wp:term":[{"taxonomy":"product_brand","embeddable":true,"href":"https:\/\/www.atuactivewear.com\/es\/wp-json\/wp\/v2\/product_brand?post=12501"},{"taxonomy":"product_cat","embeddable":true,"href":"https:\/\/www.atuactivewear.com\/es\/wp-json\/wp\/v2\/product_cat?post=12501"},{"taxonomy":"product_tag","embeddable":true,"href":"https:\/\/www.atuactivewear.com\/es\/wp-json\/wp\/v2\/product_tag?post=12501"}],"curies":[{"name":"wp","href":"https:\/\/api.w.org\/{rel}","templated":true}]}}