{"id":12489,"date":"2025-02-21T15:40:43","date_gmt":"2025-02-21T07:40:43","guid":{"rendered":"https:\/\/www.atuactivewear.com\/product\/talla-grande-con-soporte-medio-bra-deportivo-con-proteccion-contra-golpes\/"},"modified":"2025-10-30T15:55:33","modified_gmt":"2025-10-30T07:55:33","slug":"talla-grande-con-soporte-medio-bra-deportivo-con-proteccion-contra-golpes","status":"publish","type":"product","link":"https:\/\/www.atuactivewear.com\/es\/producto\/talla-grande-con-soporte-medio-bra-deportivo-con-proteccion-contra-golpes\/","title":{"rendered":"Talla grande con soporte medio bra deportivo Con protecci\u00f3n contra golpes"},"content":{"rendered":"\t\t<div data-elementor-type=\"product-post\" data-elementor-id=\"12489\" class=\"elementor elementor-12489 elementor-5329\" data-elementor-post-type=\"product\">\n\t\t\t\t<div class=\"elementor-element elementor-element-185fb7a1 e-flex e-con-boxed e-con e-parent\" data-id=\"185fb7a1\" data-element_type=\"container\" data-e-type=\"container\">\n\t\t\t\t\t<div class=\"e-con-inner\">\n\t\t\t\t<div class=\"elementor-element elementor-element-1800961 e-n-tabs-mobile elementor-widget elementor-widget-n-tabs\" data-id=\"1800961\" data-element_type=\"widget\" data-e-type=\"widget\" data-settings=\"{&quot;tabs_justify_horizontal&quot;:&quot;start&quot;,&quot;horizontal_scroll&quot;:&quot;disable&quot;}\" data-widget_type=\"nested-tabs.default\">\n\t\t\t\t<div class=\"elementor-widget-container\">\n\t\t\t\t\t\t\t<div class=\"e-n-tabs\" data-widget-number=\"25168225\" aria-label=\"Pesta\u00f1as. Abre elementos con Intro o Espacio, ci\u00e9rralos con Escape y navega con las fechas.\">\n\t\t\t<div class=\"e-n-tabs-heading\" role=\"tablist\">\n\t\t\t\t\t<button id=\"e-n-tab-title-251682251\" data-tab-title-id=\"e-n-tab-title-251682251\" class=\"e-n-tab-title\" aria-selected=\"true\" data-tab-index=\"1\" role=\"tab\" tabindex=\"0\" aria-controls=\"e-n-tab-content-251682251\" style=\"--n-tabs-title-order: 1;\">\n\t\t\t\t\t\t<span class=\"e-n-tab-title-text\">\n\t\t\t\tInstrucciones de tama\u00f1o\t\t\t<\/span>\n\t\t<\/button>\n\t\t\t\t<button id=\"e-n-tab-title-251682252\" data-tab-title-id=\"e-n-tab-title-251682252\" class=\"e-n-tab-title\" aria-selected=\"false\" data-tab-index=\"2\" role=\"tab\" tabindex=\"-1\" aria-controls=\"e-n-tab-content-251682252\" style=\"--n-tabs-title-order: 2;\">\n\t\t\t\t\t\t<span class=\"e-n-tab-title-text\">\n\t\t\t\tCaracter\u00edsticas\t\t\t<\/span>\n\t\t<\/button>\n\t\t\t\t<button id=\"e-n-tab-title-251682253\" data-tab-title-id=\"e-n-tab-title-251682253\" class=\"e-n-tab-title\" aria-selected=\"false\" data-tab-index=\"3\" role=\"tab\" tabindex=\"-1\" aria-controls=\"e-n-tab-content-251682253\" style=\"--n-tabs-title-order: 3;\">\n\t\t\t\t\t\t<span class=\"e-n-tab-title-text\">\n\t\t\t\tInstrucciones de pedido\t\t\t<\/span>\n\t\t<\/button>\n\t\t\t\t\t<\/div>\n\t\t\t<div class=\"e-n-tabs-content\">\n\t\t\t\t<div id=\"e-n-tab-content-251682251\" role=\"tabpanel\" aria-labelledby=\"e-n-tab-title-251682251\" data-tab-index=\"1\" style=\"--n-tabs-title-order: 1;\" class=\"e-active elementor-element elementor-element-2d622f6 e-con-full e-flex e-con e-child\" data-id=\"2d622f6\" data-element_type=\"container\" data-e-type=\"container\">\n\t\t<div class=\"elementor-element elementor-element-4c0086f e-flex e-con-boxed e-con e-child\" data-id=\"4c0086f\" data-element_type=\"container\" data-e-type=\"container\">\n\t\t\t\t\t<div class=\"e-con-inner\">\n\t\t\t\t<div class=\"elementor-element elementor-element-12fe34e elementor-widget elementor-widget-text-editor\" data-id=\"12fe34e\" data-element_type=\"widget\" data-e-type=\"widget\" data-widget_type=\"text-editor.default\">\n\t\t\t\t<div class=\"elementor-widget-container\">\n\t\t\t\t\t\t\t\t\t<table width=\"2209\"><tbody><tr><td width=\"93\"><strong>Tama\u00f1o<\/strong><\/td><td colspan=\"2\" width=\"390\"><strong>Busto superior<\/strong><\/td><td colspan=\"2\" width=\"391\"><strong>Busto superior<\/strong><\/td><td colspan=\"2\" width=\"437\"><strong>Peso recomendado (altura inferior a 155 cm)<\/strong><\/td><td colspan=\"2\" width=\"439\"><strong>Peso recomendado (altura 155-165 cm)<\/strong><\/td><td colspan=\"2\" width=\"459\"><strong>Peso recomendado (altura superior a 165 cm)<\/strong><\/td><\/tr><tr><td> <\/td><td>cm<\/td><td>pulgada<\/td><td>cm<\/td><td>pulgada<\/td><td>kilogramo<\/td><td>libra<\/td><td>kilogramo<\/td><td>libra<\/td><td>kilogramo<\/td><td>libra<\/td><\/tr><tr><td>S<\/td><td>76 &#8211; 85<\/td><td>29.9 &#8211; 33.4<\/td><td>66 &#8211; 77<\/td><td>25.9 &#8211; 30.3<\/td><td>40 &#8211; 45<\/td><td>88.1 &#8211; 99.2<\/td><td>45 &#8211; 50<\/td><td>99.2 &#8211; 110.2<\/td><td>47.5 &#8211; 52.5<\/td><td>104.7 &#8211; 115.7<\/td><\/tr><tr><td>M<\/td><td>82 &#8211; 95<\/td><td>32.2 &#8211; 37.4<\/td><td>75 &#8211; 85<\/td><td>29.5 &#8211; 33.4<\/td><td>42.5 &#8211; 52.5<\/td><td>93.7 &#8211; 115.7<\/td><td>42.5 &#8211; 55<\/td><td>93.7 &#8211; 121.2<\/td><td>50 &#8211; 57.5<\/td><td>110.2 &#8211; 126.7<\/td><\/tr><tr><td>L<\/td><td>90 &#8211; 103<\/td><td>35.4 &#8211; 40.5<\/td><td>80 &#8211; 90<\/td><td>31.4 &#8211; 35.4<\/td><td>52.5 &#8211; 60<\/td><td>115.7 &#8211; 132.2<\/td><td>55 &#8211; 62.5<\/td><td>121.2 &#8211; 137.7<\/td><td>57.5 &#8211; 65<\/td><td>126.7 &#8211; 143.3<\/td><\/tr><tr><td>XL<\/td><td>95 &#8211; 110<\/td><td>37.4 &#8211; 43.3<\/td><td>85 &#8211; 95<\/td><td>33.4 &#8211; 37.4<\/td><td>60 &#8211; 67.5<\/td><td>132.2 &#8211; 148.8<\/td><td>62.5 &#8211; 72.5<\/td><td>137.7 &#8211; 159.8<\/td><td>65 &#8211; 75<\/td><td>143.3 &#8211; 165.3<\/td><\/tr><tr><td>2XL<\/td><td>105 &#8211; 115<\/td><td>41.3 &#8211; 45.2<\/td><td>90 &#8211; 105<\/td><td>35.4 &#8211; 41.3<\/td><td>67.5 &#8211; 75<\/td><td>148.8 &#8211; 165.3<\/td><td>72.5 &#8211; 80<\/td><td>159.8 &#8211; 176.3<\/td><td>75 &#8211; 85<\/td><td>165.3 &#8211; 187.3<\/td><\/tr><tr><td>3XL<\/td><td>110 &#8211; 125<\/td><td>43.3 &#8211; 49.2<\/td><td>100 &#8211; 110<\/td><td>39.3 &#8211; 43.3<\/td><td>75 &#8211; 82.5<\/td><td>165.3 &#8211; 181.8<\/td><td>80 &#8211; 87.5<\/td><td>176.3 &#8211; 192.5<\/td><td>85 &#8211; 95<\/td><td>187.3 &#8211; 209.4<\/td><\/tr><tr><td>4XL<\/td><td>115 &#8211; 130<\/td><td>45.2 &#8211; 51.1<\/td><td>105 &#8211; 115<\/td><td>41.3 &#8211; 45.2<\/td><td>82.5 &#8211; 90<\/td><td>181.8 &#8211; 198.4<\/td><td>87.5 &#8211; 95<\/td><td>192.5- 209.4<\/td><td>95 &#8211; 105<\/td><td>209.4 &#8211; 231.4<\/td><\/tr><tr><td>5XL<\/td><td>125 &#8211; 135<\/td><td>49.2 &#8211; 53.1<\/td><td>110 &#8211; 125<\/td><td>43.3 &#8211; 49.2<\/td><td>90 &#8211; 100<\/td><td>198.4 &#8211; 220.4<\/td><td>95 &#8211; 105<\/td><td>209.4 &#8211; 231.4<\/td><td>95 &#8211; 105<\/td><td>209.4 &#8211; 231.4<\/td><\/tr><\/tbody><\/table>\t\t\t\t\t\t\t\t<\/div>\n\t\t\t\t<\/div>\n\t\t\t\t\t<\/div>\n\t\t\t\t<\/div>\n\t\t\t\t<\/div>\n\t\t<div id=\"e-n-tab-content-251682252\" role=\"tabpanel\" aria-labelledby=\"e-n-tab-title-251682252\" data-tab-index=\"2\" style=\"--n-tabs-title-order: 2;\" class=\" elementor-element elementor-element-10ce089 e-con-full e-flex e-con e-child\" data-id=\"10ce089\" data-element_type=\"container\" data-e-type=\"container\">\n\t\t<div class=\"elementor-element elementor-element-c5de9d8 e-flex e-con-boxed e-con e-child\" data-id=\"c5de9d8\" data-element_type=\"container\" data-e-type=\"container\">\n\t\t\t\t\t<div class=\"e-con-inner\">\n\t\t\t\t<div class=\"elementor-element elementor-element-0356b3a elementor-widget elementor-widget-text-editor\" data-id=\"0356b3a\" data-element_type=\"widget\" data-e-type=\"widget\" data-widget_type=\"text-editor.default\">\n\t\t\t\t<div class=\"elementor-widget-container\">\n\t\t\t\t\t\t\t\t\t<p data-start=\"93\" data-end=\"576\"><strong data-start=\"93\" data-end=\"109\">NOS CENTRAMOS EN:<\/strong><br>Dise\u00f1ado para yoga, senderismo, running y diversas actividades de fitness, este sujetador deportivo combina funcionalidad y estilo. Los tirantes cruzados en la espalda favorecen la r\u00e1pida evaporaci\u00f3n del sudor, a la vez que realzan las curvas naturales de la espalda. Garantiza una respiraci\u00f3n sin restricciones y la m\u00e1xima comodidad durante el ejercicio. Para quienes necesitan mayor sujeci\u00f3n, hay copas extra\u00edbles opcionales de cobertura total. <strong data-start=\"495\" data-end=\"519\">soporte de nivel medio<\/strong>, Proporciona una excelente modelaci\u00f3n y una comodidad duradera.    <\/p><p data-start=\"578\" data-end=\"871\"><strong data-start=\"578\" data-end=\"596\">DISE\u00d1O \u00daNICO:<\/strong><br>El dise\u00f1o caracter\u00edstico de espalda en X es elegante y resistente, con tirantes finos que sujetan los hombros con firmeza. Elaborado con tecnolog\u00eda de transferencia de calor, un sujetador con forro y un tejido suave, el\u00e1stico y de alto rendimiento, este sujetador ofrece comodidad y soporte sin sacrificar la comodidad. <\/p><p data-start=\"873\" data-end=\"1192\"><strong data-start=\"873\" data-end=\"905\">LO QUE TE APORTA ESTE SUJETADOR:<\/strong><br>Probado y perfeccionado por nuestro equipo de expertos, este sujetador incorpora tecnolog\u00eda que absorbe la humedad para mantenerte fresca y seca, incluso durante entrenamientos intensos. Los suaves tirantes garantizan comodidad, mientras que el tejido el\u00e1stico permite una total libertad de movimiento, protegiendo tu cuerpo y manteni\u00e9ndote concentrada. <\/p><p data-start=\"1194\" data-end=\"1475\"><strong data-start=\"1194\" data-end=\"1217\">MULTI-SCENARIO BRA:<\/strong><br>Una opci\u00f3n vers\u00e1til para yoga, senderismo, gimnasio o para el d\u00eda a d\u00eda, este elegante sujetador deportivo combina moda, funcionalidad y rendimiento. Perfecto para llevar debajo de sudaderas, c\u00e1rdigans o camisetas ligeras, es imprescindible en tu colecci\u00f3n de ropa deportiva. <\/p>\t\t\t\t\t\t\t\t<\/div>\n\t\t\t\t<\/div>\n\t\t\t\t\t<\/div>\n\t\t\t\t<\/div>\n\t\t\t\t<\/div>\n\t\t<div id=\"e-n-tab-content-251682253\" role=\"tabpanel\" aria-labelledby=\"e-n-tab-title-251682253\" data-tab-index=\"3\" style=\"--n-tabs-title-order: 3;\" class=\" elementor-element elementor-element-cc816e1 e-con-full e-flex e-con e-child\" data-id=\"cc816e1\" data-element_type=\"container\" data-e-type=\"container\">\n\t\t<div class=\"elementor-element elementor-element-a815e0c e-flex e-con-boxed e-con e-child\" data-id=\"a815e0c\" data-element_type=\"container\" data-e-type=\"container\">\n\t\t\t\t\t<div class=\"e-con-inner\">\n\t\t\t\t<div class=\"elementor-element elementor-element-a21b178 elementor-widget elementor-widget-text-editor\" data-id=\"a21b178\" data-element_type=\"widget\" data-e-type=\"widget\" data-widget_type=\"text-editor.default\">\n\t\t\t\t<div class=\"elementor-widget-container\">\n\t\t\t\t\t\t\t\t\t<p><strong>Si en <a href=\"https:\/\/www.atuactivewear.com\/es\/existencias\/\">Existencias<\/a>,<\/strong>El plazo de entrega ser\u00e1 de 2 d\u00edas. <\/p><p><strong>Dise\u00f1o:<\/strong> Podemos crear un dise\u00f1o basado en sus ideas y especificaciones o desarrollar una muestra basada en su dise\u00f1o existente.<\/p><p><strong>Reproducci\u00f3n de muestra:<\/strong> Si ya tiene muestras, podemos replicarlas con precisi\u00f3n.<\/p><p><strong>MOQ<\/strong>: 100 unidades por color.<\/p><p><strong>Costo de la muestra<\/strong>: US$50 por unidad incluido env\u00edo.<\/p><p><strong>Plazo de entrega de muestra:<\/strong> 7-10 d\u00edas.<\/p><p><strong>Plazo de producci\u00f3n:<\/strong> 10-20 d\u00edas, seg\u00fan cantidad.<\/p>\t\t\t\t\t\t\t\t<\/div>\n\t\t\t\t<\/div>\n\t\t\t\t\t<\/div>\n\t\t\t\t<\/div>\n\t\t\t\t<\/div>\n\t\t\t\t\t<\/div>\n\t\t<\/div>\n\t\t\t\t\t\t<\/div>\n\t\t\t\t<\/div>\n\t\t\t\t\t<\/div>\n\t\t\t\t<\/div>\n\t\t\t\t<\/div>\n\t\t<p>Visitas: 0<\/p>","protected":false},"excerpt":{"rendered":"<h5>Todos los tama\u00f1os, colores y personalizaciones de tela est\u00e1n disponibles.<\/h5>\n<p>Esta talla grande bra deportivo Ofrece estilo, soporte y comodidad con espalda cruzada, tejido transpirable y tirantes ajustables. Ideal para yoga, senderismo, gimnasio o uso diario. <\/p>\n<table width=\"344\">\n<tbody>\n<tr>\n<td width=\"78\">Estilo<\/td>\n<p>bra deportivo<\/p>\n<td width=\"266\"><\/td>\n<\/tr>\n<tr>\n<td>Intensidad<\/td>\n<td>Alta intensidad<\/td>\n<\/tr>\n<tr>\n<td>Tama\u00f1o<\/td>\n<td>S; M; L; XL; 2XL; 3XL; 4XL; 5XL (personalizable)<\/td>\n<\/tr>\n<tr>\n<td>Color<\/td>\n<td width=\"266\">Negro; Azul; Violeta claro; Rojo ladrillo (personalizable)<\/td>\n<\/tr>\n<tr>\n<td>Tela<\/td>\n<td width=\"266\">87 % nailon y 13 % elastano (personalizable)<\/td>\n<\/tr>\n<tr>\n<td>Peso neto<\/td>\n<td>0.2kg<\/td>\n<\/tr>\n<\/tbody>\n<\/table>\n<p>&nbsp;<\/p>\n","protected":false},"featured_media":12490,"comment_status":"open","ping_status":"closed","template":"","meta":{"_acf_changed":false,"site-sidebar-layout":"default","site-content-layout":"","ast-site-content-layout":"default","site-content-style":"default","site-sidebar-style":"default","ast-global-header-display":"","ast-banner-title-visibility":"","ast-main-header-display":"","ast-hfb-above-header-display":"","ast-hfb-below-header-display":"","ast-hfb-mobile-header-display":"","site-post-title":"","ast-breadcrumbs-content":"","ast-featured-img":"","footer-sml-layout":"","ast-disable-related-posts":"","theme-transparent-header-meta":"default","adv-header-id-meta":"","stick-header-meta":"","header-above-stick-meta":"","header-main-stick-meta":"","header-below-stick-meta":"","astra-migrate-meta-layouts":"set","ast-page-background-enabled":"default","ast-page-background-meta":{"desktop":{"background-color":"var(--ast-global-color-4)","background-image":"","background-repeat":"repeat","background-position":"center center","background-size":"auto","background-attachment":"scroll","background-type":"","background-media":"","overlay-type":"","overlay-color":"","overlay-opacity":"","overlay-gradient":""},"tablet":{"background-color":"","background-image":"","background-repeat":"repeat","background-position":"center center","background-size":"auto","background-attachment":"scroll","background-type":"","background-media":"","overlay-type":"","overlay-color":"","overlay-opacity":"","overlay-gradient":""},"mobile":{"background-color":"","background-image":"","background-repeat":"repeat","background-position":"center center","background-size":"auto","background-attachment":"scroll","background-type":"","background-media":"","overlay-type":"","overlay-color":"","overlay-opacity":"","overlay-gradient":""}},"ast-content-background-meta":{"desktop":{"background-color":"var(--ast-global-color-5)","background-image":"","background-repeat":"repeat","background-position":"center center","background-size":"auto","background-attachment":"scroll","background-type":"","background-media":"","overlay-type":"","overlay-color":"","overlay-opacity":"","overlay-gradient":""},"tablet":{"background-color":"var(--ast-global-color-5)","background-image":"","background-repeat":"repeat","background-position":"center center","background-size":"auto","background-attachment":"scroll","background-type":"","background-media":"","overlay-type":"","overlay-color":"","overlay-opacity":"","overlay-gradient":""},"mobile":{"background-color":"var(--ast-global-color-5)","background-image":"","background-repeat":"repeat","background-position":"center center","background-size":"auto","background-attachment":"scroll","background-type":"","background-media":"","overlay-type":"","overlay-color":"","overlay-opacity":"","overlay-gradient":""}}},"product_brand":[],"product_cat":[237,213,205,210],"product_tag":[],"class_list":{"0":"post-12489","1":"product","2":"type-product","3":"status-publish","4":"has-post-thumbnail","6":"product_cat-sujetador-corto-de-talla-grande","7":"product_cat-medium-coverage-sports-bras-es","8":"product_cat-plus-size-es","9":"product_cat-sprots-bra-es","10":"desktop-align-left","11":"tablet-align-left","12":"mobile-align-left","14":"first","15":"instock","16":"taxable","17":"shipping-taxable","18":"product-type-simple"},"acf":[],"yoast_head":"<!-- This site is optimized with the Yoast SEO plugin v24.5 - https:\/\/yoast.com\/wordpress\/plugins\/seo\/ -->\n<title>Talla grande con soporte medio bra deportivo Con protecci\u00f3n contra golpes<\/title>\n<meta name=\"description\" content=\"Esta talla grande bra deportivo Combina estilo y soporte con su espalda cruzada, Tejido que absorbe la humedad y correas ajustables. Perfecto para yoga, senderismo, sesiones de gimnasio o uso diario, ofreciendo comodidad y rendimiento en cada actividad.\" \/>\n<meta name=\"robots\" content=\"index, follow, max-snippet:-1, max-image-preview:large, max-video-preview:-1\" \/>\n<link rel=\"canonical\" href=\"https:\/\/www.atuactivewear.com\/es\/producto\/talla-grande-con-soporte-medio-bra-deportivo-con-proteccion-contra-golpes\/\" \/>\n<meta property=\"og:locale\" content=\"es_ES\" \/>\n<meta property=\"og:type\" content=\"article\" \/>\n<meta property=\"og:title\" content=\"Talla grande con soporte medio bra deportivo Con protecci\u00f3n contra golpes\" \/>\n<meta property=\"og:description\" content=\"Esta talla grande bra deportivo Combina estilo y soporte con su espalda cruzada, Tejido que absorbe la humedad y correas ajustables. Perfecto para yoga, senderismo, sesiones de gimnasio o uso diario, ofreciendo comodidad y rendimiento en cada actividad.\" \/>\n<meta property=\"og:url\" content=\"https:\/\/www.atuactivewear.com\/es\/producto\/talla-grande-con-soporte-medio-bra-deportivo-con-proteccion-contra-golpes\/\" \/>\n<meta property=\"article:modified_time\" content=\"2025-10-30T07:55:33+00:00\" \/>\n<meta property=\"og:image\" content=\"https:\/\/www.atuactivewear.com\/wp-content\/uploads\/2025\/02\/plus-size-sports-bra.webp\" \/>\n\t<meta property=\"og:image:width\" content=\"707\" \/>\n\t<meta property=\"og:image:height\" content=\"672\" \/>\n\t<meta property=\"og:image:type\" content=\"image\/webp\" \/>\n<meta name=\"twitter:card\" content=\"summary_large_image\" \/>\n<meta name=\"twitter:label1\" content=\"Tiempo de lectura\" \/>\n\t<meta name=\"twitter:data1\" content=\"4 minutos\" \/>\n<script type=\"application\/ld+json\" class=\"yoast-schema-graph\">{\"@context\":\"https:\/\/schema.org\",\"@graph\":[{\"@type\":\"WebPage\",\"@id\":\"https:\/\/www.atuactivewear.com\/es\/producto\/talla-grande-con-soporte-medio-bra-deportivo-con-proteccion-contra-golpes\/\",\"url\":\"https:\/\/www.atuactivewear.com\/es\/producto\/talla-grande-con-soporte-medio-bra-deportivo-con-proteccion-contra-golpes\/\",\"name\":\"Talla grande con soporte medio bra deportivo Con protecci\u00f3n contra golpes\",\"isPartOf\":{\"@id\":\"https:\/\/www.atuactivewear.com\/es\/#website\"},\"primaryImageOfPage\":{\"@id\":\"https:\/\/www.atuactivewear.com\/es\/producto\/talla-grande-con-soporte-medio-bra-deportivo-con-proteccion-contra-golpes\/#primaryimage\"},\"image\":{\"@id\":\"https:\/\/www.atuactivewear.com\/es\/producto\/talla-grande-con-soporte-medio-bra-deportivo-con-proteccion-contra-golpes\/#primaryimage\"},\"thumbnailUrl\":\"https:\/\/www.atuactivewear.com\/wp-content\/uploads\/2025\/02\/plus-size-sports-bra.webp\",\"datePublished\":\"2025-02-21T07:40:43+00:00\",\"dateModified\":\"2025-10-30T07:55:33+00:00\",\"description\":\"Esta talla grande bra deportivo Combina estilo y soporte con su espalda cruzada, Tejido que absorbe la humedad y correas ajustables. Perfecto para yoga, senderismo, sesiones de gimnasio o uso diario, ofreciendo comodidad y rendimiento en cada actividad.\",\"breadcrumb\":{\"@id\":\"https:\/\/www.atuactivewear.com\/es\/producto\/talla-grande-con-soporte-medio-bra-deportivo-con-proteccion-contra-golpes\/#breadcrumb\"},\"inLanguage\":\"es\",\"potentialAction\":[{\"@type\":\"ReadAction\",\"target\":[\"https:\/\/www.atuactivewear.com\/es\/producto\/talla-grande-con-soporte-medio-bra-deportivo-con-proteccion-contra-golpes\/\"]}]},{\"@type\":\"ImageObject\",\"inLanguage\":\"es\",\"@id\":\"https:\/\/www.atuactivewear.com\/es\/producto\/talla-grande-con-soporte-medio-bra-deportivo-con-proteccion-contra-golpes\/#primaryimage\",\"url\":\"https:\/\/www.atuactivewear.com\/wp-content\/uploads\/2025\/02\/plus-size-sports-bra.webp\",\"contentUrl\":\"https:\/\/www.atuactivewear.com\/wp-content\/uploads\/2025\/02\/plus-size-sports-bra.webp\",\"width\":707,\"height\":672,\"caption\":\"talla grande bra deportivo\"},{\"@type\":\"BreadcrumbList\",\"@id\":\"https:\/\/www.atuactivewear.com\/es\/producto\/talla-grande-con-soporte-medio-bra-deportivo-con-proteccion-contra-golpes\/#breadcrumb\",\"itemListElement\":[{\"@type\":\"ListItem\",\"position\":1,\"name\":\"\u9996\u9875\",\"item\":\"https:\/\/www.atuactivewear.com\/es\/hogar\/\"},{\"@type\":\"ListItem\",\"position\":2,\"name\":\"Productos\",\"item\":\"https:\/\/www.atuactivewear.com\/es\/productos\/\"},{\"@type\":\"ListItem\",\"position\":3,\"name\":\"Talla grande con soporte medio bra deportivo Con protecci\u00f3n contra golpes\"}]},{\"@type\":\"WebSite\",\"@id\":\"https:\/\/www.atuactivewear.com\/es\/#website\",\"url\":\"https:\/\/www.atuactivewear.com\/es\/\",\"name\":\"\",\"description\":\"\",\"potentialAction\":[{\"@type\":\"SearchAction\",\"target\":{\"@type\":\"EntryPoint\",\"urlTemplate\":\"https:\/\/www.atuactivewear.com\/es\/?s={search_term_string}\"},\"query-input\":{\"@type\":\"PropertyValueSpecification\",\"valueRequired\":true,\"valueName\":\"search_term_string\"}}],\"inLanguage\":\"es\"}]}<\/script>\n<!-- \/ Yoast SEO plugin. -->","yoast_head_json":{"title":"Talla grande con soporte medio bra deportivo Con protecci\u00f3n contra golpes","description":"Esta talla grande bra deportivo Combina estilo y soporte con su espalda cruzada, Tejido que absorbe la humedad y correas ajustables. Perfecto para yoga, senderismo, sesiones de gimnasio o uso diario, ofreciendo comodidad y rendimiento en cada actividad.","robots":{"index":"index","follow":"follow","max-snippet":"max-snippet:-1","max-image-preview":"max-image-preview:large","max-video-preview":"max-video-preview:-1"},"canonical":"https:\/\/www.atuactivewear.com\/es\/producto\/talla-grande-con-soporte-medio-bra-deportivo-con-proteccion-contra-golpes\/","og_locale":"es_ES","og_type":"article","og_title":"Talla grande con soporte medio bra deportivo Con protecci\u00f3n contra golpes","og_description":"Esta talla grande bra deportivo Combina estilo y soporte con su espalda cruzada, Tejido que absorbe la humedad y correas ajustables. Perfecto para yoga, senderismo, sesiones de gimnasio o uso diario, ofreciendo comodidad y rendimiento en cada actividad.","og_url":"https:\/\/www.atuactivewear.com\/es\/producto\/talla-grande-con-soporte-medio-bra-deportivo-con-proteccion-contra-golpes\/","article_modified_time":"2025-10-30T07:55:33+00:00","og_image":[{"width":707,"height":672,"url":"https:\/\/www.atuactivewear.com\/wp-content\/uploads\/2025\/02\/plus-size-sports-bra.webp","type":"image\/webp"}],"twitter_card":"summary_large_image","twitter_misc":{"Tiempo de lectura":"4 minutos"},"schema":{"@context":"https:\/\/schema.org","@graph":[{"@type":"WebPage","@id":"https:\/\/www.atuactivewear.com\/es\/producto\/talla-grande-con-soporte-medio-bra-deportivo-con-proteccion-contra-golpes\/","url":"https:\/\/www.atuactivewear.com\/es\/producto\/talla-grande-con-soporte-medio-bra-deportivo-con-proteccion-contra-golpes\/","name":"Talla grande con soporte medio bra deportivo Con protecci\u00f3n contra golpes","isPartOf":{"@id":"https:\/\/www.atuactivewear.com\/es\/#website"},"primaryImageOfPage":{"@id":"https:\/\/www.atuactivewear.com\/es\/producto\/talla-grande-con-soporte-medio-bra-deportivo-con-proteccion-contra-golpes\/#primaryimage"},"image":{"@id":"https:\/\/www.atuactivewear.com\/es\/producto\/talla-grande-con-soporte-medio-bra-deportivo-con-proteccion-contra-golpes\/#primaryimage"},"thumbnailUrl":"https:\/\/www.atuactivewear.com\/wp-content\/uploads\/2025\/02\/plus-size-sports-bra.webp","datePublished":"2025-02-21T07:40:43+00:00","dateModified":"2025-10-30T07:55:33+00:00","description":"Esta talla grande bra deportivo Combina estilo y soporte con su espalda cruzada, Tejido que absorbe la humedad y correas ajustables. Perfecto para yoga, senderismo, sesiones de gimnasio o uso diario, ofreciendo comodidad y rendimiento en cada actividad.","breadcrumb":{"@id":"https:\/\/www.atuactivewear.com\/es\/producto\/talla-grande-con-soporte-medio-bra-deportivo-con-proteccion-contra-golpes\/#breadcrumb"},"inLanguage":"es","potentialAction":[{"@type":"ReadAction","target":["https:\/\/www.atuactivewear.com\/es\/producto\/talla-grande-con-soporte-medio-bra-deportivo-con-proteccion-contra-golpes\/"]}]},{"@type":"ImageObject","inLanguage":"es","@id":"https:\/\/www.atuactivewear.com\/es\/producto\/talla-grande-con-soporte-medio-bra-deportivo-con-proteccion-contra-golpes\/#primaryimage","url":"https:\/\/www.atuactivewear.com\/wp-content\/uploads\/2025\/02\/plus-size-sports-bra.webp","contentUrl":"https:\/\/www.atuactivewear.com\/wp-content\/uploads\/2025\/02\/plus-size-sports-bra.webp","width":707,"height":672,"caption":"talla grande bra deportivo"},{"@type":"BreadcrumbList","@id":"https:\/\/www.atuactivewear.com\/es\/producto\/talla-grande-con-soporte-medio-bra-deportivo-con-proteccion-contra-golpes\/#breadcrumb","itemListElement":[{"@type":"ListItem","position":1,"name":"\u9996\u9875","item":"https:\/\/www.atuactivewear.com\/es\/hogar\/"},{"@type":"ListItem","position":2,"name":"Productos","item":"https:\/\/www.atuactivewear.com\/es\/productos\/"},{"@type":"ListItem","position":3,"name":"Talla grande con soporte medio bra deportivo Con protecci\u00f3n contra golpes"}]},{"@type":"WebSite","@id":"https:\/\/www.atuactivewear.com\/es\/#website","url":"https:\/\/www.atuactivewear.com\/es\/","name":"","description":"","potentialAction":[{"@type":"SearchAction","target":{"@type":"EntryPoint","urlTemplate":"https:\/\/www.atuactivewear.com\/es\/?s={search_term_string}"},"query-input":{"@type":"PropertyValueSpecification","valueRequired":true,"valueName":"search_term_string"}}],"inLanguage":"es"}]}},"_links":{"self":[{"href":"https:\/\/www.atuactivewear.com\/es\/wp-json\/wp\/v2\/product\/12489","targetHints":{"allow":["GET"]}}],"collection":[{"href":"https:\/\/www.atuactivewear.com\/es\/wp-json\/wp\/v2\/product"}],"about":[{"href":"https:\/\/www.atuactivewear.com\/es\/wp-json\/wp\/v2\/types\/product"}],"replies":[{"embeddable":true,"href":"https:\/\/www.atuactivewear.com\/es\/wp-json\/wp\/v2\/comments?post=12489"}],"version-history":[{"count":0,"href":"https:\/\/www.atuactivewear.com\/es\/wp-json\/wp\/v2\/product\/12489\/revisions"}],"wp:featuredmedia":[{"embeddable":true,"href":"https:\/\/www.atuactivewear.com\/es\/wp-json\/wp\/v2\/media\/12490"}],"wp:attachment":[{"href":"https:\/\/www.atuactivewear.com\/es\/wp-json\/wp\/v2\/media?parent=12489"}],"wp:term":[{"taxonomy":"product_brand","embeddable":true,"href":"https:\/\/www.atuactivewear.com\/es\/wp-json\/wp\/v2\/product_brand?post=12489"},{"taxonomy":"product_cat","embeddable":true,"href":"https:\/\/www.atuactivewear.com\/es\/wp-json\/wp\/v2\/product_cat?post=12489"},{"taxonomy":"product_tag","embeddable":true,"href":"https:\/\/www.atuactivewear.com\/es\/wp-json\/wp\/v2\/product_tag?post=12489"}],"curies":[{"name":"wp","href":"https:\/\/api.w.org\/{rel}","templated":true}]}}