{"id":12473,"date":"2025-02-21T17:42:28","date_gmt":"2025-02-21T09:42:28","guid":{"rendered":"https:\/\/www.atuactivewear.com\/product\/soporte-medio-desnudo-sujetador-deportivo-mujer\/"},"modified":"2025-10-30T15:54:09","modified_gmt":"2025-10-30T07:54:09","slug":"soporte-medio-desnudo-sujetador-deportivo-mujer","status":"publish","type":"product","link":"https:\/\/www.atuactivewear.com\/es\/producto\/soporte-medio-desnudo-sujetador-deportivo-mujer\/","title":{"rendered":"Soporte medio desnudo sujetador deportivo mujer"},"content":{"rendered":"\t\t<div data-elementor-type=\"product-post\" data-elementor-id=\"12473\" class=\"elementor elementor-12473 elementor-5372\" data-elementor-post-type=\"product\">\n\t\t\t\t<div class=\"elementor-element elementor-element-185fb7a1 e-flex e-con-boxed e-con e-parent\" data-id=\"185fb7a1\" data-element_type=\"container\" data-e-type=\"container\">\n\t\t\t\t\t<div class=\"e-con-inner\">\n\t\t\t\t<div class=\"elementor-element elementor-element-1800961 e-n-tabs-mobile elementor-widget elementor-widget-n-tabs\" data-id=\"1800961\" data-element_type=\"widget\" data-e-type=\"widget\" data-settings=\"{&quot;tabs_justify_horizontal&quot;:&quot;start&quot;,&quot;horizontal_scroll&quot;:&quot;disable&quot;}\" data-widget_type=\"nested-tabs.default\">\n\t\t\t\t<div class=\"elementor-widget-container\">\n\t\t\t\t\t\t\t<div class=\"e-n-tabs\" data-widget-number=\"25168225\" aria-label=\"Pesta\u00f1as. Abre elementos con Intro o Espacio, ci\u00e9rralos con Escape y navega con las fechas.\">\n\t\t\t<div class=\"e-n-tabs-heading\" role=\"tablist\">\n\t\t\t\t\t<button id=\"e-n-tab-title-251682251\" data-tab-title-id=\"e-n-tab-title-251682251\" class=\"e-n-tab-title\" aria-selected=\"true\" data-tab-index=\"1\" role=\"tab\" tabindex=\"0\" aria-controls=\"e-n-tab-content-251682251\" style=\"--n-tabs-title-order: 1;\">\n\t\t\t\t\t\t<span class=\"e-n-tab-title-text\">\n\t\t\t\tInstrucciones de tama\u00f1o\t\t\t<\/span>\n\t\t<\/button>\n\t\t\t\t<button id=\"e-n-tab-title-251682252\" data-tab-title-id=\"e-n-tab-title-251682252\" class=\"e-n-tab-title\" aria-selected=\"false\" data-tab-index=\"2\" role=\"tab\" tabindex=\"-1\" aria-controls=\"e-n-tab-content-251682252\" style=\"--n-tabs-title-order: 2;\">\n\t\t\t\t\t\t<span class=\"e-n-tab-title-text\">\n\t\t\t\tCaracter\u00edsticas\t\t\t<\/span>\n\t\t<\/button>\n\t\t\t\t<button id=\"e-n-tab-title-251682253\" data-tab-title-id=\"e-n-tab-title-251682253\" class=\"e-n-tab-title\" aria-selected=\"false\" data-tab-index=\"3\" role=\"tab\" tabindex=\"-1\" aria-controls=\"e-n-tab-content-251682253\" style=\"--n-tabs-title-order: 3;\">\n\t\t\t\t\t\t<span class=\"e-n-tab-title-text\">\n\t\t\t\tInstrucciones de pedido\t\t\t<\/span>\n\t\t<\/button>\n\t\t\t\t\t<\/div>\n\t\t\t<div class=\"e-n-tabs-content\">\n\t\t\t\t<div id=\"e-n-tab-content-251682251\" role=\"tabpanel\" aria-labelledby=\"e-n-tab-title-251682251\" data-tab-index=\"1\" style=\"--n-tabs-title-order: 1;\" class=\"e-active elementor-element elementor-element-2d622f6 e-con-full e-flex e-con e-child\" data-id=\"2d622f6\" data-element_type=\"container\" data-e-type=\"container\">\n\t\t<div class=\"elementor-element elementor-element-4c0086f e-flex e-con-boxed e-con e-child\" data-id=\"4c0086f\" data-element_type=\"container\" data-e-type=\"container\">\n\t\t\t\t\t<div class=\"e-con-inner\">\n\t\t\t\t<div class=\"elementor-element elementor-element-12fe34e elementor-widget elementor-widget-text-editor\" data-id=\"12fe34e\" data-element_type=\"widget\" data-e-type=\"widget\" data-widget_type=\"text-editor.default\">\n\t\t\t\t<div class=\"elementor-widget-container\">\n\t\t\t\t\t\t\t\t\t<table style=\"border-collapse: collapse; width: 471.63pt;\" border=\"0\" width=\"786\" cellspacing=\"0\" cellpadding=\"0\"><tbody><tr style=\"height: 14.40pt;\"><td class=\"et2\" style=\"height: 14.4pt; width: 55.8pt; text-align: center;\" width=\"93\" height=\"24\"><strong>Tama\u00f1o<\/strong><\/td><td class=\"et3\" style=\"width: 151.8pt; border-right: 0.5pt solid #000000; text-align: center;\" colspan=\"2\" width=\"253\"><strong>Longitud<\/strong><\/td><td class=\"et3\" style=\"width: 133.2pt; border-right: 0.5pt solid #000000; text-align: center;\" colspan=\"2\" width=\"222\"><strong>L\u00ednea del busto<\/strong><\/td><td class=\"et3\" style=\"width: 130.8pt; border-right: 0.5pt solid #000000; text-align: center;\" colspan=\"2\" width=\"218\"><strong>Dobladillo<\/strong><\/td><\/tr><tr style=\"height: 14.40pt;\"><td class=\"et5\" style=\"height: 14.40pt;\" height=\"24\"> <\/td><td class=\"et6\">cm<\/td><td class=\"et6\">pulgada<\/td><td class=\"et6\">cm<\/td><td class=\"et6\">pulgada<\/td><td class=\"et6\">cm<\/td><td class=\"et6\">pulgada<\/td><\/tr><tr style=\"height: 14.40pt;\"><td class=\"et5\" style=\"height: 14.40pt;\" height=\"24\">S\/8<\/td><td class=\"et6\">71<\/td><td class=\"et6\">28<\/td><td class=\"et6\">62<\/td><td class=\"et6\">24.4<\/td><td class=\"et6\">60<\/td><td class=\"et6\">23.6<\/td><\/tr><tr style=\"height: 14.40pt;\"><td class=\"et5\" style=\"height: 14.40pt;\" height=\"24\">M\/10<\/td><td class=\"et6\">73<\/td><td class=\"et6\">29<\/td><td class=\"et6\">66<\/td><td class=\"et6\">25.9<\/td><td class=\"et6\">64<\/td><td class=\"et6\">25.1<\/td><\/tr><tr style=\"height: 14.40pt;\"><td class=\"et5\" style=\"height: 14.40pt;\" height=\"24\">L\/12<\/td><td class=\"et6\">76<\/td><td class=\"et6\">30<\/td><td class=\"et6\">70<\/td><td class=\"et6\">27.5<\/td><td class=\"et6\">68<\/td><td class=\"et6\">26.7<\/td><\/tr><tr style=\"height: 14.40pt;\"><td class=\"et5\" style=\"height: 14.40pt;\" height=\"24\">XL\/14<\/td><td class=\"et6\">78<\/td><td class=\"et6\">31<\/td><td class=\"et6\">74<\/td><td class=\"et6\">29.1<\/td><td class=\"et6\">72<\/td><td class=\"et6\">28.3<\/td><\/tr><\/tbody><\/table>\t\t\t\t\t\t\t\t<\/div>\n\t\t\t\t<\/div>\n\t\t\t\t\t<\/div>\n\t\t\t\t<\/div>\n\t\t\t\t<\/div>\n\t\t<div id=\"e-n-tab-content-251682252\" role=\"tabpanel\" aria-labelledby=\"e-n-tab-title-251682252\" data-tab-index=\"2\" style=\"--n-tabs-title-order: 2;\" class=\" elementor-element elementor-element-10ce089 e-con-full e-flex e-con e-child\" data-id=\"10ce089\" data-element_type=\"container\" data-e-type=\"container\">\n\t\t<div class=\"elementor-element elementor-element-c5de9d8 e-flex e-con-boxed e-con e-child\" data-id=\"c5de9d8\" data-element_type=\"container\" data-e-type=\"container\">\n\t\t\t\t\t<div class=\"e-con-inner\">\n\t\t\t\t<div class=\"elementor-element elementor-element-0356b3a elementor-widget elementor-widget-text-editor\" data-id=\"0356b3a\" data-element_type=\"widget\" data-e-type=\"widget\" data-widget_type=\"text-editor.default\">\n\t\t\t\t<div class=\"elementor-widget-container\">\n\t\t\t\t\t\t\t\t\t<ul><li data-start=\"0\" data-end=\"186\"><p data-start=\"3\" data-end=\"186\"><strong data-start=\"3\" data-end=\"62\" data-is-only-node=\"\">La mejor combinaci\u00f3n de estilo, comodidad y rendimiento<\/strong>: Este sujetador deportivo est\u00e1 dise\u00f1ado para satisfacer las exigencias de tu estilo de vida activo, combinando un estilo elegante con un rendimiento superior.<\/p><\/li><li data-start=\"188\" data-end=\"350\"><p data-start=\"191\" data-end=\"350\"><strong data-start=\"191\" data-end=\"231\" data-is-only-node=\"\">Ideal para yoga, running y fitness.<\/strong>: Ya sea que est\u00e9s haciendo estiramientos, corriendo o levantando pesas, este sujetador te brinda apoyo en una amplia variedad de actividades con facilidad.<\/p><\/li><li data-start=\"352\" data-end=\"513\"><p data-start=\"355\" data-end=\"513\"><strong data-start=\"355\" data-end=\"390\" data-is-only-node=\"\">Dise\u00f1o de respaldo elegante y contempor\u00e1neo<\/strong>: El dise\u00f1o \u00fanico de la espalda no solo agrega un toque elegante, sino que tambi\u00e9n mejora la transpirabilidad y permite un rango completo de movimiento.<\/p><\/li><li data-start=\"515\" data-end=\"675\"><p data-start=\"518\" data-end=\"675\"><strong data-start=\"518\" data-end=\"556\" data-is-only-node=\"\">Tejido de secado r\u00e1pido que absorbe la humedad<\/strong>: Mant\u00e9ngase seco y c\u00f3modo sin importar cu\u00e1n intenso sea su entrenamiento con una tela que aleja la humedad de su piel.<\/p><\/li><li data-start=\"677\" data-end=\"847\"><p data-start=\"680\" data-end=\"847\"><strong data-start=\"680\" data-end=\"700\" data-is-only-node=\"\">Sensaci\u00f3n de segunda piell<\/strong>: Ligero y flexible, este sujetador se ajusta como una segunda piel, ofreciendo un entrenamiento sin distracciones y proporcionando la cantidad justa de soporte.<\/p><\/li><li data-start=\"849\" data-end=\"1019\" data-is-last-node=\"\"><p data-start=\"852\" data-end=\"1019\" data-is-last-node=\"\"><strong data-start=\"852\" data-end=\"891\" data-is-only-node=\"\">Dise\u00f1o vers\u00e1til para gimnasios y calles<\/strong>: Se adapta perfectamente a tu entrenamiento y a tu uso diario, combinando comodidad, soporte y un estilo sencillo para todas las ocasiones.<\/p><\/li><\/ul>\t\t\t\t\t\t\t\t<\/div>\n\t\t\t\t<\/div>\n\t\t\t\t\t<\/div>\n\t\t\t\t<\/div>\n\t\t\t\t<\/div>\n\t\t<div id=\"e-n-tab-content-251682253\" role=\"tabpanel\" aria-labelledby=\"e-n-tab-title-251682253\" data-tab-index=\"3\" style=\"--n-tabs-title-order: 3;\" class=\" elementor-element elementor-element-cc816e1 e-con-full e-flex e-con e-child\" data-id=\"cc816e1\" data-element_type=\"container\" data-e-type=\"container\">\n\t\t<div class=\"elementor-element elementor-element-a815e0c e-flex e-con-boxed e-con e-child\" data-id=\"a815e0c\" data-element_type=\"container\" data-e-type=\"container\">\n\t\t\t\t\t<div class=\"e-con-inner\">\n\t\t\t\t<div class=\"elementor-element elementor-element-a21b178 elementor-widget elementor-widget-text-editor\" data-id=\"a21b178\" data-element_type=\"widget\" data-e-type=\"widget\" data-widget_type=\"text-editor.default\">\n\t\t\t\t<div class=\"elementor-widget-container\">\n\t\t\t\t\t\t\t\t\t<p><strong>Si en <a href=\"https:\/\/www.atuactivewear.com\/es\/existencias\/\">Existencias<\/a>,<\/strong>El plazo de entrega ser\u00e1 de 2 d\u00edas. <\/p><p><strong>Dise\u00f1o:<\/strong> Podemos crear un dise\u00f1o basado en sus ideas y especificaciones o desarrollar una muestra basada en su dise\u00f1o existente.<\/p><p><strong>Reproducci\u00f3n de muestra:<\/strong> Si ya tiene muestras, podemos replicarlas con precisi\u00f3n.<\/p><p><strong>MOQ<\/strong>: 100 unidades por color.<\/p><p><strong>Costo de la muestra<\/strong>: US$50 por unidad incluido env\u00edo.<\/p><p><strong>Plazo de entrega de muestra:<\/strong> 7-10 d\u00edas.<\/p><p><strong>Plazo de producci\u00f3n:<\/strong> 10-20 d\u00edas, seg\u00fan cantidad.<\/p>\t\t\t\t\t\t\t\t<\/div>\n\t\t\t\t<\/div>\n\t\t\t\t\t<\/div>\n\t\t\t\t<\/div>\n\t\t\t\t<\/div>\n\t\t\t\t\t<\/div>\n\t\t<\/div>\n\t\t\t\t\t\t<\/div>\n\t\t\t\t<\/div>\n\t\t\t\t\t<\/div>\n\t\t\t\t<\/div>\n\t\t\t\t<\/div>\n\t\t<p>Visitas: 1<\/p>","protected":false},"excerpt":{"rendered":"<h5>Todos los tama\u00f1os, colores y personalizaciones de tela est\u00e1n disponibles.<\/h5>\n<p><strong>Sujetador deportivo color piel:<\/strong> Perfecto para yoga, running y fitness, este sujetador cuenta con un dise\u00f1o elegante en la espalda, tejido de secado r\u00e1pido y una sensaci\u00f3n de segunda piel. \u00a1Ligero, vers\u00e1til y con un estilo natural! <\/p>\n<table width=\"344\">\n<tbody>\n<tr>\n<td width=\"78\">Estilo<\/td>\n<td width=\"266\">Sujetador deportivo color piel<\/td>\n<\/tr>\n<tr>\n<td>Intensidad<\/td>\n<td>Intensidad media<\/td>\n<\/tr>\n<tr>\n<td>Tama\u00f1o<\/td>\n<td>S; M; L; XL (personalizable)<\/td>\n<\/tr>\n<tr>\n<td>Color<\/td>\n<td width=\"266\">Negro, azul, rojo, gris, verde, rosa, naranja, morado (personalizable)<\/td>\n<\/tr>\n<tr>\n<td>Tela<\/td>\n<td width=\"266\">78% POLIAMIDA + 22% ELASTANO (Personalizable)<\/td>\n<\/tr>\n<tr>\n<td>Peso neto<\/td>\n<td>0.2kg<\/td>\n<\/tr>\n<\/tbody>\n<\/table>\n<p>&nbsp;<\/p>\n","protected":false},"featured_media":12474,"comment_status":"open","ping_status":"closed","template":"","meta":{"_acf_changed":false,"site-sidebar-layout":"default","site-content-layout":"","ast-site-content-layout":"default","site-content-style":"default","site-sidebar-style":"default","ast-global-header-display":"","ast-banner-title-visibility":"","ast-main-header-display":"","ast-hfb-above-header-display":"","ast-hfb-below-header-display":"","ast-hfb-mobile-header-display":"","site-post-title":"","ast-breadcrumbs-content":"","ast-featured-img":"","footer-sml-layout":"","ast-disable-related-posts":"","theme-transparent-header-meta":"default","adv-header-id-meta":"","stick-header-meta":"","header-above-stick-meta":"","header-main-stick-meta":"","header-below-stick-meta":"","astra-migrate-meta-layouts":"set","ast-page-background-enabled":"default","ast-page-background-meta":{"desktop":{"background-color":"var(--ast-global-color-4)","background-image":"","background-repeat":"repeat","background-position":"center center","background-size":"auto","background-attachment":"scroll","background-type":"","background-media":"","overlay-type":"","overlay-color":"","overlay-opacity":"","overlay-gradient":""},"tablet":{"background-color":"","background-image":"","background-repeat":"repeat","background-position":"center center","background-size":"auto","background-attachment":"scroll","background-type":"","background-media":"","overlay-type":"","overlay-color":"","overlay-opacity":"","overlay-gradient":""},"mobile":{"background-color":"","background-image":"","background-repeat":"repeat","background-position":"center center","background-size":"auto","background-attachment":"scroll","background-type":"","background-media":"","overlay-type":"","overlay-color":"","overlay-opacity":"","overlay-gradient":""}},"ast-content-background-meta":{"desktop":{"background-color":"var(--ast-global-color-5)","background-image":"","background-repeat":"repeat","background-position":"center center","background-size":"auto","background-attachment":"scroll","background-type":"","background-media":"","overlay-type":"","overlay-color":"","overlay-opacity":"","overlay-gradient":""},"tablet":{"background-color":"var(--ast-global-color-5)","background-image":"","background-repeat":"repeat","background-position":"center center","background-size":"auto","background-attachment":"scroll","background-type":"","background-media":"","overlay-type":"","overlay-color":"","overlay-opacity":"","overlay-gradient":""},"mobile":{"background-color":"var(--ast-global-color-5)","background-image":"","background-repeat":"repeat","background-position":"center center","background-size":"auto","background-attachment":"scroll","background-type":"","background-media":"","overlay-type":"","overlay-color":"","overlay-opacity":"","overlay-gradient":""}}},"product_brand":[],"product_cat":[211,210],"product_tag":[],"class_list":{"0":"post-12473","1":"product","2":"type-product","3":"status-publish","4":"has-post-thumbnail","6":"product_cat-full-coverage-sports-bras-es","7":"product_cat-sprots-bra-es","8":"desktop-align-left","9":"tablet-align-left","10":"mobile-align-left","12":"first","13":"instock","14":"taxable","15":"shipping-taxable","16":"product-type-simple"},"acf":[],"yoast_head":"<!-- This site is optimized with the Yoast SEO plugin v24.5 - https:\/\/yoast.com\/wordpress\/plugins\/seo\/ -->\n<title>Soporte medio desnudo sujetador deportivo mujer<\/title>\n<meta name=\"description\" content=\"Dise\u00f1ado para yoga, running y fitness, este modelo nude sujetador deportivo mujer presenta un dise\u00f1o de espalda espectacular, tejido sin costuras de secado r\u00e1pido y una sensaci\u00f3n de segunda piel. Ligero, vers\u00e1til y perfecto para usar en capas, combina estilo y rendimiento a la perfecci\u00f3n.\" \/>\n<meta name=\"robots\" content=\"index, follow, max-snippet:-1, max-image-preview:large, max-video-preview:-1\" \/>\n<link rel=\"canonical\" href=\"https:\/\/www.atuactivewear.com\/es\/producto\/soporte-medio-desnudo-sujetador-deportivo-mujer\/\" \/>\n<meta property=\"og:locale\" content=\"es_ES\" \/>\n<meta property=\"og:type\" content=\"article\" \/>\n<meta property=\"og:title\" content=\"Soporte medio desnudo sujetador deportivo mujer\" \/>\n<meta property=\"og:description\" content=\"Dise\u00f1ado para yoga, running y fitness, este modelo nude sujetador deportivo mujer presenta un dise\u00f1o de espalda espectacular, tejido sin costuras de secado r\u00e1pido y una sensaci\u00f3n de segunda piel. Ligero, vers\u00e1til y perfecto para usar en capas, combina estilo y rendimiento a la perfecci\u00f3n.\" \/>\n<meta property=\"og:url\" content=\"https:\/\/www.atuactivewear.com\/es\/producto\/soporte-medio-desnudo-sujetador-deportivo-mujer\/\" \/>\n<meta property=\"article:modified_time\" content=\"2025-10-30T07:54:09+00:00\" \/>\n<meta property=\"og:image\" content=\"https:\/\/www.atuactivewear.com\/wp-content\/uploads\/2025\/02\/nude-sports-bra.webp\" \/>\n\t<meta property=\"og:image:width\" content=\"1500\" \/>\n\t<meta property=\"og:image:height\" content=\"1500\" \/>\n\t<meta property=\"og:image:type\" content=\"image\/webp\" \/>\n<meta name=\"twitter:card\" content=\"summary_large_image\" \/>\n<meta name=\"twitter:label1\" content=\"Tiempo de lectura\" \/>\n\t<meta name=\"twitter:data1\" content=\"3 minutos\" \/>\n<script type=\"application\/ld+json\" class=\"yoast-schema-graph\">{\"@context\":\"https:\/\/schema.org\",\"@graph\":[{\"@type\":\"WebPage\",\"@id\":\"https:\/\/www.atuactivewear.com\/es\/producto\/soporte-medio-desnudo-sujetador-deportivo-mujer\/\",\"url\":\"https:\/\/www.atuactivewear.com\/es\/producto\/soporte-medio-desnudo-sujetador-deportivo-mujer\/\",\"name\":\"Soporte medio desnudo sujetador deportivo mujer\",\"isPartOf\":{\"@id\":\"https:\/\/www.atuactivewear.com\/es\/#website\"},\"primaryImageOfPage\":{\"@id\":\"https:\/\/www.atuactivewear.com\/es\/producto\/soporte-medio-desnudo-sujetador-deportivo-mujer\/#primaryimage\"},\"image\":{\"@id\":\"https:\/\/www.atuactivewear.com\/es\/producto\/soporte-medio-desnudo-sujetador-deportivo-mujer\/#primaryimage\"},\"thumbnailUrl\":\"https:\/\/www.atuactivewear.com\/wp-content\/uploads\/2025\/02\/nude-sports-bra.webp\",\"datePublished\":\"2025-02-21T09:42:28+00:00\",\"dateModified\":\"2025-10-30T07:54:09+00:00\",\"description\":\"Dise\u00f1ado para yoga, running y fitness, este modelo nude sujetador deportivo mujer presenta un dise\u00f1o de espalda espectacular, tejido sin costuras de secado r\u00e1pido y una sensaci\u00f3n de segunda piel. Ligero, vers\u00e1til y perfecto para usar en capas, combina estilo y rendimiento a la perfecci\u00f3n.\",\"breadcrumb\":{\"@id\":\"https:\/\/www.atuactivewear.com\/es\/producto\/soporte-medio-desnudo-sujetador-deportivo-mujer\/#breadcrumb\"},\"inLanguage\":\"es\",\"potentialAction\":[{\"@type\":\"ReadAction\",\"target\":[\"https:\/\/www.atuactivewear.com\/es\/producto\/soporte-medio-desnudo-sujetador-deportivo-mujer\/\"]}]},{\"@type\":\"ImageObject\",\"inLanguage\":\"es\",\"@id\":\"https:\/\/www.atuactivewear.com\/es\/producto\/soporte-medio-desnudo-sujetador-deportivo-mujer\/#primaryimage\",\"url\":\"https:\/\/www.atuactivewear.com\/wp-content\/uploads\/2025\/02\/nude-sports-bra.webp\",\"contentUrl\":\"https:\/\/www.atuactivewear.com\/wp-content\/uploads\/2025\/02\/nude-sports-bra.webp\",\"width\":1500,\"height\":1500,\"caption\":\"sujetador deportivo mujer\"},{\"@type\":\"BreadcrumbList\",\"@id\":\"https:\/\/www.atuactivewear.com\/es\/producto\/soporte-medio-desnudo-sujetador-deportivo-mujer\/#breadcrumb\",\"itemListElement\":[{\"@type\":\"ListItem\",\"position\":1,\"name\":\"\u9996\u9875\",\"item\":\"https:\/\/www.atuactivewear.com\/es\/hogar\/\"},{\"@type\":\"ListItem\",\"position\":2,\"name\":\"Productos\",\"item\":\"https:\/\/www.atuactivewear.com\/es\/productos\/\"},{\"@type\":\"ListItem\",\"position\":3,\"name\":\"Soporte medio desnudo sujetador deportivo mujer\"}]},{\"@type\":\"WebSite\",\"@id\":\"https:\/\/www.atuactivewear.com\/es\/#website\",\"url\":\"https:\/\/www.atuactivewear.com\/es\/\",\"name\":\"\",\"description\":\"\",\"potentialAction\":[{\"@type\":\"SearchAction\",\"target\":{\"@type\":\"EntryPoint\",\"urlTemplate\":\"https:\/\/www.atuactivewear.com\/es\/?s={search_term_string}\"},\"query-input\":{\"@type\":\"PropertyValueSpecification\",\"valueRequired\":true,\"valueName\":\"search_term_string\"}}],\"inLanguage\":\"es\"}]}<\/script>\n<!-- \/ Yoast SEO plugin. -->","yoast_head_json":{"title":"Soporte medio desnudo sujetador deportivo mujer","description":"Dise\u00f1ado para yoga, running y fitness, este modelo nude sujetador deportivo mujer presenta un dise\u00f1o de espalda espectacular, tejido sin costuras de secado r\u00e1pido y una sensaci\u00f3n de segunda piel. Ligero, vers\u00e1til y perfecto para usar en capas, combina estilo y rendimiento a la perfecci\u00f3n.","robots":{"index":"index","follow":"follow","max-snippet":"max-snippet:-1","max-image-preview":"max-image-preview:large","max-video-preview":"max-video-preview:-1"},"canonical":"https:\/\/www.atuactivewear.com\/es\/producto\/soporte-medio-desnudo-sujetador-deportivo-mujer\/","og_locale":"es_ES","og_type":"article","og_title":"Soporte medio desnudo sujetador deportivo mujer","og_description":"Dise\u00f1ado para yoga, running y fitness, este modelo nude sujetador deportivo mujer presenta un dise\u00f1o de espalda espectacular, tejido sin costuras de secado r\u00e1pido y una sensaci\u00f3n de segunda piel. Ligero, vers\u00e1til y perfecto para usar en capas, combina estilo y rendimiento a la perfecci\u00f3n.","og_url":"https:\/\/www.atuactivewear.com\/es\/producto\/soporte-medio-desnudo-sujetador-deportivo-mujer\/","article_modified_time":"2025-10-30T07:54:09+00:00","og_image":[{"width":1500,"height":1500,"url":"https:\/\/www.atuactivewear.com\/wp-content\/uploads\/2025\/02\/nude-sports-bra.webp","type":"image\/webp"}],"twitter_card":"summary_large_image","twitter_misc":{"Tiempo de lectura":"3 minutos"},"schema":{"@context":"https:\/\/schema.org","@graph":[{"@type":"WebPage","@id":"https:\/\/www.atuactivewear.com\/es\/producto\/soporte-medio-desnudo-sujetador-deportivo-mujer\/","url":"https:\/\/www.atuactivewear.com\/es\/producto\/soporte-medio-desnudo-sujetador-deportivo-mujer\/","name":"Soporte medio desnudo sujetador deportivo mujer","isPartOf":{"@id":"https:\/\/www.atuactivewear.com\/es\/#website"},"primaryImageOfPage":{"@id":"https:\/\/www.atuactivewear.com\/es\/producto\/soporte-medio-desnudo-sujetador-deportivo-mujer\/#primaryimage"},"image":{"@id":"https:\/\/www.atuactivewear.com\/es\/producto\/soporte-medio-desnudo-sujetador-deportivo-mujer\/#primaryimage"},"thumbnailUrl":"https:\/\/www.atuactivewear.com\/wp-content\/uploads\/2025\/02\/nude-sports-bra.webp","datePublished":"2025-02-21T09:42:28+00:00","dateModified":"2025-10-30T07:54:09+00:00","description":"Dise\u00f1ado para yoga, running y fitness, este modelo nude sujetador deportivo mujer presenta un dise\u00f1o de espalda espectacular, tejido sin costuras de secado r\u00e1pido y una sensaci\u00f3n de segunda piel. Ligero, vers\u00e1til y perfecto para usar en capas, combina estilo y rendimiento a la perfecci\u00f3n.","breadcrumb":{"@id":"https:\/\/www.atuactivewear.com\/es\/producto\/soporte-medio-desnudo-sujetador-deportivo-mujer\/#breadcrumb"},"inLanguage":"es","potentialAction":[{"@type":"ReadAction","target":["https:\/\/www.atuactivewear.com\/es\/producto\/soporte-medio-desnudo-sujetador-deportivo-mujer\/"]}]},{"@type":"ImageObject","inLanguage":"es","@id":"https:\/\/www.atuactivewear.com\/es\/producto\/soporte-medio-desnudo-sujetador-deportivo-mujer\/#primaryimage","url":"https:\/\/www.atuactivewear.com\/wp-content\/uploads\/2025\/02\/nude-sports-bra.webp","contentUrl":"https:\/\/www.atuactivewear.com\/wp-content\/uploads\/2025\/02\/nude-sports-bra.webp","width":1500,"height":1500,"caption":"sujetador deportivo mujer"},{"@type":"BreadcrumbList","@id":"https:\/\/www.atuactivewear.com\/es\/producto\/soporte-medio-desnudo-sujetador-deportivo-mujer\/#breadcrumb","itemListElement":[{"@type":"ListItem","position":1,"name":"\u9996\u9875","item":"https:\/\/www.atuactivewear.com\/es\/hogar\/"},{"@type":"ListItem","position":2,"name":"Productos","item":"https:\/\/www.atuactivewear.com\/es\/productos\/"},{"@type":"ListItem","position":3,"name":"Soporte medio desnudo sujetador deportivo mujer"}]},{"@type":"WebSite","@id":"https:\/\/www.atuactivewear.com\/es\/#website","url":"https:\/\/www.atuactivewear.com\/es\/","name":"","description":"","potentialAction":[{"@type":"SearchAction","target":{"@type":"EntryPoint","urlTemplate":"https:\/\/www.atuactivewear.com\/es\/?s={search_term_string}"},"query-input":{"@type":"PropertyValueSpecification","valueRequired":true,"valueName":"search_term_string"}}],"inLanguage":"es"}]}},"_links":{"self":[{"href":"https:\/\/www.atuactivewear.com\/es\/wp-json\/wp\/v2\/product\/12473","targetHints":{"allow":["GET"]}}],"collection":[{"href":"https:\/\/www.atuactivewear.com\/es\/wp-json\/wp\/v2\/product"}],"about":[{"href":"https:\/\/www.atuactivewear.com\/es\/wp-json\/wp\/v2\/types\/product"}],"replies":[{"embeddable":true,"href":"https:\/\/www.atuactivewear.com\/es\/wp-json\/wp\/v2\/comments?post=12473"}],"version-history":[{"count":0,"href":"https:\/\/www.atuactivewear.com\/es\/wp-json\/wp\/v2\/product\/12473\/revisions"}],"wp:featuredmedia":[{"embeddable":true,"href":"https:\/\/www.atuactivewear.com\/es\/wp-json\/wp\/v2\/media\/12474"}],"wp:attachment":[{"href":"https:\/\/www.atuactivewear.com\/es\/wp-json\/wp\/v2\/media?parent=12473"}],"wp:term":[{"taxonomy":"product_brand","embeddable":true,"href":"https:\/\/www.atuactivewear.com\/es\/wp-json\/wp\/v2\/product_brand?post=12473"},{"taxonomy":"product_cat","embeddable":true,"href":"https:\/\/www.atuactivewear.com\/es\/wp-json\/wp\/v2\/product_cat?post=12473"},{"taxonomy":"product_tag","embeddable":true,"href":"https:\/\/www.atuactivewear.com\/es\/wp-json\/wp\/v2\/product_tag?post=12473"}],"curies":[{"name":"wp","href":"https:\/\/api.w.org\/{rel}","templated":true}]}}