{"id":11934,"date":"2025-02-22T10:17:02","date_gmt":"2025-02-22T02:17:02","guid":{"rendered":"https:\/\/www.atuactivewear.com\/product\/traje-sauna-mujer\/"},"modified":"2025-10-30T15:52:59","modified_gmt":"2025-10-30T07:52:59","slug":"traje-sauna-mujer","status":"publish","type":"product","link":"https:\/\/www.atuactivewear.com\/es\/producto\/traje-sauna-mujer\/","title":{"rendered":"traje sauna mujer"},"content":{"rendered":"\t\t<div data-elementor-type=\"product-post\" data-elementor-id=\"11934\" class=\"elementor elementor-11934 elementor-5409\" data-elementor-post-type=\"product\">\n\t\t\t\t<div class=\"elementor-element elementor-element-185fb7a1 e-flex e-con-boxed e-con e-parent\" data-id=\"185fb7a1\" data-element_type=\"container\" data-e-type=\"container\">\n\t\t\t\t\t<div class=\"e-con-inner\">\n\t\t\t\t<div class=\"elementor-element elementor-element-1800961 e-n-tabs-mobile elementor-widget elementor-widget-n-tabs\" data-id=\"1800961\" data-element_type=\"widget\" data-e-type=\"widget\" data-settings=\"{&quot;tabs_justify_horizontal&quot;:&quot;start&quot;,&quot;horizontal_scroll&quot;:&quot;disable&quot;}\" data-widget_type=\"nested-tabs.default\">\n\t\t\t\t<div class=\"elementor-widget-container\">\n\t\t\t\t\t\t\t<div class=\"e-n-tabs\" data-widget-number=\"25168225\" aria-label=\"Pesta\u00f1as. Abre elementos con Intro o Espacio, ci\u00e9rralos con Escape y navega con las fechas.\">\n\t\t\t<div class=\"e-n-tabs-heading\" role=\"tablist\">\n\t\t\t\t\t<button id=\"e-n-tab-title-251682251\" data-tab-title-id=\"e-n-tab-title-251682251\" class=\"e-n-tab-title\" aria-selected=\"true\" data-tab-index=\"1\" role=\"tab\" tabindex=\"0\" aria-controls=\"e-n-tab-content-251682251\" style=\"--n-tabs-title-order: 1;\">\n\t\t\t\t\t\t<span class=\"e-n-tab-title-text\">\n\t\t\t\tInstrucciones de tama\u00f1o\t\t\t<\/span>\n\t\t<\/button>\n\t\t\t\t<button id=\"e-n-tab-title-251682252\" data-tab-title-id=\"e-n-tab-title-251682252\" class=\"e-n-tab-title\" aria-selected=\"false\" data-tab-index=\"2\" role=\"tab\" tabindex=\"-1\" aria-controls=\"e-n-tab-content-251682252\" style=\"--n-tabs-title-order: 2;\">\n\t\t\t\t\t\t<span class=\"e-n-tab-title-text\">\n\t\t\t\tCaracter\u00edsticas\t\t\t<\/span>\n\t\t<\/button>\n\t\t\t\t<button id=\"e-n-tab-title-251682253\" data-tab-title-id=\"e-n-tab-title-251682253\" class=\"e-n-tab-title\" aria-selected=\"false\" data-tab-index=\"3\" role=\"tab\" tabindex=\"-1\" aria-controls=\"e-n-tab-content-251682253\" style=\"--n-tabs-title-order: 3;\">\n\t\t\t\t\t\t<span class=\"e-n-tab-title-text\">\n\t\t\t\tInstrucciones de pedido\t\t\t<\/span>\n\t\t<\/button>\n\t\t\t\t\t<\/div>\n\t\t\t<div class=\"e-n-tabs-content\">\n\t\t\t\t<div id=\"e-n-tab-content-251682251\" role=\"tabpanel\" aria-labelledby=\"e-n-tab-title-251682251\" data-tab-index=\"1\" style=\"--n-tabs-title-order: 1;\" class=\"e-active elementor-element elementor-element-2d622f6 e-con-full e-flex e-con e-child\" data-id=\"2d622f6\" data-element_type=\"container\" data-e-type=\"container\">\n\t\t<div class=\"elementor-element elementor-element-4c0086f e-flex e-con-boxed e-con e-child\" data-id=\"4c0086f\" data-element_type=\"container\" data-e-type=\"container\">\n\t\t\t\t\t<div class=\"e-con-inner\">\n\t\t\t\t<div class=\"elementor-element elementor-element-12fe34e elementor-widget elementor-widget-text-editor\" data-id=\"12fe34e\" data-element_type=\"widget\" data-e-type=\"widget\" data-widget_type=\"text-editor.default\">\n\t\t\t\t<div class=\"elementor-widget-container\">\n\t\t\t\t\t\t\t\t\t<table style=\"border-collapse: collapse; width: 379.82pt;\" border=\"0\" width=\"633\" cellspacing=\"0\" cellpadding=\"0\"><tbody><tr style=\"height: 14.40pt;\"><td class=\"et2\" style=\"height: 14.4pt; width: 48.6pt; text-align: center;\" width=\"81\" height=\"24\"><strong>Tama\u00f1o<\/strong><\/td><td class=\"et3\" style=\"width: 97.2pt; text-align: center;\" colspan=\"2\" width=\"162\"><strong>Busto<\/strong><\/td><td class=\"et3\" style=\"width: 97.2pt; text-align: center;\" colspan=\"2\" width=\"162\"><strong>Longitud<\/strong><\/td><td class=\"et3\" style=\"width: 136.8pt; text-align: center;\" colspan=\"2\" width=\"228\"><strong>Longitud de la manga<\/strong><\/td><\/tr><tr style=\"height: 14.40pt;\"><td class=\"et2\" style=\"height: 14.40pt;\" height=\"24\"> <\/td><td class=\"et3\">cm<\/td><td class=\"et3\">pulgada<\/td><td class=\"et3\">cm<\/td><td class=\"et3\">pulgada<\/td><td class=\"et3\">cm<\/td><td class=\"et3\">pulgada<\/td><\/tr><tr style=\"height: 14.40pt;\"><td class=\"et2\" style=\"height: 14.40pt;\" height=\"24\">M<\/td><td class=\"et3\">92<\/td><td class=\"et3\">36.2<\/td><td class=\"et3\">52<\/td><td class=\"et3\">20.4<\/td><td class=\"et3\">62<\/td><td class=\"et3\">24.4<\/td><\/tr><tr style=\"height: 14.40pt;\"><td class=\"et2\" style=\"height: 14.40pt;\" height=\"24\">L<\/td><td class=\"et3\">96<\/td><td class=\"et3\">37.7<\/td><td class=\"et3\">53<\/td><td class=\"et3\">20.8<\/td><td class=\"et3\">63<\/td><td class=\"et3\">24.8<\/td><\/tr><tr style=\"height: 14.40pt;\"><td class=\"et2\" style=\"height: 14.40pt;\" height=\"24\">XL<\/td><td class=\"et3\">101<\/td><td class=\"et3\">39.7<\/td><td class=\"et3\">55.5<\/td><td class=\"et3\">21.8<\/td><td class=\"et3\">65.5<\/td><td class=\"et3\">25.7<\/td><\/tr><tr style=\"height: 14.40pt;\"><td class=\"et2\" style=\"height: 14.40pt;\" height=\"24\">2XL<\/td><td class=\"et3\">109<\/td><td class=\"et3\">42.9<\/td><td class=\"et3\">56.5<\/td><td class=\"et3\">22.2<\/td><td class=\"et3\">68<\/td><td class=\"et3\">26.7<\/td><\/tr><tr style=\"height: 14.40pt;\"><td class=\"et2\" style=\"height: 14.40pt;\" height=\"24\">3XL<\/td><td class=\"et3\">116<\/td><td class=\"et3\">45.6<\/td><td class=\"et3\">58<\/td><td class=\"et3\">22.8<\/td><td class=\"et3\">69<\/td><td class=\"et3\">27.1<\/td><\/tr><tr style=\"height: 14.40pt;\"><td class=\"et2\" style=\"height: 14.40pt;\" height=\"24\">4XL<\/td><td class=\"et3\">121<\/td><td class=\"et3\">47.6<\/td><td class=\"et3\">59<\/td><td class=\"et3\">23.2<\/td><td class=\"et3\">70<\/td><td class=\"et3\">27.5<\/td><\/tr><tr style=\"height: 14.40pt;\"><td class=\"et2\" style=\"height: 14.40pt;\" height=\"24\">5XL<\/td><td class=\"et3\">125<\/td><td class=\"et3\">49<\/td><td class=\"et3\">60<\/td><td class=\"et3\">23.6<\/td><td class=\"et3\">71<\/td><td class=\"et3\">27.9<\/td><\/tr><\/tbody><\/table>\t\t\t\t\t\t\t\t<\/div>\n\t\t\t\t<\/div>\n\t\t\t\t\t<\/div>\n\t\t\t\t<\/div>\n\t\t\t\t<\/div>\n\t\t<div id=\"e-n-tab-content-251682252\" role=\"tabpanel\" aria-labelledby=\"e-n-tab-title-251682252\" data-tab-index=\"2\" style=\"--n-tabs-title-order: 2;\" class=\" elementor-element elementor-element-10ce089 e-con-full e-flex e-con e-child\" data-id=\"10ce089\" data-element_type=\"container\" data-e-type=\"container\">\n\t\t<div class=\"elementor-element elementor-element-c5de9d8 e-flex e-con-boxed e-con e-child\" data-id=\"c5de9d8\" data-element_type=\"container\" data-e-type=\"container\">\n\t\t\t\t\t<div class=\"e-con-inner\">\n\t\t\t\t<div class=\"elementor-element elementor-element-0356b3a elementor-widget elementor-widget-text-editor\" data-id=\"0356b3a\" data-element_type=\"widget\" data-e-type=\"widget\" data-widget_type=\"text-editor.default\">\n\t\t\t\t<div class=\"elementor-widget-container\">\n\t\t\t\t\t\t\t\t\t<p><strong>El efecto del entrenamiento<\/strong> &#8211; La <strong>traje sauna mujer<\/strong> est\u00e1 dise\u00f1ado para retener el calor y elevar la temperatura corporal, maximizando la quema de grasas y calor\u00edas mediante la sudoraci\u00f3n intensa. Este dise\u00f1o innovador acelera la p\u00e9rdida de peso y acelera el metabolismo, ayud\u00e1ndote a alcanzar tus objetivos de fitness m\u00e1s r\u00e1pido. <\/p><p><strong>Telas c\u00f3modas<\/strong> &#8211; Fabricado con tejido de alta calidad con revestimiento de PU plateado, este traje de sauna con capucha es ligero y cuenta con elasticidad en 4 direcciones para una comodidad m\u00e1xima. Es inodoro, hipoalerg\u00e9nico y silencioso, lo que garantiza una experiencia de entrenamiento placentera.. <\/p><p><strong>Caracter\u00edsticas de dise\u00f1o<\/strong> &#8211; Dise\u00f1ado como un moldeador corporal funcional, este traje incluye una cremallera completa para pon\u00e9rselo y quit\u00e1rselo f\u00e1cilmente. Su dise\u00f1o con capucha es perfecto para correr por la ma\u00f1ana o cuando llueve, mientras que los pr\u00e1cticos bolsillos laterales te permiten llevar lo esencial, como tu tel\u00e9fono, durante el ejercicio. <\/p><p><strong>Uso vers\u00e1til<\/strong> &#8211; Ideal para sesiones de gimnasio, carreras, actividades al aire libre, ciclismo, entrenamientos con equipos y m\u00e1s, este <strong>chaqueta de sauna para mujer<\/strong> Es tu equipo ideal para mejorar cualquier rutina de ejercicios.<\/p>\t\t\t\t\t\t\t\t<\/div>\n\t\t\t\t<\/div>\n\t\t\t\t\t<\/div>\n\t\t\t\t<\/div>\n\t\t\t\t<\/div>\n\t\t<div id=\"e-n-tab-content-251682253\" role=\"tabpanel\" aria-labelledby=\"e-n-tab-title-251682253\" data-tab-index=\"3\" style=\"--n-tabs-title-order: 3;\" class=\" elementor-element elementor-element-cc816e1 e-con-full e-flex e-con e-child\" data-id=\"cc816e1\" data-element_type=\"container\" data-e-type=\"container\">\n\t\t<div class=\"elementor-element elementor-element-a815e0c e-flex e-con-boxed e-con e-child\" data-id=\"a815e0c\" data-element_type=\"container\" data-e-type=\"container\">\n\t\t\t\t\t<div class=\"e-con-inner\">\n\t\t\t\t<div class=\"elementor-element elementor-element-a21b178 elementor-widget elementor-widget-text-editor\" data-id=\"a21b178\" data-element_type=\"widget\" data-e-type=\"widget\" data-widget_type=\"text-editor.default\">\n\t\t\t\t<div class=\"elementor-widget-container\">\n\t\t\t\t\t\t\t\t\t<p><strong>Si en <a href=\"https:\/\/www.atuactivewear.com\/es\/existencias\/\">Existencias<\/a>,<\/strong>El plazo de entrega ser\u00e1 de 2 d\u00edas. <\/p><p><strong>Dise\u00f1o:<\/strong> Podemos crear un dise\u00f1o basado en sus ideas y especificaciones o desarrollar una muestra basada en su dise\u00f1o existente.<\/p><p><strong>Reproducci\u00f3n de muestra:<\/strong> Si ya tiene muestras, podemos replicarlas con precisi\u00f3n.<\/p><p><strong>MOQ<\/strong>: 100 unidades por color.<\/p><p><strong>Costo de la muestra<\/strong>: US$50 por unidad incluido env\u00edo.<\/p><p><strong>Plazo de entrega de muestra:<\/strong> 7-10 d\u00edas.<\/p><p><strong>Plazo de producci\u00f3n:<\/strong> 10-20 d\u00edas, seg\u00fan cantidad.<\/p>\t\t\t\t\t\t\t\t<\/div>\n\t\t\t\t<\/div>\n\t\t\t\t\t<\/div>\n\t\t\t\t<\/div>\n\t\t\t\t<\/div>\n\t\t\t\t\t<\/div>\n\t\t<\/div>\n\t\t\t\t\t\t<\/div>\n\t\t\t\t<\/div>\n\t\t\t\t\t<\/div>\n\t\t\t\t<\/div>\n\t\t\t\t<\/div>\n\t\t<p>Visitas: 0<\/p>","protected":false},"excerpt":{"rendered":"<h5>Todos los tama\u00f1os, colores y personalizaciones de tela est\u00e1n disponibles.<\/h5>\n<p>La <strong>traje sauna mujer<\/strong> atrapa el calor, aumenta la sudoraci\u00f3n y mejora los entrenamientos, ayudando a quemar grasa, aumentar el metabolismo y alcanzar objetivos de fitness.<\/p>\n<table width=\"344\">\n<tbody>\n<tr>\n<td width=\"78\">Estilo<\/td>\n<td width=\"266\">Chaqueta con cremallera de sauna (cuello alto o capucha opcionales)<\/td>\n<\/tr>\n<tr>\n<td>Tipo de manga<\/td>\n<td>Mangas largas o cortas (opcional)<\/td>\n<\/tr>\n<tr>\n<td>Tama\u00f1o<\/td>\n<td>S; M; L; XL; 2XL; 3XL; 4XL; 5XL (personalizable)<\/td>\n<\/tr>\n<tr>\n<td>Color<\/td>\n<td width=\"266\">Exterior: Negro; Rosa (Personalizable)<br \/>\n Interior: Plata \/ Oro \/ Morado (opcional)<\/td>\n<\/tr>\n<tr>\n<td>Tela \/ Material interior<\/td>\n<td width=\"266\">Poli\u00e9ster \/ Neopreno<\/td>\n<\/tr>\n<tr>\n<td>Peso neto<\/td>\n<td>0.33kg<\/td>\n<\/tr>\n<\/tbody>\n<\/table>\n<p>&nbsp;<\/p>\n","protected":false},"featured_media":11935,"comment_status":"open","ping_status":"closed","template":"","meta":{"_acf_changed":false,"site-sidebar-layout":"default","site-content-layout":"","ast-site-content-layout":"default","site-content-style":"default","site-sidebar-style":"default","ast-global-header-display":"","ast-banner-title-visibility":"","ast-main-header-display":"","ast-hfb-above-header-display":"","ast-hfb-below-header-display":"","ast-hfb-mobile-header-display":"","site-post-title":"","ast-breadcrumbs-content":"","ast-featured-img":"","footer-sml-layout":"","ast-disable-related-posts":"","theme-transparent-header-meta":"default","adv-header-id-meta":"","stick-header-meta":"","header-above-stick-meta":"","header-main-stick-meta":"","header-below-stick-meta":"","astra-migrate-meta-layouts":"set","ast-page-background-enabled":"default","ast-page-background-meta":{"desktop":{"background-color":"var(--ast-global-color-4)","background-image":"","background-repeat":"repeat","background-position":"center center","background-size":"auto","background-attachment":"scroll","background-type":"","background-media":"","overlay-type":"","overlay-color":"","overlay-opacity":"","overlay-gradient":""},"tablet":{"background-color":"","background-image":"","background-repeat":"repeat","background-position":"center center","background-size":"auto","background-attachment":"scroll","background-type":"","background-media":"","overlay-type":"","overlay-color":"","overlay-opacity":"","overlay-gradient":""},"mobile":{"background-color":"","background-image":"","background-repeat":"repeat","background-position":"center center","background-size":"auto","background-attachment":"scroll","background-type":"","background-media":"","overlay-type":"","overlay-color":"","overlay-opacity":"","overlay-gradient":""}},"ast-content-background-meta":{"desktop":{"background-color":"var(--ast-global-color-5)","background-image":"","background-repeat":"repeat","background-position":"center center","background-size":"auto","background-attachment":"scroll","background-type":"","background-media":"","overlay-type":"","overlay-color":"","overlay-opacity":"","overlay-gradient":""},"tablet":{"background-color":"var(--ast-global-color-5)","background-image":"","background-repeat":"repeat","background-position":"center center","background-size":"auto","background-attachment":"scroll","background-type":"","background-media":"","overlay-type":"","overlay-color":"","overlay-opacity":"","overlay-gradient":""},"mobile":{"background-color":"var(--ast-global-color-5)","background-image":"","background-repeat":"repeat","background-position":"center center","background-size":"auto","background-attachment":"scroll","background-type":"","background-media":"","overlay-type":"","overlay-color":"","overlay-opacity":"","overlay-gradient":""}}},"product_brand":[],"product_cat":[245,241,205,206],"product_tag":[],"class_list":{"0":"post-11934","1":"product","2":"type-product","3":"status-publish","4":"has-post-thumbnail","6":"product_cat-abrigo-de-sauna","7":"product_cat-traje-de-sauna-de-talla-grande","8":"product_cat-plus-size-es","9":"product_cat-sauna-suit-es","10":"desktop-align-left","11":"tablet-align-left","12":"mobile-align-left","14":"first","15":"instock","16":"taxable","17":"shipping-taxable","18":"product-type-simple"},"acf":[],"yoast_head":"<!-- This site is optimized with the Yoast SEO plugin v24.5 - https:\/\/yoast.com\/wordpress\/plugins\/seo\/ -->\n<title>Arriba traje sauna mujer : Mejora tus objetivos de entrenamiento y sudoraci\u00f3n<\/title>\n<meta name=\"description\" content=\"La traje sauna mujer est\u00e1 dise\u00f1ado para maximizar la eficiencia de su entrenamiento al atrapar el calor, aumentar la temperatura central y promover la sudoraci\u00f3n intensa, lo que lo hace perfecto para quemar grasa, impulsar el metabolismo y lograr sus objetivos de fitness.\" \/>\n<meta name=\"robots\" content=\"index, follow, max-snippet:-1, max-image-preview:large, max-video-preview:-1\" \/>\n<link rel=\"canonical\" href=\"https:\/\/www.atuactivewear.com\/es\/producto\/traje-sauna-mujer\/\" \/>\n<meta property=\"og:locale\" content=\"es_ES\" \/>\n<meta property=\"og:type\" content=\"article\" \/>\n<meta property=\"og:title\" content=\"Arriba traje sauna mujer : Mejora tus objetivos de entrenamiento y sudoraci\u00f3n\" \/>\n<meta property=\"og:description\" content=\"La traje sauna mujer est\u00e1 dise\u00f1ado para maximizar la eficiencia de su entrenamiento al atrapar el calor, aumentar la temperatura central y promover la sudoraci\u00f3n intensa, lo que lo hace perfecto para quemar grasa, impulsar el metabolismo y lograr sus objetivos de fitness.\" \/>\n<meta property=\"og:url\" content=\"https:\/\/www.atuactivewear.com\/es\/producto\/traje-sauna-mujer\/\" \/>\n<meta property=\"article:modified_time\" content=\"2025-10-30T07:52:59+00:00\" \/>\n<meta property=\"og:image\" content=\"https:\/\/www.atuactivewear.com\/wp-content\/uploads\/2025\/02\/sauna-jacket-for-women.webp\" \/>\n\t<meta property=\"og:image:width\" content=\"800\" \/>\n\t<meta property=\"og:image:height\" content=\"800\" \/>\n\t<meta property=\"og:image:type\" content=\"image\/webp\" \/>\n<meta name=\"twitter:card\" content=\"summary_large_image\" \/>\n<meta name=\"twitter:label1\" content=\"Tiempo de lectura\" \/>\n\t<meta name=\"twitter:data1\" content=\"3 minutos\" \/>\n<script type=\"application\/ld+json\" class=\"yoast-schema-graph\">{\"@context\":\"https:\/\/schema.org\",\"@graph\":[{\"@type\":\"WebPage\",\"@id\":\"https:\/\/www.atuactivewear.com\/es\/producto\/traje-sauna-mujer\/\",\"url\":\"https:\/\/www.atuactivewear.com\/es\/producto\/traje-sauna-mujer\/\",\"name\":\"Arriba traje sauna mujer : Mejora tus objetivos de entrenamiento y sudoraci\u00f3n\",\"isPartOf\":{\"@id\":\"https:\/\/www.atuactivewear.com\/es\/#website\"},\"primaryImageOfPage\":{\"@id\":\"https:\/\/www.atuactivewear.com\/es\/producto\/traje-sauna-mujer\/#primaryimage\"},\"image\":{\"@id\":\"https:\/\/www.atuactivewear.com\/es\/producto\/traje-sauna-mujer\/#primaryimage\"},\"thumbnailUrl\":\"https:\/\/www.atuactivewear.com\/wp-content\/uploads\/2025\/02\/sauna-jacket-for-women.webp\",\"datePublished\":\"2025-02-22T02:17:02+00:00\",\"dateModified\":\"2025-10-30T07:52:59+00:00\",\"description\":\"La traje sauna mujer est\u00e1 dise\u00f1ado para maximizar la eficiencia de su entrenamiento al atrapar el calor, aumentar la temperatura central y promover la sudoraci\u00f3n intensa, lo que lo hace perfecto para quemar grasa, impulsar el metabolismo y lograr sus objetivos de fitness.\",\"breadcrumb\":{\"@id\":\"https:\/\/www.atuactivewear.com\/es\/producto\/traje-sauna-mujer\/#breadcrumb\"},\"inLanguage\":\"es\",\"potentialAction\":[{\"@type\":\"ReadAction\",\"target\":[\"https:\/\/www.atuactivewear.com\/es\/producto\/traje-sauna-mujer\/\"]}]},{\"@type\":\"ImageObject\",\"inLanguage\":\"es\",\"@id\":\"https:\/\/www.atuactivewear.com\/es\/producto\/traje-sauna-mujer\/#primaryimage\",\"url\":\"https:\/\/www.atuactivewear.com\/wp-content\/uploads\/2025\/02\/sauna-jacket-for-women.webp\",\"contentUrl\":\"https:\/\/www.atuactivewear.com\/wp-content\/uploads\/2025\/02\/sauna-jacket-for-women.webp\",\"width\":800,\"height\":800,\"caption\":\"traje sauna mujer\"},{\"@type\":\"BreadcrumbList\",\"@id\":\"https:\/\/www.atuactivewear.com\/es\/producto\/traje-sauna-mujer\/#breadcrumb\",\"itemListElement\":[{\"@type\":\"ListItem\",\"position\":1,\"name\":\"\u9996\u9875\",\"item\":\"https:\/\/www.atuactivewear.com\/es\/hogar\/\"},{\"@type\":\"ListItem\",\"position\":2,\"name\":\"Productos\",\"item\":\"https:\/\/www.atuactivewear.com\/es\/productos\/\"},{\"@type\":\"ListItem\",\"position\":3,\"name\":\"traje sauna mujer\"}]},{\"@type\":\"WebSite\",\"@id\":\"https:\/\/www.atuactivewear.com\/es\/#website\",\"url\":\"https:\/\/www.atuactivewear.com\/es\/\",\"name\":\"\",\"description\":\"\",\"potentialAction\":[{\"@type\":\"SearchAction\",\"target\":{\"@type\":\"EntryPoint\",\"urlTemplate\":\"https:\/\/www.atuactivewear.com\/es\/?s={search_term_string}\"},\"query-input\":{\"@type\":\"PropertyValueSpecification\",\"valueRequired\":true,\"valueName\":\"search_term_string\"}}],\"inLanguage\":\"es\"}]}<\/script>\n<!-- \/ Yoast SEO plugin. -->","yoast_head_json":{"title":"Arriba traje sauna mujer : Mejora tus objetivos de entrenamiento y sudoraci\u00f3n","description":"La traje sauna mujer est\u00e1 dise\u00f1ado para maximizar la eficiencia de su entrenamiento al atrapar el calor, aumentar la temperatura central y promover la sudoraci\u00f3n intensa, lo que lo hace perfecto para quemar grasa, impulsar el metabolismo y lograr sus objetivos de fitness.","robots":{"index":"index","follow":"follow","max-snippet":"max-snippet:-1","max-image-preview":"max-image-preview:large","max-video-preview":"max-video-preview:-1"},"canonical":"https:\/\/www.atuactivewear.com\/es\/producto\/traje-sauna-mujer\/","og_locale":"es_ES","og_type":"article","og_title":"Arriba traje sauna mujer : Mejora tus objetivos de entrenamiento y sudoraci\u00f3n","og_description":"La traje sauna mujer est\u00e1 dise\u00f1ado para maximizar la eficiencia de su entrenamiento al atrapar el calor, aumentar la temperatura central y promover la sudoraci\u00f3n intensa, lo que lo hace perfecto para quemar grasa, impulsar el metabolismo y lograr sus objetivos de fitness.","og_url":"https:\/\/www.atuactivewear.com\/es\/producto\/traje-sauna-mujer\/","article_modified_time":"2025-10-30T07:52:59+00:00","og_image":[{"width":800,"height":800,"url":"https:\/\/www.atuactivewear.com\/wp-content\/uploads\/2025\/02\/sauna-jacket-for-women.webp","type":"image\/webp"}],"twitter_card":"summary_large_image","twitter_misc":{"Tiempo de lectura":"3 minutos"},"schema":{"@context":"https:\/\/schema.org","@graph":[{"@type":"WebPage","@id":"https:\/\/www.atuactivewear.com\/es\/producto\/traje-sauna-mujer\/","url":"https:\/\/www.atuactivewear.com\/es\/producto\/traje-sauna-mujer\/","name":"Arriba traje sauna mujer : Mejora tus objetivos de entrenamiento y sudoraci\u00f3n","isPartOf":{"@id":"https:\/\/www.atuactivewear.com\/es\/#website"},"primaryImageOfPage":{"@id":"https:\/\/www.atuactivewear.com\/es\/producto\/traje-sauna-mujer\/#primaryimage"},"image":{"@id":"https:\/\/www.atuactivewear.com\/es\/producto\/traje-sauna-mujer\/#primaryimage"},"thumbnailUrl":"https:\/\/www.atuactivewear.com\/wp-content\/uploads\/2025\/02\/sauna-jacket-for-women.webp","datePublished":"2025-02-22T02:17:02+00:00","dateModified":"2025-10-30T07:52:59+00:00","description":"La traje sauna mujer est\u00e1 dise\u00f1ado para maximizar la eficiencia de su entrenamiento al atrapar el calor, aumentar la temperatura central y promover la sudoraci\u00f3n intensa, lo que lo hace perfecto para quemar grasa, impulsar el metabolismo y lograr sus objetivos de fitness.","breadcrumb":{"@id":"https:\/\/www.atuactivewear.com\/es\/producto\/traje-sauna-mujer\/#breadcrumb"},"inLanguage":"es","potentialAction":[{"@type":"ReadAction","target":["https:\/\/www.atuactivewear.com\/es\/producto\/traje-sauna-mujer\/"]}]},{"@type":"ImageObject","inLanguage":"es","@id":"https:\/\/www.atuactivewear.com\/es\/producto\/traje-sauna-mujer\/#primaryimage","url":"https:\/\/www.atuactivewear.com\/wp-content\/uploads\/2025\/02\/sauna-jacket-for-women.webp","contentUrl":"https:\/\/www.atuactivewear.com\/wp-content\/uploads\/2025\/02\/sauna-jacket-for-women.webp","width":800,"height":800,"caption":"traje sauna mujer"},{"@type":"BreadcrumbList","@id":"https:\/\/www.atuactivewear.com\/es\/producto\/traje-sauna-mujer\/#breadcrumb","itemListElement":[{"@type":"ListItem","position":1,"name":"\u9996\u9875","item":"https:\/\/www.atuactivewear.com\/es\/hogar\/"},{"@type":"ListItem","position":2,"name":"Productos","item":"https:\/\/www.atuactivewear.com\/es\/productos\/"},{"@type":"ListItem","position":3,"name":"traje sauna mujer"}]},{"@type":"WebSite","@id":"https:\/\/www.atuactivewear.com\/es\/#website","url":"https:\/\/www.atuactivewear.com\/es\/","name":"","description":"","potentialAction":[{"@type":"SearchAction","target":{"@type":"EntryPoint","urlTemplate":"https:\/\/www.atuactivewear.com\/es\/?s={search_term_string}"},"query-input":{"@type":"PropertyValueSpecification","valueRequired":true,"valueName":"search_term_string"}}],"inLanguage":"es"}]}},"_links":{"self":[{"href":"https:\/\/www.atuactivewear.com\/es\/wp-json\/wp\/v2\/product\/11934","targetHints":{"allow":["GET"]}}],"collection":[{"href":"https:\/\/www.atuactivewear.com\/es\/wp-json\/wp\/v2\/product"}],"about":[{"href":"https:\/\/www.atuactivewear.com\/es\/wp-json\/wp\/v2\/types\/product"}],"replies":[{"embeddable":true,"href":"https:\/\/www.atuactivewear.com\/es\/wp-json\/wp\/v2\/comments?post=11934"}],"version-history":[{"count":0,"href":"https:\/\/www.atuactivewear.com\/es\/wp-json\/wp\/v2\/product\/11934\/revisions"}],"wp:featuredmedia":[{"embeddable":true,"href":"https:\/\/www.atuactivewear.com\/es\/wp-json\/wp\/v2\/media\/11935"}],"wp:attachment":[{"href":"https:\/\/www.atuactivewear.com\/es\/wp-json\/wp\/v2\/media?parent=11934"}],"wp:term":[{"taxonomy":"product_brand","embeddable":true,"href":"https:\/\/www.atuactivewear.com\/es\/wp-json\/wp\/v2\/product_brand?post=11934"},{"taxonomy":"product_cat","embeddable":true,"href":"https:\/\/www.atuactivewear.com\/es\/wp-json\/wp\/v2\/product_cat?post=11934"},{"taxonomy":"product_tag","embeddable":true,"href":"https:\/\/www.atuactivewear.com\/es\/wp-json\/wp\/v2\/product_tag?post=11934"}],"curies":[{"name":"wp","href":"https:\/\/api.w.org\/{rel}","templated":true}]}}