{"id":11906,"date":"2025-02-22T15:06:28","date_gmt":"2025-02-22T07:06:28","guid":{"rendered":"https:\/\/www.atuactivewear.com\/product\/full-body-sweat-suit-for-men-and-women\/"},"modified":"2025-10-30T16:25:14","modified_gmt":"2025-10-30T08:25:14","slug":"full-body-sweat-suit-for-men-and-women","status":"publish","type":"product","link":"https:\/\/www.atuactivewear.com\/es\/producto\/full-body-sweat-suit-for-men-and-women\/","title":{"rendered":"Full Body Sweat Suit for Men And Women"},"content":{"rendered":"\t\t<div data-elementor-type=\"product-post\" data-elementor-id=\"11906\" class=\"elementor elementor-11906 elementor-5468\" data-elementor-post-type=\"product\">\n\t\t\t\t<div class=\"elementor-element elementor-element-185fb7a1 e-flex e-con-boxed e-con e-parent\" data-id=\"185fb7a1\" data-element_type=\"container\" data-e-type=\"container\">\n\t\t\t\t\t<div class=\"e-con-inner\">\n\t\t\t\t<div class=\"elementor-element elementor-element-1800961 e-n-tabs-mobile elementor-widget elementor-widget-n-tabs\" data-id=\"1800961\" data-element_type=\"widget\" data-e-type=\"widget\" data-settings=\"{&quot;tabs_justify_horizontal&quot;:&quot;start&quot;,&quot;horizontal_scroll&quot;:&quot;disable&quot;}\" data-widget_type=\"nested-tabs.default\">\n\t\t\t\t<div class=\"elementor-widget-container\">\n\t\t\t\t\t\t\t<div class=\"e-n-tabs\" data-widget-number=\"25168225\" aria-label=\"Pesta\u00f1as. Abre elementos con Intro o Espacio, ci\u00e9rralos con Escape y navega con las fechas.\">\n\t\t\t<div class=\"e-n-tabs-heading\" role=\"tablist\">\n\t\t\t\t\t<button id=\"e-n-tab-title-251682251\" data-tab-title-id=\"e-n-tab-title-251682251\" class=\"e-n-tab-title\" aria-selected=\"true\" data-tab-index=\"1\" role=\"tab\" tabindex=\"0\" aria-controls=\"e-n-tab-content-251682251\" style=\"--n-tabs-title-order: 1;\">\n\t\t\t\t\t\t<span class=\"e-n-tab-title-text\">\n\t\t\t\tInstrucciones de tama\u00f1o\t\t\t<\/span>\n\t\t<\/button>\n\t\t\t\t<button id=\"e-n-tab-title-251682252\" data-tab-title-id=\"e-n-tab-title-251682252\" class=\"e-n-tab-title\" aria-selected=\"false\" data-tab-index=\"2\" role=\"tab\" tabindex=\"-1\" aria-controls=\"e-n-tab-content-251682252\" style=\"--n-tabs-title-order: 2;\">\n\t\t\t\t\t\t<span class=\"e-n-tab-title-text\">\n\t\t\t\tCaracter\u00edsticas\t\t\t<\/span>\n\t\t<\/button>\n\t\t\t\t<button id=\"e-n-tab-title-251682253\" data-tab-title-id=\"e-n-tab-title-251682253\" class=\"e-n-tab-title\" aria-selected=\"false\" data-tab-index=\"3\" role=\"tab\" tabindex=\"-1\" aria-controls=\"e-n-tab-content-251682253\" style=\"--n-tabs-title-order: 3;\">\n\t\t\t\t\t\t<span class=\"e-n-tab-title-text\">\n\t\t\t\tInstrucciones de pedido\t\t\t<\/span>\n\t\t<\/button>\n\t\t\t\t\t<\/div>\n\t\t\t<div class=\"e-n-tabs-content\">\n\t\t\t\t<div id=\"e-n-tab-content-251682251\" role=\"tabpanel\" aria-labelledby=\"e-n-tab-title-251682251\" data-tab-index=\"1\" style=\"--n-tabs-title-order: 1;\" class=\"e-active elementor-element elementor-element-2d622f6 e-con-full e-flex e-con e-child\" data-id=\"2d622f6\" data-element_type=\"container\" data-e-type=\"container\">\n\t\t<div class=\"elementor-element elementor-element-4c0086f e-flex e-con-boxed e-con e-child\" data-id=\"4c0086f\" data-element_type=\"container\" data-e-type=\"container\">\n\t\t\t\t\t<div class=\"e-con-inner\">\n\t\t\t\t<div class=\"elementor-element elementor-element-12fe34e elementor-widget elementor-widget-text-editor\" data-id=\"12fe34e\" data-element_type=\"widget\" data-e-type=\"widget\" data-widget_type=\"text-editor.default\">\n\t\t\t\t<div class=\"elementor-widget-container\">\n\t\t\t\t\t\t\t\t\t<table style=\"border-collapse: collapse; width: 379.82pt;\" border=\"0\" width=\"633\" cellspacing=\"0\" cellpadding=\"0\"><tbody><tr style=\"height: 14.40pt;\"><td class=\"et2\" style=\"height: 14.4pt; width: 48.6pt; text-align: center;\" width=\"81\" height=\"24\"><strong>Tama\u00f1o<\/strong><\/td><td class=\"et3\" style=\"width: 97.2pt; text-align: center;\" colspan=\"2\" width=\"162\"><strong>Busto<\/strong><\/td><td class=\"et3\" style=\"width: 97.2pt; text-align: center;\" colspan=\"2\" width=\"162\"><strong>Longitud<\/strong><\/td><td class=\"et3\" style=\"width: 136.8pt; text-align: center;\" colspan=\"2\" width=\"228\"><strong>Longitud de la manga<\/strong><\/td><\/tr><tr style=\"height: 14.40pt;\"><td class=\"et2\" style=\"height: 14.40pt;\" height=\"24\"> <\/td><td class=\"et3\">cm<\/td><td class=\"et3\">pulgada<\/td><td class=\"et3\">cm<\/td><td class=\"et3\">pulgada<\/td><td class=\"et3\">cm<\/td><td class=\"et3\">pulgada<\/td><\/tr><tr style=\"height: 14.40pt;\"><td class=\"et2\" style=\"height: 14.40pt;\" height=\"24\">M\/4<\/td><td class=\"et3\">104<\/td><td class=\"et3\">40.9<\/td><td class=\"et3\">62<\/td><td class=\"et3\">24.4<\/td><td class=\"et3\">72<\/td><td class=\"et3\">28.3<\/td><\/tr><tr style=\"height: 14.40pt;\"><td class=\"et2\" style=\"height: 14.40pt;\" height=\"24\">L\/6<\/td><td class=\"et3\">108<\/td><td class=\"et3\">42.5<\/td><td class=\"et3\">64<\/td><td class=\"et3\">25.2<\/td><td class=\"et3\">74.2<\/td><td class=\"et3\">29.2<\/td><\/tr><tr style=\"height: 14.40pt;\"><td class=\"et2\" style=\"height: 14.40pt;\" height=\"24\">XL\/8\/10<\/td><td class=\"et3\">112<\/td><td class=\"et3\">44.1<\/td><td class=\"et3\">66<\/td><td class=\"et3\">26<\/td><td class=\"et3\">76.4<\/td><td class=\"et3\">30.1<\/td><\/tr><tr style=\"height: 14.40pt;\"><td class=\"et2\" style=\"height: 14.40pt;\" height=\"24\">2XL\/12<\/td><td class=\"et3\">116<\/td><td class=\"et3\">45.7<\/td><td class=\"et3\">68<\/td><td class=\"et3\">26.8<\/td><td class=\"et3\">78.6<\/td><td class=\"et3\">30.9<\/td><\/tr><tr style=\"height: 14.40pt;\"><td class=\"et2\" style=\"height: 14.40pt;\" height=\"24\">3XL\/14<\/td><td class=\"et3\">120<\/td><td class=\"et3\">47.2<\/td><td class=\"et3\">70<\/td><td class=\"et3\">27.6<\/td><td class=\"et3\">80.8<\/td><td class=\"et3\">31.8<\/td><\/tr><\/tbody><\/table>\t\t\t\t\t\t\t\t<\/div>\n\t\t\t\t<\/div>\n\t\t\t\t\t<\/div>\n\t\t\t\t<\/div>\n\t\t\t\t<\/div>\n\t\t<div id=\"e-n-tab-content-251682252\" role=\"tabpanel\" aria-labelledby=\"e-n-tab-title-251682252\" data-tab-index=\"2\" style=\"--n-tabs-title-order: 2;\" class=\" elementor-element elementor-element-10ce089 e-con-full e-flex e-con e-child\" data-id=\"10ce089\" data-element_type=\"container\" data-e-type=\"container\">\n\t\t<div class=\"elementor-element elementor-element-c5de9d8 e-flex e-con-boxed e-con e-child\" data-id=\"c5de9d8\" data-element_type=\"container\" data-e-type=\"container\">\n\t\t\t\t\t<div class=\"e-con-inner\">\n\t\t\t\t<div class=\"elementor-element elementor-element-0356b3a elementor-widget elementor-widget-text-editor\" data-id=\"0356b3a\" data-element_type=\"widget\" data-e-type=\"widget\" data-widget_type=\"text-editor.default\">\n\t\t\t\t<div class=\"elementor-widget-container\">\n\t\t\t\t\t\t\t\t\t<p><strong>Material de primera calidad<\/strong> &#8211; Confeccionado con tejidos avanzados de alta calidad, este conjunto deportivo unisex ofrece comodidad, durabilidad y transpirabilidad inigualables. Su material ligero, suave y transpirable garantiza la m\u00e1xima ventilaci\u00f3n, manteni\u00e9ndote fresco, seco y c\u00f3modo durante cualquier actividad. <\/p><p><strong>Dise\u00f1o elegante y funcional<\/strong> &#8211; Dise\u00f1ado para el atleta moderno, este conjunto combina moda y funcionalidad con prendas como una elegante chaqueta con capucha y pantalones ajustados. Su dise\u00f1o moderno, pr\u00e1ctico y vers\u00e1til lo hace perfecto tanto para entrenar como para salidas informales. <\/p><p><strong>M\u00e1xima versatilidad<\/strong> &#8211; Ya sea que corras, vayas al gimnasio, practiques yoga o disfrutes de aventuras al aire libre, este conjunto deportivo se adapta a tus necesidades. Ofrece comodidad, flexibilidad y libertad de movimiento \u00f3ptimas para cualquier actividad, adem\u00e1s de ser una prenda casual con estilo. <\/p><p><strong>Ajuste perfecto para todos<\/strong> &#8211; Disponible en varias tallas, este conjunto garantiza un dise\u00f1o favorecedor y ajustado que favorece a todo tipo de cuerpo. La cintura, los pu\u00f1os y los bajos el\u00e1sticos proporcionan un ajuste seguro y c\u00f3modo, mejorando tanto el rendimiento como el estilo. <\/p><p><strong>F\u00e1cil mantenimiento<\/strong> &#8211; Dise\u00f1ado para la comodidad, este traje deportivo de cuerpo completo se puede lavar a m\u00e1quina y conserva su forma, color y calidad incluso despu\u00e9s de repetidos lavados, lo que lo convierte en una adici\u00f3n duradera y sin complicaciones a su guardarropa.<\/p><p><strong>Tu ropa deportiva favorita<\/strong> &#8211; \u00a1Mejora tu estilo fitness e informal con este conjunto deportivo de alto rendimiento, elegante y vers\u00e1til!<\/p>\t\t\t\t\t\t\t\t<\/div>\n\t\t\t\t<\/div>\n\t\t\t\t\t<\/div>\n\t\t\t\t<\/div>\n\t\t\t\t<\/div>\n\t\t<div id=\"e-n-tab-content-251682253\" role=\"tabpanel\" aria-labelledby=\"e-n-tab-title-251682253\" data-tab-index=\"3\" style=\"--n-tabs-title-order: 3;\" class=\" elementor-element elementor-element-cc816e1 e-con-full e-flex e-con e-child\" data-id=\"cc816e1\" data-element_type=\"container\" data-e-type=\"container\">\n\t\t<div class=\"elementor-element elementor-element-a815e0c e-flex e-con-boxed e-con e-child\" data-id=\"a815e0c\" data-element_type=\"container\" data-e-type=\"container\">\n\t\t\t\t\t<div class=\"e-con-inner\">\n\t\t\t\t<div class=\"elementor-element elementor-element-a21b178 elementor-widget elementor-widget-text-editor\" data-id=\"a21b178\" data-element_type=\"widget\" data-e-type=\"widget\" data-widget_type=\"text-editor.default\">\n\t\t\t\t<div class=\"elementor-widget-container\">\n\t\t\t\t\t\t\t\t\t<p><span style=\"text-align: var(--text-align); background-color: var(--ast-global-color-5); color: var(--ast-global-color-3); font-size: 1rem;\"><strong>Si en <a href=\"https:\/\/www.atuactivewear.com\/es\/existencias\/\">Existencias<\/a>,<\/strong>El plazo de entrega ser\u00e1 de 2 d\u00edas. <\/span><\/p><p><strong>Dise\u00f1o:<\/strong> Podemos crear un dise\u00f1o basado en sus ideas y especificaciones o desarrollar una muestra basada en su dise\u00f1o existente.<\/p><p><strong>Reproducci\u00f3n de muestra:<\/strong> Si ya tiene muestras, podemos replicarlas con precisi\u00f3n.<\/p><p><strong>MOQ<\/strong>: 100 unidades por color.<\/p><p><strong>Costo de la muestra<\/strong>: US$50 por unidad incluido env\u00edo.<\/p><p><strong>Plazo de entrega de muestra:<\/strong> 7-10 d\u00edas.<\/p><p><strong>Plazo de producci\u00f3n:<\/strong> 10-20 d\u00edas, seg\u00fan cantidad.<\/p>\t\t\t\t\t\t\t\t<\/div>\n\t\t\t\t<\/div>\n\t\t\t\t\t<\/div>\n\t\t\t\t<\/div>\n\t\t\t\t<\/div>\n\t\t\t\t\t<\/div>\n\t\t<\/div>\n\t\t\t\t\t\t<\/div>\n\t\t\t\t<\/div>\n\t\t\t\t\t<\/div>\n\t\t\t\t<\/div>\n\t\t\t\t<\/div>\n\t\t<p>Visitas: 0<\/p>","protected":false},"excerpt":{"rendered":"<h5>Todos los tama\u00f1os, colores y personalizaciones de tela est\u00e1n disponibles.<\/h5>\n<p>Lae <strong>cuerpo completo traje de sauna<\/strong> Combina comodidad, estilo y versatilidad, ideal para hacer ejercicio o para uso informal con un ajuste perfecto y f\u00e1cil cuidado.<\/p>\n<table width=\"344\">\n<tbody>\n<tr>\n<td width=\"78\">Estilo<\/td>\n<td width=\"266\">Traje de sauna<\/td>\n<\/tr>\n<tr>\n<td>Tipo de manga<\/td>\n<td>Mangas largas<\/td>\n<\/tr>\n<tr>\n<td>Tama\u00f1o<\/td>\n<td>S; M; L; XL; 2XL; 3XL; 4XL; 5XL (personalizable)<\/td>\n<\/tr>\n<tr>\n<td>Color<\/td>\n<td width=\"266\">Chaqueta: Negra; Gris; Roja; Rosa; Verde (Personalizable) Pantalones: Negra; Gris (Personalizable)<\/td>\n<\/tr>\n<tr>\n<td> Material<\/td>\n<td width=\"266\">Neopreno + poli\u00e9ster.<\/td>\n<\/tr>\n<tr>\n<td>Peso neto<\/td>\n<td>0.33kg<\/td>\n<\/tr>\n<\/tbody>\n<\/table>\n<p>&nbsp;<\/p>\n","protected":false},"featured_media":11907,"comment_status":"open","ping_status":"closed","template":"","meta":{"_acf_changed":false,"site-sidebar-layout":"default","site-content-layout":"","ast-site-content-layout":"default","site-content-style":"default","site-sidebar-style":"default","ast-global-header-display":"","ast-banner-title-visibility":"","ast-main-header-display":"","ast-hfb-above-header-display":"","ast-hfb-below-header-display":"","ast-hfb-mobile-header-display":"","site-post-title":"","ast-breadcrumbs-content":"","ast-featured-img":"","footer-sml-layout":"","ast-disable-related-posts":"","theme-transparent-header-meta":"default","adv-header-id-meta":"","stick-header-meta":"","header-above-stick-meta":"","header-main-stick-meta":"","header-below-stick-meta":"","astra-migrate-meta-layouts":"set","ast-page-background-enabled":"default","ast-page-background-meta":{"desktop":{"background-color":"var(--ast-global-color-4)","background-image":"","background-repeat":"repeat","background-position":"center center","background-size":"auto","background-attachment":"scroll","background-type":"","background-media":"","overlay-type":"","overlay-color":"","overlay-opacity":"","overlay-gradient":""},"tablet":{"background-color":"","background-image":"","background-repeat":"repeat","background-position":"center center","background-size":"auto","background-attachment":"scroll","background-type":"","background-media":"","overlay-type":"","overlay-color":"","overlay-opacity":"","overlay-gradient":""},"mobile":{"background-color":"","background-image":"","background-repeat":"repeat","background-position":"center center","background-size":"auto","background-attachment":"scroll","background-type":"","background-media":"","overlay-type":"","overlay-color":"","overlay-opacity":"","overlay-gradient":""}},"ast-content-background-meta":{"desktop":{"background-color":"var(--ast-global-color-5)","background-image":"","background-repeat":"repeat","background-position":"center center","background-size":"auto","background-attachment":"scroll","background-type":"","background-media":"","overlay-type":"","overlay-color":"","overlay-opacity":"","overlay-gradient":""},"tablet":{"background-color":"var(--ast-global-color-5)","background-image":"","background-repeat":"repeat","background-position":"center center","background-size":"auto","background-attachment":"scroll","background-type":"","background-media":"","overlay-type":"","overlay-color":"","overlay-opacity":"","overlay-gradient":""},"mobile":{"background-color":"var(--ast-global-color-5)","background-image":"","background-repeat":"repeat","background-position":"center center","background-size":"auto","background-attachment":"scroll","background-type":"","background-media":"","overlay-type":"","overlay-color":"","overlay-opacity":"","overlay-gradient":""}}},"product_brand":[],"product_cat":[243,241,205,206],"product_tag":[],"class_list":{"0":"post-11906","1":"product","2":"type-product","3":"status-publish","4":"has-post-thumbnail","6":"product_cat-conjunto-de-traje-de-sauna","7":"product_cat-traje-de-sauna-de-talla-grande","8":"product_cat-plus-size-es","9":"product_cat-sauna-suit-es","10":"desktop-align-left","11":"tablet-align-left","12":"mobile-align-left","14":"first","15":"instock","16":"taxable","17":"shipping-taxable","18":"product-type-simple"},"acf":[],"yoast_head":"<!-- This site is optimized with the Yoast SEO plugin v24.5 - https:\/\/yoast.com\/wordpress\/plugins\/seo\/ -->\n<title>Chaleco de neopreno para sauna y sudor para bajar de peso<\/title>\n<meta name=\"description\" content=\"El cuerpo completo traje de sauna offers high-quality comfort, stylish design, and versatility, perfect for workouts or casual wear while ensuring a perfect fit and easy care.\" \/>\n<meta name=\"robots\" content=\"index, follow, max-snippet:-1, max-image-preview:large, max-video-preview:-1\" \/>\n<link rel=\"canonical\" href=\"https:\/\/www.atuactivewear.com\/es\/producto\/full-body-sweat-suit-for-men-and-women\/\" \/>\n<meta property=\"og:locale\" content=\"es_ES\" \/>\n<meta property=\"og:type\" content=\"article\" \/>\n<meta property=\"og:title\" content=\"Chaleco de neopreno para sauna y sudor para bajar de peso\" \/>\n<meta property=\"og:description\" content=\"El cuerpo completo traje de sauna offers high-quality comfort, stylish design, and versatility, perfect for workouts or casual wear while ensuring a perfect fit and easy care.\" \/>\n<meta property=\"og:url\" content=\"https:\/\/www.atuactivewear.com\/es\/producto\/full-body-sweat-suit-for-men-and-women\/\" \/>\n<meta property=\"article:modified_time\" content=\"2025-10-30T08:25:14+00:00\" \/>\n<meta property=\"og:image\" content=\"https:\/\/www.atuactivewear.com\/wp-content\/uploads\/2025\/02\/full-body-sweat-suit-16.webp\" \/>\n\t<meta property=\"og:image:width\" content=\"925\" \/>\n\t<meta property=\"og:image:height\" content=\"925\" \/>\n\t<meta property=\"og:image:type\" content=\"image\/webp\" \/>\n<meta name=\"twitter:card\" content=\"summary_large_image\" \/>\n<meta name=\"twitter:label1\" content=\"Tiempo de lectura\" \/>\n\t<meta name=\"twitter:data1\" content=\"4 minutos\" \/>\n<script type=\"application\/ld+json\" class=\"yoast-schema-graph\">{\"@context\":\"https:\/\/schema.org\",\"@graph\":[{\"@type\":\"WebPage\",\"@id\":\"https:\/\/www.atuactivewear.com\/es\/producto\/full-body-sweat-suit-for-men-and-women\/\",\"url\":\"https:\/\/www.atuactivewear.com\/es\/producto\/full-body-sweat-suit-for-men-and-women\/\",\"name\":\"Chaleco de neopreno para sauna y sudor para bajar de peso\",\"isPartOf\":{\"@id\":\"https:\/\/www.atuactivewear.com\/es\/#website\"},\"primaryImageOfPage\":{\"@id\":\"https:\/\/www.atuactivewear.com\/es\/producto\/full-body-sweat-suit-for-men-and-women\/#primaryimage\"},\"image\":{\"@id\":\"https:\/\/www.atuactivewear.com\/es\/producto\/full-body-sweat-suit-for-men-and-women\/#primaryimage\"},\"thumbnailUrl\":\"https:\/\/www.atuactivewear.com\/wp-content\/uploads\/2025\/02\/full-body-sweat-suit-16.webp\",\"datePublished\":\"2025-02-22T07:06:28+00:00\",\"dateModified\":\"2025-10-30T08:25:14+00:00\",\"description\":\"El cuerpo completo traje de sauna offers high-quality comfort, stylish design, and versatility, perfect for workouts or casual wear while ensuring a perfect fit and easy care.\",\"breadcrumb\":{\"@id\":\"https:\/\/www.atuactivewear.com\/es\/producto\/full-body-sweat-suit-for-men-and-women\/#breadcrumb\"},\"inLanguage\":\"es\",\"potentialAction\":[{\"@type\":\"ReadAction\",\"target\":[\"https:\/\/www.atuactivewear.com\/es\/producto\/full-body-sweat-suit-for-men-and-women\/\"]}]},{\"@type\":\"ImageObject\",\"inLanguage\":\"es\",\"@id\":\"https:\/\/www.atuactivewear.com\/es\/producto\/full-body-sweat-suit-for-men-and-women\/#primaryimage\",\"url\":\"https:\/\/www.atuactivewear.com\/wp-content\/uploads\/2025\/02\/full-body-sweat-suit-16.webp\",\"contentUrl\":\"https:\/\/www.atuactivewear.com\/wp-content\/uploads\/2025\/02\/full-body-sweat-suit-16.webp\",\"width\":925,\"height\":925,\"caption\":\"traje de sauna\"},{\"@type\":\"BreadcrumbList\",\"@id\":\"https:\/\/www.atuactivewear.com\/es\/producto\/full-body-sweat-suit-for-men-and-women\/#breadcrumb\",\"itemListElement\":[{\"@type\":\"ListItem\",\"position\":1,\"name\":\"\u9996\u9875\",\"item\":\"https:\/\/www.atuactivewear.com\/es\/hogar\/\"},{\"@type\":\"ListItem\",\"position\":2,\"name\":\"Productos\",\"item\":\"https:\/\/www.atuactivewear.com\/es\/productos\/\"},{\"@type\":\"ListItem\",\"position\":3,\"name\":\"Full Body Sweat Suit for Men And Women\"}]},{\"@type\":\"WebSite\",\"@id\":\"https:\/\/www.atuactivewear.com\/es\/#website\",\"url\":\"https:\/\/www.atuactivewear.com\/es\/\",\"name\":\"\",\"description\":\"\",\"potentialAction\":[{\"@type\":\"SearchAction\",\"target\":{\"@type\":\"EntryPoint\",\"urlTemplate\":\"https:\/\/www.atuactivewear.com\/es\/?s={search_term_string}\"},\"query-input\":{\"@type\":\"PropertyValueSpecification\",\"valueRequired\":true,\"valueName\":\"search_term_string\"}}],\"inLanguage\":\"es\"}]}<\/script>\n<!-- \/ Yoast SEO plugin. -->","yoast_head_json":{"title":"Chaleco de neopreno para sauna y sudor para bajar de peso","description":"El cuerpo completo traje de sauna offers high-quality comfort, stylish design, and versatility, perfect for workouts or casual wear while ensuring a perfect fit and easy care.","robots":{"index":"index","follow":"follow","max-snippet":"max-snippet:-1","max-image-preview":"max-image-preview:large","max-video-preview":"max-video-preview:-1"},"canonical":"https:\/\/www.atuactivewear.com\/es\/producto\/full-body-sweat-suit-for-men-and-women\/","og_locale":"es_ES","og_type":"article","og_title":"Chaleco de neopreno para sauna y sudor para bajar de peso","og_description":"El cuerpo completo traje de sauna offers high-quality comfort, stylish design, and versatility, perfect for workouts or casual wear while ensuring a perfect fit and easy care.","og_url":"https:\/\/www.atuactivewear.com\/es\/producto\/full-body-sweat-suit-for-men-and-women\/","article_modified_time":"2025-10-30T08:25:14+00:00","og_image":[{"width":925,"height":925,"url":"https:\/\/www.atuactivewear.com\/wp-content\/uploads\/2025\/02\/full-body-sweat-suit-16.webp","type":"image\/webp"}],"twitter_card":"summary_large_image","twitter_misc":{"Tiempo de lectura":"4 minutos"},"schema":{"@context":"https:\/\/schema.org","@graph":[{"@type":"WebPage","@id":"https:\/\/www.atuactivewear.com\/es\/producto\/full-body-sweat-suit-for-men-and-women\/","url":"https:\/\/www.atuactivewear.com\/es\/producto\/full-body-sweat-suit-for-men-and-women\/","name":"Chaleco de neopreno para sauna y sudor para bajar de peso","isPartOf":{"@id":"https:\/\/www.atuactivewear.com\/es\/#website"},"primaryImageOfPage":{"@id":"https:\/\/www.atuactivewear.com\/es\/producto\/full-body-sweat-suit-for-men-and-women\/#primaryimage"},"image":{"@id":"https:\/\/www.atuactivewear.com\/es\/producto\/full-body-sweat-suit-for-men-and-women\/#primaryimage"},"thumbnailUrl":"https:\/\/www.atuactivewear.com\/wp-content\/uploads\/2025\/02\/full-body-sweat-suit-16.webp","datePublished":"2025-02-22T07:06:28+00:00","dateModified":"2025-10-30T08:25:14+00:00","description":"El cuerpo completo traje de sauna offers high-quality comfort, stylish design, and versatility, perfect for workouts or casual wear while ensuring a perfect fit and easy care.","breadcrumb":{"@id":"https:\/\/www.atuactivewear.com\/es\/producto\/full-body-sweat-suit-for-men-and-women\/#breadcrumb"},"inLanguage":"es","potentialAction":[{"@type":"ReadAction","target":["https:\/\/www.atuactivewear.com\/es\/producto\/full-body-sweat-suit-for-men-and-women\/"]}]},{"@type":"ImageObject","inLanguage":"es","@id":"https:\/\/www.atuactivewear.com\/es\/producto\/full-body-sweat-suit-for-men-and-women\/#primaryimage","url":"https:\/\/www.atuactivewear.com\/wp-content\/uploads\/2025\/02\/full-body-sweat-suit-16.webp","contentUrl":"https:\/\/www.atuactivewear.com\/wp-content\/uploads\/2025\/02\/full-body-sweat-suit-16.webp","width":925,"height":925,"caption":"traje de sauna"},{"@type":"BreadcrumbList","@id":"https:\/\/www.atuactivewear.com\/es\/producto\/full-body-sweat-suit-for-men-and-women\/#breadcrumb","itemListElement":[{"@type":"ListItem","position":1,"name":"\u9996\u9875","item":"https:\/\/www.atuactivewear.com\/es\/hogar\/"},{"@type":"ListItem","position":2,"name":"Productos","item":"https:\/\/www.atuactivewear.com\/es\/productos\/"},{"@type":"ListItem","position":3,"name":"Full Body Sweat Suit for Men And Women"}]},{"@type":"WebSite","@id":"https:\/\/www.atuactivewear.com\/es\/#website","url":"https:\/\/www.atuactivewear.com\/es\/","name":"","description":"","potentialAction":[{"@type":"SearchAction","target":{"@type":"EntryPoint","urlTemplate":"https:\/\/www.atuactivewear.com\/es\/?s={search_term_string}"},"query-input":{"@type":"PropertyValueSpecification","valueRequired":true,"valueName":"search_term_string"}}],"inLanguage":"es"}]}},"_links":{"self":[{"href":"https:\/\/www.atuactivewear.com\/es\/wp-json\/wp\/v2\/product\/11906","targetHints":{"allow":["GET"]}}],"collection":[{"href":"https:\/\/www.atuactivewear.com\/es\/wp-json\/wp\/v2\/product"}],"about":[{"href":"https:\/\/www.atuactivewear.com\/es\/wp-json\/wp\/v2\/types\/product"}],"replies":[{"embeddable":true,"href":"https:\/\/www.atuactivewear.com\/es\/wp-json\/wp\/v2\/comments?post=11906"}],"version-history":[{"count":0,"href":"https:\/\/www.atuactivewear.com\/es\/wp-json\/wp\/v2\/product\/11906\/revisions"}],"wp:featuredmedia":[{"embeddable":true,"href":"https:\/\/www.atuactivewear.com\/es\/wp-json\/wp\/v2\/media\/11907"}],"wp:attachment":[{"href":"https:\/\/www.atuactivewear.com\/es\/wp-json\/wp\/v2\/media?parent=11906"}],"wp:term":[{"taxonomy":"product_brand","embeddable":true,"href":"https:\/\/www.atuactivewear.com\/es\/wp-json\/wp\/v2\/product_brand?post=11906"},{"taxonomy":"product_cat","embeddable":true,"href":"https:\/\/www.atuactivewear.com\/es\/wp-json\/wp\/v2\/product_cat?post=11906"},{"taxonomy":"product_tag","embeddable":true,"href":"https:\/\/www.atuactivewear.com\/es\/wp-json\/wp\/v2\/product_tag?post=11906"}],"curies":[{"name":"wp","href":"https:\/\/api.w.org\/{rel}","templated":true}]}}