{"id":11879,"date":"2025-02-24T10:29:36","date_gmt":"2025-02-24T02:29:36","guid":{"rendered":"https:\/\/www.atuactivewear.com\/product\/pantalon-sauna-para-bajar-de-peso\/"},"modified":"2025-10-30T15:47:57","modified_gmt":"2025-10-30T07:47:57","slug":"pantalon-sauna-para-bajar-de-peso","status":"publish","type":"product","link":"https:\/\/www.atuactivewear.com\/es\/producto\/pantalon-sauna-para-bajar-de-peso\/","title":{"rendered":"Pantalon sauna para bajar de peso"},"content":{"rendered":"\t\t<div data-elementor-type=\"product-post\" data-elementor-id=\"11879\" class=\"elementor elementor-11879 elementor-5579\" data-elementor-post-type=\"product\">\n\t\t\t\t<div class=\"elementor-element elementor-element-185fb7a1 e-flex e-con-boxed e-con e-parent\" data-id=\"185fb7a1\" data-element_type=\"container\" data-e-type=\"container\">\n\t\t\t\t\t<div class=\"e-con-inner\">\n\t\t\t\t<div class=\"elementor-element elementor-element-1800961 e-n-tabs-mobile elementor-widget elementor-widget-n-tabs\" data-id=\"1800961\" data-element_type=\"widget\" data-e-type=\"widget\" data-settings=\"{&quot;tabs_justify_horizontal&quot;:&quot;start&quot;,&quot;horizontal_scroll&quot;:&quot;disable&quot;}\" data-widget_type=\"nested-tabs.default\">\n\t\t\t\t<div class=\"elementor-widget-container\">\n\t\t\t\t\t\t\t<div class=\"e-n-tabs\" data-widget-number=\"25168225\" aria-label=\"Pesta\u00f1as. Abre elementos con Intro o Espacio, ci\u00e9rralos con Escape y navega con las fechas.\">\n\t\t\t<div class=\"e-n-tabs-heading\" role=\"tablist\">\n\t\t\t\t\t<button id=\"e-n-tab-title-251682251\" data-tab-title-id=\"e-n-tab-title-251682251\" class=\"e-n-tab-title\" aria-selected=\"true\" data-tab-index=\"1\" role=\"tab\" tabindex=\"0\" aria-controls=\"e-n-tab-content-251682251\" style=\"--n-tabs-title-order: 1;\">\n\t\t\t\t\t\t<span class=\"e-n-tab-title-text\">\n\t\t\t\tInstrucciones de tama\u00f1o\t\t\t<\/span>\n\t\t<\/button>\n\t\t\t\t<button id=\"e-n-tab-title-251682252\" data-tab-title-id=\"e-n-tab-title-251682252\" class=\"e-n-tab-title\" aria-selected=\"false\" data-tab-index=\"2\" role=\"tab\" tabindex=\"-1\" aria-controls=\"e-n-tab-content-251682252\" style=\"--n-tabs-title-order: 2;\">\n\t\t\t\t\t\t<span class=\"e-n-tab-title-text\">\n\t\t\t\tCaracter\u00edsticas\t\t\t<\/span>\n\t\t<\/button>\n\t\t\t\t<button id=\"e-n-tab-title-251682253\" data-tab-title-id=\"e-n-tab-title-251682253\" class=\"e-n-tab-title\" aria-selected=\"false\" data-tab-index=\"3\" role=\"tab\" tabindex=\"-1\" aria-controls=\"e-n-tab-content-251682253\" style=\"--n-tabs-title-order: 3;\">\n\t\t\t\t\t\t<span class=\"e-n-tab-title-text\">\n\t\t\t\tInstrucciones de pedido\t\t\t<\/span>\n\t\t<\/button>\n\t\t\t\t\t<\/div>\n\t\t\t<div class=\"e-n-tabs-content\">\n\t\t\t\t<div id=\"e-n-tab-content-251682251\" role=\"tabpanel\" aria-labelledby=\"e-n-tab-title-251682251\" data-tab-index=\"1\" style=\"--n-tabs-title-order: 1;\" class=\"e-active elementor-element elementor-element-2d622f6 e-con-full e-flex e-con e-child\" data-id=\"2d622f6\" data-element_type=\"container\" data-e-type=\"container\">\n\t\t<div class=\"elementor-element elementor-element-4c0086f e-flex e-con-boxed e-con e-child\" data-id=\"4c0086f\" data-element_type=\"container\" data-e-type=\"container\">\n\t\t\t\t\t<div class=\"e-con-inner\">\n\t\t\t\t<div class=\"elementor-element elementor-element-12fe34e elementor-widget elementor-widget-text-editor\" data-id=\"12fe34e\" data-element_type=\"widget\" data-e-type=\"widget\" data-widget_type=\"text-editor.default\">\n\t\t\t\t<div class=\"elementor-widget-container\">\n\t\t\t\t\t\t\t\t\t<table style=\"border-collapse: collapse; width: 501.63pt;\" border=\"0\" width=\"836\" cellspacing=\"0\" cellpadding=\"0\"><tbody><tr style=\"height: 14.40pt;\"><td class=\"et2\" style=\"height: 14.4pt; width: 48.6pt; text-align: center;\" width=\"81\" height=\"24\"><strong>Tama\u00f1o<\/strong><\/td><td class=\"et3\" style=\"width: 164.4pt; text-align: center;\" colspan=\"2\" width=\"274\"><strong>cintura<\/strong><\/td><td class=\"et3\" style=\"width: 108pt; text-align: center;\" colspan=\"2\" width=\"180\"><strong>Longitud<\/strong><\/td><td class=\"et3\" style=\"width: 180.6pt; text-align: center;\" colspan=\"2\" width=\"301\"><strong>Cadera<\/strong><\/td><\/tr><tr style=\"height: 14.40pt;\"><td class=\"et2\" style=\"height: 14.40pt;\" height=\"24\"> <\/td><td class=\"et3\">cm<\/td><td class=\"et3\">pulgada<\/td><td class=\"et3\">cm<\/td><td class=\"et3\">pulgada<\/td><td class=\"et3\">cm<\/td><td class=\"et3\">pulgada<\/td><\/tr><tr style=\"height: 14.40pt;\"><td class=\"et2\" style=\"height: 14.40pt;\" height=\"24\">S\/M<\/td><td class=\"et3\">60-70<\/td><td class=\"et3\">23.6-27.6<\/td><td class=\"et3\">89<\/td><td class=\"et3\">35<\/td><td class=\"et3\">60-70<\/td><td class=\"et3\">23.6-27.6<\/td><\/tr><tr style=\"height: 14.40pt;\"><td class=\"et2\" style=\"height: 14.40pt;\" height=\"24\">L\/XL<\/td><td class=\"et3\">64-74<\/td><td class=\"et3\">25.2-29.2<\/td><td class=\"et3\">90<\/td><td class=\"et3\">35.4<\/td><td class=\"et3\">64-74<\/td><td class=\"et3\">25.2-29.2<\/td><\/tr><tr style=\"height: 14.40pt;\"><td class=\"et2\" style=\"height: 14.40pt;\" height=\"24\">XXL\/3XL<\/td><td class=\"et3\">68-78<\/td><td class=\"et3\">26.7-30.7<\/td><td class=\"et3\">91<\/td><td class=\"et3\">35.8<\/td><td class=\"et3\">68-78<\/td><td class=\"et3\">26.7-30.7<\/td><\/tr><tr style=\"height: 14.40pt;\"><td class=\"et2\" style=\"height: 14.40pt;\" height=\"24\">4XL\/5XL<\/td><td class=\"et3\">72-82<\/td><td class=\"et3\">28.3-32.3<\/td><td class=\"et3\">92<\/td><td class=\"et3\">36.2<\/td><td class=\"et3\">72-82<\/td><td class=\"et3\">28.3-32.3<\/td><\/tr><\/tbody><\/table>\t\t\t\t\t\t\t\t<\/div>\n\t\t\t\t<\/div>\n\t\t\t\t\t<\/div>\n\t\t\t\t<\/div>\n\t\t\t\t<\/div>\n\t\t<div id=\"e-n-tab-content-251682252\" role=\"tabpanel\" aria-labelledby=\"e-n-tab-title-251682252\" data-tab-index=\"2\" style=\"--n-tabs-title-order: 2;\" class=\" elementor-element elementor-element-10ce089 e-con-full e-flex e-con e-child\" data-id=\"10ce089\" data-element_type=\"container\" data-e-type=\"container\">\n\t\t<div class=\"elementor-element elementor-element-c5de9d8 e-flex e-con-boxed e-con e-child\" data-id=\"c5de9d8\" data-element_type=\"container\" data-e-type=\"container\">\n\t\t\t\t\t<div class=\"e-con-inner\">\n\t\t\t\t<div class=\"elementor-element elementor-element-0356b3a elementor-widget elementor-widget-text-editor\" data-id=\"0356b3a\" data-element_type=\"widget\" data-e-type=\"widget\" data-widget_type=\"text-editor.default\">\n\t\t\t\t<div class=\"elementor-widget-container\">\n\t\t\t\t\t\t\t\t\t<p><strong>Sudar para una figura m\u00e1s delgada<\/strong>: Nuestros pantalones adelgazantes crean un efecto sauna, aumentando la temperatura corporal natural y estimulando la sudoraci\u00f3n durante cualquier actividad f\u00edsica, ya sea correr, yoga o cualquier otra. Ayudan a elevar la temperatura corporal r\u00e1pidamente, reteniendo el calor para quemar m\u00e1s calor\u00edas, eliminar l\u00edquidos r\u00e1pidamente y acelerar tu proceso de adelgazamiento. <\/p><p><strong>Leggings adelgazantes para bajar de peso<\/strong>: Dise\u00f1adas con un revolucionario tejido de pol\u00edmero que atrapa el calor, estas mallas moldeadoras mejoran la producci\u00f3n natural de calor y sudor del cuerpo. Disfruta de una experiencia similar a la de una sauna mientras entrenas o realizas tus actividades diarias. Aumentan la temperatura corporal, promueven la sudoraci\u00f3n y te ayudan a perder peso r\u00e1pidamente.  <\/p><p><strong>Tejido premium mejorado con calor plateado<\/strong>: Fabricados con material termo plateado de alta calidad, combinado con poli\u00e9ster y elastano, estos pantalones de sauna son ligeros, el\u00e1sticos e incre\u00edblemente c\u00f3modos. Proporcionan una compresi\u00f3n suave desde el bajo vientre hasta los muslos y las pantorrillas sin rozaduras ni irritaci\u00f3n, lo que los hace perfectos para el uso diario y los entrenamientos intensos. <\/p><p><strong>Pantalones de entrenamiento de compresi\u00f3n adelgazantes<\/strong>: El tejido avanzado que atrapa el calor promueve la reflexi\u00f3n y la circulaci\u00f3n del calor, mientras que la suave compresi\u00f3n suaviza el abdomen y aplana los muslos. Ayuda a eliminar el exceso de l\u00edquido, toxinas y grasa mediante la sudoraci\u00f3n, lo que favorece una p\u00e9rdida de peso m\u00e1s r\u00e1pida y saludable. Con un control abdominal superior y compresi\u00f3n de muslos y gl\u00fateos, estos pantalones acent\u00faan tus curvas, haci\u00e9ndote lucir m\u00e1s delgada y tonificada al instante.  <\/p><p><strong>\u00daselo en cualquier lugar y en cualquier momento<\/strong>: Dise\u00f1ados para la comodidad, estos leggings cuentan con una cintura el\u00e1stica y una combinaci\u00f3n \u00fanica de telas que se adapta a tu cuerpo. Ya sea que est\u00e9s en el gimnasio, haciendo yoga, montando en bicicleta o haciendo recados, se adaptan a ti con facilidad. Con un elegante dise\u00f1o de pantalones de yoga, nadie notar\u00e1 que llevas leggings especialmente dise\u00f1ados para perder peso.  <\/p>\t\t\t\t\t\t\t\t<\/div>\n\t\t\t\t<\/div>\n\t\t\t\t\t<\/div>\n\t\t\t\t<\/div>\n\t\t\t\t<\/div>\n\t\t<div id=\"e-n-tab-content-251682253\" role=\"tabpanel\" aria-labelledby=\"e-n-tab-title-251682253\" data-tab-index=\"3\" style=\"--n-tabs-title-order: 3;\" class=\" elementor-element elementor-element-cc816e1 e-con-full e-flex e-con e-child\" data-id=\"cc816e1\" data-element_type=\"container\" data-e-type=\"container\">\n\t\t<div class=\"elementor-element elementor-element-a815e0c e-flex e-con-boxed e-con e-child\" data-id=\"a815e0c\" data-element_type=\"container\" data-e-type=\"container\">\n\t\t\t\t\t<div class=\"e-con-inner\">\n\t\t\t\t<div class=\"elementor-element elementor-element-a21b178 elementor-widget elementor-widget-text-editor\" data-id=\"a21b178\" data-element_type=\"widget\" data-e-type=\"widget\" data-widget_type=\"text-editor.default\">\n\t\t\t\t<div class=\"elementor-widget-container\">\n\t\t\t\t\t\t\t\t\t<p><strong>Si en <a href=\"https:\/\/www.atuactivewear.com\/es\/existencias\/\">Existencias<\/a>,<\/strong>El plazo de entrega ser\u00e1 de 2 d\u00edas. <\/p><p><strong>Dise\u00f1o:<\/strong> Podemos crear un dise\u00f1o basado en sus ideas y especificaciones o desarrollar una muestra basada en su dise\u00f1o existente.<\/p><p><strong>Reproducci\u00f3n de muestra:<\/strong> Si ya tiene muestras, podemos replicarlas con precisi\u00f3n.<\/p><p><strong>MOQ<\/strong>: 100 unidades por color.<\/p><p><strong>Costo de la muestra<\/strong>: US$50 por unidad incluido env\u00edo.<\/p><p><strong>Plazo de entrega de muestra:<\/strong> 7-10 d\u00edas.<\/p><p><strong>Plazo de producci\u00f3n:<\/strong> 10-20 d\u00edas, seg\u00fan cantidad.<\/p>\t\t\t\t\t\t\t\t<\/div>\n\t\t\t\t<\/div>\n\t\t\t\t\t<\/div>\n\t\t\t\t<\/div>\n\t\t\t\t<\/div>\n\t\t\t\t\t<\/div>\n\t\t<\/div>\n\t\t\t\t\t\t<\/div>\n\t\t\t\t<\/div>\n\t\t\t\t\t<\/div>\n\t\t\t\t<\/div>\n\t\t\t\t<\/div>\n\t\t<p>Visitas: 0<\/p>","protected":false},"excerpt":{"rendered":"<h5>Todos los tama\u00f1os, colores y personalizaciones de tela est\u00e1n disponibles.<\/h5>\n<p>Aumente la p\u00e9rdida de peso con nuestros pantalones de sauna, dise\u00f1ados para aumentar el calor corporal, estimular la sudoraci\u00f3n y eliminar el peso del agua r\u00e1pidamente, al mismo tiempo que ofrecen una compresi\u00f3n c\u00f3moda para usar durante todo el d\u00eda.<\/p>\n<table width=\"344\">\n<tbody>\n<tr>\n<td width=\"78\">Estilo<\/td>\n<td width=\"266\">Pantalon sauna<\/td>\n<\/tr>\n<tr>\n<td>Tipo de manga<\/td>\n<td>Pantalones largos o cortos<\/td>\n<\/tr>\n<tr>\n<td>Tama\u00f1o<\/td>\n<td>S; M; L; XL; 2XL; 3XL; 4XL; 5XL (personalizable)<\/td>\n<\/tr>\n<tr>\n<td>Color<\/td>\n<td width=\"266\">Exterior: Negro (Personalizable)I<br \/>\nInterior: Plata \/ Oro (opcional)<\/td>\n<\/tr>\n<tr>\n<td> Material<\/td>\n<td width=\"266\">Neopreno + Spandex..<\/td>\n<\/tr>\n<tr>\n<td>Peso neto<\/td>\n<td>0.19kg<\/td>\n<\/tr>\n<\/tbody>\n<\/table>\n<p>&nbsp;<\/p>\n","protected":false},"featured_media":11880,"comment_status":"open","ping_status":"closed","template":"","meta":{"_acf_changed":false,"site-sidebar-layout":"default","site-content-layout":"","ast-site-content-layout":"default","site-content-style":"default","site-sidebar-style":"default","ast-global-header-display":"","ast-banner-title-visibility":"","ast-main-header-display":"","ast-hfb-above-header-display":"","ast-hfb-below-header-display":"","ast-hfb-mobile-header-display":"","site-post-title":"","ast-breadcrumbs-content":"","ast-featured-img":"","footer-sml-layout":"","ast-disable-related-posts":"","theme-transparent-header-meta":"default","adv-header-id-meta":"","stick-header-meta":"","header-above-stick-meta":"","header-main-stick-meta":"","header-below-stick-meta":"","astra-migrate-meta-layouts":"set","ast-page-background-enabled":"default","ast-page-background-meta":{"desktop":{"background-color":"var(--ast-global-color-4)","background-image":"","background-repeat":"repeat","background-position":"center center","background-size":"auto","background-attachment":"scroll","background-type":"","background-media":"","overlay-type":"","overlay-color":"","overlay-opacity":"","overlay-gradient":""},"tablet":{"background-color":"","background-image":"","background-repeat":"repeat","background-position":"center center","background-size":"auto","background-attachment":"scroll","background-type":"","background-media":"","overlay-type":"","overlay-color":"","overlay-opacity":"","overlay-gradient":""},"mobile":{"background-color":"","background-image":"","background-repeat":"repeat","background-position":"center center","background-size":"auto","background-attachment":"scroll","background-type":"","background-media":"","overlay-type":"","overlay-color":"","overlay-opacity":"","overlay-gradient":""}},"ast-content-background-meta":{"desktop":{"background-color":"var(--ast-global-color-5)","background-image":"","background-repeat":"repeat","background-position":"center center","background-size":"auto","background-attachment":"scroll","background-type":"","background-media":"","overlay-type":"","overlay-color":"","overlay-opacity":"","overlay-gradient":""},"tablet":{"background-color":"var(--ast-global-color-5)","background-image":"","background-repeat":"repeat","background-position":"center center","background-size":"auto","background-attachment":"scroll","background-type":"","background-media":"","overlay-type":"","overlay-color":"","overlay-opacity":"","overlay-gradient":""},"mobile":{"background-color":"var(--ast-global-color-5)","background-image":"","background-repeat":"repeat","background-position":"center center","background-size":"auto","background-attachment":"scroll","background-type":"","background-media":"","overlay-type":"","overlay-color":"","overlay-opacity":"","overlay-gradient":""}}},"product_brand":[],"product_cat":[240,241,205,206],"product_tag":[],"class_list":{"0":"post-11879","1":"product","2":"type-product","3":"status-publish","4":"has-post-thumbnail","6":"product_cat-pantalones-de-sauna","7":"product_cat-traje-de-sauna-de-talla-grande","8":"product_cat-plus-size-es","9":"product_cat-sauna-suit-es","10":"desktop-align-left","11":"tablet-align-left","12":"mobile-align-left","14":"first","15":"instock","16":"taxable","17":"shipping-taxable","18":"product-type-simple"},"acf":[],"yoast_head":"<!-- This site is optimized with the Yoast SEO plugin v24.5 - https:\/\/yoast.com\/wordpress\/plugins\/seo\/ -->\n<title>Pantalon sauna para bajar de peso<\/title>\n<meta name=\"description\" content=\"Experimente un efecto similar al de una sauna y mejore su proceso de p\u00e9rdida de peso con nuestro pantalon sauna para bajar de peso, Dise\u00f1ado para aumentar el calor corporal, estimular la sudoraci\u00f3n y ayudarlo a perder peso de agua m\u00e1s r\u00e1pido al tiempo que proporciona una compresi\u00f3n c\u00f3moda para usar durante todo el d\u00eda.\" \/>\n<meta name=\"robots\" content=\"index, follow, max-snippet:-1, max-image-preview:large, max-video-preview:-1\" \/>\n<link rel=\"canonical\" href=\"https:\/\/www.atuactivewear.com\/es\/producto\/pantalon-sauna-para-bajar-de-peso\/\" \/>\n<meta property=\"og:locale\" content=\"es_ES\" \/>\n<meta property=\"og:type\" content=\"article\" \/>\n<meta property=\"og:title\" content=\"Pantalon sauna para bajar de peso\" \/>\n<meta property=\"og:description\" content=\"Experimente un efecto similar al de una sauna y mejore su proceso de p\u00e9rdida de peso con nuestro pantalon sauna para bajar de peso, Dise\u00f1ado para aumentar el calor corporal, estimular la sudoraci\u00f3n y ayudarlo a perder peso de agua m\u00e1s r\u00e1pido al tiempo que proporciona una compresi\u00f3n c\u00f3moda para usar durante todo el d\u00eda.\" \/>\n<meta property=\"og:url\" content=\"https:\/\/www.atuactivewear.com\/es\/producto\/pantalon-sauna-para-bajar-de-peso\/\" \/>\n<meta property=\"article:modified_time\" content=\"2025-10-30T07:47:57+00:00\" \/>\n<meta property=\"og:image\" content=\"https:\/\/www.atuactivewear.com\/wp-content\/uploads\/2025\/02\/sauna-pants-for-weight-loss.webp\" \/>\n\t<meta property=\"og:image:width\" content=\"750\" \/>\n\t<meta property=\"og:image:height\" content=\"750\" \/>\n\t<meta property=\"og:image:type\" content=\"image\/webp\" \/>\n<meta name=\"twitter:card\" content=\"summary_large_image\" \/>\n<meta name=\"twitter:label1\" content=\"Tiempo de lectura\" \/>\n\t<meta name=\"twitter:data1\" content=\"5 minutos\" \/>\n<script type=\"application\/ld+json\" class=\"yoast-schema-graph\">{\"@context\":\"https:\/\/schema.org\",\"@graph\":[{\"@type\":\"WebPage\",\"@id\":\"https:\/\/www.atuactivewear.com\/es\/producto\/pantalon-sauna-para-bajar-de-peso\/\",\"url\":\"https:\/\/www.atuactivewear.com\/es\/producto\/pantalon-sauna-para-bajar-de-peso\/\",\"name\":\"Pantalon sauna para bajar de peso\",\"isPartOf\":{\"@id\":\"https:\/\/www.atuactivewear.com\/es\/#website\"},\"primaryImageOfPage\":{\"@id\":\"https:\/\/www.atuactivewear.com\/es\/producto\/pantalon-sauna-para-bajar-de-peso\/#primaryimage\"},\"image\":{\"@id\":\"https:\/\/www.atuactivewear.com\/es\/producto\/pantalon-sauna-para-bajar-de-peso\/#primaryimage\"},\"thumbnailUrl\":\"https:\/\/www.atuactivewear.com\/wp-content\/uploads\/2025\/02\/sauna-pants-for-weight-loss.webp\",\"datePublished\":\"2025-02-24T02:29:36+00:00\",\"dateModified\":\"2025-10-30T07:47:57+00:00\",\"description\":\"Experimente un efecto similar al de una sauna y mejore su proceso de p\u00e9rdida de peso con nuestro pantalon sauna para bajar de peso, Dise\u00f1ado para aumentar el calor corporal, estimular la sudoraci\u00f3n y ayudarlo a perder peso de agua m\u00e1s r\u00e1pido al tiempo que proporciona una compresi\u00f3n c\u00f3moda para usar durante todo el d\u00eda.\",\"breadcrumb\":{\"@id\":\"https:\/\/www.atuactivewear.com\/es\/producto\/pantalon-sauna-para-bajar-de-peso\/#breadcrumb\"},\"inLanguage\":\"es\",\"potentialAction\":[{\"@type\":\"ReadAction\",\"target\":[\"https:\/\/www.atuactivewear.com\/es\/producto\/pantalon-sauna-para-bajar-de-peso\/\"]}]},{\"@type\":\"ImageObject\",\"inLanguage\":\"es\",\"@id\":\"https:\/\/www.atuactivewear.com\/es\/producto\/pantalon-sauna-para-bajar-de-peso\/#primaryimage\",\"url\":\"https:\/\/www.atuactivewear.com\/wp-content\/uploads\/2025\/02\/sauna-pants-for-weight-loss.webp\",\"contentUrl\":\"https:\/\/www.atuactivewear.com\/wp-content\/uploads\/2025\/02\/sauna-pants-for-weight-loss.webp\",\"width\":750,\"height\":750,\"caption\":\"pantalon sauna\"},{\"@type\":\"BreadcrumbList\",\"@id\":\"https:\/\/www.atuactivewear.com\/es\/producto\/pantalon-sauna-para-bajar-de-peso\/#breadcrumb\",\"itemListElement\":[{\"@type\":\"ListItem\",\"position\":1,\"name\":\"\u9996\u9875\",\"item\":\"https:\/\/www.atuactivewear.com\/es\/hogar\/\"},{\"@type\":\"ListItem\",\"position\":2,\"name\":\"Productos\",\"item\":\"https:\/\/www.atuactivewear.com\/es\/productos\/\"},{\"@type\":\"ListItem\",\"position\":3,\"name\":\"Pantalon sauna para bajar de peso\"}]},{\"@type\":\"WebSite\",\"@id\":\"https:\/\/www.atuactivewear.com\/es\/#website\",\"url\":\"https:\/\/www.atuactivewear.com\/es\/\",\"name\":\"\",\"description\":\"\",\"potentialAction\":[{\"@type\":\"SearchAction\",\"target\":{\"@type\":\"EntryPoint\",\"urlTemplate\":\"https:\/\/www.atuactivewear.com\/es\/?s={search_term_string}\"},\"query-input\":{\"@type\":\"PropertyValueSpecification\",\"valueRequired\":true,\"valueName\":\"search_term_string\"}}],\"inLanguage\":\"es\"}]}<\/script>\n<!-- \/ Yoast SEO plugin. -->","yoast_head_json":{"title":"Pantalon sauna para bajar de peso","description":"Experimente un efecto similar al de una sauna y mejore su proceso de p\u00e9rdida de peso con nuestro pantalon sauna para bajar de peso, Dise\u00f1ado para aumentar el calor corporal, estimular la sudoraci\u00f3n y ayudarlo a perder peso de agua m\u00e1s r\u00e1pido al tiempo que proporciona una compresi\u00f3n c\u00f3moda para usar durante todo el d\u00eda.","robots":{"index":"index","follow":"follow","max-snippet":"max-snippet:-1","max-image-preview":"max-image-preview:large","max-video-preview":"max-video-preview:-1"},"canonical":"https:\/\/www.atuactivewear.com\/es\/producto\/pantalon-sauna-para-bajar-de-peso\/","og_locale":"es_ES","og_type":"article","og_title":"Pantalon sauna para bajar de peso","og_description":"Experimente un efecto similar al de una sauna y mejore su proceso de p\u00e9rdida de peso con nuestro pantalon sauna para bajar de peso, Dise\u00f1ado para aumentar el calor corporal, estimular la sudoraci\u00f3n y ayudarlo a perder peso de agua m\u00e1s r\u00e1pido al tiempo que proporciona una compresi\u00f3n c\u00f3moda para usar durante todo el d\u00eda.","og_url":"https:\/\/www.atuactivewear.com\/es\/producto\/pantalon-sauna-para-bajar-de-peso\/","article_modified_time":"2025-10-30T07:47:57+00:00","og_image":[{"width":750,"height":750,"url":"https:\/\/www.atuactivewear.com\/wp-content\/uploads\/2025\/02\/sauna-pants-for-weight-loss.webp","type":"image\/webp"}],"twitter_card":"summary_large_image","twitter_misc":{"Tiempo de lectura":"5 minutos"},"schema":{"@context":"https:\/\/schema.org","@graph":[{"@type":"WebPage","@id":"https:\/\/www.atuactivewear.com\/es\/producto\/pantalon-sauna-para-bajar-de-peso\/","url":"https:\/\/www.atuactivewear.com\/es\/producto\/pantalon-sauna-para-bajar-de-peso\/","name":"Pantalon sauna para bajar de peso","isPartOf":{"@id":"https:\/\/www.atuactivewear.com\/es\/#website"},"primaryImageOfPage":{"@id":"https:\/\/www.atuactivewear.com\/es\/producto\/pantalon-sauna-para-bajar-de-peso\/#primaryimage"},"image":{"@id":"https:\/\/www.atuactivewear.com\/es\/producto\/pantalon-sauna-para-bajar-de-peso\/#primaryimage"},"thumbnailUrl":"https:\/\/www.atuactivewear.com\/wp-content\/uploads\/2025\/02\/sauna-pants-for-weight-loss.webp","datePublished":"2025-02-24T02:29:36+00:00","dateModified":"2025-10-30T07:47:57+00:00","description":"Experimente un efecto similar al de una sauna y mejore su proceso de p\u00e9rdida de peso con nuestro pantalon sauna para bajar de peso, Dise\u00f1ado para aumentar el calor corporal, estimular la sudoraci\u00f3n y ayudarlo a perder peso de agua m\u00e1s r\u00e1pido al tiempo que proporciona una compresi\u00f3n c\u00f3moda para usar durante todo el d\u00eda.","breadcrumb":{"@id":"https:\/\/www.atuactivewear.com\/es\/producto\/pantalon-sauna-para-bajar-de-peso\/#breadcrumb"},"inLanguage":"es","potentialAction":[{"@type":"ReadAction","target":["https:\/\/www.atuactivewear.com\/es\/producto\/pantalon-sauna-para-bajar-de-peso\/"]}]},{"@type":"ImageObject","inLanguage":"es","@id":"https:\/\/www.atuactivewear.com\/es\/producto\/pantalon-sauna-para-bajar-de-peso\/#primaryimage","url":"https:\/\/www.atuactivewear.com\/wp-content\/uploads\/2025\/02\/sauna-pants-for-weight-loss.webp","contentUrl":"https:\/\/www.atuactivewear.com\/wp-content\/uploads\/2025\/02\/sauna-pants-for-weight-loss.webp","width":750,"height":750,"caption":"pantalon sauna"},{"@type":"BreadcrumbList","@id":"https:\/\/www.atuactivewear.com\/es\/producto\/pantalon-sauna-para-bajar-de-peso\/#breadcrumb","itemListElement":[{"@type":"ListItem","position":1,"name":"\u9996\u9875","item":"https:\/\/www.atuactivewear.com\/es\/hogar\/"},{"@type":"ListItem","position":2,"name":"Productos","item":"https:\/\/www.atuactivewear.com\/es\/productos\/"},{"@type":"ListItem","position":3,"name":"Pantalon sauna para bajar de peso"}]},{"@type":"WebSite","@id":"https:\/\/www.atuactivewear.com\/es\/#website","url":"https:\/\/www.atuactivewear.com\/es\/","name":"","description":"","potentialAction":[{"@type":"SearchAction","target":{"@type":"EntryPoint","urlTemplate":"https:\/\/www.atuactivewear.com\/es\/?s={search_term_string}"},"query-input":{"@type":"PropertyValueSpecification","valueRequired":true,"valueName":"search_term_string"}}],"inLanguage":"es"}]}},"_links":{"self":[{"href":"https:\/\/www.atuactivewear.com\/es\/wp-json\/wp\/v2\/product\/11879","targetHints":{"allow":["GET"]}}],"collection":[{"href":"https:\/\/www.atuactivewear.com\/es\/wp-json\/wp\/v2\/product"}],"about":[{"href":"https:\/\/www.atuactivewear.com\/es\/wp-json\/wp\/v2\/types\/product"}],"replies":[{"embeddable":true,"href":"https:\/\/www.atuactivewear.com\/es\/wp-json\/wp\/v2\/comments?post=11879"}],"version-history":[{"count":0,"href":"https:\/\/www.atuactivewear.com\/es\/wp-json\/wp\/v2\/product\/11879\/revisions"}],"wp:featuredmedia":[{"embeddable":true,"href":"https:\/\/www.atuactivewear.com\/es\/wp-json\/wp\/v2\/media\/11880"}],"wp:attachment":[{"href":"https:\/\/www.atuactivewear.com\/es\/wp-json\/wp\/v2\/media?parent=11879"}],"wp:term":[{"taxonomy":"product_brand","embeddable":true,"href":"https:\/\/www.atuactivewear.com\/es\/wp-json\/wp\/v2\/product_brand?post=11879"},{"taxonomy":"product_cat","embeddable":true,"href":"https:\/\/www.atuactivewear.com\/es\/wp-json\/wp\/v2\/product_cat?post=11879"},{"taxonomy":"product_tag","embeddable":true,"href":"https:\/\/www.atuactivewear.com\/es\/wp-json\/wp\/v2\/product_tag?post=11879"}],"curies":[{"name":"wp","href":"https:\/\/api.w.org\/{rel}","templated":true}]}}