{"id":11369,"date":"2025-02-24T15:02:15","date_gmt":"2025-02-24T07:02:15","guid":{"rendered":"https:\/\/www.atuactivewear.com\/product\/leggings-de-yoga-tie-dye-de-cintura-alta-sin-costuras-con-realce-de-gluteos\/"},"modified":"2025-10-30T15:44:44","modified_gmt":"2025-10-30T07:44:44","slug":"leggings-de-yoga-tie-dye-de-cintura-alta-sin-costuras-con-realce-de-gluteos","status":"publish","type":"product","link":"https:\/\/www.atuactivewear.com\/es\/producto\/leggings-de-yoga-tie-dye-de-cintura-alta-sin-costuras-con-realce-de-gluteos\/","title":{"rendered":"Leggings de yoga tie-dye de cintura alta sin costuras con realce de gl\u00fateos"},"content":{"rendered":"\t\t<div data-elementor-type=\"product-post\" data-elementor-id=\"11369\" class=\"elementor elementor-11369 elementor-5635\" data-elementor-post-type=\"product\">\n\t\t\t\t<div class=\"elementor-element elementor-element-185fb7a1 e-flex e-con-boxed e-con e-parent\" data-id=\"185fb7a1\" data-element_type=\"container\" data-e-type=\"container\">\n\t\t\t\t\t<div class=\"e-con-inner\">\n\t\t\t\t<div class=\"elementor-element elementor-element-1800961 e-n-tabs-mobile elementor-widget elementor-widget-n-tabs\" data-id=\"1800961\" data-element_type=\"widget\" data-e-type=\"widget\" data-settings=\"{&quot;tabs_justify_horizontal&quot;:&quot;start&quot;,&quot;horizontal_scroll&quot;:&quot;disable&quot;}\" data-widget_type=\"nested-tabs.default\">\n\t\t\t\t<div class=\"elementor-widget-container\">\n\t\t\t\t\t\t\t<div class=\"e-n-tabs\" data-widget-number=\"25168225\" aria-label=\"Pesta\u00f1as. Abre elementos con Intro o Espacio, ci\u00e9rralos con Escape y navega con las fechas.\">\n\t\t\t<div class=\"e-n-tabs-heading\" role=\"tablist\">\n\t\t\t\t\t<button id=\"e-n-tab-title-251682251\" data-tab-title-id=\"e-n-tab-title-251682251\" class=\"e-n-tab-title\" aria-selected=\"true\" data-tab-index=\"1\" role=\"tab\" tabindex=\"0\" aria-controls=\"e-n-tab-content-251682251\" style=\"--n-tabs-title-order: 1;\">\n\t\t\t\t\t\t<span class=\"e-n-tab-title-text\">\n\t\t\t\tInstrucciones de tama\u00f1o\t\t\t<\/span>\n\t\t<\/button>\n\t\t\t\t<button id=\"e-n-tab-title-251682252\" data-tab-title-id=\"e-n-tab-title-251682252\" class=\"e-n-tab-title\" aria-selected=\"false\" data-tab-index=\"2\" role=\"tab\" tabindex=\"-1\" aria-controls=\"e-n-tab-content-251682252\" style=\"--n-tabs-title-order: 2;\">\n\t\t\t\t\t\t<span class=\"e-n-tab-title-text\">\n\t\t\t\tCaracter\u00edsticas\t\t\t<\/span>\n\t\t<\/button>\n\t\t\t\t<button id=\"e-n-tab-title-251682253\" data-tab-title-id=\"e-n-tab-title-251682253\" class=\"e-n-tab-title\" aria-selected=\"false\" data-tab-index=\"3\" role=\"tab\" tabindex=\"-1\" aria-controls=\"e-n-tab-content-251682253\" style=\"--n-tabs-title-order: 3;\">\n\t\t\t\t\t\t<span class=\"e-n-tab-title-text\">\n\t\t\t\tInstrucciones de pedido\t\t\t<\/span>\n\t\t<\/button>\n\t\t\t\t\t<\/div>\n\t\t\t<div class=\"e-n-tabs-content\">\n\t\t\t\t<div id=\"e-n-tab-content-251682251\" role=\"tabpanel\" aria-labelledby=\"e-n-tab-title-251682251\" data-tab-index=\"1\" style=\"--n-tabs-title-order: 1;\" class=\"e-active elementor-element elementor-element-2d622f6 e-con-full e-flex e-con e-child\" data-id=\"2d622f6\" data-element_type=\"container\" data-e-type=\"container\">\n\t\t<div class=\"elementor-element elementor-element-4c0086f e-flex e-con-boxed e-con e-child\" data-id=\"4c0086f\" data-element_type=\"container\" data-e-type=\"container\">\n\t\t\t\t\t<div class=\"e-con-inner\">\n\t\t\t\t<div class=\"elementor-element elementor-element-12fe34e elementor-widget elementor-widget-text-editor\" data-id=\"12fe34e\" data-element_type=\"widget\" data-e-type=\"widget\" data-widget_type=\"text-editor.default\">\n\t\t\t\t<div class=\"elementor-widget-container\">\n\t\t\t\t\t\t\t\t\t<table style=\"border-collapse: collapse; width: 487.82pt;\" border=\"0\" width=\"813\" cellspacing=\"0\" cellpadding=\"0\"><tbody><tr style=\"height: 14.40pt;\"><td class=\"et2\" style=\"height: 14.4pt; width: 48.6pt; text-align: center;\" width=\"81\" height=\"24\"><strong>Tama\u00f1o<\/strong><\/td><td class=\"et3\" style=\"width: 145.2pt; text-align: center;\" colspan=\"2\" width=\"242\"><strong>Cintura<\/strong><\/td><td class=\"et3\" style=\"width: 128.4pt; text-align: center;\" colspan=\"2\" width=\"214\"><strong>Longitud<\/strong><\/td><td class=\"et3\" style=\"width: 165.6pt; text-align: center;\" colspan=\"2\" width=\"276\"><strong>Circunferencia del pie<\/strong><\/td><\/tr><tr style=\"height: 14.40pt;\"><td class=\"et2\" style=\"height: 14.40pt;\" height=\"24\"> <\/td><td class=\"et3\">cm<\/td><td class=\"et3\">pulgada<\/td><td class=\"et3\">cm<\/td><td class=\"et3\">pulgada<\/td><td class=\"et3\">cm<\/td><td class=\"et3\">pulgada<\/td><\/tr><tr style=\"height: 14.40pt;\"><td class=\"et2\" style=\"height: 14.40pt;\" height=\"24\">S<\/td><td class=\"et3\">66<\/td><td class=\"et3\">26<\/td><td class=\"et3\">80<\/td><td class=\"et3\">31.4<\/td><td class=\"et3\">8.5<\/td><td class=\"et3\">3.3<\/td><\/tr><tr style=\"height: 14.40pt;\"><td class=\"et2\" style=\"height: 14.40pt;\" height=\"24\">M<\/td><td class=\"et3\">71<\/td><td class=\"et3\">28<\/td><td class=\"et3\">82<\/td><td class=\"et3\">32.2<\/td><td class=\"et3\">9<\/td><td class=\"et3\">3.5<\/td><\/tr><tr style=\"height: 14.40pt;\"><td class=\"et2\" style=\"height: 14.40pt;\" height=\"24\">L<\/td><td class=\"et3\">76<\/td><td class=\"et3\">30<\/td><td class=\"et3\">84<\/td><td class=\"et3\">32.2<\/td><td class=\"et3\">9.5<\/td><td class=\"et3\">3.7<\/td><\/tr><\/tbody><\/table>\t\t\t\t\t\t\t\t<\/div>\n\t\t\t\t<\/div>\n\t\t\t\t\t<\/div>\n\t\t\t\t<\/div>\n\t\t\t\t<\/div>\n\t\t<div id=\"e-n-tab-content-251682252\" role=\"tabpanel\" aria-labelledby=\"e-n-tab-title-251682252\" data-tab-index=\"2\" style=\"--n-tabs-title-order: 2;\" class=\" elementor-element elementor-element-10ce089 e-con-full e-flex e-con e-child\" data-id=\"10ce089\" data-element_type=\"container\" data-e-type=\"container\">\n\t\t<div class=\"elementor-element elementor-element-c5de9d8 e-flex e-con-boxed e-con e-child\" data-id=\"c5de9d8\" data-element_type=\"container\" data-e-type=\"container\">\n\t\t\t\t\t<div class=\"e-con-inner\">\n\t\t\t\t<div class=\"elementor-element elementor-element-0356b3a elementor-widget elementor-widget-text-editor\" data-id=\"0356b3a\" data-element_type=\"widget\" data-e-type=\"widget\" data-widget_type=\"text-editor.default\">\n\t\t\t\t<div class=\"elementor-widget-container\">\n\t\t\t\t\t\t\t\t\t<p><strong>Dise\u00f1o tie-dye de moda<\/strong>: Destaca con un patr\u00f3n tie-dye moderno y \u00fanico que agrega un toque de estilo a tu guardarropa deportivo o informal.<\/p><p><strong>Tejido el\u00e1stico y c\u00f3modo<\/strong>: Fabricadas con material el\u00e1stico, suave y transpirable, estas mallas ofrecen una sensaci\u00f3n ajustada pero c\u00f3moda, lo que garantiza la libertad de movimiento para cualquier actividad.<\/p><p><strong>Adelgazamiento y modelado en forma<\/strong>: Dise\u00f1ados para tonificar el abdomen y levantar los gl\u00fateos, realzan tus curvas naturales, creando una silueta hermosa y sexy.<\/p><p><strong>Vers\u00e1til y funcional<\/strong>: Perfectos para yoga, entrenamientos o uso diario, estos leggings combinan moda y funcionalidad, manteni\u00e9ndote elegante y segura dondequiera que vayas.<\/p>\t\t\t\t\t\t\t\t<\/div>\n\t\t\t\t<\/div>\n\t\t\t\t\t<\/div>\n\t\t\t\t<\/div>\n\t\t\t\t<\/div>\n\t\t<div id=\"e-n-tab-content-251682253\" role=\"tabpanel\" aria-labelledby=\"e-n-tab-title-251682253\" data-tab-index=\"3\" style=\"--n-tabs-title-order: 3;\" class=\" elementor-element elementor-element-cc816e1 e-con-full e-flex e-con e-child\" data-id=\"cc816e1\" data-element_type=\"container\" data-e-type=\"container\">\n\t\t<div class=\"elementor-element elementor-element-a815e0c e-flex e-con-boxed e-con e-child\" data-id=\"a815e0c\" data-element_type=\"container\" data-e-type=\"container\">\n\t\t\t\t\t<div class=\"e-con-inner\">\n\t\t\t\t<div class=\"elementor-element elementor-element-a21b178 elementor-widget elementor-widget-text-editor\" data-id=\"a21b178\" data-element_type=\"widget\" data-e-type=\"widget\" data-widget_type=\"text-editor.default\">\n\t\t\t\t<div class=\"elementor-widget-container\">\n\t\t\t\t\t\t\t\t\t<p><strong>Si en <a href=\"https:\/\/www.atuactivewear.com\/es\/existencias\/\">Existencias<\/a>,<\/strong>El plazo de entrega ser\u00e1 de 2 d\u00edas. <\/p><p><strong>Dise\u00f1o:<\/strong> Podemos crear un dise\u00f1o basado en sus ideas y especificaciones o desarrollar una muestra basada en su dise\u00f1o existente.<\/p><p><strong>Reproducci\u00f3n de muestra:<\/strong> Si ya tiene muestras, podemos replicarlas con precisi\u00f3n.<\/p><p><strong>MOQ<\/strong>: 100 unidades por color.<\/p><p><strong>Costo de la muestra<\/strong>: US$50 por unidad incluido env\u00edo.<\/p><p><strong>Plazo de entrega de muestra:<\/strong> 7-10 d\u00edas.<\/p><p><strong>Plazo de producci\u00f3n:<\/strong> 10-20 d\u00edas, seg\u00fan cantidad.<\/p>\t\t\t\t\t\t\t\t<\/div>\n\t\t\t\t<\/div>\n\t\t\t\t\t<\/div>\n\t\t\t\t<\/div>\n\t\t\t\t<\/div>\n\t\t\t\t\t<\/div>\n\t\t<\/div>\n\t\t\t\t\t\t<\/div>\n\t\t\t\t<\/div>\n\t\t\t\t\t<\/div>\n\t\t\t\t<\/div>\n\t\t\t\t<\/div>\n\t\t<p>Visitas: 0<\/p>","protected":false},"excerpt":{"rendered":"<h5>Todos los tama\u00f1os, colores y personalizaciones de tela est\u00e1n disponibles.<\/h5>\n<p>Mejora tu look con los leggings de yoga de cintura alta, que cuentan con un dise\u00f1o te\u00f1ido anudado, tela el\u00e1stica y un corte favorecedor que tensa el abdomen y levanta los gl\u00fateos para un ajuste elegante y sexy.<\/p>\n<table style=\"border-collapse: collapse; width: 390.62pt;\" border=\"0\" width=\"651\" cellspacing=\"0\" cellpadding=\"0\">\n<tbody>\n<tr style=\"height: 13.80pt;\">\n<td class=\"et3\" style=\"height: 13.80pt; width: 94.80pt;\" width=\"158\" height=\"23\">Estilo<\/td>\n<td class=\"et3\" style=\"width: 295.80pt;\" width=\"493\">Pantalones de yoga te\u00f1idos<\/td>\n<\/tr>\n<tr style=\"height: 13.80pt;\">\n<td class=\"et4\" style=\"height: 13.80pt; width: 94.80pt;\" width=\"158\" height=\"23\">Tama\u00f1o<\/td>\n<td class=\"et3\">S; M; L ( Personalizable )<\/td>\n<\/tr>\n<tr style=\"height: 13.80pt;\">\n<td class=\"et3\" style=\"height: 13.80pt;\" height=\"23\">Color<\/td>\n<td class=\"et3\">Naranja; Amarillo; Negro; Gris; Azul; Verde, etc. (Personalizable)<\/td>\n<\/tr>\n<tr style=\"height: 27.60pt;\">\n<td class=\"et3\" style=\"height: 27.60pt;\" height=\"46\">Tela<\/td>\n<td class=\"et4\" style=\"width: 295.80pt;\" width=\"493\">90 % nailon y 10 % elastano (personalizable)<\/td>\n<\/tr>\n<tr style=\"height: 13.80pt;\">\n<td class=\"et3\" style=\"height: 13.80pt;\" height=\"23\">Peso neto<\/td>\n<td class=\"et3\">0.3kg<\/td>\n<\/tr>\n<\/tbody>\n<\/table>\n","protected":false},"featured_media":11370,"comment_status":"open","ping_status":"closed","template":"","meta":{"_acf_changed":false,"site-sidebar-layout":"default","site-content-layout":"","ast-site-content-layout":"default","site-content-style":"default","site-sidebar-style":"default","ast-global-header-display":"","ast-banner-title-visibility":"","ast-main-header-display":"","ast-hfb-above-header-display":"","ast-hfb-below-header-display":"","ast-hfb-mobile-header-display":"","site-post-title":"","ast-breadcrumbs-content":"","ast-featured-img":"","footer-sml-layout":"","ast-disable-related-posts":"","theme-transparent-header-meta":"default","adv-header-id-meta":"","stick-header-meta":"","header-above-stick-meta":"","header-main-stick-meta":"","header-below-stick-meta":"","astra-migrate-meta-layouts":"set","ast-page-background-enabled":"default","ast-page-background-meta":{"desktop":{"background-color":"var(--ast-global-color-4)","background-image":"","background-repeat":"repeat","background-position":"center center","background-size":"auto","background-attachment":"scroll","background-type":"","background-media":"","overlay-type":"","overlay-color":"","overlay-opacity":"","overlay-gradient":""},"tablet":{"background-color":"","background-image":"","background-repeat":"repeat","background-position":"center center","background-size":"auto","background-attachment":"scroll","background-type":"","background-media":"","overlay-type":"","overlay-color":"","overlay-opacity":"","overlay-gradient":""},"mobile":{"background-color":"","background-image":"","background-repeat":"repeat","background-position":"center center","background-size":"auto","background-attachment":"scroll","background-type":"","background-media":"","overlay-type":"","overlay-color":"","overlay-opacity":"","overlay-gradient":""}},"ast-content-background-meta":{"desktop":{"background-color":"var(--ast-global-color-5)","background-image":"","background-repeat":"repeat","background-position":"center center","background-size":"auto","background-attachment":"scroll","background-type":"","background-media":"","overlay-type":"","overlay-color":"","overlay-opacity":"","overlay-gradient":""},"tablet":{"background-color":"var(--ast-global-color-5)","background-image":"","background-repeat":"repeat","background-position":"center center","background-size":"auto","background-attachment":"scroll","background-type":"","background-media":"","overlay-type":"","overlay-color":"","overlay-opacity":"","overlay-gradient":""},"mobile":{"background-color":"var(--ast-global-color-5)","background-image":"","background-repeat":"repeat","background-position":"center center","background-size":"auto","background-attachment":"scroll","background-type":"","background-media":"","overlay-type":"","overlay-color":"","overlay-opacity":"","overlay-gradient":""}}},"product_brand":[],"product_cat":[197,227,194,201,230,202,231],"product_tag":[],"class_list":{"0":"post-11369","1":"product","2":"type-product","3":"status-publish","4":"has-post-thumbnail","6":"product_cat-high-waisted-leggings-es","7":"product_cat-high-waisted-yoga-pants-es","8":"product_cat-womens-leggings-es","9":"product_cat-printed-legging-es","10":"product_cat-printed-yoga-pants-es","11":"product_cat-seamless-leggings-es","12":"product_cat-seamless-yoga-pants-es","13":"desktop-align-left","14":"tablet-align-left","15":"mobile-align-left","17":"first","18":"instock","19":"taxable","20":"shipping-taxable","21":"product-type-simple"},"acf":[],"yoast_head":"<!-- This site is optimized with the Yoast SEO plugin v24.5 - https:\/\/yoast.com\/wordpress\/plugins\/seo\/ -->\n<title>Leggings de yoga tie-dye de cintura alta sin costuras con realce de gl\u00fateos<\/title>\n<meta name=\"description\" content=\"Mant\u00e9ngase elegante y c\u00f3modo con Leggings de yoga con efecto tie-dye, con un dise\u00f1o moderno, tela el\u00e1stica para facilitar el movimiento y un ajuste ce\u00f1ido que realza tus curvas para una apariencia segura.\" \/>\n<meta name=\"robots\" content=\"index, follow, max-snippet:-1, max-image-preview:large, max-video-preview:-1\" \/>\n<link rel=\"canonical\" href=\"https:\/\/www.atuactivewear.com\/es\/producto\/leggings-de-yoga-tie-dye-de-cintura-alta-sin-costuras-con-realce-de-gluteos\/\" \/>\n<meta property=\"og:locale\" content=\"es_ES\" \/>\n<meta property=\"og:type\" content=\"article\" \/>\n<meta property=\"og:title\" content=\"Leggings de yoga tie-dye de cintura alta sin costuras con realce de gl\u00fateos\" \/>\n<meta property=\"og:description\" content=\"Mant\u00e9ngase elegante y c\u00f3modo con Leggings de yoga con efecto tie-dye, con un dise\u00f1o moderno, tela el\u00e1stica para facilitar el movimiento y un ajuste ce\u00f1ido que realza tus curvas para una apariencia segura.\" \/>\n<meta property=\"og:url\" content=\"https:\/\/www.atuactivewear.com\/es\/producto\/leggings-de-yoga-tie-dye-de-cintura-alta-sin-costuras-con-realce-de-gluteos\/\" \/>\n<meta property=\"article:modified_time\" content=\"2025-10-30T07:44:44+00:00\" \/>\n<meta property=\"og:image\" content=\"https:\/\/www.atuactivewear.com\/wp-content\/uploads\/2025\/02\/High-Waisted-Yoga-Leggings.webp\" \/>\n\t<meta property=\"og:image:width\" content=\"700\" \/>\n\t<meta property=\"og:image:height\" content=\"991\" \/>\n\t<meta property=\"og:image:type\" content=\"image\/webp\" \/>\n<meta name=\"twitter:card\" content=\"summary_large_image\" \/>\n<meta name=\"twitter:label1\" content=\"Tiempo de lectura\" \/>\n\t<meta name=\"twitter:data1\" content=\"2 minutos\" \/>\n<script type=\"application\/ld+json\" class=\"yoast-schema-graph\">{\"@context\":\"https:\/\/schema.org\",\"@graph\":[{\"@type\":\"WebPage\",\"@id\":\"https:\/\/www.atuactivewear.com\/es\/producto\/leggings-de-yoga-tie-dye-de-cintura-alta-sin-costuras-con-realce-de-gluteos\/\",\"url\":\"https:\/\/www.atuactivewear.com\/es\/producto\/leggings-de-yoga-tie-dye-de-cintura-alta-sin-costuras-con-realce-de-gluteos\/\",\"name\":\"Leggings de yoga tie-dye de cintura alta sin costuras con realce de gl\u00fateos\",\"isPartOf\":{\"@id\":\"https:\/\/www.atuactivewear.com\/es\/#website\"},\"primaryImageOfPage\":{\"@id\":\"https:\/\/www.atuactivewear.com\/es\/producto\/leggings-de-yoga-tie-dye-de-cintura-alta-sin-costuras-con-realce-de-gluteos\/#primaryimage\"},\"image\":{\"@id\":\"https:\/\/www.atuactivewear.com\/es\/producto\/leggings-de-yoga-tie-dye-de-cintura-alta-sin-costuras-con-realce-de-gluteos\/#primaryimage\"},\"thumbnailUrl\":\"https:\/\/www.atuactivewear.com\/wp-content\/uploads\/2025\/02\/High-Waisted-Yoga-Leggings.webp\",\"datePublished\":\"2025-02-24T07:02:15+00:00\",\"dateModified\":\"2025-10-30T07:44:44+00:00\",\"description\":\"Mant\u00e9ngase elegante y c\u00f3modo con Leggings de yoga con efecto tie-dye, con un dise\u00f1o moderno, tela el\u00e1stica para facilitar el movimiento y un ajuste ce\u00f1ido que realza tus curvas para una apariencia segura.\",\"breadcrumb\":{\"@id\":\"https:\/\/www.atuactivewear.com\/es\/producto\/leggings-de-yoga-tie-dye-de-cintura-alta-sin-costuras-con-realce-de-gluteos\/#breadcrumb\"},\"inLanguage\":\"es\",\"potentialAction\":[{\"@type\":\"ReadAction\",\"target\":[\"https:\/\/www.atuactivewear.com\/es\/producto\/leggings-de-yoga-tie-dye-de-cintura-alta-sin-costuras-con-realce-de-gluteos\/\"]}]},{\"@type\":\"ImageObject\",\"inLanguage\":\"es\",\"@id\":\"https:\/\/www.atuactivewear.com\/es\/producto\/leggings-de-yoga-tie-dye-de-cintura-alta-sin-costuras-con-realce-de-gluteos\/#primaryimage\",\"url\":\"https:\/\/www.atuactivewear.com\/wp-content\/uploads\/2025\/02\/High-Waisted-Yoga-Leggings.webp\",\"contentUrl\":\"https:\/\/www.atuactivewear.com\/wp-content\/uploads\/2025\/02\/High-Waisted-Yoga-Leggings.webp\",\"width\":700,\"height\":991,\"caption\":\"leggings de yoga te\u00f1idos anudados\"},{\"@type\":\"BreadcrumbList\",\"@id\":\"https:\/\/www.atuactivewear.com\/es\/producto\/leggings-de-yoga-tie-dye-de-cintura-alta-sin-costuras-con-realce-de-gluteos\/#breadcrumb\",\"itemListElement\":[{\"@type\":\"ListItem\",\"position\":1,\"name\":\"\u9996\u9875\",\"item\":\"https:\/\/www.atuactivewear.com\/es\/hogar\/\"},{\"@type\":\"ListItem\",\"position\":2,\"name\":\"Productos\",\"item\":\"https:\/\/www.atuactivewear.com\/es\/productos\/\"},{\"@type\":\"ListItem\",\"position\":3,\"name\":\"Leggings de yoga tie-dye de cintura alta sin costuras con realce de gl\u00fateos\"}]},{\"@type\":\"WebSite\",\"@id\":\"https:\/\/www.atuactivewear.com\/es\/#website\",\"url\":\"https:\/\/www.atuactivewear.com\/es\/\",\"name\":\"\",\"description\":\"\",\"potentialAction\":[{\"@type\":\"SearchAction\",\"target\":{\"@type\":\"EntryPoint\",\"urlTemplate\":\"https:\/\/www.atuactivewear.com\/es\/?s={search_term_string}\"},\"query-input\":{\"@type\":\"PropertyValueSpecification\",\"valueRequired\":true,\"valueName\":\"search_term_string\"}}],\"inLanguage\":\"es\"}]}<\/script>\n<!-- \/ Yoast SEO plugin. -->","yoast_head_json":{"title":"Leggings de yoga tie-dye de cintura alta sin costuras con realce de gl\u00fateos","description":"Mant\u00e9ngase elegante y c\u00f3modo con Leggings de yoga con efecto tie-dye, con un dise\u00f1o moderno, tela el\u00e1stica para facilitar el movimiento y un ajuste ce\u00f1ido que realza tus curvas para una apariencia segura.","robots":{"index":"index","follow":"follow","max-snippet":"max-snippet:-1","max-image-preview":"max-image-preview:large","max-video-preview":"max-video-preview:-1"},"canonical":"https:\/\/www.atuactivewear.com\/es\/producto\/leggings-de-yoga-tie-dye-de-cintura-alta-sin-costuras-con-realce-de-gluteos\/","og_locale":"es_ES","og_type":"article","og_title":"Leggings de yoga tie-dye de cintura alta sin costuras con realce de gl\u00fateos","og_description":"Mant\u00e9ngase elegante y c\u00f3modo con Leggings de yoga con efecto tie-dye, con un dise\u00f1o moderno, tela el\u00e1stica para facilitar el movimiento y un ajuste ce\u00f1ido que realza tus curvas para una apariencia segura.","og_url":"https:\/\/www.atuactivewear.com\/es\/producto\/leggings-de-yoga-tie-dye-de-cintura-alta-sin-costuras-con-realce-de-gluteos\/","article_modified_time":"2025-10-30T07:44:44+00:00","og_image":[{"width":700,"height":991,"url":"https:\/\/www.atuactivewear.com\/wp-content\/uploads\/2025\/02\/High-Waisted-Yoga-Leggings.webp","type":"image\/webp"}],"twitter_card":"summary_large_image","twitter_misc":{"Tiempo de lectura":"2 minutos"},"schema":{"@context":"https:\/\/schema.org","@graph":[{"@type":"WebPage","@id":"https:\/\/www.atuactivewear.com\/es\/producto\/leggings-de-yoga-tie-dye-de-cintura-alta-sin-costuras-con-realce-de-gluteos\/","url":"https:\/\/www.atuactivewear.com\/es\/producto\/leggings-de-yoga-tie-dye-de-cintura-alta-sin-costuras-con-realce-de-gluteos\/","name":"Leggings de yoga tie-dye de cintura alta sin costuras con realce de gl\u00fateos","isPartOf":{"@id":"https:\/\/www.atuactivewear.com\/es\/#website"},"primaryImageOfPage":{"@id":"https:\/\/www.atuactivewear.com\/es\/producto\/leggings-de-yoga-tie-dye-de-cintura-alta-sin-costuras-con-realce-de-gluteos\/#primaryimage"},"image":{"@id":"https:\/\/www.atuactivewear.com\/es\/producto\/leggings-de-yoga-tie-dye-de-cintura-alta-sin-costuras-con-realce-de-gluteos\/#primaryimage"},"thumbnailUrl":"https:\/\/www.atuactivewear.com\/wp-content\/uploads\/2025\/02\/High-Waisted-Yoga-Leggings.webp","datePublished":"2025-02-24T07:02:15+00:00","dateModified":"2025-10-30T07:44:44+00:00","description":"Mant\u00e9ngase elegante y c\u00f3modo con Leggings de yoga con efecto tie-dye, con un dise\u00f1o moderno, tela el\u00e1stica para facilitar el movimiento y un ajuste ce\u00f1ido que realza tus curvas para una apariencia segura.","breadcrumb":{"@id":"https:\/\/www.atuactivewear.com\/es\/producto\/leggings-de-yoga-tie-dye-de-cintura-alta-sin-costuras-con-realce-de-gluteos\/#breadcrumb"},"inLanguage":"es","potentialAction":[{"@type":"ReadAction","target":["https:\/\/www.atuactivewear.com\/es\/producto\/leggings-de-yoga-tie-dye-de-cintura-alta-sin-costuras-con-realce-de-gluteos\/"]}]},{"@type":"ImageObject","inLanguage":"es","@id":"https:\/\/www.atuactivewear.com\/es\/producto\/leggings-de-yoga-tie-dye-de-cintura-alta-sin-costuras-con-realce-de-gluteos\/#primaryimage","url":"https:\/\/www.atuactivewear.com\/wp-content\/uploads\/2025\/02\/High-Waisted-Yoga-Leggings.webp","contentUrl":"https:\/\/www.atuactivewear.com\/wp-content\/uploads\/2025\/02\/High-Waisted-Yoga-Leggings.webp","width":700,"height":991,"caption":"leggings de yoga te\u00f1idos anudados"},{"@type":"BreadcrumbList","@id":"https:\/\/www.atuactivewear.com\/es\/producto\/leggings-de-yoga-tie-dye-de-cintura-alta-sin-costuras-con-realce-de-gluteos\/#breadcrumb","itemListElement":[{"@type":"ListItem","position":1,"name":"\u9996\u9875","item":"https:\/\/www.atuactivewear.com\/es\/hogar\/"},{"@type":"ListItem","position":2,"name":"Productos","item":"https:\/\/www.atuactivewear.com\/es\/productos\/"},{"@type":"ListItem","position":3,"name":"Leggings de yoga tie-dye de cintura alta sin costuras con realce de gl\u00fateos"}]},{"@type":"WebSite","@id":"https:\/\/www.atuactivewear.com\/es\/#website","url":"https:\/\/www.atuactivewear.com\/es\/","name":"","description":"","potentialAction":[{"@type":"SearchAction","target":{"@type":"EntryPoint","urlTemplate":"https:\/\/www.atuactivewear.com\/es\/?s={search_term_string}"},"query-input":{"@type":"PropertyValueSpecification","valueRequired":true,"valueName":"search_term_string"}}],"inLanguage":"es"}]}},"_links":{"self":[{"href":"https:\/\/www.atuactivewear.com\/es\/wp-json\/wp\/v2\/product\/11369","targetHints":{"allow":["GET"]}}],"collection":[{"href":"https:\/\/www.atuactivewear.com\/es\/wp-json\/wp\/v2\/product"}],"about":[{"href":"https:\/\/www.atuactivewear.com\/es\/wp-json\/wp\/v2\/types\/product"}],"replies":[{"embeddable":true,"href":"https:\/\/www.atuactivewear.com\/es\/wp-json\/wp\/v2\/comments?post=11369"}],"version-history":[{"count":0,"href":"https:\/\/www.atuactivewear.com\/es\/wp-json\/wp\/v2\/product\/11369\/revisions"}],"wp:featuredmedia":[{"embeddable":true,"href":"https:\/\/www.atuactivewear.com\/es\/wp-json\/wp\/v2\/media\/11370"}],"wp:attachment":[{"href":"https:\/\/www.atuactivewear.com\/es\/wp-json\/wp\/v2\/media?parent=11369"}],"wp:term":[{"taxonomy":"product_brand","embeddable":true,"href":"https:\/\/www.atuactivewear.com\/es\/wp-json\/wp\/v2\/product_brand?post=11369"},{"taxonomy":"product_cat","embeddable":true,"href":"https:\/\/www.atuactivewear.com\/es\/wp-json\/wp\/v2\/product_cat?post=11369"},{"taxonomy":"product_tag","embeddable":true,"href":"https:\/\/www.atuactivewear.com\/es\/wp-json\/wp\/v2\/product_tag?post=11369"}],"curies":[{"name":"wp","href":"https:\/\/api.w.org\/{rel}","templated":true}]}}