{"id":11314,"date":"2025-02-24T18:48:53","date_gmt":"2025-02-24T10:48:53","guid":{"rendered":"https:\/\/www.atuactivewear.com\/product\/leggings-de-tiro-alto-sin-costuras-con-diseno-de-panal-pantalones-yoga-mujer-con-levantamiento-de-gluteos\/"},"modified":"2025-10-30T15:39:25","modified_gmt":"2025-10-30T07:39:25","slug":"leggings-de-tiro-alto-sin-costuras-con-diseno-de-panal-pantalones-yoga-mujer-con-levantamiento-de-gluteos","status":"publish","type":"product","link":"https:\/\/www.atuactivewear.com\/es\/producto\/leggings-de-tiro-alto-sin-costuras-con-diseno-de-panal-pantalones-yoga-mujer-con-levantamiento-de-gluteos\/","title":{"rendered":"Leggings de tiro alto sin costuras con dise\u00f1o de panal pantalones yoga mujer con levantamiento de gl\u00fateos"},"content":{"rendered":"\t\t<div data-elementor-type=\"product-post\" data-elementor-id=\"11314\" class=\"elementor elementor-11314 elementor-5745\" data-elementor-post-type=\"product\">\n\t\t\t\t<div class=\"elementor-element elementor-element-185fb7a1 e-flex e-con-boxed e-con e-parent\" data-id=\"185fb7a1\" data-element_type=\"container\" data-e-type=\"container\">\n\t\t\t\t\t<div class=\"e-con-inner\">\n\t\t\t\t<div class=\"elementor-element elementor-element-1800961 e-n-tabs-mobile elementor-widget elementor-widget-n-tabs\" data-id=\"1800961\" data-element_type=\"widget\" data-e-type=\"widget\" data-settings=\"{&quot;tabs_justify_horizontal&quot;:&quot;start&quot;,&quot;horizontal_scroll&quot;:&quot;disable&quot;}\" data-widget_type=\"nested-tabs.default\">\n\t\t\t\t<div class=\"elementor-widget-container\">\n\t\t\t\t\t\t\t<div class=\"e-n-tabs\" data-widget-number=\"25168225\" aria-label=\"Pesta\u00f1as. Abre elementos con Intro o Espacio, ci\u00e9rralos con Escape y navega con las fechas.\">\n\t\t\t<div class=\"e-n-tabs-heading\" role=\"tablist\">\n\t\t\t\t\t<button id=\"e-n-tab-title-251682251\" data-tab-title-id=\"e-n-tab-title-251682251\" class=\"e-n-tab-title\" aria-selected=\"true\" data-tab-index=\"1\" role=\"tab\" tabindex=\"0\" aria-controls=\"e-n-tab-content-251682251\" style=\"--n-tabs-title-order: 1;\">\n\t\t\t\t\t\t<span class=\"e-n-tab-title-text\">\n\t\t\t\tInstrucciones de tama\u00f1o\t\t\t<\/span>\n\t\t<\/button>\n\t\t\t\t<button id=\"e-n-tab-title-251682252\" data-tab-title-id=\"e-n-tab-title-251682252\" class=\"e-n-tab-title\" aria-selected=\"false\" data-tab-index=\"2\" role=\"tab\" tabindex=\"-1\" aria-controls=\"e-n-tab-content-251682252\" style=\"--n-tabs-title-order: 2;\">\n\t\t\t\t\t\t<span class=\"e-n-tab-title-text\">\n\t\t\t\tCaracter\u00edsticas\t\t\t<\/span>\n\t\t<\/button>\n\t\t\t\t<button id=\"e-n-tab-title-251682253\" data-tab-title-id=\"e-n-tab-title-251682253\" class=\"e-n-tab-title\" aria-selected=\"false\" data-tab-index=\"3\" role=\"tab\" tabindex=\"-1\" aria-controls=\"e-n-tab-content-251682253\" style=\"--n-tabs-title-order: 3;\">\n\t\t\t\t\t\t<span class=\"e-n-tab-title-text\">\n\t\t\t\tInstrucciones de pedido\t\t\t<\/span>\n\t\t<\/button>\n\t\t\t\t\t<\/div>\n\t\t\t<div class=\"e-n-tabs-content\">\n\t\t\t\t<div id=\"e-n-tab-content-251682251\" role=\"tabpanel\" aria-labelledby=\"e-n-tab-title-251682251\" data-tab-index=\"1\" style=\"--n-tabs-title-order: 1;\" class=\"e-active elementor-element elementor-element-2d622f6 e-con-full e-flex e-con e-child\" data-id=\"2d622f6\" data-element_type=\"container\" data-e-type=\"container\">\n\t\t<div class=\"elementor-element elementor-element-4c0086f e-flex e-con-boxed e-con e-child\" data-id=\"4c0086f\" data-element_type=\"container\" data-e-type=\"container\">\n\t\t\t\t\t<div class=\"e-con-inner\">\n\t\t\t\t<div class=\"elementor-element elementor-element-12fe34e elementor-widget elementor-widget-text-editor\" data-id=\"12fe34e\" data-element_type=\"widget\" data-e-type=\"widget\" data-widget_type=\"text-editor.default\">\n\t\t\t\t<div class=\"elementor-widget-container\">\n\t\t\t\t\t\t\t\t\t<table style=\"border-collapse: collapse; width: 501.63pt;\" border=\"0\" width=\"836\" cellspacing=\"0\" cellpadding=\"0\"><tbody><tr style=\"height: 14.40pt;\"><td class=\"et3\" style=\"height: 14.4pt; width: 48.6pt; text-align: center;\" width=\"81\" height=\"24\"><strong>Tama\u00f1o<\/strong><\/td><td class=\"et4\" style=\"width: 164.4pt; text-align: center;\" colspan=\"2\" width=\"274\"><strong>Cintura<\/strong><\/td><td class=\"et4\" style=\"width: 108pt; text-align: center;\" colspan=\"2\" width=\"180\"><strong>Longitud<\/strong><\/td><td class=\"et4\" style=\"width: 180.6pt; text-align: center;\" colspan=\"2\" width=\"301\"><strong>Cadera<\/strong><\/td><\/tr><tr style=\"height: 14.40pt;\"><td class=\"et3\" style=\"height: 14.40pt;\" height=\"24\"> <\/td><td class=\"et4\">cm<\/td><td class=\"et4\">pulgada<\/td><td class=\"et4\">cm<\/td><td class=\"et4\">pulgada<\/td><td class=\"et4\">cm<\/td><td class=\"et4\">pulgada<\/td><\/tr><tr style=\"height: 14.40pt;\"><td class=\"et3\" style=\"height: 14.40pt;\" height=\"24\">S<\/td><td class=\"et4\">83<\/td><td class=\"et4\">33<\/td><td class=\"et4\">90<\/td><td class=\"et4\">35.4<\/td><td class=\"et4\">96<\/td><td class=\"et4\">38<\/td><\/tr><tr style=\"height: 14.40pt;\"><td class=\"et3\" style=\"height: 14.40pt;\" height=\"24\">M<\/td><td class=\"et4\">90<\/td><td class=\"et4\">35.5<\/td><td class=\"et4\">92<\/td><td class=\"et4\">36.2<\/td><td class=\"et4\">102<\/td><td class=\"et4\">40.5<\/td><\/tr><tr style=\"height: 14.40pt;\"><td class=\"et3\" style=\"height: 14.40pt;\" height=\"24\">L<\/td><td class=\"et4\">96<\/td><td class=\"et4\">38<\/td><td class=\"et4\">94<\/td><td class=\"et4\">37<\/td><td class=\"et4\">109<\/td><td class=\"et4\">43<\/td><\/tr><tr style=\"height: 14.40pt;\"><td class=\"et3\" style=\"height: 14.40pt;\" height=\"24\">XL<\/td><td class=\"et4\"><p>102<\/p><\/td><td class=\"et4\">40.5<\/td><td class=\"et4\">96<\/td><td class=\"et4\">37.7<\/td><td class=\"et4\">115<\/td><td class=\"et4\">45.5<\/td><\/tr><tr style=\"height: 14.40pt;\"><td class=\"et3\" style=\"height: 14.40pt;\" height=\"24\">XXL<\/td><td class=\"et4\">106<\/td><td class=\"et4\">42<\/td><td class=\"et4\">98<\/td><td class=\"et4\">38.5<\/td><td class=\"et4\">121<\/td><td class=\"et4\">48<\/td><\/tr><tr style=\"height: 14.40pt;\"><td class=\"et6\" style=\"height: 14.40pt;\" height=\"24\">XXXL<\/td><td class=\"et4\">111<\/td><td class=\"et4\">44<\/td><td class=\"et4\">99<\/td><td class=\"et4\">38.9<\/td><td class=\"et4\">127<\/td><td class=\"et4\">50<\/td><\/tr><\/tbody><\/table>\t\t\t\t\t\t\t\t<\/div>\n\t\t\t\t<\/div>\n\t\t\t\t\t<\/div>\n\t\t\t\t<\/div>\n\t\t\t\t<\/div>\n\t\t<div id=\"e-n-tab-content-251682252\" role=\"tabpanel\" aria-labelledby=\"e-n-tab-title-251682252\" data-tab-index=\"2\" style=\"--n-tabs-title-order: 2;\" class=\" elementor-element elementor-element-10ce089 e-con-full e-flex e-con e-child\" data-id=\"10ce089\" data-element_type=\"container\" data-e-type=\"container\">\n\t\t<div class=\"elementor-element elementor-element-c5de9d8 e-flex e-con-boxed e-con e-child\" data-id=\"c5de9d8\" data-element_type=\"container\" data-e-type=\"container\">\n\t\t\t\t\t<div class=\"e-con-inner\">\n\t\t\t\t<div class=\"elementor-element elementor-element-0356b3a elementor-widget elementor-widget-text-editor\" data-id=\"0356b3a\" data-element_type=\"widget\" data-e-type=\"widget\" data-widget_type=\"text-editor.default\">\n\t\t\t\t<div class=\"elementor-widget-container\">\n\t\t\t\t\t\t\t\t\t<p><strong>Tejido el\u00e1stico de primera calidad<\/strong>: Fabricado con nuestra tela el\u00e1stica de la m\u00e1s alta calidad, este material es suave, flexible y se adapta a tu cuerpo con facilidad. Ofrece un soporte y una durabilidad excepcionales, adem\u00e1s de ser f\u00e1cil de poner y quitar, y muy c\u00f3modo de usar. <\/p><p><strong>Bodys y sujetadores de punto impecables<\/strong>: Dise\u00f1ados para un ajuste sorprendente, nuestros monos y sujetadores sin costuras combinan estilo y funcionalidad, garantizando que te veas y sientas lo mejor posible durante cualquier actividad.<\/p><p><strong>Conjunto de sujetador deportivo sin costuras y leggings de cintura alta<\/strong>: Nuestro nuevo sujetador deportivo sin costuras combina a la perfecci\u00f3n con leggings de cintura alta. Su dise\u00f1o ancho y de cintura alta define el abdomen, realza tus curvas y estiliza tu cintura natural para una silueta favorecedora. <\/p><p><strong>Colecci\u00f3n de ropa deportiva vers\u00e1til<\/strong>: Desde conjuntos deportivos, shorts y sujetadores hasta leggings sin costuras, mangas largas, sujetadores con tirantes cruzados y shorts de cintura alta, ofrecemos una amplia gama de opciones. Ya sea que te guste el yoga, correr, el fitness o la ropa casual, nuestra colecci\u00f3n tiene algo para ayudarte a destacar y rendir al m\u00e1ximo. <\/p>\t\t\t\t\t\t\t\t<\/div>\n\t\t\t\t<\/div>\n\t\t\t\t\t<\/div>\n\t\t\t\t<\/div>\n\t\t\t\t<\/div>\n\t\t<div id=\"e-n-tab-content-251682253\" role=\"tabpanel\" aria-labelledby=\"e-n-tab-title-251682253\" data-tab-index=\"3\" style=\"--n-tabs-title-order: 3;\" class=\" elementor-element elementor-element-cc816e1 e-con-full e-flex e-con e-child\" data-id=\"cc816e1\" data-element_type=\"container\" data-e-type=\"container\">\n\t\t<div class=\"elementor-element elementor-element-a815e0c e-flex e-con-boxed e-con e-child\" data-id=\"a815e0c\" data-element_type=\"container\" data-e-type=\"container\">\n\t\t\t\t\t<div class=\"e-con-inner\">\n\t\t\t\t<div class=\"elementor-element elementor-element-a21b178 elementor-widget elementor-widget-text-editor\" data-id=\"a21b178\" data-element_type=\"widget\" data-e-type=\"widget\" data-widget_type=\"text-editor.default\">\n\t\t\t\t<div class=\"elementor-widget-container\">\n\t\t\t\t\t\t\t\t\t<p><strong>Si en <a href=\"https:\/\/www.atuactivewear.com\/es\/existencias\/\">Existencias<\/a>,<\/strong>El plazo de entrega ser\u00e1 de 2 d\u00edas. <\/p><p><strong>Dise\u00f1o:<\/strong> Podemos crear un dise\u00f1o basado en sus ideas y especificaciones o desarrollar una muestra basada en su dise\u00f1o existente.<\/p><p><strong>Reproducci\u00f3n de muestra:<\/strong> Si ya tiene muestras, podemos replicarlas con precisi\u00f3n.<\/p><p><strong>MOQ<\/strong>: 100 unidades por color.<\/p><p><strong>Costo de la muestra<\/strong>: US$50 por unidad incluido env\u00edo.<\/p><p><strong>Plazo de entrega de muestra:<\/strong> 7-10 d\u00edas.<\/p><p><strong>Plazo de producci\u00f3n:<\/strong> 10-20 d\u00edas, seg\u00fan cantidad.<\/p>\t\t\t\t\t\t\t\t<\/div>\n\t\t\t\t<\/div>\n\t\t\t\t\t<\/div>\n\t\t\t\t<\/div>\n\t\t\t\t<\/div>\n\t\t\t\t\t<\/div>\n\t\t<\/div>\n\t\t\t\t\t\t<\/div>\n\t\t\t\t<\/div>\n\t\t\t\t\t<\/div>\n\t\t\t\t<\/div>\n\t\t\t\t<\/div>\n\t\t","protected":false},"excerpt":{"rendered":"<h5>Todos los tama\u00f1os, colores y personalizaciones de tela est\u00e1n disponibles.<\/h5>\n<p>Destaca con estos leggings con estampado de leopardo: sin costuras, el\u00e1sticos y favorecedores, tensan el abdomen, levantan las caderas y ofrecen un aspecto elegante y sexy.<\/p>\n<table style=\"border-collapse: collapse; width: 390.62pt;\" border=\"0\" width=\"651\" cellspacing=\"0\" cellpadding=\"0\">\n<tbody>\n<tr style=\"height: 13.80pt;\">\n<td class=\"et3\" style=\"height: 13.80pt; width: 94.80pt;\" width=\"158\" height=\"23\">Estilo<\/td>\n<td class=\"et3\" style=\"width: 295.80pt;\" width=\"493\">Pantalones de yoga de malla celular<\/td>\n<\/tr>\n<tr style=\"height: 13.80pt;\">\n<td class=\"et4\" style=\"height: 13.80pt; width: 94.80pt;\" width=\"158\" height=\"23\">Tama\u00f1o<\/td>\n<td class=\"et3\">S; M; L; XL; 2XL; 3XL (personalizable)<\/td>\n<\/tr>\n<tr style=\"height: 13.80pt;\">\n<td class=\"et3\" style=\"height: 13.80pt;\" height=\"23\">Color<\/td>\n<td class=\"et3\">Negro; Azul; Gris; Verde; Rojo (Personalizable)<\/td>\n<\/tr>\n<tr style=\"height: 27.60pt;\">\n<td class=\"et3\" style=\"height: 27.60pt;\" height=\"46\">Tela<\/td>\n<td class=\"et4\" style=\"width: 295.80pt;\" width=\"493\">90 % poli\u00e9ster y 10 % elastano (personalizable)<\/td>\n<\/tr>\n<tr style=\"height: 13.80pt;\">\n<td class=\"et3\" style=\"height: 13.80pt;\" height=\"23\">Peso neto<\/td>\n<td class=\"et3\">0.3kg<\/td>\n<\/tr>\n<\/tbody>\n<\/table>\n","protected":false},"featured_media":11315,"comment_status":"open","ping_status":"closed","template":"","meta":{"_acf_changed":false,"site-sidebar-layout":"default","site-content-layout":"","ast-site-content-layout":"default","site-content-style":"default","site-sidebar-style":"default","ast-global-header-display":"","ast-banner-title-visibility":"","ast-main-header-display":"","ast-hfb-above-header-display":"","ast-hfb-below-header-display":"","ast-hfb-mobile-header-display":"","site-post-title":"","ast-breadcrumbs-content":"","ast-featured-img":"","footer-sml-layout":"","ast-disable-related-posts":"","theme-transparent-header-meta":"default","adv-header-id-meta":"","stick-header-meta":"","header-above-stick-meta":"","header-main-stick-meta":"","header-below-stick-meta":"","astra-migrate-meta-layouts":"set","ast-page-background-enabled":"default","ast-page-background-meta":{"desktop":{"background-color":"var(--ast-global-color-4)","background-image":"","background-repeat":"repeat","background-position":"center center","background-size":"auto","background-attachment":"scroll","background-type":"","background-media":"","overlay-type":"","overlay-color":"","overlay-opacity":"","overlay-gradient":""},"tablet":{"background-color":"","background-image":"","background-repeat":"repeat","background-position":"center center","background-size":"auto","background-attachment":"scroll","background-type":"","background-media":"","overlay-type":"","overlay-color":"","overlay-opacity":"","overlay-gradient":""},"mobile":{"background-color":"","background-image":"","background-repeat":"repeat","background-position":"center center","background-size":"auto","background-attachment":"scroll","background-type":"","background-media":"","overlay-type":"","overlay-color":"","overlay-opacity":"","overlay-gradient":""}},"ast-content-background-meta":{"desktop":{"background-color":"var(--ast-global-color-5)","background-image":"","background-repeat":"repeat","background-position":"center center","background-size":"auto","background-attachment":"scroll","background-type":"","background-media":"","overlay-type":"","overlay-color":"","overlay-opacity":"","overlay-gradient":""},"tablet":{"background-color":"var(--ast-global-color-5)","background-image":"","background-repeat":"repeat","background-position":"center center","background-size":"auto","background-attachment":"scroll","background-type":"","background-media":"","overlay-type":"","overlay-color":"","overlay-opacity":"","overlay-gradient":""},"mobile":{"background-color":"var(--ast-global-color-5)","background-image":"","background-repeat":"repeat","background-position":"center center","background-size":"auto","background-attachment":"scroll","background-type":"","background-media":"","overlay-type":"","overlay-color":"","overlay-opacity":"","overlay-gradient":""}}},"product_brand":[],"product_cat":[197,227,194,202,231,224],"product_tag":[],"class_list":{"0":"post-11314","1":"product","2":"type-product","3":"status-publish","4":"has-post-thumbnail","6":"product_cat-high-waisted-leggings-es","7":"product_cat-high-waisted-yoga-pants-es","8":"product_cat-womens-leggings-es","9":"product_cat-seamless-leggings-es","10":"product_cat-seamless-yoga-pants-es","11":"product_cat-yoga-pants-es","12":"desktop-align-left","13":"tablet-align-left","14":"mobile-align-left","16":"first","17":"instock","18":"taxable","19":"shipping-taxable","20":"product-type-simple"},"acf":[],"yoast_head":"<!-- This site is optimized with the Yoast SEO plugin v27.5 - https:\/\/yoast.com\/product\/yoast-seo-wordpress\/ -->\n<title>Leggings de yoga con estampado de leopardo de cintura alta sin costuras para mujer<\/title>\n<meta name=\"description\" content=\"Experimente la m\u00e1xima comodidad y estilo con panal pantalones yoga mujer, confeccionado con tela el\u00e1stica de alta calidad para un ajuste suave y de soporte que se mueve contigo, perfecto para yoga, entrenamientos o ropa informal.\" \/>\n<meta name=\"robots\" content=\"index, follow, max-snippet:-1, max-image-preview:large, max-video-preview:-1\" \/>\n<link rel=\"canonical\" href=\"https:\/\/www.atuactivewear.com\/es\/producto\/leggings-de-tiro-alto-sin-costuras-con-diseno-de-panal-pantalones-yoga-mujer-con-levantamiento-de-gluteos\/\" \/>\n<meta property=\"og:locale\" content=\"es_ES\" \/>\n<meta property=\"og:type\" content=\"article\" \/>\n<meta property=\"og:title\" content=\"Leggings de yoga con estampado de leopardo de cintura alta sin costuras para mujer\" \/>\n<meta property=\"og:description\" content=\"Experimente la m\u00e1xima comodidad y estilo con panal pantalones yoga mujer, confeccionado con tela el\u00e1stica de alta calidad para un ajuste suave y de soporte que se mueve contigo, perfecto para yoga, entrenamientos o ropa informal.\" \/>\n<meta property=\"og:url\" content=\"https:\/\/www.atuactivewear.com\/es\/producto\/leggings-de-tiro-alto-sin-costuras-con-diseno-de-panal-pantalones-yoga-mujer-con-levantamiento-de-gluteos\/\" \/>\n<meta property=\"article:modified_time\" content=\"2025-10-30T07:39:25+00:00\" \/>\n<meta property=\"og:image\" content=\"https:\/\/www.atuactivewear.com\/wp-content\/uploads\/2025\/02\/honeycomb-yoga-pants-9.webp\" \/>\n\t<meta property=\"og:image:width\" content=\"800\" \/>\n\t<meta property=\"og:image:height\" content=\"800\" \/>\n\t<meta property=\"og:image:type\" content=\"image\/webp\" \/>\n<meta name=\"twitter:card\" content=\"summary_large_image\" \/>\n<meta name=\"twitter:label1\" content=\"Tiempo de lectura\" \/>\n\t<meta name=\"twitter:data1\" content=\"3 minutos\" \/>\n<script type=\"application\/ld+json\" class=\"yoast-schema-graph\">{\"@context\":\"https:\\\/\\\/schema.org\",\"@graph\":[{\"@type\":\"WebPage\",\"@id\":\"https:\\\/\\\/www.atuactivewear.com\\\/es\\\/producto\\\/leggings-de-tiro-alto-sin-costuras-con-diseno-de-panal-pantalones-yoga-mujer-con-levantamiento-de-gluteos\\\/\",\"url\":\"https:\\\/\\\/www.atuactivewear.com\\\/es\\\/producto\\\/leggings-de-tiro-alto-sin-costuras-con-diseno-de-panal-pantalones-yoga-mujer-con-levantamiento-de-gluteos\\\/\",\"name\":\"Leggings de yoga con estampado de leopardo de cintura alta sin costuras para mujer\",\"isPartOf\":{\"@id\":\"https:\\\/\\\/www.atuactivewear.com\\\/es\\\/#website\"},\"primaryImageOfPage\":{\"@id\":\"https:\\\/\\\/www.atuactivewear.com\\\/es\\\/producto\\\/leggings-de-tiro-alto-sin-costuras-con-diseno-de-panal-pantalones-yoga-mujer-con-levantamiento-de-gluteos\\\/#primaryimage\"},\"image\":{\"@id\":\"https:\\\/\\\/www.atuactivewear.com\\\/es\\\/producto\\\/leggings-de-tiro-alto-sin-costuras-con-diseno-de-panal-pantalones-yoga-mujer-con-levantamiento-de-gluteos\\\/#primaryimage\"},\"thumbnailUrl\":\"https:\\\/\\\/www.atuactivewear.com\\\/wp-content\\\/uploads\\\/2025\\\/02\\\/honeycomb-yoga-pants-9.webp\",\"datePublished\":\"2025-02-24T10:48:53+00:00\",\"dateModified\":\"2025-10-30T07:39:25+00:00\",\"description\":\"Experimente la m\u00e1xima comodidad y estilo con panal pantalones yoga mujer, confeccionado con tela el\u00e1stica de alta calidad para un ajuste suave y de soporte que se mueve contigo, perfecto para yoga, entrenamientos o ropa informal.\",\"breadcrumb\":{\"@id\":\"https:\\\/\\\/www.atuactivewear.com\\\/es\\\/producto\\\/leggings-de-tiro-alto-sin-costuras-con-diseno-de-panal-pantalones-yoga-mujer-con-levantamiento-de-gluteos\\\/#breadcrumb\"},\"inLanguage\":\"es\",\"potentialAction\":[{\"@type\":\"ReadAction\",\"target\":[\"https:\\\/\\\/www.atuactivewear.com\\\/es\\\/producto\\\/leggings-de-tiro-alto-sin-costuras-con-diseno-de-panal-pantalones-yoga-mujer-con-levantamiento-de-gluteos\\\/\"]}]},{\"@type\":\"ImageObject\",\"inLanguage\":\"es\",\"@id\":\"https:\\\/\\\/www.atuactivewear.com\\\/es\\\/producto\\\/leggings-de-tiro-alto-sin-costuras-con-diseno-de-panal-pantalones-yoga-mujer-con-levantamiento-de-gluteos\\\/#primaryimage\",\"url\":\"https:\\\/\\\/www.atuactivewear.com\\\/wp-content\\\/uploads\\\/2025\\\/02\\\/honeycomb-yoga-pants-9.webp\",\"contentUrl\":\"https:\\\/\\\/www.atuactivewear.com\\\/wp-content\\\/uploads\\\/2025\\\/02\\\/honeycomb-yoga-pants-9.webp\",\"width\":800,\"height\":800,\"caption\":\"pantalones de yoga mujer 9\"},{\"@type\":\"BreadcrumbList\",\"@id\":\"https:\\\/\\\/www.atuactivewear.com\\\/es\\\/producto\\\/leggings-de-tiro-alto-sin-costuras-con-diseno-de-panal-pantalones-yoga-mujer-con-levantamiento-de-gluteos\\\/#breadcrumb\",\"itemListElement\":[{\"@type\":\"ListItem\",\"position\":1,\"name\":\"\u9996\u9875\",\"item\":\"https:\\\/\\\/www.atuactivewear.com\\\/es\\\/hogar\\\/\"},{\"@type\":\"ListItem\",\"position\":2,\"name\":\"Productos\",\"item\":\"https:\\\/\\\/www.atuactivewear.com\\\/es\\\/productos\\\/\"},{\"@type\":\"ListItem\",\"position\":3,\"name\":\"Leggings de tiro alto sin costuras con dise\u00f1o de panal pantalones yoga mujer con levantamiento de gl\u00fateos\"}]},{\"@type\":\"WebSite\",\"@id\":\"https:\\\/\\\/www.atuactivewear.com\\\/es\\\/#website\",\"url\":\"https:\\\/\\\/www.atuactivewear.com\\\/es\\\/\",\"name\":\"\",\"description\":\"\",\"potentialAction\":[{\"@type\":\"SearchAction\",\"target\":{\"@type\":\"EntryPoint\",\"urlTemplate\":\"https:\\\/\\\/www.atuactivewear.com\\\/es\\\/?s={search_term_string}\"},\"query-input\":{\"@type\":\"PropertyValueSpecification\",\"valueRequired\":true,\"valueName\":\"search_term_string\"}}],\"inLanguage\":\"es\"}]}<\/script>\n<!-- \/ Yoast SEO plugin. -->","yoast_head_json":{"title":"Leggings de yoga con estampado de leopardo de cintura alta sin costuras para mujer","description":"Experimente la m\u00e1xima comodidad y estilo con panal pantalones yoga mujer, confeccionado con tela el\u00e1stica de alta calidad para un ajuste suave y de soporte que se mueve contigo, perfecto para yoga, entrenamientos o ropa informal.","robots":{"index":"index","follow":"follow","max-snippet":"max-snippet:-1","max-image-preview":"max-image-preview:large","max-video-preview":"max-video-preview:-1"},"canonical":"https:\/\/www.atuactivewear.com\/es\/producto\/leggings-de-tiro-alto-sin-costuras-con-diseno-de-panal-pantalones-yoga-mujer-con-levantamiento-de-gluteos\/","og_locale":"es_ES","og_type":"article","og_title":"Leggings de yoga con estampado de leopardo de cintura alta sin costuras para mujer","og_description":"Experimente la m\u00e1xima comodidad y estilo con panal pantalones yoga mujer, confeccionado con tela el\u00e1stica de alta calidad para un ajuste suave y de soporte que se mueve contigo, perfecto para yoga, entrenamientos o ropa informal.","og_url":"https:\/\/www.atuactivewear.com\/es\/producto\/leggings-de-tiro-alto-sin-costuras-con-diseno-de-panal-pantalones-yoga-mujer-con-levantamiento-de-gluteos\/","article_modified_time":"2025-10-30T07:39:25+00:00","og_image":[{"width":800,"height":800,"url":"https:\/\/www.atuactivewear.com\/wp-content\/uploads\/2025\/02\/honeycomb-yoga-pants-9.webp","type":"image\/webp"}],"twitter_card":"summary_large_image","twitter_misc":{"Tiempo de lectura":"3 minutos"},"schema":{"@context":"https:\/\/schema.org","@graph":[{"@type":"WebPage","@id":"https:\/\/www.atuactivewear.com\/es\/producto\/leggings-de-tiro-alto-sin-costuras-con-diseno-de-panal-pantalones-yoga-mujer-con-levantamiento-de-gluteos\/","url":"https:\/\/www.atuactivewear.com\/es\/producto\/leggings-de-tiro-alto-sin-costuras-con-diseno-de-panal-pantalones-yoga-mujer-con-levantamiento-de-gluteos\/","name":"Leggings de yoga con estampado de leopardo de cintura alta sin costuras para mujer","isPartOf":{"@id":"https:\/\/www.atuactivewear.com\/es\/#website"},"primaryImageOfPage":{"@id":"https:\/\/www.atuactivewear.com\/es\/producto\/leggings-de-tiro-alto-sin-costuras-con-diseno-de-panal-pantalones-yoga-mujer-con-levantamiento-de-gluteos\/#primaryimage"},"image":{"@id":"https:\/\/www.atuactivewear.com\/es\/producto\/leggings-de-tiro-alto-sin-costuras-con-diseno-de-panal-pantalones-yoga-mujer-con-levantamiento-de-gluteos\/#primaryimage"},"thumbnailUrl":"https:\/\/www.atuactivewear.com\/wp-content\/uploads\/2025\/02\/honeycomb-yoga-pants-9.webp","datePublished":"2025-02-24T10:48:53+00:00","dateModified":"2025-10-30T07:39:25+00:00","description":"Experimente la m\u00e1xima comodidad y estilo con panal pantalones yoga mujer, confeccionado con tela el\u00e1stica de alta calidad para un ajuste suave y de soporte que se mueve contigo, perfecto para yoga, entrenamientos o ropa informal.","breadcrumb":{"@id":"https:\/\/www.atuactivewear.com\/es\/producto\/leggings-de-tiro-alto-sin-costuras-con-diseno-de-panal-pantalones-yoga-mujer-con-levantamiento-de-gluteos\/#breadcrumb"},"inLanguage":"es","potentialAction":[{"@type":"ReadAction","target":["https:\/\/www.atuactivewear.com\/es\/producto\/leggings-de-tiro-alto-sin-costuras-con-diseno-de-panal-pantalones-yoga-mujer-con-levantamiento-de-gluteos\/"]}]},{"@type":"ImageObject","inLanguage":"es","@id":"https:\/\/www.atuactivewear.com\/es\/producto\/leggings-de-tiro-alto-sin-costuras-con-diseno-de-panal-pantalones-yoga-mujer-con-levantamiento-de-gluteos\/#primaryimage","url":"https:\/\/www.atuactivewear.com\/wp-content\/uploads\/2025\/02\/honeycomb-yoga-pants-9.webp","contentUrl":"https:\/\/www.atuactivewear.com\/wp-content\/uploads\/2025\/02\/honeycomb-yoga-pants-9.webp","width":800,"height":800,"caption":"pantalones de yoga mujer 9"},{"@type":"BreadcrumbList","@id":"https:\/\/www.atuactivewear.com\/es\/producto\/leggings-de-tiro-alto-sin-costuras-con-diseno-de-panal-pantalones-yoga-mujer-con-levantamiento-de-gluteos\/#breadcrumb","itemListElement":[{"@type":"ListItem","position":1,"name":"\u9996\u9875","item":"https:\/\/www.atuactivewear.com\/es\/hogar\/"},{"@type":"ListItem","position":2,"name":"Productos","item":"https:\/\/www.atuactivewear.com\/es\/productos\/"},{"@type":"ListItem","position":3,"name":"Leggings de tiro alto sin costuras con dise\u00f1o de panal pantalones yoga mujer con levantamiento de gl\u00fateos"}]},{"@type":"WebSite","@id":"https:\/\/www.atuactivewear.com\/es\/#website","url":"https:\/\/www.atuactivewear.com\/es\/","name":"","description":"","potentialAction":[{"@type":"SearchAction","target":{"@type":"EntryPoint","urlTemplate":"https:\/\/www.atuactivewear.com\/es\/?s={search_term_string}"},"query-input":{"@type":"PropertyValueSpecification","valueRequired":true,"valueName":"search_term_string"}}],"inLanguage":"es"}]}},"_links":{"self":[{"href":"https:\/\/www.atuactivewear.com\/es\/wp-json\/wp\/v2\/product\/11314","targetHints":{"allow":["GET"]}}],"collection":[{"href":"https:\/\/www.atuactivewear.com\/es\/wp-json\/wp\/v2\/product"}],"about":[{"href":"https:\/\/www.atuactivewear.com\/es\/wp-json\/wp\/v2\/types\/product"}],"replies":[{"embeddable":true,"href":"https:\/\/www.atuactivewear.com\/es\/wp-json\/wp\/v2\/comments?post=11314"}],"version-history":[{"count":0,"href":"https:\/\/www.atuactivewear.com\/es\/wp-json\/wp\/v2\/product\/11314\/revisions"}],"wp:featuredmedia":[{"embeddable":true,"href":"https:\/\/www.atuactivewear.com\/es\/wp-json\/wp\/v2\/media\/11315"}],"wp:attachment":[{"href":"https:\/\/www.atuactivewear.com\/es\/wp-json\/wp\/v2\/media?parent=11314"}],"wp:term":[{"taxonomy":"product_brand","embeddable":true,"href":"https:\/\/www.atuactivewear.com\/es\/wp-json\/wp\/v2\/product_brand?post=11314"},{"taxonomy":"product_cat","embeddable":true,"href":"https:\/\/www.atuactivewear.com\/es\/wp-json\/wp\/v2\/product_cat?post=11314"},{"taxonomy":"product_tag","embeddable":true,"href":"https:\/\/www.atuactivewear.com\/es\/wp-json\/wp\/v2\/product_tag?post=11314"}],"curies":[{"name":"wp","href":"https:\/\/api.w.org\/{rel}","templated":true}]}}