{"id":11249,"date":"2025-02-25T18:53:20","date_gmt":"2025-02-25T10:53:20","guid":{"rendered":"https:\/\/www.atuactivewear.com\/product\/cintura-alta-sin-costuras-leggins-maternidad\/"},"modified":"2025-10-30T16:35:02","modified_gmt":"2025-10-30T08:35:02","slug":"cintura-alta-sin-costuras-leggins-maternidad","status":"publish","type":"product","link":"https:\/\/www.atuactivewear.com\/es\/producto\/cintura-alta-sin-costuras-leggins-maternidad\/","title":{"rendered":"Cintura alta sin costuras leggins maternidad"},"content":{"rendered":"\t\t<div data-elementor-type=\"product-post\" data-elementor-id=\"11249\" class=\"elementor elementor-11249 elementor-5987\" data-elementor-post-type=\"product\">\n\t\t\t\t<div class=\"elementor-element elementor-element-185fb7a1 e-flex e-con-boxed e-con e-parent\" data-id=\"185fb7a1\" data-element_type=\"container\" data-e-type=\"container\">\n\t\t\t\t\t<div class=\"e-con-inner\">\n\t\t\t\t<div class=\"elementor-element elementor-element-1800961 e-n-tabs-mobile elementor-widget elementor-widget-n-tabs\" data-id=\"1800961\" data-element_type=\"widget\" data-e-type=\"widget\" data-settings=\"{&quot;tabs_justify_horizontal&quot;:&quot;start&quot;,&quot;horizontal_scroll&quot;:&quot;disable&quot;}\" data-widget_type=\"nested-tabs.default\">\n\t\t\t\t<div class=\"elementor-widget-container\">\n\t\t\t\t\t\t\t<div class=\"e-n-tabs\" data-widget-number=\"25168225\" aria-label=\"Pesta\u00f1as. Abre elementos con Intro o Espacio, ci\u00e9rralos con Escape y navega con las fechas.\">\n\t\t\t<div class=\"e-n-tabs-heading\" role=\"tablist\">\n\t\t\t\t\t<button id=\"e-n-tab-title-251682251\" data-tab-title-id=\"e-n-tab-title-251682251\" class=\"e-n-tab-title\" aria-selected=\"true\" data-tab-index=\"1\" role=\"tab\" tabindex=\"0\" aria-controls=\"e-n-tab-content-251682251\" style=\"--n-tabs-title-order: 1;\">\n\t\t\t\t\t\t<span class=\"e-n-tab-title-text\">\n\t\t\t\tInstrucciones de tama\u00f1o\t\t\t<\/span>\n\t\t<\/button>\n\t\t\t\t<button id=\"e-n-tab-title-251682252\" data-tab-title-id=\"e-n-tab-title-251682252\" class=\"e-n-tab-title\" aria-selected=\"false\" data-tab-index=\"2\" role=\"tab\" tabindex=\"-1\" aria-controls=\"e-n-tab-content-251682252\" style=\"--n-tabs-title-order: 2;\">\n\t\t\t\t\t\t<span class=\"e-n-tab-title-text\">\n\t\t\t\tCaracter\u00edsticas\t\t\t<\/span>\n\t\t<\/button>\n\t\t\t\t<button id=\"e-n-tab-title-251682253\" data-tab-title-id=\"e-n-tab-title-251682253\" class=\"e-n-tab-title\" aria-selected=\"false\" data-tab-index=\"3\" role=\"tab\" tabindex=\"-1\" aria-controls=\"e-n-tab-content-251682253\" style=\"--n-tabs-title-order: 3;\">\n\t\t\t\t\t\t<span class=\"e-n-tab-title-text\">\n\t\t\t\tInstrucciones de pedido\t\t\t<\/span>\n\t\t<\/button>\n\t\t\t\t\t<\/div>\n\t\t\t<div class=\"e-n-tabs-content\">\n\t\t\t\t<div id=\"e-n-tab-content-251682251\" role=\"tabpanel\" aria-labelledby=\"e-n-tab-title-251682251\" data-tab-index=\"1\" style=\"--n-tabs-title-order: 1;\" class=\"e-active elementor-element elementor-element-2d622f6 e-con-full e-flex e-con e-child\" data-id=\"2d622f6\" data-element_type=\"container\" data-e-type=\"container\">\n\t\t<div class=\"elementor-element elementor-element-4c0086f e-flex e-con-boxed e-con e-child\" data-id=\"4c0086f\" data-element_type=\"container\" data-e-type=\"container\">\n\t\t\t\t\t<div class=\"e-con-inner\">\n\t\t\t\t<div class=\"elementor-element elementor-element-12fe34e elementor-widget elementor-widget-text-editor\" data-id=\"12fe34e\" data-element_type=\"widget\" data-e-type=\"widget\" data-widget_type=\"text-editor.default\">\n\t\t\t\t<div class=\"elementor-widget-container\">\n\t\t\t\t\t\t\t\t\t<table width=\"843\"><tbody><tr><td style=\"text-align: center;\" width=\"81\"><strong>Tama\u00f1o<\/strong><\/td><td style=\"text-align: center;\" colspan=\"2\" width=\"274\"><strong>Cintura<\/strong><\/td><td style=\"text-align: center;\" colspan=\"2\" width=\"226\"><strong>Longitud<\/strong><\/td><td style=\"text-align: center;\" colspan=\"2\" width=\"262\"><strong>Cadera<\/strong><\/td><\/tr><tr><td> <\/td><td>cm<\/td><td>pulgada<\/td><td>cm<\/td><td>pulgada<\/td><td>cm<\/td><td>pulgada<\/td><\/tr><tr><td>S<\/td><td>61<\/td><td>24.0  <\/td><td>87<\/td><td>34.3  <\/td><td>76<\/td><td>29.9  <\/td><\/tr><tr><td>M<\/td><td>65<\/td><td>25.6  <\/td><td>89<\/td><td>35.0  <\/td><td>80<\/td><td>31.5  <\/td><\/tr><tr><td>L<\/td><td>69<\/td><td>27.2  <\/td><td>91<\/td><td>35.8  <\/td><td>84<\/td><td>33.1  <\/td><\/tr><tr><td>XL<\/td><td>73<\/td><td>28.7  <\/td><td>93<\/td><td>36.6  <\/td><td>88<\/td><td>34.6  <\/td><\/tr><\/tbody><\/table>\t\t\t\t\t\t\t\t<\/div>\n\t\t\t\t<\/div>\n\t\t\t\t\t<\/div>\n\t\t\t\t<\/div>\n\t\t\t\t<\/div>\n\t\t<div id=\"e-n-tab-content-251682252\" role=\"tabpanel\" aria-labelledby=\"e-n-tab-title-251682252\" data-tab-index=\"2\" style=\"--n-tabs-title-order: 2;\" class=\" elementor-element elementor-element-10ce089 e-con-full e-flex e-con e-child\" data-id=\"10ce089\" data-element_type=\"container\" data-e-type=\"container\">\n\t\t<div class=\"elementor-element elementor-element-c5de9d8 e-flex e-con-boxed e-con e-child\" data-id=\"c5de9d8\" data-element_type=\"container\" data-e-type=\"container\">\n\t\t\t\t\t<div class=\"e-con-inner\">\n\t\t\t\t<div class=\"elementor-element elementor-element-0356b3a elementor-widget elementor-widget-text-editor\" data-id=\"0356b3a\" data-element_type=\"widget\" data-e-type=\"widget\" data-widget_type=\"text-editor.default\">\n\t\t\t\t<div class=\"elementor-widget-container\">\n\t\t\t\t\t\t\t\t\t<ul><li><p><strong>Leggings de yoga de maternidad de cintura alta<\/strong>: Dise\u00f1ado para brindar comodidad y apoyo durante el embarazo.<\/p><\/li><li><p><strong>El\u00e1stico y de apoyo<\/strong>: Caracter\u00edsticas <strong>4Tejido el\u00e1stico en 4 direcciones<\/strong> para flexibilidad y un ajuste ce\u00f1ido y firme.<\/p><\/li><li><p><strong>Ultra c\u00f3modo<\/strong>: Hecho con un <strong>mezcla de nailon altamente el\u00e1stica<\/strong> que se adapta a tu pancita en crecimiento.<\/p><\/li><li><p><strong>Lavable en la lavadora<\/strong>: F\u00e1cil de limpiar y mantener para el uso diario.<\/p><\/li><li><p><strong>Tejido transpirable<\/strong>: Te mantiene fresco y seco durante los entrenamientos o el uso diario.<\/p><\/li><li><p><strong>Soporte abdominal<\/strong>: El dise\u00f1o de cintura alta proporciona una compresi\u00f3n suave y soporte para tu abdomen.<\/p><\/li><li><p><strong>Durable y suave<\/strong>: Combina durabilidad con una sensaci\u00f3n suave y agradable para la piel.<\/p><\/li><li><p><strong>Perfecto para entrenamientos o ropa casual<\/strong>: Ideal para yoga, gimnasio, correr o descansar.<\/p><\/li><li><p><strong>Opci\u00f3n ecol\u00f3gica<\/strong>: Disponible en materiales sostenibles para una elecci\u00f3n ecol\u00f3gica.<\/p><\/li><li><p><strong>Varios tama\u00f1os<\/strong>: Dise\u00f1ado para adaptarse a todas las etapas del embarazo y posparto.<\/p><\/li><li><p><strong>Ajuste de la cintura interior<\/strong>: Ajuste personalizable para mayor comodidad a medida que tu cuerpo cambia.<\/p><\/li><\/ul>\t\t\t\t\t\t\t\t<\/div>\n\t\t\t\t<\/div>\n\t\t\t\t\t<\/div>\n\t\t\t\t<\/div>\n\t\t\t\t<\/div>\n\t\t<div id=\"e-n-tab-content-251682253\" role=\"tabpanel\" aria-labelledby=\"e-n-tab-title-251682253\" data-tab-index=\"3\" style=\"--n-tabs-title-order: 3;\" class=\" elementor-element elementor-element-cc816e1 e-con-full e-flex e-con e-child\" data-id=\"cc816e1\" data-element_type=\"container\" data-e-type=\"container\">\n\t\t<div class=\"elementor-element elementor-element-a815e0c e-flex e-con-boxed e-con e-child\" data-id=\"a815e0c\" data-element_type=\"container\" data-e-type=\"container\">\n\t\t\t\t\t<div class=\"e-con-inner\">\n\t\t\t\t<div class=\"elementor-element elementor-element-a21b178 elementor-widget elementor-widget-text-editor\" data-id=\"a21b178\" data-element_type=\"widget\" data-e-type=\"widget\" data-widget_type=\"text-editor.default\">\n\t\t\t\t<div class=\"elementor-widget-container\">\n\t\t\t\t\t\t\t\t\t<p><strong>Si en <a href=\"https:\/\/www.atuactivewear.com\/es\/existencias\/\">Existencias<\/a>,<\/strong>El plazo de entrega ser\u00e1 de 2 d\u00edas. <\/p><p><strong>Dise\u00f1o:<\/strong> Podemos crear un dise\u00f1o basado en sus ideas y especificaciones o desarrollar una muestra basada en su dise\u00f1o existente.<\/p><p><strong>Reproducci\u00f3n de muestra:<\/strong> Si ya tiene muestras, podemos replicarlas con precisi\u00f3n.<\/p><p><strong>MOQ<\/strong>: 100 unidades por color.<\/p><p><strong>Costo de la muestra<\/strong>: US$50 por unidad incluido env\u00edo.<\/p><p><strong>Plazo de entrega de muestra:<\/strong> 7-10 d\u00edas.<\/p><p><strong>Plazo de producci\u00f3n:<\/strong> 10-20 d\u00edas, seg\u00fan cantidad.<\/p>\t\t\t\t\t\t\t\t<\/div>\n\t\t\t\t<\/div>\n\t\t\t\t\t<\/div>\n\t\t\t\t<\/div>\n\t\t\t\t<\/div>\n\t\t\t\t\t<\/div>\n\t\t<\/div>\n\t\t\t\t\t\t<\/div>\n\t\t\t\t<\/div>\n\t\t\t\t\t<\/div>\n\t\t\t\t<\/div>\n\t\t\t\t<\/div>\n\t\t<p>Visitas: 2<\/p>","protected":false},"excerpt":{"rendered":"<h5>Todos los tama\u00f1os, colores y personalizaciones de tela est\u00e1n disponibles.<\/h5>\n<p>Leggings de yoga de maternidad c\u00f3modos: cintura alta, el\u00e1sticos en 4 direcciones, ultrael\u00e1sticos, ideales para hacer ejercicio o para todos los d\u00edas.<\/p>\n<table style=\"border-collapse: collapse; width: 390.62pt;\" border=\"0\" width=\"651\" cellspacing=\"0\" cellpadding=\"0\">\n<tbody>\n<tr style=\"height: 13.80pt;\">\n<td class=\"et3\" style=\"height: 13.80pt; width: 94.80pt;\" width=\"158\" height=\"23\">Estilo<\/td>\n<td class=\"et3\" style=\"width: 295.80pt;\" width=\"493\">Pantalones de yoga de maternidad<\/td>\n<\/tr>\n<tr style=\"height: 13.80pt;\">\n<td class=\"et4\" style=\"height: 13.80pt; width: 94.80pt;\" width=\"158\" height=\"23\">Tama\u00f1o<\/td>\n<td class=\"et3\">S; M; L; XL (personalizable)<\/td>\n<\/tr>\n<tr style=\"height: 13.80pt;\">\n<td class=\"et3\" style=\"height: 13.80pt;\" height=\"23\">Color<\/td>\n<td class=\"et3\">Color negro, verde militar y burdeos.<\/td>\n<\/tr>\n<tr style=\"height: 27.60pt;\">\n<td class=\"et3\" style=\"height: 27.60pt;\" height=\"46\">Tela<\/td>\n<td class=\"et4\" style=\"width: 295.80pt;\" width=\"493\">90 % nailon y 10 % elastano (personalizable)<\/td>\n<\/tr>\n<tr style=\"height: 13.80pt;\">\n<td class=\"et3\" style=\"height: 13.80pt;\" height=\"23\">Peso neto<\/td>\n<td class=\"et3\">0.285kg<\/td>\n<\/tr>\n<\/tbody>\n<\/table>\n","protected":false},"featured_media":11250,"comment_status":"open","ping_status":"closed","template":"","meta":{"_acf_changed":false,"site-sidebar-layout":"default","site-content-layout":"","ast-site-content-layout":"default","site-content-style":"default","site-sidebar-style":"default","ast-global-header-display":"","ast-banner-title-visibility":"","ast-main-header-display":"","ast-hfb-above-header-display":"","ast-hfb-below-header-display":"","ast-hfb-mobile-header-display":"","site-post-title":"","ast-breadcrumbs-content":"","ast-featured-img":"","footer-sml-layout":"","ast-disable-related-posts":"","theme-transparent-header-meta":"default","adv-header-id-meta":"","stick-header-meta":"","header-above-stick-meta":"","header-main-stick-meta":"","header-below-stick-meta":"","astra-migrate-meta-layouts":"set","ast-page-background-enabled":"default","ast-page-background-meta":{"desktop":{"background-color":"var(--ast-global-color-4)","background-image":"","background-repeat":"repeat","background-position":"center center","background-size":"auto","background-attachment":"scroll","background-type":"","background-media":"","overlay-type":"","overlay-color":"","overlay-opacity":"","overlay-gradient":""},"tablet":{"background-color":"","background-image":"","background-repeat":"repeat","background-position":"center center","background-size":"auto","background-attachment":"scroll","background-type":"","background-media":"","overlay-type":"","overlay-color":"","overlay-opacity":"","overlay-gradient":""},"mobile":{"background-color":"","background-image":"","background-repeat":"repeat","background-position":"center center","background-size":"auto","background-attachment":"scroll","background-type":"","background-media":"","overlay-type":"","overlay-color":"","overlay-opacity":"","overlay-gradient":""}},"ast-content-background-meta":{"desktop":{"background-color":"var(--ast-global-color-5)","background-image":"","background-repeat":"repeat","background-position":"center center","background-size":"auto","background-attachment":"scroll","background-type":"","background-media":"","overlay-type":"","overlay-color":"","overlay-opacity":"","overlay-gradient":""},"tablet":{"background-color":"var(--ast-global-color-5)","background-image":"","background-repeat":"repeat","background-position":"center center","background-size":"auto","background-attachment":"scroll","background-type":"","background-media":"","overlay-type":"","overlay-color":"","overlay-opacity":"","overlay-gradient":""},"mobile":{"background-color":"var(--ast-global-color-5)","background-image":"","background-repeat":"repeat","background-position":"center center","background-size":"auto","background-attachment":"scroll","background-type":"","background-media":"","overlay-type":"","overlay-color":"","overlay-opacity":"","overlay-gradient":""}}},"product_brand":[],"product_cat":[197,227,194,199,228,202,231],"product_tag":[],"class_list":{"0":"post-11249","1":"product","2":"type-product","3":"status-publish","4":"has-post-thumbnail","6":"product_cat-high-waisted-leggings-es","7":"product_cat-high-waisted-yoga-pants-es","8":"product_cat-womens-leggings-es","9":"product_cat-maternity-leggings-es","10":"product_cat-maternity-yoga-pants-es","11":"product_cat-seamless-leggings-es","12":"product_cat-seamless-yoga-pants-es","13":"desktop-align-left","14":"tablet-align-left","15":"mobile-align-left","17":"first","18":"instock","19":"taxable","20":"shipping-taxable","21":"product-type-simple"},"acf":[],"yoast_head":"<!-- This site is optimized with the Yoast SEO plugin v24.5 - https:\/\/yoast.com\/wordpress\/plugins\/seo\/ -->\n<title>Cintura alta sin costuras leggins maternidad<\/title>\n<meta name=\"description\" content=\"Mant\u00e9ngase c\u00f3moda y apoyada durante el embarazo con nuestro leggins maternidad, con un dise\u00f1o de cintura alta, tela el\u00e1stica en 4 direcciones y una mezcla de nailon altamente el\u00e1stico para m\u00e1xima comodidad y flexibilidad, perfecto para hacer ejercicio o para uso diario.\" \/>\n<meta name=\"robots\" content=\"index, follow, max-snippet:-1, max-image-preview:large, max-video-preview:-1\" \/>\n<link rel=\"canonical\" href=\"https:\/\/www.atuactivewear.com\/es\/producto\/cintura-alta-sin-costuras-leggins-maternidad\/\" \/>\n<meta property=\"og:locale\" content=\"es_ES\" \/>\n<meta property=\"og:type\" content=\"article\" \/>\n<meta property=\"og:title\" content=\"Cintura alta sin costuras leggins maternidad\" \/>\n<meta property=\"og:description\" content=\"Mant\u00e9ngase c\u00f3moda y apoyada durante el embarazo con nuestro leggins maternidad, con un dise\u00f1o de cintura alta, tela el\u00e1stica en 4 direcciones y una mezcla de nailon altamente el\u00e1stico para m\u00e1xima comodidad y flexibilidad, perfecto para hacer ejercicio o para uso diario.\" \/>\n<meta property=\"og:url\" content=\"https:\/\/www.atuactivewear.com\/es\/producto\/cintura-alta-sin-costuras-leggins-maternidad\/\" \/>\n<meta property=\"article:modified_time\" content=\"2025-10-30T08:35:02+00:00\" \/>\n<meta property=\"og:image\" content=\"https:\/\/www.atuactivewear.com\/wp-content\/uploads\/2025\/02\/maternity-yoga-leggings.webp\" \/>\n\t<meta property=\"og:image:width\" content=\"600\" \/>\n\t<meta property=\"og:image:height\" content=\"800\" \/>\n\t<meta property=\"og:image:type\" content=\"image\/webp\" \/>\n<meta name=\"twitter:card\" content=\"summary_large_image\" \/>\n<meta name=\"twitter:label1\" content=\"Tiempo de lectura\" \/>\n\t<meta name=\"twitter:data1\" content=\"3 minutos\" \/>\n<script type=\"application\/ld+json\" class=\"yoast-schema-graph\">{\"@context\":\"https:\/\/schema.org\",\"@graph\":[{\"@type\":\"WebPage\",\"@id\":\"https:\/\/www.atuactivewear.com\/es\/producto\/cintura-alta-sin-costuras-leggins-maternidad\/\",\"url\":\"https:\/\/www.atuactivewear.com\/es\/producto\/cintura-alta-sin-costuras-leggins-maternidad\/\",\"name\":\"Cintura alta sin costuras leggins maternidad\",\"isPartOf\":{\"@id\":\"https:\/\/www.atuactivewear.com\/es\/#website\"},\"primaryImageOfPage\":{\"@id\":\"https:\/\/www.atuactivewear.com\/es\/producto\/cintura-alta-sin-costuras-leggins-maternidad\/#primaryimage\"},\"image\":{\"@id\":\"https:\/\/www.atuactivewear.com\/es\/producto\/cintura-alta-sin-costuras-leggins-maternidad\/#primaryimage\"},\"thumbnailUrl\":\"https:\/\/www.atuactivewear.com\/wp-content\/uploads\/2025\/02\/maternity-yoga-leggings.webp\",\"datePublished\":\"2025-02-25T10:53:20+00:00\",\"dateModified\":\"2025-10-30T08:35:02+00:00\",\"description\":\"Mant\u00e9ngase c\u00f3moda y apoyada durante el embarazo con nuestro leggins maternidad, con un dise\u00f1o de cintura alta, tela el\u00e1stica en 4 direcciones y una mezcla de nailon altamente el\u00e1stico para m\u00e1xima comodidad y flexibilidad, perfecto para hacer ejercicio o para uso diario.\",\"breadcrumb\":{\"@id\":\"https:\/\/www.atuactivewear.com\/es\/producto\/cintura-alta-sin-costuras-leggins-maternidad\/#breadcrumb\"},\"inLanguage\":\"es\",\"potentialAction\":[{\"@type\":\"ReadAction\",\"target\":[\"https:\/\/www.atuactivewear.com\/es\/producto\/cintura-alta-sin-costuras-leggins-maternidad\/\"]}]},{\"@type\":\"ImageObject\",\"inLanguage\":\"es\",\"@id\":\"https:\/\/www.atuactivewear.com\/es\/producto\/cintura-alta-sin-costuras-leggins-maternidad\/#primaryimage\",\"url\":\"https:\/\/www.atuactivewear.com\/wp-content\/uploads\/2025\/02\/maternity-yoga-leggings.webp\",\"contentUrl\":\"https:\/\/www.atuactivewear.com\/wp-content\/uploads\/2025\/02\/maternity-yoga-leggings.webp\",\"width\":600,\"height\":800,\"caption\":\"leggins maternidad\"},{\"@type\":\"BreadcrumbList\",\"@id\":\"https:\/\/www.atuactivewear.com\/es\/producto\/cintura-alta-sin-costuras-leggins-maternidad\/#breadcrumb\",\"itemListElement\":[{\"@type\":\"ListItem\",\"position\":1,\"name\":\"\u9996\u9875\",\"item\":\"https:\/\/www.atuactivewear.com\/es\/hogar\/\"},{\"@type\":\"ListItem\",\"position\":2,\"name\":\"Productos\",\"item\":\"https:\/\/www.atuactivewear.com\/es\/productos\/\"},{\"@type\":\"ListItem\",\"position\":3,\"name\":\"Cintura alta sin costuras leggins maternidad\"}]},{\"@type\":\"WebSite\",\"@id\":\"https:\/\/www.atuactivewear.com\/es\/#website\",\"url\":\"https:\/\/www.atuactivewear.com\/es\/\",\"name\":\"\",\"description\":\"\",\"potentialAction\":[{\"@type\":\"SearchAction\",\"target\":{\"@type\":\"EntryPoint\",\"urlTemplate\":\"https:\/\/www.atuactivewear.com\/es\/?s={search_term_string}\"},\"query-input\":{\"@type\":\"PropertyValueSpecification\",\"valueRequired\":true,\"valueName\":\"search_term_string\"}}],\"inLanguage\":\"es\"}]}<\/script>\n<!-- \/ Yoast SEO plugin. -->","yoast_head_json":{"title":"Cintura alta sin costuras leggins maternidad","description":"Mant\u00e9ngase c\u00f3moda y apoyada durante el embarazo con nuestro leggins maternidad, con un dise\u00f1o de cintura alta, tela el\u00e1stica en 4 direcciones y una mezcla de nailon altamente el\u00e1stico para m\u00e1xima comodidad y flexibilidad, perfecto para hacer ejercicio o para uso diario.","robots":{"index":"index","follow":"follow","max-snippet":"max-snippet:-1","max-image-preview":"max-image-preview:large","max-video-preview":"max-video-preview:-1"},"canonical":"https:\/\/www.atuactivewear.com\/es\/producto\/cintura-alta-sin-costuras-leggins-maternidad\/","og_locale":"es_ES","og_type":"article","og_title":"Cintura alta sin costuras leggins maternidad","og_description":"Mant\u00e9ngase c\u00f3moda y apoyada durante el embarazo con nuestro leggins maternidad, con un dise\u00f1o de cintura alta, tela el\u00e1stica en 4 direcciones y una mezcla de nailon altamente el\u00e1stico para m\u00e1xima comodidad y flexibilidad, perfecto para hacer ejercicio o para uso diario.","og_url":"https:\/\/www.atuactivewear.com\/es\/producto\/cintura-alta-sin-costuras-leggins-maternidad\/","article_modified_time":"2025-10-30T08:35:02+00:00","og_image":[{"width":600,"height":800,"url":"https:\/\/www.atuactivewear.com\/wp-content\/uploads\/2025\/02\/maternity-yoga-leggings.webp","type":"image\/webp"}],"twitter_card":"summary_large_image","twitter_misc":{"Tiempo de lectura":"3 minutos"},"schema":{"@context":"https:\/\/schema.org","@graph":[{"@type":"WebPage","@id":"https:\/\/www.atuactivewear.com\/es\/producto\/cintura-alta-sin-costuras-leggins-maternidad\/","url":"https:\/\/www.atuactivewear.com\/es\/producto\/cintura-alta-sin-costuras-leggins-maternidad\/","name":"Cintura alta sin costuras leggins maternidad","isPartOf":{"@id":"https:\/\/www.atuactivewear.com\/es\/#website"},"primaryImageOfPage":{"@id":"https:\/\/www.atuactivewear.com\/es\/producto\/cintura-alta-sin-costuras-leggins-maternidad\/#primaryimage"},"image":{"@id":"https:\/\/www.atuactivewear.com\/es\/producto\/cintura-alta-sin-costuras-leggins-maternidad\/#primaryimage"},"thumbnailUrl":"https:\/\/www.atuactivewear.com\/wp-content\/uploads\/2025\/02\/maternity-yoga-leggings.webp","datePublished":"2025-02-25T10:53:20+00:00","dateModified":"2025-10-30T08:35:02+00:00","description":"Mant\u00e9ngase c\u00f3moda y apoyada durante el embarazo con nuestro leggins maternidad, con un dise\u00f1o de cintura alta, tela el\u00e1stica en 4 direcciones y una mezcla de nailon altamente el\u00e1stico para m\u00e1xima comodidad y flexibilidad, perfecto para hacer ejercicio o para uso diario.","breadcrumb":{"@id":"https:\/\/www.atuactivewear.com\/es\/producto\/cintura-alta-sin-costuras-leggins-maternidad\/#breadcrumb"},"inLanguage":"es","potentialAction":[{"@type":"ReadAction","target":["https:\/\/www.atuactivewear.com\/es\/producto\/cintura-alta-sin-costuras-leggins-maternidad\/"]}]},{"@type":"ImageObject","inLanguage":"es","@id":"https:\/\/www.atuactivewear.com\/es\/producto\/cintura-alta-sin-costuras-leggins-maternidad\/#primaryimage","url":"https:\/\/www.atuactivewear.com\/wp-content\/uploads\/2025\/02\/maternity-yoga-leggings.webp","contentUrl":"https:\/\/www.atuactivewear.com\/wp-content\/uploads\/2025\/02\/maternity-yoga-leggings.webp","width":600,"height":800,"caption":"leggins maternidad"},{"@type":"BreadcrumbList","@id":"https:\/\/www.atuactivewear.com\/es\/producto\/cintura-alta-sin-costuras-leggins-maternidad\/#breadcrumb","itemListElement":[{"@type":"ListItem","position":1,"name":"\u9996\u9875","item":"https:\/\/www.atuactivewear.com\/es\/hogar\/"},{"@type":"ListItem","position":2,"name":"Productos","item":"https:\/\/www.atuactivewear.com\/es\/productos\/"},{"@type":"ListItem","position":3,"name":"Cintura alta sin costuras leggins maternidad"}]},{"@type":"WebSite","@id":"https:\/\/www.atuactivewear.com\/es\/#website","url":"https:\/\/www.atuactivewear.com\/es\/","name":"","description":"","potentialAction":[{"@type":"SearchAction","target":{"@type":"EntryPoint","urlTemplate":"https:\/\/www.atuactivewear.com\/es\/?s={search_term_string}"},"query-input":{"@type":"PropertyValueSpecification","valueRequired":true,"valueName":"search_term_string"}}],"inLanguage":"es"}]}},"_links":{"self":[{"href":"https:\/\/www.atuactivewear.com\/es\/wp-json\/wp\/v2\/product\/11249","targetHints":{"allow":["GET"]}}],"collection":[{"href":"https:\/\/www.atuactivewear.com\/es\/wp-json\/wp\/v2\/product"}],"about":[{"href":"https:\/\/www.atuactivewear.com\/es\/wp-json\/wp\/v2\/types\/product"}],"replies":[{"embeddable":true,"href":"https:\/\/www.atuactivewear.com\/es\/wp-json\/wp\/v2\/comments?post=11249"}],"version-history":[{"count":0,"href":"https:\/\/www.atuactivewear.com\/es\/wp-json\/wp\/v2\/product\/11249\/revisions"}],"wp:featuredmedia":[{"embeddable":true,"href":"https:\/\/www.atuactivewear.com\/es\/wp-json\/wp\/v2\/media\/11250"}],"wp:attachment":[{"href":"https:\/\/www.atuactivewear.com\/es\/wp-json\/wp\/v2\/media?parent=11249"}],"wp:term":[{"taxonomy":"product_brand","embeddable":true,"href":"https:\/\/www.atuactivewear.com\/es\/wp-json\/wp\/v2\/product_brand?post=11249"},{"taxonomy":"product_cat","embeddable":true,"href":"https:\/\/www.atuactivewear.com\/es\/wp-json\/wp\/v2\/product_cat?post=11249"},{"taxonomy":"product_tag","embeddable":true,"href":"https:\/\/www.atuactivewear.com\/es\/wp-json\/wp\/v2\/product_tag?post=11249"}],"curies":[{"name":"wp","href":"https:\/\/api.w.org\/{rel}","templated":true}]}}