{"id":10254,"date":"2025-02-25T19:34:57","date_gmt":"2025-02-25T11:34:57","guid":{"rendered":"https:\/\/www.atuactivewear.com\/product\/sin-costura-leggings-de-yoga-de-cintura-alta-con-levantamiento-de-gluteos\/"},"modified":"2025-10-30T15:23:16","modified_gmt":"2025-10-30T07:23:16","slug":"sin-costura-leggings-de-yoga-de-cintura-alta-con-levantamiento-de-gluteos","status":"publish","type":"product","link":"https:\/\/www.atuactivewear.com\/es\/producto\/sin-costura-leggings-de-yoga-de-cintura-alta-con-levantamiento-de-gluteos\/","title":{"rendered":"Sin costura Leggings de yoga de cintura alta con levantamiento de gl\u00fateos"},"content":{"rendered":"\t\t<div data-elementor-type=\"product-post\" data-elementor-id=\"10254\" class=\"elementor elementor-10254 elementor-6000\" data-elementor-post-type=\"product\">\n\t\t\t\t<div class=\"elementor-element elementor-element-185fb7a1 e-flex e-con-boxed e-con e-parent\" data-id=\"185fb7a1\" data-element_type=\"container\" data-e-type=\"container\">\n\t\t\t\t\t<div class=\"e-con-inner\">\n\t\t\t\t<div class=\"elementor-element elementor-element-1800961 e-n-tabs-mobile elementor-widget elementor-widget-n-tabs\" data-id=\"1800961\" data-element_type=\"widget\" data-e-type=\"widget\" data-settings=\"{&quot;tabs_justify_horizontal&quot;:&quot;start&quot;,&quot;horizontal_scroll&quot;:&quot;disable&quot;}\" data-widget_type=\"nested-tabs.default\">\n\t\t\t\t<div class=\"elementor-widget-container\">\n\t\t\t\t\t\t\t<div class=\"e-n-tabs\" data-widget-number=\"25168225\" aria-label=\"Pesta\u00f1as. Abre elementos con Intro o Espacio, ci\u00e9rralos con Escape y navega con las fechas.\">\n\t\t\t<div class=\"e-n-tabs-heading\" role=\"tablist\">\n\t\t\t\t\t<button id=\"e-n-tab-title-251682251\" data-tab-title-id=\"e-n-tab-title-251682251\" class=\"e-n-tab-title\" aria-selected=\"true\" data-tab-index=\"1\" role=\"tab\" tabindex=\"0\" aria-controls=\"e-n-tab-content-251682251\" style=\"--n-tabs-title-order: 1;\">\n\t\t\t\t\t\t<span class=\"e-n-tab-title-text\">\n\t\t\t\tInstrucciones de tama\u00f1o\t\t\t<\/span>\n\t\t<\/button>\n\t\t\t\t<button id=\"e-n-tab-title-251682252\" data-tab-title-id=\"e-n-tab-title-251682252\" class=\"e-n-tab-title\" aria-selected=\"false\" data-tab-index=\"2\" role=\"tab\" tabindex=\"-1\" aria-controls=\"e-n-tab-content-251682252\" style=\"--n-tabs-title-order: 2;\">\n\t\t\t\t\t\t<span class=\"e-n-tab-title-text\">\n\t\t\t\tCaracter\u00edsticas\t\t\t<\/span>\n\t\t<\/button>\n\t\t\t\t<button id=\"e-n-tab-title-251682253\" data-tab-title-id=\"e-n-tab-title-251682253\" class=\"e-n-tab-title\" aria-selected=\"false\" data-tab-index=\"3\" role=\"tab\" tabindex=\"-1\" aria-controls=\"e-n-tab-content-251682253\" style=\"--n-tabs-title-order: 3;\">\n\t\t\t\t\t\t<span class=\"e-n-tab-title-text\">\n\t\t\t\tInstrucciones de pedido\t\t\t<\/span>\n\t\t<\/button>\n\t\t\t\t\t<\/div>\n\t\t\t<div class=\"e-n-tabs-content\">\n\t\t\t\t<div id=\"e-n-tab-content-251682251\" role=\"tabpanel\" aria-labelledby=\"e-n-tab-title-251682251\" data-tab-index=\"1\" style=\"--n-tabs-title-order: 1;\" class=\"e-active elementor-element elementor-element-2d622f6 e-con-full e-flex e-con e-child\" data-id=\"2d622f6\" data-element_type=\"container\" data-e-type=\"container\">\n\t\t<div class=\"elementor-element elementor-element-4c0086f e-flex e-con-boxed e-con e-child\" data-id=\"4c0086f\" data-element_type=\"container\" data-e-type=\"container\">\n\t\t\t\t\t<div class=\"e-con-inner\">\n\t\t\t\t<div class=\"elementor-element elementor-element-12fe34e elementor-widget elementor-widget-text-editor\" data-id=\"12fe34e\" data-element_type=\"widget\" data-e-type=\"widget\" data-widget_type=\"text-editor.default\">\n\t\t\t\t<div class=\"elementor-widget-container\">\n\t\t\t\t\t\t\t\t\t<table width=\"567\"><tbody><tr><td width=\"81\"> <\/td> <td style=\"text-align: center;\" colspan=\"2\" width=\"162\"><strong> Cintura<\/strong><\/td><td style=\"text-align: center;\" colspan=\"2\" width=\"162\"><strong>Caderas<\/strong><\/td><td style=\"text-align: center;\" colspan=\"2\" width=\"162\"><strong>Longitud<\/strong><\/td><\/tr><tr><td><strong>Tama\u00f1o<\/strong><\/td><td>cm<\/td><td>pulgada<\/td><td>cm<\/td><td>pulgada<\/td><td>cm<\/td><td>pulgada<\/td><\/tr><tr><td>S\/8<\/td><td>46  <\/td><td>18  <\/td><td>74  <\/td><td>29  <\/td><td>84<\/td><td>33  <\/td><\/tr><tr><td>M\/10<\/td><td>50  <\/td><td>20  <\/td><td>78  <\/td><td>31  <\/td><td>85<\/td><td>33  <\/td><\/tr><tr><td>L\/12<\/td><td>54  <\/td><td>21  <\/td><td>82  <\/td><td>32  <\/td><td>86<\/td><td>34  <\/td><\/tr><tr><td>XL\/14<\/td><td>58  <\/td><td>23  <\/td><td>86  <\/td><td>34  <\/td><td>87<\/td><td>34  <\/td><\/tr><\/tbody><\/table>\t\t\t\t\t\t\t\t<\/div>\n\t\t\t\t<\/div>\n\t\t\t\t\t<\/div>\n\t\t\t\t<\/div>\n\t\t\t\t<\/div>\n\t\t<div id=\"e-n-tab-content-251682252\" role=\"tabpanel\" aria-labelledby=\"e-n-tab-title-251682252\" data-tab-index=\"2\" style=\"--n-tabs-title-order: 2;\" class=\" elementor-element elementor-element-10ce089 e-con-full e-flex e-con e-child\" data-id=\"10ce089\" data-element_type=\"container\" data-e-type=\"container\">\n\t\t<div class=\"elementor-element elementor-element-c5de9d8 e-flex e-con-boxed e-con e-child\" data-id=\"c5de9d8\" data-element_type=\"container\" data-e-type=\"container\">\n\t\t\t\t\t<div class=\"e-con-inner\">\n\t\t\t\t<div class=\"elementor-element elementor-element-0356b3a elementor-widget elementor-widget-text-editor\" data-id=\"0356b3a\" data-element_type=\"widget\" data-e-type=\"widget\" data-widget_type=\"text-editor.default\">\n\t\t\t\t<div class=\"elementor-widget-container\">\n\t\t\t\t\t\t\t\t\t<ul><li style=\"list-style-type: none;\"><ul><li><p><strong>Dise\u00f1o sin costuras<\/strong>: Disfruta de una <strong>ajuste suave y sin rozaduras<\/strong> sin costuras visibles, ofrece m\u00e1xima comodidad y una apariencia elegante para yoga, entrenamientos o ropa informal.<\/p><\/li><li><p><strong>Efecto levantamiento de gl\u00fateos<\/strong>: Dise\u00f1ado para <strong>realza tus curvas<\/strong>, Estos leggings proporcionan una silueta esculpida y favorecedora que aumenta la confianza.<\/p><\/li><li><p><strong>Tejido transpirable<\/strong>: Elaborado con <strong>material ligero y aireado<\/strong> para mantenerte fresco y c\u00f3modo durante sesiones intensas o actividades cotidianas.<\/p><\/li><li><p><strong>Tecnolog\u00eda que absorbe el sudor<\/strong>: R\u00e1pidamente <strong>absorbe y evapora la humedad<\/strong>, asegur\u00e1ndote de mantenerte seco y fresco durante todo tu entrenamiento.<\/p><\/li><li><p><strong>Ajuste de cintura alta<\/strong>: Ofertas <strong>control del abdomen<\/strong> y una sensaci\u00f3n de seguridad y apoyo que se mantiene en su lugar durante el movimiento.<\/p><\/li><li><p><strong>Estiramiento en 4 direcciones<\/strong>: Proporciona <strong>rango completo de movimiento<\/strong>, Permiti\u00e9ndole moverse libremente y c\u00f3modamente en cualquier pose o actividad.<\/p><\/li><li><p><strong>Opciones ecol\u00f3gicas<\/strong>: Hecho con <strong>materiales sostenibles<\/strong> para una elecci\u00f3n consciente del medio ambiente.<\/p><\/li><li><p><strong>Estilo vers\u00e1til<\/strong>: Perfecto para <strong>yoga, gimnasio, correr o descansar<\/strong>, combinatorio <strong>rendimiento y moda<\/strong> sin esfuerzo.<\/p><\/li><li><p><strong>Durable y suave<\/strong>: combina <strong>durabilidad duradera<\/strong> con un <strong>tacto suave y agradable para la piel<\/strong> Para comodidad durante todo el d\u00eda.<\/p><\/li><li><p><strong>Lavable en la lavadora<\/strong>: F\u00e1cil de limpiar y mantener para el uso diario.<\/p><\/li><li><p><strong>Disponible en varios colores<\/strong>: Opciones elegantes que combinan con tu guardarropa y estado de \u00e1nimo.<\/p><\/li><\/ul><\/li><\/ul>\t\t\t\t\t\t\t\t<\/div>\n\t\t\t\t<\/div>\n\t\t\t\t\t<\/div>\n\t\t\t\t<\/div>\n\t\t\t\t<\/div>\n\t\t<div id=\"e-n-tab-content-251682253\" role=\"tabpanel\" aria-labelledby=\"e-n-tab-title-251682253\" data-tab-index=\"3\" style=\"--n-tabs-title-order: 3;\" class=\" elementor-element elementor-element-cc816e1 e-con-full e-flex e-con e-child\" data-id=\"cc816e1\" data-element_type=\"container\" data-e-type=\"container\">\n\t\t<div class=\"elementor-element elementor-element-a815e0c e-flex e-con-boxed e-con e-child\" data-id=\"a815e0c\" data-element_type=\"container\" data-e-type=\"container\">\n\t\t\t\t\t<div class=\"e-con-inner\">\n\t\t\t\t<div class=\"elementor-element elementor-element-a21b178 elementor-widget elementor-widget-text-editor\" data-id=\"a21b178\" data-element_type=\"widget\" data-e-type=\"widget\" data-widget_type=\"text-editor.default\">\n\t\t\t\t<div class=\"elementor-widget-container\">\n\t\t\t\t\t\t\t\t\t<p><strong>Si en <a href=\"https:\/\/www.atuactivewear.com\/es\/existencias\/\">Existencias<\/a>,<\/strong>El plazo de entrega ser\u00e1 de 2 d\u00edas. <\/p><p><strong>Dise\u00f1o:<\/strong> Podemos crear un dise\u00f1o basado en sus ideas y especificaciones o desarrollar una muestra basada en su dise\u00f1o existente.<\/p><p><strong>Reproducci\u00f3n de muestra:<\/strong> Si ya tiene muestras, podemos replicarlas con precisi\u00f3n.<\/p><p><strong>MOQ<\/strong>: 100 unidades por color.<\/p><p><strong>Costo de la muestra<\/strong>: US$50 por unidad incluido env\u00edo.<\/p><p><strong>Plazo de entrega de muestra:<\/strong> 7-10 d\u00edas.<\/p><p><strong>Plazo de producci\u00f3n:<\/strong> 10-20 d\u00edas, seg\u00fan cantidad.<\/p>\t\t\t\t\t\t\t\t<\/div>\n\t\t\t\t<\/div>\n\t\t\t\t\t<\/div>\n\t\t\t\t<\/div>\n\t\t\t\t<\/div>\n\t\t\t\t\t<\/div>\n\t\t<\/div>\n\t\t\t\t\t\t<\/div>\n\t\t\t\t<\/div>\n\t\t\t\t\t<\/div>\n\t\t\t\t<\/div>\n\t\t\t\t<\/div>\n\t\t","protected":false},"excerpt":{"rendered":"<h5>Todos los tama\u00f1os, colores y personalizaciones de tela est\u00e1n disponibles.<\/h5>\n<p>Leggings de yoga de cintura alta: sin costuras, transpirables, control del abdomen, el\u00e1sticos en 4 direcciones, \u00a1ideales para hacer ejercicio o para uso informal!<\/p>\n<table style=\"border-collapse: collapse; width: 390.62pt;\" border=\"0\" width=\"651\" cellspacing=\"0\" cellpadding=\"0\">\n<tbody>\n<tr style=\"height: 13.80pt;\">\n<td class=\"et3\" style=\"height: 13.80pt; width: 94.80pt;\" width=\"158\" height=\"23\">Estilo<\/td>\n<td class=\"et3\" style=\"width: 295.80pt;\" width=\"493\">Pantalones de yoga de cintura alta sin costuras<\/td>\n<\/tr>\n<tr style=\"height: 13.80pt;\">\n<td class=\"et4\" style=\"height: 13.80pt; width: 94.80pt;\" width=\"158\" height=\"23\">Tama\u00f1o<\/td>\n<td class=\"et3\">S; M; L; XL (personalizable)<\/td>\n<\/tr>\n<tr style=\"height: 13.80pt;\">\n<td class=\"et3\" style=\"height: 13.80pt;\" height=\"23\">Color<\/td>\n<td class=\"et3\">12 colores. (Personalizable) <\/td>\n<\/tr>\n<tr style=\"height: 27.60pt;\">\n<td class=\"et3\" style=\"height: 27.60pt;\" height=\"46\">Tela<\/td>\n<td class=\"et4\" style=\"width: 295.80pt;\" width=\"493\">80% nailon y 20% elastano (personalizable)<\/td>\n<\/tr>\n<tr style=\"height: 13.80pt;\">\n<td class=\"et3\" style=\"height: 13.80pt;\" height=\"23\">Peso neto<\/td>\n<td class=\"et3\">0.15kg<\/td>\n<\/tr>\n<\/tbody>\n<\/table>\n","protected":false},"featured_media":10255,"comment_status":"open","ping_status":"closed","template":"","meta":{"_acf_changed":false,"site-sidebar-layout":"default","site-content-layout":"","ast-site-content-layout":"default","site-content-style":"default","site-sidebar-style":"default","ast-global-header-display":"","ast-banner-title-visibility":"","ast-main-header-display":"","ast-hfb-above-header-display":"","ast-hfb-below-header-display":"","ast-hfb-mobile-header-display":"","site-post-title":"","ast-breadcrumbs-content":"","ast-featured-img":"","footer-sml-layout":"","ast-disable-related-posts":"","theme-transparent-header-meta":"default","adv-header-id-meta":"","stick-header-meta":"","header-above-stick-meta":"","header-main-stick-meta":"","header-below-stick-meta":"","astra-migrate-meta-layouts":"set","ast-page-background-enabled":"default","ast-page-background-meta":{"desktop":{"background-color":"var(--ast-global-color-4)","background-image":"","background-repeat":"repeat","background-position":"center center","background-size":"auto","background-attachment":"scroll","background-type":"","background-media":"","overlay-type":"","overlay-color":"","overlay-opacity":"","overlay-gradient":""},"tablet":{"background-color":"","background-image":"","background-repeat":"repeat","background-position":"center center","background-size":"auto","background-attachment":"scroll","background-type":"","background-media":"","overlay-type":"","overlay-color":"","overlay-opacity":"","overlay-gradient":""},"mobile":{"background-color":"","background-image":"","background-repeat":"repeat","background-position":"center center","background-size":"auto","background-attachment":"scroll","background-type":"","background-media":"","overlay-type":"","overlay-color":"","overlay-opacity":"","overlay-gradient":""}},"ast-content-background-meta":{"desktop":{"background-color":"var(--ast-global-color-5)","background-image":"","background-repeat":"repeat","background-position":"center center","background-size":"auto","background-attachment":"scroll","background-type":"","background-media":"","overlay-type":"","overlay-color":"","overlay-opacity":"","overlay-gradient":""},"tablet":{"background-color":"var(--ast-global-color-5)","background-image":"","background-repeat":"repeat","background-position":"center center","background-size":"auto","background-attachment":"scroll","background-type":"","background-media":"","overlay-type":"","overlay-color":"","overlay-opacity":"","overlay-gradient":""},"mobile":{"background-color":"var(--ast-global-color-5)","background-image":"","background-repeat":"repeat","background-position":"center center","background-size":"auto","background-attachment":"scroll","background-type":"","background-media":"","overlay-type":"","overlay-color":"","overlay-opacity":"","overlay-gradient":""}}},"product_brand":[],"product_cat":[197,227,194,202,231],"product_tag":[],"class_list":{"0":"post-10254","1":"product","2":"type-product","3":"status-publish","4":"has-post-thumbnail","6":"product_cat-high-waisted-leggings-es","7":"product_cat-high-waisted-yoga-pants-es","8":"product_cat-womens-leggings-es","9":"product_cat-seamless-leggings-es","10":"product_cat-seamless-yoga-pants-es","11":"desktop-align-left","12":"tablet-align-left","13":"mobile-align-left","15":"first","16":"instock","17":"taxable","18":"shipping-taxable","19":"product-type-simple"},"acf":[],"yoast_head":"<!-- This site is optimized with the Yoast SEO plugin v27.5 - https:\/\/yoast.com\/product\/yoast-seo-wordpress\/ -->\n<title>Sin costura Leggings de yoga de cintura alta con levantamiento de gl\u00fateos<\/title>\n<meta name=\"description\" content=\"Leggings de yoga de cintura alta: Sin costuras, levanta los gl\u00fateos, transpirable, absorbe el sudor, el\u00e1stico en 4 direcciones, control del abdomen, ecol\u00f3gico, perfecto para hacer ejercicio o para uso informal.\" \/>\n<meta name=\"robots\" content=\"index, follow, max-snippet:-1, max-image-preview:large, max-video-preview:-1\" \/>\n<link rel=\"canonical\" href=\"https:\/\/www.atuactivewear.com\/es\/producto\/sin-costura-leggings-de-yoga-de-cintura-alta-con-levantamiento-de-gluteos\/\" \/>\n<meta property=\"og:locale\" content=\"es_ES\" \/>\n<meta property=\"og:type\" content=\"article\" \/>\n<meta property=\"og:title\" content=\"Sin costura Leggings de yoga de cintura alta con levantamiento de gl\u00fateos\" \/>\n<meta property=\"og:description\" content=\"Leggings de yoga de cintura alta: Sin costuras, levanta los gl\u00fateos, transpirable, absorbe el sudor, el\u00e1stico en 4 direcciones, control del abdomen, ecol\u00f3gico, perfecto para hacer ejercicio o para uso informal.\" \/>\n<meta property=\"og:url\" content=\"https:\/\/www.atuactivewear.com\/es\/producto\/sin-costura-leggings-de-yoga-de-cintura-alta-con-levantamiento-de-gluteos\/\" \/>\n<meta property=\"article:modified_time\" content=\"2025-10-30T07:23:16+00:00\" \/>\n<meta property=\"og:image\" content=\"https:\/\/www.atuactivewear.com\/wp-content\/uploads\/2025\/02\/yoga-leggings-high-waist.webp\" \/>\n\t<meta property=\"og:image:width\" content=\"800\" \/>\n\t<meta property=\"og:image:height\" content=\"800\" \/>\n\t<meta property=\"og:image:type\" content=\"image\/webp\" \/>\n<meta name=\"twitter:card\" content=\"summary_large_image\" \/>\n<meta name=\"twitter:label1\" content=\"Tiempo de lectura\" \/>\n\t<meta name=\"twitter:data1\" content=\"4 minutos\" \/>\n<script type=\"application\/ld+json\" class=\"yoast-schema-graph\">{\"@context\":\"https:\\\/\\\/schema.org\",\"@graph\":[{\"@type\":\"WebPage\",\"@id\":\"https:\\\/\\\/www.atuactivewear.com\\\/es\\\/producto\\\/sin-costura-leggings-de-yoga-de-cintura-alta-con-levantamiento-de-gluteos\\\/\",\"url\":\"https:\\\/\\\/www.atuactivewear.com\\\/es\\\/producto\\\/sin-costura-leggings-de-yoga-de-cintura-alta-con-levantamiento-de-gluteos\\\/\",\"name\":\"Sin costura Leggings de yoga de cintura alta con levantamiento de gl\u00fateos\",\"isPartOf\":{\"@id\":\"https:\\\/\\\/www.atuactivewear.com\\\/es\\\/#website\"},\"primaryImageOfPage\":{\"@id\":\"https:\\\/\\\/www.atuactivewear.com\\\/es\\\/producto\\\/sin-costura-leggings-de-yoga-de-cintura-alta-con-levantamiento-de-gluteos\\\/#primaryimage\"},\"image\":{\"@id\":\"https:\\\/\\\/www.atuactivewear.com\\\/es\\\/producto\\\/sin-costura-leggings-de-yoga-de-cintura-alta-con-levantamiento-de-gluteos\\\/#primaryimage\"},\"thumbnailUrl\":\"https:\\\/\\\/www.atuactivewear.com\\\/wp-content\\\/uploads\\\/2025\\\/02\\\/yoga-leggings-high-waist.webp\",\"datePublished\":\"2025-02-25T11:34:57+00:00\",\"dateModified\":\"2025-10-30T07:23:16+00:00\",\"description\":\"Leggings de yoga de cintura alta: Sin costuras, levanta los gl\u00fateos, transpirable, absorbe el sudor, el\u00e1stico en 4 direcciones, control del abdomen, ecol\u00f3gico, perfecto para hacer ejercicio o para uso informal.\",\"breadcrumb\":{\"@id\":\"https:\\\/\\\/www.atuactivewear.com\\\/es\\\/producto\\\/sin-costura-leggings-de-yoga-de-cintura-alta-con-levantamiento-de-gluteos\\\/#breadcrumb\"},\"inLanguage\":\"es\",\"potentialAction\":[{\"@type\":\"ReadAction\",\"target\":[\"https:\\\/\\\/www.atuactivewear.com\\\/es\\\/producto\\\/sin-costura-leggings-de-yoga-de-cintura-alta-con-levantamiento-de-gluteos\\\/\"]}]},{\"@type\":\"ImageObject\",\"inLanguage\":\"es\",\"@id\":\"https:\\\/\\\/www.atuactivewear.com\\\/es\\\/producto\\\/sin-costura-leggings-de-yoga-de-cintura-alta-con-levantamiento-de-gluteos\\\/#primaryimage\",\"url\":\"https:\\\/\\\/www.atuactivewear.com\\\/wp-content\\\/uploads\\\/2025\\\/02\\\/yoga-leggings-high-waist.webp\",\"contentUrl\":\"https:\\\/\\\/www.atuactivewear.com\\\/wp-content\\\/uploads\\\/2025\\\/02\\\/yoga-leggings-high-waist.webp\",\"width\":800,\"height\":800,\"caption\":\"leggings de yoga de cintura alta\"},{\"@type\":\"BreadcrumbList\",\"@id\":\"https:\\\/\\\/www.atuactivewear.com\\\/es\\\/producto\\\/sin-costura-leggings-de-yoga-de-cintura-alta-con-levantamiento-de-gluteos\\\/#breadcrumb\",\"itemListElement\":[{\"@type\":\"ListItem\",\"position\":1,\"name\":\"\u9996\u9875\",\"item\":\"https:\\\/\\\/www.atuactivewear.com\\\/es\\\/hogar\\\/\"},{\"@type\":\"ListItem\",\"position\":2,\"name\":\"Productos\",\"item\":\"https:\\\/\\\/www.atuactivewear.com\\\/es\\\/productos\\\/\"},{\"@type\":\"ListItem\",\"position\":3,\"name\":\"Sin costura Leggings de yoga de cintura alta con levantamiento de gl\u00fateos\"}]},{\"@type\":\"WebSite\",\"@id\":\"https:\\\/\\\/www.atuactivewear.com\\\/es\\\/#website\",\"url\":\"https:\\\/\\\/www.atuactivewear.com\\\/es\\\/\",\"name\":\"\",\"description\":\"\",\"potentialAction\":[{\"@type\":\"SearchAction\",\"target\":{\"@type\":\"EntryPoint\",\"urlTemplate\":\"https:\\\/\\\/www.atuactivewear.com\\\/es\\\/?s={search_term_string}\"},\"query-input\":{\"@type\":\"PropertyValueSpecification\",\"valueRequired\":true,\"valueName\":\"search_term_string\"}}],\"inLanguage\":\"es\"}]}<\/script>\n<!-- \/ Yoast SEO plugin. -->","yoast_head_json":{"title":"Sin costura Leggings de yoga de cintura alta con levantamiento de gl\u00fateos","description":"Leggings de yoga de cintura alta: Sin costuras, levanta los gl\u00fateos, transpirable, absorbe el sudor, el\u00e1stico en 4 direcciones, control del abdomen, ecol\u00f3gico, perfecto para hacer ejercicio o para uso informal.","robots":{"index":"index","follow":"follow","max-snippet":"max-snippet:-1","max-image-preview":"max-image-preview:large","max-video-preview":"max-video-preview:-1"},"canonical":"https:\/\/www.atuactivewear.com\/es\/producto\/sin-costura-leggings-de-yoga-de-cintura-alta-con-levantamiento-de-gluteos\/","og_locale":"es_ES","og_type":"article","og_title":"Sin costura Leggings de yoga de cintura alta con levantamiento de gl\u00fateos","og_description":"Leggings de yoga de cintura alta: Sin costuras, levanta los gl\u00fateos, transpirable, absorbe el sudor, el\u00e1stico en 4 direcciones, control del abdomen, ecol\u00f3gico, perfecto para hacer ejercicio o para uso informal.","og_url":"https:\/\/www.atuactivewear.com\/es\/producto\/sin-costura-leggings-de-yoga-de-cintura-alta-con-levantamiento-de-gluteos\/","article_modified_time":"2025-10-30T07:23:16+00:00","og_image":[{"width":800,"height":800,"url":"https:\/\/www.atuactivewear.com\/wp-content\/uploads\/2025\/02\/yoga-leggings-high-waist.webp","type":"image\/webp"}],"twitter_card":"summary_large_image","twitter_misc":{"Tiempo de lectura":"4 minutos"},"schema":{"@context":"https:\/\/schema.org","@graph":[{"@type":"WebPage","@id":"https:\/\/www.atuactivewear.com\/es\/producto\/sin-costura-leggings-de-yoga-de-cintura-alta-con-levantamiento-de-gluteos\/","url":"https:\/\/www.atuactivewear.com\/es\/producto\/sin-costura-leggings-de-yoga-de-cintura-alta-con-levantamiento-de-gluteos\/","name":"Sin costura Leggings de yoga de cintura alta con levantamiento de gl\u00fateos","isPartOf":{"@id":"https:\/\/www.atuactivewear.com\/es\/#website"},"primaryImageOfPage":{"@id":"https:\/\/www.atuactivewear.com\/es\/producto\/sin-costura-leggings-de-yoga-de-cintura-alta-con-levantamiento-de-gluteos\/#primaryimage"},"image":{"@id":"https:\/\/www.atuactivewear.com\/es\/producto\/sin-costura-leggings-de-yoga-de-cintura-alta-con-levantamiento-de-gluteos\/#primaryimage"},"thumbnailUrl":"https:\/\/www.atuactivewear.com\/wp-content\/uploads\/2025\/02\/yoga-leggings-high-waist.webp","datePublished":"2025-02-25T11:34:57+00:00","dateModified":"2025-10-30T07:23:16+00:00","description":"Leggings de yoga de cintura alta: Sin costuras, levanta los gl\u00fateos, transpirable, absorbe el sudor, el\u00e1stico en 4 direcciones, control del abdomen, ecol\u00f3gico, perfecto para hacer ejercicio o para uso informal.","breadcrumb":{"@id":"https:\/\/www.atuactivewear.com\/es\/producto\/sin-costura-leggings-de-yoga-de-cintura-alta-con-levantamiento-de-gluteos\/#breadcrumb"},"inLanguage":"es","potentialAction":[{"@type":"ReadAction","target":["https:\/\/www.atuactivewear.com\/es\/producto\/sin-costura-leggings-de-yoga-de-cintura-alta-con-levantamiento-de-gluteos\/"]}]},{"@type":"ImageObject","inLanguage":"es","@id":"https:\/\/www.atuactivewear.com\/es\/producto\/sin-costura-leggings-de-yoga-de-cintura-alta-con-levantamiento-de-gluteos\/#primaryimage","url":"https:\/\/www.atuactivewear.com\/wp-content\/uploads\/2025\/02\/yoga-leggings-high-waist.webp","contentUrl":"https:\/\/www.atuactivewear.com\/wp-content\/uploads\/2025\/02\/yoga-leggings-high-waist.webp","width":800,"height":800,"caption":"leggings de yoga de cintura alta"},{"@type":"BreadcrumbList","@id":"https:\/\/www.atuactivewear.com\/es\/producto\/sin-costura-leggings-de-yoga-de-cintura-alta-con-levantamiento-de-gluteos\/#breadcrumb","itemListElement":[{"@type":"ListItem","position":1,"name":"\u9996\u9875","item":"https:\/\/www.atuactivewear.com\/es\/hogar\/"},{"@type":"ListItem","position":2,"name":"Productos","item":"https:\/\/www.atuactivewear.com\/es\/productos\/"},{"@type":"ListItem","position":3,"name":"Sin costura Leggings de yoga de cintura alta con levantamiento de gl\u00fateos"}]},{"@type":"WebSite","@id":"https:\/\/www.atuactivewear.com\/es\/#website","url":"https:\/\/www.atuactivewear.com\/es\/","name":"","description":"","potentialAction":[{"@type":"SearchAction","target":{"@type":"EntryPoint","urlTemplate":"https:\/\/www.atuactivewear.com\/es\/?s={search_term_string}"},"query-input":{"@type":"PropertyValueSpecification","valueRequired":true,"valueName":"search_term_string"}}],"inLanguage":"es"}]}},"_links":{"self":[{"href":"https:\/\/www.atuactivewear.com\/es\/wp-json\/wp\/v2\/product\/10254","targetHints":{"allow":["GET"]}}],"collection":[{"href":"https:\/\/www.atuactivewear.com\/es\/wp-json\/wp\/v2\/product"}],"about":[{"href":"https:\/\/www.atuactivewear.com\/es\/wp-json\/wp\/v2\/types\/product"}],"replies":[{"embeddable":true,"href":"https:\/\/www.atuactivewear.com\/es\/wp-json\/wp\/v2\/comments?post=10254"}],"version-history":[{"count":0,"href":"https:\/\/www.atuactivewear.com\/es\/wp-json\/wp\/v2\/product\/10254\/revisions"}],"wp:featuredmedia":[{"embeddable":true,"href":"https:\/\/www.atuactivewear.com\/es\/wp-json\/wp\/v2\/media\/10255"}],"wp:attachment":[{"href":"https:\/\/www.atuactivewear.com\/es\/wp-json\/wp\/v2\/media?parent=10254"}],"wp:term":[{"taxonomy":"product_brand","embeddable":true,"href":"https:\/\/www.atuactivewear.com\/es\/wp-json\/wp\/v2\/product_brand?post=10254"},{"taxonomy":"product_cat","embeddable":true,"href":"https:\/\/www.atuactivewear.com\/es\/wp-json\/wp\/v2\/product_cat?post=10254"},{"taxonomy":"product_tag","embeddable":true,"href":"https:\/\/www.atuactivewear.com\/es\/wp-json\/wp\/v2\/product_tag?post=10254"}],"curies":[{"name":"wp","href":"https:\/\/api.w.org\/{rel}","templated":true}]}}