{"id":10203,"date":"2025-02-26T17:00:08","date_gmt":"2025-02-26T09:00:08","guid":{"rendered":"https:\/\/www.atuactivewear.com\/product\/naked-feeling-cintura-alta-sin-costuras-pantalones-de-yoga-de-pierna-ancha-con-levantamiento-de-gluteos\/"},"modified":"2025-10-30T15:17:49","modified_gmt":"2025-10-30T07:17:49","slug":"naked-feeling-cintura-alta-sin-costuras-pantalones-de-yoga-de-pierna-ancha-con-levantamiento-de-gluteos","status":"publish","type":"product","link":"https:\/\/www.atuactivewear.com\/es\/producto\/naked-feeling-cintura-alta-sin-costuras-pantalones-de-yoga-de-pierna-ancha-con-levantamiento-de-gluteos\/","title":{"rendered":"Naked Feeling &#8211; Cintura alta sin costuras pantalones de yoga de pierna ancha con levantamiento de gl\u00fateos"},"content":{"rendered":"\t\t<div data-elementor-type=\"product-post\" data-elementor-id=\"10203\" class=\"elementor elementor-10203 elementor-6121\" data-elementor-post-type=\"product\">\n\t\t\t\t<div class=\"elementor-element elementor-element-185fb7a1 e-flex e-con-boxed e-con e-parent\" data-id=\"185fb7a1\" data-element_type=\"container\" data-e-type=\"container\">\n\t\t\t\t\t<div class=\"e-con-inner\">\n\t\t\t\t<div class=\"elementor-element elementor-element-1800961 e-n-tabs-mobile elementor-widget elementor-widget-n-tabs\" data-id=\"1800961\" data-element_type=\"widget\" data-e-type=\"widget\" data-settings=\"{&quot;tabs_justify_horizontal&quot;:&quot;start&quot;,&quot;horizontal_scroll&quot;:&quot;disable&quot;}\" data-widget_type=\"nested-tabs.default\">\n\t\t\t\t<div class=\"elementor-widget-container\">\n\t\t\t\t\t\t\t<div class=\"e-n-tabs\" data-widget-number=\"25168225\" aria-label=\"Pesta\u00f1as. Abre elementos con Intro o Espacio, ci\u00e9rralos con Escape y navega con las fechas.\">\n\t\t\t<div class=\"e-n-tabs-heading\" role=\"tablist\">\n\t\t\t\t\t<button id=\"e-n-tab-title-251682251\" data-tab-title-id=\"e-n-tab-title-251682251\" class=\"e-n-tab-title\" aria-selected=\"true\" data-tab-index=\"1\" role=\"tab\" tabindex=\"0\" aria-controls=\"e-n-tab-content-251682251\" style=\"--n-tabs-title-order: 1;\">\n\t\t\t\t\t\t<span class=\"e-n-tab-title-text\">\n\t\t\t\tInstrucciones de tama\u00f1o\t\t\t<\/span>\n\t\t<\/button>\n\t\t\t\t<button id=\"e-n-tab-title-251682252\" data-tab-title-id=\"e-n-tab-title-251682252\" class=\"e-n-tab-title\" aria-selected=\"false\" data-tab-index=\"2\" role=\"tab\" tabindex=\"-1\" aria-controls=\"e-n-tab-content-251682252\" style=\"--n-tabs-title-order: 2;\">\n\t\t\t\t\t\t<span class=\"e-n-tab-title-text\">\n\t\t\t\tCaracter\u00edsticas\t\t\t<\/span>\n\t\t<\/button>\n\t\t\t\t<button id=\"e-n-tab-title-251682253\" data-tab-title-id=\"e-n-tab-title-251682253\" class=\"e-n-tab-title\" aria-selected=\"false\" data-tab-index=\"3\" role=\"tab\" tabindex=\"-1\" aria-controls=\"e-n-tab-content-251682253\" style=\"--n-tabs-title-order: 3;\">\n\t\t\t\t\t\t<span class=\"e-n-tab-title-text\">\n\t\t\t\tInstrucciones de pedido\t\t\t<\/span>\n\t\t<\/button>\n\t\t\t\t\t<\/div>\n\t\t\t<div class=\"e-n-tabs-content\">\n\t\t\t\t<div id=\"e-n-tab-content-251682251\" role=\"tabpanel\" aria-labelledby=\"e-n-tab-title-251682251\" data-tab-index=\"1\" style=\"--n-tabs-title-order: 1;\" class=\"e-active elementor-element elementor-element-2d622f6 e-con-full e-flex e-con e-child\" data-id=\"2d622f6\" data-element_type=\"container\" data-e-type=\"container\">\n\t\t<div class=\"elementor-element elementor-element-4c0086f e-flex e-con-boxed e-con e-child\" data-id=\"4c0086f\" data-element_type=\"container\" data-e-type=\"container\">\n\t\t\t\t\t<div class=\"e-con-inner\">\n\t\t\t\t<div class=\"elementor-element elementor-element-12fe34e elementor-widget elementor-widget-text-editor\" data-id=\"12fe34e\" data-element_type=\"widget\" data-e-type=\"widget\" data-widget_type=\"text-editor.default\">\n\t\t\t\t<div class=\"elementor-widget-container\">\n\t\t\t\t\t\t\t\t\t<table width=\"567\"><tbody><tr><td width=\"81\"> <\/td> <td style=\"text-align: center;\" colspan=\"2\" width=\"162\"><strong> Cintura<\/strong><\/td><td style=\"text-align: center;\" colspan=\"2\" width=\"162\"><strong>Caderas<\/strong><\/td><td style=\"text-align: center;\" colspan=\"2\" width=\"162\"><strong>Longitud<\/strong><\/td><\/tr><tr><td><strong>Tama\u00f1o<\/strong><\/td><td>cm<\/td><td>pulgada<\/td><td>cm<\/td><td>pulgada<\/td><td>cm<\/td><td>pulgada<\/td><\/tr><tr><td>S\/8<\/td><td>54  <\/td><td>21  <\/td><td>67  <\/td><td>26  <\/td><td>95<\/td><td>37  <\/td><\/tr><tr><td>M\/10<\/td><td>58  <\/td><td>23  <\/td><td>71  <\/td><td>28  <\/td><td>96<\/td><td>38  <\/td><\/tr><tr><td>L\/12<\/td><td>62  <\/td><td>24  <\/td><td>75  <\/td><td>30  <\/td><td>97<\/td><td>38  <\/td><\/tr><tr><td>XL\/14<\/td><td>66  <\/td><td>26  <\/td><td>79  <\/td><td>31  <\/td><td>98<\/td><td>39  <\/td><\/tr><tr><td>2XL\/16<\/td><td>70  <\/td><td>28  <\/td><td>83  <\/td><td>33  <\/td><td>99<\/td><td>39  <\/td><\/tr><tr><td>3XL\/18<\/td><td>74  <\/td><td>29  <\/td><td>87  <\/td><td>34  <\/td><td>100<\/td><td>39  <\/td><\/tr><\/tbody><\/table>\t\t\t\t\t\t\t\t<\/div>\n\t\t\t\t<\/div>\n\t\t\t\t\t<\/div>\n\t\t\t\t<\/div>\n\t\t\t\t<\/div>\n\t\t<div id=\"e-n-tab-content-251682252\" role=\"tabpanel\" aria-labelledby=\"e-n-tab-title-251682252\" data-tab-index=\"2\" style=\"--n-tabs-title-order: 2;\" class=\" elementor-element elementor-element-10ce089 e-con-full e-flex e-con e-child\" data-id=\"10ce089\" data-element_type=\"container\" data-e-type=\"container\">\n\t\t<div class=\"elementor-element elementor-element-c5de9d8 e-flex e-con-boxed e-con e-child\" data-id=\"c5de9d8\" data-element_type=\"container\" data-e-type=\"container\">\n\t\t\t\t\t<div class=\"e-con-inner\">\n\t\t\t\t<div class=\"elementor-element elementor-element-0356b3a elementor-widget elementor-widget-text-editor\" data-id=\"0356b3a\" data-element_type=\"widget\" data-e-type=\"widget\" data-widget_type=\"text-editor.default\">\n\t\t\t\t<div class=\"elementor-widget-container\">\n\t\t\t\t\t\t\t\t\t<ol start=\"1\"><li><p><strong>Sensaci\u00f3n de comodidad desnuda<\/strong>: Experimente la m\u00e1xima comodidad con nuestro dise\u00f1o sin costuras que se siente como una segunda piel y ofrece un ajuste liviano y sin irritaciones para usar durante todo el d\u00eda.<\/p><\/li><li><p><strong>Soporte de cintura alta<\/strong>: El dise\u00f1o de cintura alta proporciona un excelente control del abdomen, moldeando y suavizando tu silueta al tiempo que ofrece soporte adicional durante los entrenamientos o actividades casuales.<\/p><\/li><li><p><strong>Dise\u00f1o de levantamiento de gl\u00fateos<\/strong>: Realza tus curvas con un favorecedor efecto levantador de gl\u00fateos que a\u00f1ade un toque de elegancia y confianza a tu look.<\/p><\/li><li><p><strong>Estilo de pierna ancha<\/strong>: El dise\u00f1o de pierna ancha combina moda y funcionalidad, ofreciendo un ajuste moderno y fluido que es perfecto para yoga, descansar o salidas informales.<\/p><\/li><li><p><strong>Vers\u00e1til y funcional<\/strong>: Confeccionados con tela el\u00e1stica de primera calidad, estos pantalones de yoga son perfectos para hacer ejercicio, hacer recados o simplemente relajarse con estilo, lo que los convierte en un art\u00edculo imprescindible en tu guardarropa.<\/p><\/li><\/ol>\t\t\t\t\t\t\t\t<\/div>\n\t\t\t\t<\/div>\n\t\t\t\t\t<\/div>\n\t\t\t\t<\/div>\n\t\t\t\t<\/div>\n\t\t<div id=\"e-n-tab-content-251682253\" role=\"tabpanel\" aria-labelledby=\"e-n-tab-title-251682253\" data-tab-index=\"3\" style=\"--n-tabs-title-order: 3;\" class=\" elementor-element elementor-element-cc816e1 e-con-full e-flex e-con e-child\" data-id=\"cc816e1\" data-element_type=\"container\" data-e-type=\"container\">\n\t\t<div class=\"elementor-element elementor-element-a815e0c e-flex e-con-boxed e-con e-child\" data-id=\"a815e0c\" data-element_type=\"container\" data-e-type=\"container\">\n\t\t\t\t\t<div class=\"e-con-inner\">\n\t\t\t\t<div class=\"elementor-element elementor-element-a21b178 elementor-widget elementor-widget-text-editor\" data-id=\"a21b178\" data-element_type=\"widget\" data-e-type=\"widget\" data-widget_type=\"text-editor.default\">\n\t\t\t\t<div class=\"elementor-widget-container\">\n\t\t\t\t\t\t\t\t\t<p><span style=\"text-align: var(--text-align); background-color: var(--ast-global-color-5); color: var(--ast-global-color-3); font-size: 1rem;\"><strong>Si en <a href=\"https:\/\/www.atuactivewear.com\/es\/existencias\/\">Existencias<\/a>,<\/strong>El plazo de entrega ser\u00e1 de 2 d\u00edas. <\/span><\/p><p><strong>Dise\u00f1o:<\/strong> Podemos crear un dise\u00f1o basado en sus ideas y especificaciones o desarrollar una muestra basada en su dise\u00f1o existente.<\/p><p><strong>Reproducci\u00f3n de muestra:<\/strong> Si ya tiene muestras, podemos replicarlas con precisi\u00f3n.<\/p><p><strong>MOQ<\/strong>: 100 unidades por color.<\/p><p><strong>Costo de la muestra<\/strong>: US$50 por unidad incluido env\u00edo.<\/p><p><strong>Plazo de entrega de muestra:<\/strong> 7-10 d\u00edas.<\/p><p><strong>Plazo de producci\u00f3n:<\/strong> 10-20 d\u00edas, seg\u00fan cantidad.<\/p>\t\t\t\t\t\t\t\t<\/div>\n\t\t\t\t<\/div>\n\t\t\t\t\t<\/div>\n\t\t\t\t<\/div>\n\t\t\t\t<\/div>\n\t\t\t\t\t<\/div>\n\t\t<\/div>\n\t\t\t\t\t\t<\/div>\n\t\t\t\t<\/div>\n\t\t\t\t\t<\/div>\n\t\t\t\t<\/div>\n\t\t\t\t<\/div>\n\t\t<p>Visitas: 1<\/p>","protected":false},"excerpt":{"rendered":"<h5>Todos los tama\u00f1os, colores y personalizaciones de tela est\u00e1n disponibles.<\/h5>\n<p>Nuestros pantalones de yoga de pierna ancha, con control de abdomen, dise\u00f1o que levanta los gl\u00fateos y soporte de cintura alta sin costuras para una confianza durante todo el d\u00eda.<\/p>\n<table style=\"border-collapse: collapse; width: 390.62pt;\" border=\"0\" width=\"651\" cellspacing=\"0\" cellpadding=\"0\">\n<tbody>\n<tr style=\"height: 13.80pt;\">\n<td class=\"et3\" style=\"height: 13.80pt; width: 94.80pt;\" width=\"158\" height=\"23\">Estilo<\/td>\n<td class=\"et3\" style=\"width: 295.80pt;\" width=\"493\">Pantalones de yoga acampanados<\/td>\n<\/tr>\n<tr style=\"height: 13.80pt;\">\n<td class=\"et4\" style=\"height: 13.80pt; width: 94.80pt;\" width=\"158\" height=\"23\">Tama\u00f1o<\/td>\n<td class=\"et3\">S, M, L, XL, XXL, XXXL (personalizable)<\/td>\n<\/tr>\n<tr style=\"height: 13.80pt;\">\n<td class=\"et3\" style=\"height: 13.80pt;\" height=\"23\">Color<\/td>\n<td class=\"et3\">Gris pistola, azul ballena, cacao, azul lago gris, morado berenjena, negro estrellado y gris roca marina. (Personalizable) <\/td>\n<\/tr>\n<tr style=\"height: 27.60pt;\">\n<td class=\"et3\" style=\"height: 27.60pt;\" height=\"46\">Tela<\/td>\n<td class=\"et4\" style=\"width: 295.80pt;\" width=\"493\">72,5 % poli\u00e9ster y 27,5 % elastano (personalizable)<\/td>\n<\/tr>\n<tr style=\"height: 13.80pt;\">\n<td class=\"et3\" style=\"height: 13.80pt;\" height=\"23\">Peso neto<\/td>\n<td class=\"et3\">0.25kg<\/td>\n<\/tr>\n<\/tbody>\n<\/table>\n","protected":false},"featured_media":10204,"comment_status":"open","ping_status":"closed","template":"","meta":{"_acf_changed":false,"site-sidebar-layout":"default","site-content-layout":"","ast-site-content-layout":"default","site-content-style":"default","site-sidebar-style":"default","ast-global-header-display":"","ast-banner-title-visibility":"","ast-main-header-display":"","ast-hfb-above-header-display":"","ast-hfb-below-header-display":"","ast-hfb-mobile-header-display":"","site-post-title":"","ast-breadcrumbs-content":"","ast-featured-img":"","footer-sml-layout":"","ast-disable-related-posts":"","theme-transparent-header-meta":"default","adv-header-id-meta":"","stick-header-meta":"","header-above-stick-meta":"","header-main-stick-meta":"","header-below-stick-meta":"","astra-migrate-meta-layouts":"set","ast-page-background-enabled":"default","ast-page-background-meta":{"desktop":{"background-color":"var(--ast-global-color-4)","background-image":"","background-repeat":"repeat","background-position":"center center","background-size":"auto","background-attachment":"scroll","background-type":"","background-media":"","overlay-type":"","overlay-color":"","overlay-opacity":"","overlay-gradient":""},"tablet":{"background-color":"","background-image":"","background-repeat":"repeat","background-position":"center center","background-size":"auto","background-attachment":"scroll","background-type":"","background-media":"","overlay-type":"","overlay-color":"","overlay-opacity":"","overlay-gradient":""},"mobile":{"background-color":"","background-image":"","background-repeat":"repeat","background-position":"center center","background-size":"auto","background-attachment":"scroll","background-type":"","background-media":"","overlay-type":"","overlay-color":"","overlay-opacity":"","overlay-gradient":""}},"ast-content-background-meta":{"desktop":{"background-color":"var(--ast-global-color-5)","background-image":"","background-repeat":"repeat","background-position":"center center","background-size":"auto","background-attachment":"scroll","background-type":"","background-media":"","overlay-type":"","overlay-color":"","overlay-opacity":"","overlay-gradient":""},"tablet":{"background-color":"var(--ast-global-color-5)","background-image":"","background-repeat":"repeat","background-position":"center center","background-size":"auto","background-attachment":"scroll","background-type":"","background-media":"","overlay-type":"","overlay-color":"","overlay-opacity":"","overlay-gradient":""},"mobile":{"background-color":"var(--ast-global-color-5)","background-image":"","background-repeat":"repeat","background-position":"center center","background-size":"auto","background-attachment":"scroll","background-type":"","background-media":"","overlay-type":"","overlay-color":"","overlay-opacity":"","overlay-gradient":""}}},"product_brand":[],"product_cat":[226,227,231,224],"product_tag":[],"class_list":{"0":"post-10203","1":"product","2":"type-product","3":"status-publish","4":"has-post-thumbnail","6":"product_cat-flare-yoga-pants-es","7":"product_cat-high-waisted-yoga-pants-es","8":"product_cat-seamless-yoga-pants-es","9":"product_cat-yoga-pants-es","10":"desktop-align-left","11":"tablet-align-left","12":"mobile-align-left","14":"first","15":"instock","16":"taxable","17":"shipping-taxable","18":"product-type-simple"},"acf":[],"yoast_head":"<!-- This site is optimized with the Yoast SEO plugin v24.5 - https:\/\/yoast.com\/wordpress\/plugins\/seo\/ -->\n<title>Naked Feeling - Cintura alta sin costuras pantalones de yoga de pierna ancha con levantamiento de gl\u00fateos<\/title>\n<meta name=\"description\" content=\"Mant\u00e9ngase elegante y c\u00f3modo con nuestro pantalones de yoga de pierna ancha, con control de abdomen, dise\u00f1o que levanta los gl\u00fateos y soporte de cintura alta sin costuras para una confianza durante todo el d\u00eda.\" \/>\n<meta name=\"robots\" content=\"index, follow, max-snippet:-1, max-image-preview:large, max-video-preview:-1\" \/>\n<link rel=\"canonical\" href=\"https:\/\/www.atuactivewear.com\/es\/producto\/naked-feeling-cintura-alta-sin-costuras-pantalones-de-yoga-de-pierna-ancha-con-levantamiento-de-gluteos\/\" \/>\n<meta property=\"og:locale\" content=\"es_ES\" \/>\n<meta property=\"og:type\" content=\"article\" \/>\n<meta property=\"og:title\" content=\"Naked Feeling - Cintura alta sin costuras pantalones de yoga de pierna ancha con levantamiento de gl\u00fateos\" \/>\n<meta property=\"og:description\" content=\"Mant\u00e9ngase elegante y c\u00f3modo con nuestro pantalones de yoga de pierna ancha, con control de abdomen, dise\u00f1o que levanta los gl\u00fateos y soporte de cintura alta sin costuras para una confianza durante todo el d\u00eda.\" \/>\n<meta property=\"og:url\" content=\"https:\/\/www.atuactivewear.com\/es\/producto\/naked-feeling-cintura-alta-sin-costuras-pantalones-de-yoga-de-pierna-ancha-con-levantamiento-de-gluteos\/\" \/>\n<meta property=\"article:modified_time\" content=\"2025-10-30T07:17:49+00:00\" \/>\n<meta property=\"og:image\" content=\"https:\/\/www.atuactivewear.com\/wp-content\/uploads\/2025\/02\/wide-leg-yoga-pants.webp\" \/>\n\t<meta property=\"og:image:width\" content=\"900\" \/>\n\t<meta property=\"og:image:height\" content=\"1200\" \/>\n\t<meta property=\"og:image:type\" content=\"image\/webp\" \/>\n<meta name=\"twitter:card\" content=\"summary_large_image\" \/>\n<meta name=\"twitter:label1\" content=\"Tiempo de lectura\" \/>\n\t<meta name=\"twitter:data1\" content=\"3 minutos\" \/>\n<script type=\"application\/ld+json\" class=\"yoast-schema-graph\">{\"@context\":\"https:\/\/schema.org\",\"@graph\":[{\"@type\":\"WebPage\",\"@id\":\"https:\/\/www.atuactivewear.com\/es\/producto\/naked-feeling-cintura-alta-sin-costuras-pantalones-de-yoga-de-pierna-ancha-con-levantamiento-de-gluteos\/\",\"url\":\"https:\/\/www.atuactivewear.com\/es\/producto\/naked-feeling-cintura-alta-sin-costuras-pantalones-de-yoga-de-pierna-ancha-con-levantamiento-de-gluteos\/\",\"name\":\"Naked Feeling - Cintura alta sin costuras pantalones de yoga de pierna ancha con levantamiento de gl\u00fateos\",\"isPartOf\":{\"@id\":\"https:\/\/www.atuactivewear.com\/es\/#website\"},\"primaryImageOfPage\":{\"@id\":\"https:\/\/www.atuactivewear.com\/es\/producto\/naked-feeling-cintura-alta-sin-costuras-pantalones-de-yoga-de-pierna-ancha-con-levantamiento-de-gluteos\/#primaryimage\"},\"image\":{\"@id\":\"https:\/\/www.atuactivewear.com\/es\/producto\/naked-feeling-cintura-alta-sin-costuras-pantalones-de-yoga-de-pierna-ancha-con-levantamiento-de-gluteos\/#primaryimage\"},\"thumbnailUrl\":\"https:\/\/www.atuactivewear.com\/wp-content\/uploads\/2025\/02\/wide-leg-yoga-pants.webp\",\"datePublished\":\"2025-02-26T09:00:08+00:00\",\"dateModified\":\"2025-10-30T07:17:49+00:00\",\"description\":\"Mant\u00e9ngase elegante y c\u00f3modo con nuestro pantalones de yoga de pierna ancha, con control de abdomen, dise\u00f1o que levanta los gl\u00fateos y soporte de cintura alta sin costuras para una confianza durante todo el d\u00eda.\",\"breadcrumb\":{\"@id\":\"https:\/\/www.atuactivewear.com\/es\/producto\/naked-feeling-cintura-alta-sin-costuras-pantalones-de-yoga-de-pierna-ancha-con-levantamiento-de-gluteos\/#breadcrumb\"},\"inLanguage\":\"es\",\"potentialAction\":[{\"@type\":\"ReadAction\",\"target\":[\"https:\/\/www.atuactivewear.com\/es\/producto\/naked-feeling-cintura-alta-sin-costuras-pantalones-de-yoga-de-pierna-ancha-con-levantamiento-de-gluteos\/\"]}]},{\"@type\":\"ImageObject\",\"inLanguage\":\"es\",\"@id\":\"https:\/\/www.atuactivewear.com\/es\/producto\/naked-feeling-cintura-alta-sin-costuras-pantalones-de-yoga-de-pierna-ancha-con-levantamiento-de-gluteos\/#primaryimage\",\"url\":\"https:\/\/www.atuactivewear.com\/wp-content\/uploads\/2025\/02\/wide-leg-yoga-pants.webp\",\"contentUrl\":\"https:\/\/www.atuactivewear.com\/wp-content\/uploads\/2025\/02\/wide-leg-yoga-pants.webp\",\"width\":900,\"height\":1200,\"caption\":\"pantalones de yoga de pierna ancha\"},{\"@type\":\"BreadcrumbList\",\"@id\":\"https:\/\/www.atuactivewear.com\/es\/producto\/naked-feeling-cintura-alta-sin-costuras-pantalones-de-yoga-de-pierna-ancha-con-levantamiento-de-gluteos\/#breadcrumb\",\"itemListElement\":[{\"@type\":\"ListItem\",\"position\":1,\"name\":\"\u9996\u9875\",\"item\":\"https:\/\/www.atuactivewear.com\/es\/hogar\/\"},{\"@type\":\"ListItem\",\"position\":2,\"name\":\"Productos\",\"item\":\"https:\/\/www.atuactivewear.com\/es\/productos\/\"},{\"@type\":\"ListItem\",\"position\":3,\"name\":\"Naked Feeling &#8211; Cintura alta sin costuras pantalones de yoga de pierna ancha con levantamiento de gl\u00fateos\"}]},{\"@type\":\"WebSite\",\"@id\":\"https:\/\/www.atuactivewear.com\/es\/#website\",\"url\":\"https:\/\/www.atuactivewear.com\/es\/\",\"name\":\"\",\"description\":\"\",\"potentialAction\":[{\"@type\":\"SearchAction\",\"target\":{\"@type\":\"EntryPoint\",\"urlTemplate\":\"https:\/\/www.atuactivewear.com\/es\/?s={search_term_string}\"},\"query-input\":{\"@type\":\"PropertyValueSpecification\",\"valueRequired\":true,\"valueName\":\"search_term_string\"}}],\"inLanguage\":\"es\"}]}<\/script>\n<!-- \/ Yoast SEO plugin. -->","yoast_head_json":{"title":"Naked Feeling - Cintura alta sin costuras pantalones de yoga de pierna ancha con levantamiento de gl\u00fateos","description":"Mant\u00e9ngase elegante y c\u00f3modo con nuestro pantalones de yoga de pierna ancha, con control de abdomen, dise\u00f1o que levanta los gl\u00fateos y soporte de cintura alta sin costuras para una confianza durante todo el d\u00eda.","robots":{"index":"index","follow":"follow","max-snippet":"max-snippet:-1","max-image-preview":"max-image-preview:large","max-video-preview":"max-video-preview:-1"},"canonical":"https:\/\/www.atuactivewear.com\/es\/producto\/naked-feeling-cintura-alta-sin-costuras-pantalones-de-yoga-de-pierna-ancha-con-levantamiento-de-gluteos\/","og_locale":"es_ES","og_type":"article","og_title":"Naked Feeling - Cintura alta sin costuras pantalones de yoga de pierna ancha con levantamiento de gl\u00fateos","og_description":"Mant\u00e9ngase elegante y c\u00f3modo con nuestro pantalones de yoga de pierna ancha, con control de abdomen, dise\u00f1o que levanta los gl\u00fateos y soporte de cintura alta sin costuras para una confianza durante todo el d\u00eda.","og_url":"https:\/\/www.atuactivewear.com\/es\/producto\/naked-feeling-cintura-alta-sin-costuras-pantalones-de-yoga-de-pierna-ancha-con-levantamiento-de-gluteos\/","article_modified_time":"2025-10-30T07:17:49+00:00","og_image":[{"width":900,"height":1200,"url":"https:\/\/www.atuactivewear.com\/wp-content\/uploads\/2025\/02\/wide-leg-yoga-pants.webp","type":"image\/webp"}],"twitter_card":"summary_large_image","twitter_misc":{"Tiempo de lectura":"3 minutos"},"schema":{"@context":"https:\/\/schema.org","@graph":[{"@type":"WebPage","@id":"https:\/\/www.atuactivewear.com\/es\/producto\/naked-feeling-cintura-alta-sin-costuras-pantalones-de-yoga-de-pierna-ancha-con-levantamiento-de-gluteos\/","url":"https:\/\/www.atuactivewear.com\/es\/producto\/naked-feeling-cintura-alta-sin-costuras-pantalones-de-yoga-de-pierna-ancha-con-levantamiento-de-gluteos\/","name":"Naked Feeling - Cintura alta sin costuras pantalones de yoga de pierna ancha con levantamiento de gl\u00fateos","isPartOf":{"@id":"https:\/\/www.atuactivewear.com\/es\/#website"},"primaryImageOfPage":{"@id":"https:\/\/www.atuactivewear.com\/es\/producto\/naked-feeling-cintura-alta-sin-costuras-pantalones-de-yoga-de-pierna-ancha-con-levantamiento-de-gluteos\/#primaryimage"},"image":{"@id":"https:\/\/www.atuactivewear.com\/es\/producto\/naked-feeling-cintura-alta-sin-costuras-pantalones-de-yoga-de-pierna-ancha-con-levantamiento-de-gluteos\/#primaryimage"},"thumbnailUrl":"https:\/\/www.atuactivewear.com\/wp-content\/uploads\/2025\/02\/wide-leg-yoga-pants.webp","datePublished":"2025-02-26T09:00:08+00:00","dateModified":"2025-10-30T07:17:49+00:00","description":"Mant\u00e9ngase elegante y c\u00f3modo con nuestro pantalones de yoga de pierna ancha, con control de abdomen, dise\u00f1o que levanta los gl\u00fateos y soporte de cintura alta sin costuras para una confianza durante todo el d\u00eda.","breadcrumb":{"@id":"https:\/\/www.atuactivewear.com\/es\/producto\/naked-feeling-cintura-alta-sin-costuras-pantalones-de-yoga-de-pierna-ancha-con-levantamiento-de-gluteos\/#breadcrumb"},"inLanguage":"es","potentialAction":[{"@type":"ReadAction","target":["https:\/\/www.atuactivewear.com\/es\/producto\/naked-feeling-cintura-alta-sin-costuras-pantalones-de-yoga-de-pierna-ancha-con-levantamiento-de-gluteos\/"]}]},{"@type":"ImageObject","inLanguage":"es","@id":"https:\/\/www.atuactivewear.com\/es\/producto\/naked-feeling-cintura-alta-sin-costuras-pantalones-de-yoga-de-pierna-ancha-con-levantamiento-de-gluteos\/#primaryimage","url":"https:\/\/www.atuactivewear.com\/wp-content\/uploads\/2025\/02\/wide-leg-yoga-pants.webp","contentUrl":"https:\/\/www.atuactivewear.com\/wp-content\/uploads\/2025\/02\/wide-leg-yoga-pants.webp","width":900,"height":1200,"caption":"pantalones de yoga de pierna ancha"},{"@type":"BreadcrumbList","@id":"https:\/\/www.atuactivewear.com\/es\/producto\/naked-feeling-cintura-alta-sin-costuras-pantalones-de-yoga-de-pierna-ancha-con-levantamiento-de-gluteos\/#breadcrumb","itemListElement":[{"@type":"ListItem","position":1,"name":"\u9996\u9875","item":"https:\/\/www.atuactivewear.com\/es\/hogar\/"},{"@type":"ListItem","position":2,"name":"Productos","item":"https:\/\/www.atuactivewear.com\/es\/productos\/"},{"@type":"ListItem","position":3,"name":"Naked Feeling &#8211; Cintura alta sin costuras pantalones de yoga de pierna ancha con levantamiento de gl\u00fateos"}]},{"@type":"WebSite","@id":"https:\/\/www.atuactivewear.com\/es\/#website","url":"https:\/\/www.atuactivewear.com\/es\/","name":"","description":"","potentialAction":[{"@type":"SearchAction","target":{"@type":"EntryPoint","urlTemplate":"https:\/\/www.atuactivewear.com\/es\/?s={search_term_string}"},"query-input":{"@type":"PropertyValueSpecification","valueRequired":true,"valueName":"search_term_string"}}],"inLanguage":"es"}]}},"_links":{"self":[{"href":"https:\/\/www.atuactivewear.com\/es\/wp-json\/wp\/v2\/product\/10203","targetHints":{"allow":["GET"]}}],"collection":[{"href":"https:\/\/www.atuactivewear.com\/es\/wp-json\/wp\/v2\/product"}],"about":[{"href":"https:\/\/www.atuactivewear.com\/es\/wp-json\/wp\/v2\/types\/product"}],"replies":[{"embeddable":true,"href":"https:\/\/www.atuactivewear.com\/es\/wp-json\/wp\/v2\/comments?post=10203"}],"version-history":[{"count":0,"href":"https:\/\/www.atuactivewear.com\/es\/wp-json\/wp\/v2\/product\/10203\/revisions"}],"wp:featuredmedia":[{"embeddable":true,"href":"https:\/\/www.atuactivewear.com\/es\/wp-json\/wp\/v2\/media\/10204"}],"wp:attachment":[{"href":"https:\/\/www.atuactivewear.com\/es\/wp-json\/wp\/v2\/media?parent=10203"}],"wp:term":[{"taxonomy":"product_brand","embeddable":true,"href":"https:\/\/www.atuactivewear.com\/es\/wp-json\/wp\/v2\/product_brand?post=10203"},{"taxonomy":"product_cat","embeddable":true,"href":"https:\/\/www.atuactivewear.com\/es\/wp-json\/wp\/v2\/product_cat?post=10203"},{"taxonomy":"product_tag","embeddable":true,"href":"https:\/\/www.atuactivewear.com\/es\/wp-json\/wp\/v2\/product_tag?post=10203"}],"curies":[{"name":"wp","href":"https:\/\/api.w.org\/{rel}","templated":true}]}}